{"id":9079,"date":"2025-09-15T12:13:36","date_gmt":"2025-09-15T12:13:36","guid":{"rendered":"https:\/\/cyberlogics.ao\/?post_type=product&#038;p=9079"},"modified":"2025-09-15T12:13:36","modified_gmt":"2025-09-15T12:13:36","slug":"monitor-aoc-23-8-full-hd-ips-100hz-1ms-hdmi","status":"publish","type":"product","link":"https:\/\/cyberlogics.ao\/index.php\/product\/monitor-aoc-23-8-full-hd-ips-100hz-1ms-hdmi\/","title":{"rendered":"MONITOR AOC 23.8&#8242; FULL HD IPS 100HZ 1MS HDMI"},"content":{"rendered":"<p>AOC 24B3CA2. Tamanho do ecr\u00e3 na diagonal: 60,5 cm (23.8&#8243;), Resolu\u00e7\u00e3o: 1920 x 1080 pixels, Tipo de HD: Full HD, Tecnologia de apresenta\u00e7\u00e3o: LED, Tempo de resposta: 4 ms, Propor\u00e7\u00e3o de imagem nativa: 16:9, \u00c2ngulo de vis\u00e3o (horizontal): 178\u00b0, \u00c2ngulo de vis\u00e3o (vertical): 178\u00b0. Altifalantes incorporados. Suporte VESA. Cor do produto: Preto<\/p>\n","protected":false},"excerpt":{"rendered":"<p id=\"product_reference\"><label>Marca:<\/label>\u00a0<span class=\"editable\">AOC<\/span><br \/>\n<label>Part-Number:<\/label>\u00a0<span class=\"editable\">24B3CA2<\/span><\/p>\n<div id=\"short_description_block\">\n<div id=\"short_description_content\" class=\"rte align_justify\">\n<p>AOC 24B3CA2, 60,5 cm (23.8&#8243;), 1920 x 1080 pixels, Full HD, LED, 4 ms, Preto<\/p>\n<\/div>\n<\/div>\n","protected":false},"featured_media":9084,"comment_status":"open","ping_status":"closed","template":"","meta":{"_joinchat":[]},"product_brand":[],"product_cat":[333,651],"product_tag":[],"class_list":{"0":"post-9079","1":"product","2":"type-product","3":"status-publish","4":"has-post-thumbnail","6":"product_cat-computadores","7":"product_cat-computadores-e-monitores","9":"first","10":"instock","11":"shipping-taxable","12":"purchasable","13":"product-type-simple"},"yoast_head":"<!-- This site is optimized with the Yoast SEO plugin v27.3 - https:\/\/yoast.com\/product\/yoast-seo-wordpress\/ -->\n<title>MONITOR AOC 23.8&#039; FULL HD IPS 100HZ 1MS HDMI - Cyberlogics Technologies Angola<\/title>\n<meta name=\"description\" content=\"A Maior Loja Online de Angola de Licen\u00e7as Microsoft Office | Chaves Sistemas Operativos Windows | Antiv\u00edrus | Cloud Adobe | Inform\u00e1tica &amp; Servidores | Softwares de Gest\u00e3o ERP | Gaming Hardware | UPS e Baterias &amp; Muito Mais...\" \/>\n<meta name=\"robots\" content=\"index, follow, max-snippet:-1, max-image-preview:large, max-video-preview:-1\" \/>\n<link rel=\"canonical\" href=\"https:\/\/cyberlogics.ao\/index.php\/product\/monitor-aoc-23-8-full-hd-ips-100hz-1ms-hdmi\/\" \/>\n<meta property=\"og:locale\" content=\"pt_PT\" \/>\n<meta property=\"og:type\" content=\"article\" \/>\n<meta property=\"og:title\" content=\"MONITOR AOC 23.8&#039; FULL HD IPS 100HZ 1MS HDMI - Cyberlogics Technologies Angola\" \/>\n<meta property=\"og:description\" content=\"A Maior Loja Online de Angola de Licen\u00e7as Microsoft Office | Chaves Sistemas Operativos Windows | Antiv\u00edrus | Cloud Adobe | Inform\u00e1tica &amp; Servidores | Softwares de Gest\u00e3o ERP | Gaming Hardware | UPS e Baterias &amp; Muito Mais...\" \/>\n<meta property=\"og:url\" content=\"https:\/\/cyberlogics.ao\/index.php\/product\/monitor-aoc-23-8-full-hd-ips-100hz-1ms-hdmi\/\" \/>\n<meta property=\"og:site_name\" content=\"Cyberlogics Technologies Angola\" \/>\n<meta property=\"og:image\" content=\"http:\/\/cyberlogics.ao\/wp-content\/uploads\/2025\/09\/monitor-aoc-238-full-hd-ips-100hz-1ms-hdmi.jpg\" \/>\n\t<meta property=\"og:image:width\" content=\"135\" \/>\n\t<meta property=\"og:image:height\" content=\"135\" \/>\n\t<meta property=\"og:image:type\" content=\"image\/jpeg\" \/>\n<meta name=\"twitter:card\" content=\"summary_large_image\" \/>\n<script type=\"application\/ld+json\" class=\"yoast-schema-graph\">{\"@context\":\"https:\\\/\\\/schema.org\",\"@graph\":[{\"@type\":\"WebPage\",\"@id\":\"https:\\\/\\\/cyberlogics.ao\\\/index.php\\\/product\\\/monitor-aoc-23-8-full-hd-ips-100hz-1ms-hdmi\\\/\",\"url\":\"https:\\\/\\\/cyberlogics.ao\\\/index.php\\\/product\\\/monitor-aoc-23-8-full-hd-ips-100hz-1ms-hdmi\\\/\",\"name\":\"MONITOR AOC 23.8' FULL HD IPS 100HZ 1MS HDMI - Cyberlogics Technologies Angola\",\"isPartOf\":{\"@id\":\"https:\\\/\\\/cyberlogics.ao\\\/#website\"},\"primaryImageOfPage\":{\"@id\":\"https:\\\/\\\/cyberlogics.ao\\\/index.php\\\/product\\\/monitor-aoc-23-8-full-hd-ips-100hz-1ms-hdmi\\\/#primaryimage\"},\"image\":{\"@id\":\"https:\\\/\\\/cyberlogics.ao\\\/index.php\\\/product\\\/monitor-aoc-23-8-full-hd-ips-100hz-1ms-hdmi\\\/#primaryimage\"},\"thumbnailUrl\":\"https:\\\/\\\/cyberlogics.ao\\\/wp-content\\\/uploads\\\/2025\\\/09\\\/monitor-aoc-238-full-hd-ips-100hz-1ms-hdmi.jpg\",\"datePublished\":\"2025-09-15T12:13:36+00:00\",\"description\":\"A Maior Loja Online de Angola de Licen\u00e7as Microsoft Office | Chaves Sistemas Operativos Windows | Antiv\u00edrus | Cloud Adobe | Inform\u00e1tica & Servidores | Softwares de Gest\u00e3o ERP | Gaming Hardware | UPS e Baterias & Muito Mais...\",\"breadcrumb\":{\"@id\":\"https:\\\/\\\/cyberlogics.ao\\\/index.php\\\/product\\\/monitor-aoc-23-8-full-hd-ips-100hz-1ms-hdmi\\\/#breadcrumb\"},\"inLanguage\":\"pt-PT\",\"potentialAction\":[{\"@type\":\"ReadAction\",\"target\":[\"https:\\\/\\\/cyberlogics.ao\\\/index.php\\\/product\\\/monitor-aoc-23-8-full-hd-ips-100hz-1ms-hdmi\\\/\"]}]},{\"@type\":\"ImageObject\",\"inLanguage\":\"pt-PT\",\"@id\":\"https:\\\/\\\/cyberlogics.ao\\\/index.php\\\/product\\\/monitor-aoc-23-8-full-hd-ips-100hz-1ms-hdmi\\\/#primaryimage\",\"url\":\"https:\\\/\\\/cyberlogics.ao\\\/wp-content\\\/uploads\\\/2025\\\/09\\\/monitor-aoc-238-full-hd-ips-100hz-1ms-hdmi.jpg\",\"contentUrl\":\"https:\\\/\\\/cyberlogics.ao\\\/wp-content\\\/uploads\\\/2025\\\/09\\\/monitor-aoc-238-full-hd-ips-100hz-1ms-hdmi.jpg\",\"width\":135,\"height\":135},{\"@type\":\"BreadcrumbList\",\"@id\":\"https:\\\/\\\/cyberlogics.ao\\\/index.php\\\/product\\\/monitor-aoc-23-8-full-hd-ips-100hz-1ms-hdmi\\\/#breadcrumb\",\"itemListElement\":[{\"@type\":\"ListItem\",\"position\":1,\"name\":\"In\u00edcio\",\"item\":\"https:\\\/\\\/cyberlogics.ao\\\/\"},{\"@type\":\"ListItem\",\"position\":2,\"name\":\"Produtos\",\"item\":\"https:\\\/\\\/cyberlogics.ao\\\/index.php\\\/shop-2\\\/\"},{\"@type\":\"ListItem\",\"position\":3,\"name\":\"MONITOR AOC 23.8&#8242; FULL HD IPS 100HZ 1MS HDMI\"}]},{\"@type\":\"WebSite\",\"@id\":\"https:\\\/\\\/cyberlogics.ao\\\/#website\",\"url\":\"https:\\\/\\\/cyberlogics.ao\\\/\",\"name\":\"Cyberlogics Technologies Angola\",\"description\":\"Loja Online de Licen\u00e7as de Softwares e Inform\u00e1tica\",\"publisher\":{\"@id\":\"https:\\\/\\\/cyberlogics.ao\\\/#organization\"},\"potentialAction\":[{\"@type\":\"SearchAction\",\"target\":{\"@type\":\"EntryPoint\",\"urlTemplate\":\"https:\\\/\\\/cyberlogics.ao\\\/?s={search_term_string}\"},\"query-input\":{\"@type\":\"PropertyValueSpecification\",\"valueRequired\":true,\"valueName\":\"search_term_string\"}}],\"inLanguage\":\"pt-PT\"},{\"@type\":\"Organization\",\"@id\":\"https:\\\/\\\/cyberlogics.ao\\\/#organization\",\"name\":\"Cyberlogics Ao Technologies - Loja Online de Licen\u00e7as de Softwares e Inform\u00e1tica\",\"url\":\"https:\\\/\\\/cyberlogics.ao\\\/\",\"logo\":{\"@type\":\"ImageObject\",\"inLanguage\":\"pt-PT\",\"@id\":\"https:\\\/\\\/cyberlogics.ao\\\/#\\\/schema\\\/logo\\\/image\\\/\",\"url\":\"https:\\\/\\\/cyberlogics.ao\\\/wp-content\\\/uploads\\\/2022\\\/04\\\/CT-logo.png\",\"contentUrl\":\"https:\\\/\\\/cyberlogics.ao\\\/wp-content\\\/uploads\\\/2022\\\/04\\\/CT-logo.png\",\"width\":190,\"height\":75,\"caption\":\"Cyberlogics Ao Technologies - Loja Online de Licen\u00e7as de Softwares e Inform\u00e1tica\"},\"image\":{\"@id\":\"https:\\\/\\\/cyberlogics.ao\\\/#\\\/schema\\\/logo\\\/image\\\/\"}}]}<\/script>\n<!-- \/ Yoast SEO plugin. -->","yoast_head_json":{"title":"MONITOR AOC 23.8' FULL HD IPS 100HZ 1MS HDMI - Cyberlogics Technologies Angola","description":"A Maior Loja Online de Angola de Licen\u00e7as Microsoft Office | Chaves Sistemas Operativos Windows | Antiv\u00edrus | Cloud Adobe | Inform\u00e1tica & Servidores | Softwares de Gest\u00e3o ERP | Gaming Hardware | UPS e Baterias & Muito Mais...","robots":{"index":"index","follow":"follow","max-snippet":"max-snippet:-1","max-image-preview":"max-image-preview:large","max-video-preview":"max-video-preview:-1"},"canonical":"https:\/\/cyberlogics.ao\/index.php\/product\/monitor-aoc-23-8-full-hd-ips-100hz-1ms-hdmi\/","og_locale":"pt_PT","og_type":"article","og_title":"MONITOR AOC 23.8' FULL HD IPS 100HZ 1MS HDMI - Cyberlogics Technologies Angola","og_description":"A Maior Loja Online de Angola de Licen\u00e7as Microsoft Office | Chaves Sistemas Operativos Windows | Antiv\u00edrus | Cloud Adobe | Inform\u00e1tica & Servidores | Softwares de Gest\u00e3o ERP | Gaming Hardware | UPS e Baterias & Muito Mais...","og_url":"https:\/\/cyberlogics.ao\/index.php\/product\/monitor-aoc-23-8-full-hd-ips-100hz-1ms-hdmi\/","og_site_name":"Cyberlogics Technologies Angola","og_image":[{"width":135,"height":135,"url":"http:\/\/cyberlogics.ao\/wp-content\/uploads\/2025\/09\/monitor-aoc-238-full-hd-ips-100hz-1ms-hdmi.jpg","type":"image\/jpeg"}],"twitter_card":"summary_large_image","schema":{"@context":"https:\/\/schema.org","@graph":[{"@type":"WebPage","@id":"https:\/\/cyberlogics.ao\/index.php\/product\/monitor-aoc-23-8-full-hd-ips-100hz-1ms-hdmi\/","url":"https:\/\/cyberlogics.ao\/index.php\/product\/monitor-aoc-23-8-full-hd-ips-100hz-1ms-hdmi\/","name":"MONITOR AOC 23.8' FULL HD IPS 100HZ 1MS HDMI - Cyberlogics Technologies Angola","isPartOf":{"@id":"https:\/\/cyberlogics.ao\/#website"},"primaryImageOfPage":{"@id":"https:\/\/cyberlogics.ao\/index.php\/product\/monitor-aoc-23-8-full-hd-ips-100hz-1ms-hdmi\/#primaryimage"},"image":{"@id":"https:\/\/cyberlogics.ao\/index.php\/product\/monitor-aoc-23-8-full-hd-ips-100hz-1ms-hdmi\/#primaryimage"},"thumbnailUrl":"https:\/\/cyberlogics.ao\/wp-content\/uploads\/2025\/09\/monitor-aoc-238-full-hd-ips-100hz-1ms-hdmi.jpg","datePublished":"2025-09-15T12:13:36+00:00","description":"A Maior Loja Online de Angola de Licen\u00e7as Microsoft Office | Chaves Sistemas Operativos Windows | Antiv\u00edrus | Cloud Adobe | Inform\u00e1tica & Servidores | Softwares de Gest\u00e3o ERP | Gaming Hardware | UPS e Baterias & Muito Mais...","breadcrumb":{"@id":"https:\/\/cyberlogics.ao\/index.php\/product\/monitor-aoc-23-8-full-hd-ips-100hz-1ms-hdmi\/#breadcrumb"},"inLanguage":"pt-PT","potentialAction":[{"@type":"ReadAction","target":["https:\/\/cyberlogics.ao\/index.php\/product\/monitor-aoc-23-8-full-hd-ips-100hz-1ms-hdmi\/"]}]},{"@type":"ImageObject","inLanguage":"pt-PT","@id":"https:\/\/cyberlogics.ao\/index.php\/product\/monitor-aoc-23-8-full-hd-ips-100hz-1ms-hdmi\/#primaryimage","url":"https:\/\/cyberlogics.ao\/wp-content\/uploads\/2025\/09\/monitor-aoc-238-full-hd-ips-100hz-1ms-hdmi.jpg","contentUrl":"https:\/\/cyberlogics.ao\/wp-content\/uploads\/2025\/09\/monitor-aoc-238-full-hd-ips-100hz-1ms-hdmi.jpg","width":135,"height":135},{"@type":"BreadcrumbList","@id":"https:\/\/cyberlogics.ao\/index.php\/product\/monitor-aoc-23-8-full-hd-ips-100hz-1ms-hdmi\/#breadcrumb","itemListElement":[{"@type":"ListItem","position":1,"name":"In\u00edcio","item":"https:\/\/cyberlogics.ao\/"},{"@type":"ListItem","position":2,"name":"Produtos","item":"https:\/\/cyberlogics.ao\/index.php\/shop-2\/"},{"@type":"ListItem","position":3,"name":"MONITOR AOC 23.8&#8242; FULL HD IPS 100HZ 1MS HDMI"}]},{"@type":"WebSite","@id":"https:\/\/cyberlogics.ao\/#website","url":"https:\/\/cyberlogics.ao\/","name":"Cyberlogics Technologies Angola","description":"Loja Online de Licen\u00e7as de Softwares e Inform\u00e1tica","publisher":{"@id":"https:\/\/cyberlogics.ao\/#organization"},"potentialAction":[{"@type":"SearchAction","target":{"@type":"EntryPoint","urlTemplate":"https:\/\/cyberlogics.ao\/?s={search_term_string}"},"query-input":{"@type":"PropertyValueSpecification","valueRequired":true,"valueName":"search_term_string"}}],"inLanguage":"pt-PT"},{"@type":"Organization","@id":"https:\/\/cyberlogics.ao\/#organization","name":"Cyberlogics Ao Technologies - Loja Online de Licen\u00e7as de Softwares e Inform\u00e1tica","url":"https:\/\/cyberlogics.ao\/","logo":{"@type":"ImageObject","inLanguage":"pt-PT","@id":"https:\/\/cyberlogics.ao\/#\/schema\/logo\/image\/","url":"https:\/\/cyberlogics.ao\/wp-content\/uploads\/2022\/04\/CT-logo.png","contentUrl":"https:\/\/cyberlogics.ao\/wp-content\/uploads\/2022\/04\/CT-logo.png","width":190,"height":75,"caption":"Cyberlogics Ao Technologies - Loja Online de Licen\u00e7as de Softwares e Inform\u00e1tica"},"image":{"@id":"https:\/\/cyberlogics.ao\/#\/schema\/logo\/image\/"}}]}},"_links":{"self":[{"href":"https:\/\/cyberlogics.ao\/index.php\/wp-json\/wp\/v2\/product\/9079","targetHints":{"allow":["GET"]}}],"collection":[{"href":"https:\/\/cyberlogics.ao\/index.php\/wp-json\/wp\/v2\/product"}],"about":[{"href":"https:\/\/cyberlogics.ao\/index.php\/wp-json\/wp\/v2\/types\/product"}],"replies":[{"embeddable":true,"href":"https:\/\/cyberlogics.ao\/index.php\/wp-json\/wp\/v2\/comments?post=9079"}],"wp:featuredmedia":[{"embeddable":true,"href":"https:\/\/cyberlogics.ao\/index.php\/wp-json\/wp\/v2\/media\/9084"}],"wp:attachment":[{"href":"https:\/\/cyberlogics.ao\/index.php\/wp-json\/wp\/v2\/media?parent=9079"}],"wp:term":[{"taxonomy":"product_brand","embeddable":true,"href":"https:\/\/cyberlogics.ao\/index.php\/wp-json\/wp\/v2\/product_brand?post=9079"},{"taxonomy":"product_cat","embeddable":true,"href":"https:\/\/cyberlogics.ao\/index.php\/wp-json\/wp\/v2\/product_cat?post=9079"},{"taxonomy":"product_tag","embeddable":true,"href":"https:\/\/cyberlogics.ao\/index.php\/wp-json\/wp\/v2\/product_tag?post=9079"}],"curies":[{"name":"wp","href":"https:\/\/api.w.org\/{rel}","templated":true}]}}