{"id":9151,"date":"2025-09-15T16:30:24","date_gmt":"2025-09-15T16:30:24","guid":{"rendered":"https:\/\/cyberlogics.ao\/?post_type=product&#038;p=9151"},"modified":"2025-09-15T16:30:24","modified_gmt":"2025-09-15T16:30:24","slug":"pc-hp-400g9-mt-i5-13500-8g-512-ssd-w11p","status":"publish","type":"product","link":"https:\/\/cyberlogics.ao\/index.php\/product\/pc-hp-400g9-mt-i5-13500-8g-512-ssd-w11p\/","title":{"rendered":"PC HP 400G9 MT I5-13500 8G 512 SSD W11P"},"content":{"rendered":"<table class=\"table-data-sheet\">\n<tbody>\n<tr>\n<th id=\"pfc_table_header\" colspan=\"2\"><strong>Caracter\u00edsticas Principais<\/strong><\/th>\n<\/tr>\n<tr class=\" even\">\n<td>Modelo<\/td>\n<td>HP Pro Tower 400 G9<\/td>\n<\/tr>\n<tr class=\"odd\">\n<td>Processador<\/td>\n<td>Intel\u00ae Core\u2122 i5-13500 (at\u00e9 4,8 GHz com tecnologia Intel\u00ae Turbo Boost, cache L3 de 24 MB, 14 n\u00facleos, 20 threads)<\/td>\n<\/tr>\n<tr class=\" even\">\n<td>Mem\u00f3ria incorporada<\/td>\n<td>8 GB de RAM DDR4-3200 MHz (1 x 8 GB)<\/td>\n<\/tr>\n<tr class=\"odd\">\n<td>Slots de mem\u00f3ria<\/td>\n<td>2 DIMM<\/td>\n<\/tr>\n<tr class=\" even\">\n<td>Adaptador Gr\u00e1fico<\/td>\n<td>Integrado, Gr\u00e1ficos UHD Intel\u00ae 770<\/td>\n<\/tr>\n<tr>\n<th id=\"pfc_table_header\" colspan=\"2\"><strong>Conectividade<\/strong><\/th>\n<\/tr>\n<tr class=\"odd\">\n<td>Portas<\/td>\n<td>1 fone de ouvido\/microfone; 1 taxa de sinaliza\u00e7\u00e3o SuperSpeed \u200b\u200b\u200b\u200bUSB Type-C\u00ae de 10 Gbps; 3 Taxa de sinaliza\u00e7\u00e3o SuperSpeed \u200b\u200bUSB Tipo A de 10 Gbps<\/td>\n<\/tr>\n<tr class=\" even\">\n<td>Slots<\/td>\n<td>1 M.2 2230; 1 M.2 2280; 1 PCIe x1; 1 ICP; 1 PCIe 4&#215;16<\/td>\n<\/tr>\n<tr class=\"odd\">\n<td>Portas (continua\u00e7\u00e3o)<\/td>\n<td>1 sa\u00edda de \u00e1udio; 1 conector de alimenta\u00e7\u00e3o; 1 RJ-45; 1 HDMI 1.4; 3 Taxa de sinaliza\u00e7\u00e3o SuperSpeed \u200b\u200b\u200b\u200bUSB Tipo A de 5 Gbps; 1 DisplayPort\u2122 1.4; 2 Taxa de sinaliza\u00e7\u00e3o USB tipo A de 480 Mbps 1 HDMI<\/td>\n<\/tr>\n<tr>\n<th id=\"pfc_table_header\" colspan=\"2\"><strong>Filtros<\/strong><\/th>\n<\/tr>\n<tr class=\" even\">\n<td>Processador<\/td>\n<td>Intel i5<\/td>\n<\/tr>\n<tr class=\"odd\">\n<td>Disco<\/td>\n<td>SSD<\/td>\n<\/tr>\n<tr class=\" even\">\n<td>Mem\u00f3ria<\/td>\n<td>8GB<\/td>\n<\/tr>\n<tr class=\"odd\">\n<td>Sistema Operativo<\/td>\n<td>Windows 11 Pro<\/td>\n<\/tr>\n<tr class=\" even\">\n<td>Com Monitor<\/td>\n<td>N\u00e3o<\/td>\n<\/tr>\n<\/tbody>\n<\/table>\n","protected":false},"excerpt":{"rendered":"<p id=\"product_reference\"><label>Marca:<\/label>\u00a0<span class=\"editable\">HP<\/span><br \/>\n<label>Part-Number:<\/label>\u00a0<span class=\"editable\">99N83ET<\/span><\/p>\n<div id=\"short_description_block\">\n<div id=\"short_description_content\" class=\"rte align_justify\">\n<p>HP Pro Tower 400 G9 PCI Desktop PC,\u00a0Windows 11 Pro,\u00a0Intel\u00ae Core\u2122 i5,\u00a08GB RAM,\u00a0512GB SSD<\/p>\n<\/div>\n<\/div>\n","protected":false},"featured_media":9152,"comment_status":"open","ping_status":"closed","template":"","meta":{"_joinchat":[]},"product_brand":[],"product_cat":[651,653],"product_tag":[],"class_list":{"0":"post-9151","1":"product","2":"type-product","3":"status-publish","4":"has-post-thumbnail","6":"product_cat-computadores-e-monitores","7":"product_cat-pc-desktop","9":"first","10":"instock","11":"shipping-taxable","12":"purchasable","13":"product-type-simple"},"yoast_head":"<!-- This site is optimized with the Yoast SEO plugin v27.4 - https:\/\/yoast.com\/product\/yoast-seo-wordpress\/ -->\n<title>PC HP 400G9 MT I5-13500 8G 512 SSD W11P - Cyberlogics Technologies Angola<\/title>\n<meta name=\"description\" content=\"A Maior Loja Online de Angola de Licen\u00e7as Microsoft Office | Chaves Sistemas Operativos Windows | Antiv\u00edrus | Cloud Adobe | Inform\u00e1tica &amp; Servidores | Softwares de Gest\u00e3o ERP | Gaming Hardware | UPS e Baterias &amp; Muito Mais...\" \/>\n<meta name=\"robots\" content=\"index, follow, max-snippet:-1, max-image-preview:large, max-video-preview:-1\" \/>\n<link rel=\"canonical\" href=\"https:\/\/cyberlogics.ao\/index.php\/product\/pc-hp-400g9-mt-i5-13500-8g-512-ssd-w11p\/\" \/>\n<meta property=\"og:locale\" content=\"pt_PT\" \/>\n<meta property=\"og:type\" content=\"article\" \/>\n<meta property=\"og:title\" content=\"PC HP 400G9 MT I5-13500 8G 512 SSD W11P - Cyberlogics Technologies Angola\" \/>\n<meta property=\"og:description\" content=\"A Maior Loja Online de Angola de Licen\u00e7as Microsoft Office | Chaves Sistemas Operativos Windows | Antiv\u00edrus | Cloud Adobe | Inform\u00e1tica &amp; Servidores | Softwares de Gest\u00e3o ERP | Gaming Hardware | UPS e Baterias &amp; Muito Mais...\" \/>\n<meta property=\"og:url\" content=\"https:\/\/cyberlogics.ao\/index.php\/product\/pc-hp-400g9-mt-i5-13500-8g-512-ssd-w11p\/\" \/>\n<meta property=\"og:site_name\" content=\"Cyberlogics Technologies Angola\" \/>\n<meta property=\"og:image\" content=\"http:\/\/cyberlogics.ao\/wp-content\/uploads\/2025\/09\/pc-hp-400g9-mt-i5-13500-8g-512-ssd-w11p-ZOLA.png\" \/>\n\t<meta property=\"og:image:width\" content=\"400\" \/>\n\t<meta property=\"og:image:height\" content=\"400\" \/>\n\t<meta property=\"og:image:type\" content=\"image\/png\" \/>\n<meta name=\"twitter:card\" content=\"summary_large_image\" \/>\n<meta name=\"twitter:label1\" content=\"Tempo estimado de leitura\" \/>\n\t<meta name=\"twitter:data1\" content=\"1 minuto\" \/>\n<script type=\"application\/ld+json\" class=\"yoast-schema-graph\">{\"@context\":\"https:\\\/\\\/schema.org\",\"@graph\":[{\"@type\":\"WebPage\",\"@id\":\"https:\\\/\\\/cyberlogics.ao\\\/index.php\\\/product\\\/pc-hp-400g9-mt-i5-13500-8g-512-ssd-w11p\\\/\",\"url\":\"https:\\\/\\\/cyberlogics.ao\\\/index.php\\\/product\\\/pc-hp-400g9-mt-i5-13500-8g-512-ssd-w11p\\\/\",\"name\":\"PC HP 400G9 MT I5-13500 8G 512 SSD W11P - Cyberlogics Technologies Angola\",\"isPartOf\":{\"@id\":\"https:\\\/\\\/cyberlogics.ao\\\/#website\"},\"primaryImageOfPage\":{\"@id\":\"https:\\\/\\\/cyberlogics.ao\\\/index.php\\\/product\\\/pc-hp-400g9-mt-i5-13500-8g-512-ssd-w11p\\\/#primaryimage\"},\"image\":{\"@id\":\"https:\\\/\\\/cyberlogics.ao\\\/index.php\\\/product\\\/pc-hp-400g9-mt-i5-13500-8g-512-ssd-w11p\\\/#primaryimage\"},\"thumbnailUrl\":\"https:\\\/\\\/cyberlogics.ao\\\/wp-content\\\/uploads\\\/2025\\\/09\\\/pc-hp-400g9-mt-i5-13500-8g-512-ssd-w11p-ZOLA.png\",\"datePublished\":\"2025-09-15T16:30:24+00:00\",\"description\":\"A Maior Loja Online de Angola de Licen\u00e7as Microsoft Office | Chaves Sistemas Operativos Windows | Antiv\u00edrus | Cloud Adobe | Inform\u00e1tica & Servidores | Softwares de Gest\u00e3o ERP | Gaming Hardware | UPS e Baterias & Muito Mais...\",\"breadcrumb\":{\"@id\":\"https:\\\/\\\/cyberlogics.ao\\\/index.php\\\/product\\\/pc-hp-400g9-mt-i5-13500-8g-512-ssd-w11p\\\/#breadcrumb\"},\"inLanguage\":\"pt-PT\",\"potentialAction\":[{\"@type\":\"ReadAction\",\"target\":[\"https:\\\/\\\/cyberlogics.ao\\\/index.php\\\/product\\\/pc-hp-400g9-mt-i5-13500-8g-512-ssd-w11p\\\/\"]}]},{\"@type\":\"ImageObject\",\"inLanguage\":\"pt-PT\",\"@id\":\"https:\\\/\\\/cyberlogics.ao\\\/index.php\\\/product\\\/pc-hp-400g9-mt-i5-13500-8g-512-ssd-w11p\\\/#primaryimage\",\"url\":\"https:\\\/\\\/cyberlogics.ao\\\/wp-content\\\/uploads\\\/2025\\\/09\\\/pc-hp-400g9-mt-i5-13500-8g-512-ssd-w11p-ZOLA.png\",\"contentUrl\":\"https:\\\/\\\/cyberlogics.ao\\\/wp-content\\\/uploads\\\/2025\\\/09\\\/pc-hp-400g9-mt-i5-13500-8g-512-ssd-w11p-ZOLA.png\",\"width\":400,\"height\":400},{\"@type\":\"BreadcrumbList\",\"@id\":\"https:\\\/\\\/cyberlogics.ao\\\/index.php\\\/product\\\/pc-hp-400g9-mt-i5-13500-8g-512-ssd-w11p\\\/#breadcrumb\",\"itemListElement\":[{\"@type\":\"ListItem\",\"position\":1,\"name\":\"In\u00edcio\",\"item\":\"https:\\\/\\\/cyberlogics.ao\\\/\"},{\"@type\":\"ListItem\",\"position\":2,\"name\":\"Produtos\",\"item\":\"https:\\\/\\\/cyberlogics.ao\\\/index.php\\\/shop-2\\\/\"},{\"@type\":\"ListItem\",\"position\":3,\"name\":\"PC HP 400G9 MT I5-13500 8G 512 SSD W11P\"}]},{\"@type\":\"WebSite\",\"@id\":\"https:\\\/\\\/cyberlogics.ao\\\/#website\",\"url\":\"https:\\\/\\\/cyberlogics.ao\\\/\",\"name\":\"Cyberlogics Technologies Angola\",\"description\":\"Loja Online de Licen\u00e7as de Softwares e Inform\u00e1tica\",\"publisher\":{\"@id\":\"https:\\\/\\\/cyberlogics.ao\\\/#organization\"},\"potentialAction\":[{\"@type\":\"SearchAction\",\"target\":{\"@type\":\"EntryPoint\",\"urlTemplate\":\"https:\\\/\\\/cyberlogics.ao\\\/?s={search_term_string}\"},\"query-input\":{\"@type\":\"PropertyValueSpecification\",\"valueRequired\":true,\"valueName\":\"search_term_string\"}}],\"inLanguage\":\"pt-PT\"},{\"@type\":\"Organization\",\"@id\":\"https:\\\/\\\/cyberlogics.ao\\\/#organization\",\"name\":\"Cyberlogics Ao Technologies - Loja Online de Licen\u00e7as de Softwares e Inform\u00e1tica\",\"url\":\"https:\\\/\\\/cyberlogics.ao\\\/\",\"logo\":{\"@type\":\"ImageObject\",\"inLanguage\":\"pt-PT\",\"@id\":\"https:\\\/\\\/cyberlogics.ao\\\/#\\\/schema\\\/logo\\\/image\\\/\",\"url\":\"https:\\\/\\\/cyberlogics.ao\\\/wp-content\\\/uploads\\\/2022\\\/04\\\/CT-logo.png\",\"contentUrl\":\"https:\\\/\\\/cyberlogics.ao\\\/wp-content\\\/uploads\\\/2022\\\/04\\\/CT-logo.png\",\"width\":190,\"height\":75,\"caption\":\"Cyberlogics Ao Technologies - Loja Online de Licen\u00e7as de Softwares e Inform\u00e1tica\"},\"image\":{\"@id\":\"https:\\\/\\\/cyberlogics.ao\\\/#\\\/schema\\\/logo\\\/image\\\/\"}}]}<\/script>\n<!-- \/ Yoast SEO plugin. -->","yoast_head_json":{"title":"PC HP 400G9 MT I5-13500 8G 512 SSD W11P - Cyberlogics Technologies Angola","description":"A Maior Loja Online de Angola de Licen\u00e7as Microsoft Office | Chaves Sistemas Operativos Windows | Antiv\u00edrus | Cloud Adobe | Inform\u00e1tica & Servidores | Softwares de Gest\u00e3o ERP | Gaming Hardware | UPS e Baterias & Muito Mais...","robots":{"index":"index","follow":"follow","max-snippet":"max-snippet:-1","max-image-preview":"max-image-preview:large","max-video-preview":"max-video-preview:-1"},"canonical":"https:\/\/cyberlogics.ao\/index.php\/product\/pc-hp-400g9-mt-i5-13500-8g-512-ssd-w11p\/","og_locale":"pt_PT","og_type":"article","og_title":"PC HP 400G9 MT I5-13500 8G 512 SSD W11P - Cyberlogics Technologies Angola","og_description":"A Maior Loja Online de Angola de Licen\u00e7as Microsoft Office | Chaves Sistemas Operativos Windows | Antiv\u00edrus | Cloud Adobe | Inform\u00e1tica & Servidores | Softwares de Gest\u00e3o ERP | Gaming Hardware | UPS e Baterias & Muito Mais...","og_url":"https:\/\/cyberlogics.ao\/index.php\/product\/pc-hp-400g9-mt-i5-13500-8g-512-ssd-w11p\/","og_site_name":"Cyberlogics Technologies Angola","og_image":[{"width":400,"height":400,"url":"http:\/\/cyberlogics.ao\/wp-content\/uploads\/2025\/09\/pc-hp-400g9-mt-i5-13500-8g-512-ssd-w11p-ZOLA.png","type":"image\/png"}],"twitter_card":"summary_large_image","twitter_misc":{"Tempo estimado de leitura":"1 minuto"},"schema":{"@context":"https:\/\/schema.org","@graph":[{"@type":"WebPage","@id":"https:\/\/cyberlogics.ao\/index.php\/product\/pc-hp-400g9-mt-i5-13500-8g-512-ssd-w11p\/","url":"https:\/\/cyberlogics.ao\/index.php\/product\/pc-hp-400g9-mt-i5-13500-8g-512-ssd-w11p\/","name":"PC HP 400G9 MT I5-13500 8G 512 SSD W11P - Cyberlogics Technologies Angola","isPartOf":{"@id":"https:\/\/cyberlogics.ao\/#website"},"primaryImageOfPage":{"@id":"https:\/\/cyberlogics.ao\/index.php\/product\/pc-hp-400g9-mt-i5-13500-8g-512-ssd-w11p\/#primaryimage"},"image":{"@id":"https:\/\/cyberlogics.ao\/index.php\/product\/pc-hp-400g9-mt-i5-13500-8g-512-ssd-w11p\/#primaryimage"},"thumbnailUrl":"https:\/\/cyberlogics.ao\/wp-content\/uploads\/2025\/09\/pc-hp-400g9-mt-i5-13500-8g-512-ssd-w11p-ZOLA.png","datePublished":"2025-09-15T16:30:24+00:00","description":"A Maior Loja Online de Angola de Licen\u00e7as Microsoft Office | Chaves Sistemas Operativos Windows | Antiv\u00edrus | Cloud Adobe | Inform\u00e1tica & Servidores | Softwares de Gest\u00e3o ERP | Gaming Hardware | UPS e Baterias & Muito Mais...","breadcrumb":{"@id":"https:\/\/cyberlogics.ao\/index.php\/product\/pc-hp-400g9-mt-i5-13500-8g-512-ssd-w11p\/#breadcrumb"},"inLanguage":"pt-PT","potentialAction":[{"@type":"ReadAction","target":["https:\/\/cyberlogics.ao\/index.php\/product\/pc-hp-400g9-mt-i5-13500-8g-512-ssd-w11p\/"]}]},{"@type":"ImageObject","inLanguage":"pt-PT","@id":"https:\/\/cyberlogics.ao\/index.php\/product\/pc-hp-400g9-mt-i5-13500-8g-512-ssd-w11p\/#primaryimage","url":"https:\/\/cyberlogics.ao\/wp-content\/uploads\/2025\/09\/pc-hp-400g9-mt-i5-13500-8g-512-ssd-w11p-ZOLA.png","contentUrl":"https:\/\/cyberlogics.ao\/wp-content\/uploads\/2025\/09\/pc-hp-400g9-mt-i5-13500-8g-512-ssd-w11p-ZOLA.png","width":400,"height":400},{"@type":"BreadcrumbList","@id":"https:\/\/cyberlogics.ao\/index.php\/product\/pc-hp-400g9-mt-i5-13500-8g-512-ssd-w11p\/#breadcrumb","itemListElement":[{"@type":"ListItem","position":1,"name":"In\u00edcio","item":"https:\/\/cyberlogics.ao\/"},{"@type":"ListItem","position":2,"name":"Produtos","item":"https:\/\/cyberlogics.ao\/index.php\/shop-2\/"},{"@type":"ListItem","position":3,"name":"PC HP 400G9 MT I5-13500 8G 512 SSD W11P"}]},{"@type":"WebSite","@id":"https:\/\/cyberlogics.ao\/#website","url":"https:\/\/cyberlogics.ao\/","name":"Cyberlogics Technologies Angola","description":"Loja Online de Licen\u00e7as de Softwares e Inform\u00e1tica","publisher":{"@id":"https:\/\/cyberlogics.ao\/#organization"},"potentialAction":[{"@type":"SearchAction","target":{"@type":"EntryPoint","urlTemplate":"https:\/\/cyberlogics.ao\/?s={search_term_string}"},"query-input":{"@type":"PropertyValueSpecification","valueRequired":true,"valueName":"search_term_string"}}],"inLanguage":"pt-PT"},{"@type":"Organization","@id":"https:\/\/cyberlogics.ao\/#organization","name":"Cyberlogics Ao Technologies - Loja Online de Licen\u00e7as de Softwares e Inform\u00e1tica","url":"https:\/\/cyberlogics.ao\/","logo":{"@type":"ImageObject","inLanguage":"pt-PT","@id":"https:\/\/cyberlogics.ao\/#\/schema\/logo\/image\/","url":"https:\/\/cyberlogics.ao\/wp-content\/uploads\/2022\/04\/CT-logo.png","contentUrl":"https:\/\/cyberlogics.ao\/wp-content\/uploads\/2022\/04\/CT-logo.png","width":190,"height":75,"caption":"Cyberlogics Ao Technologies - Loja Online de Licen\u00e7as de Softwares e Inform\u00e1tica"},"image":{"@id":"https:\/\/cyberlogics.ao\/#\/schema\/logo\/image\/"}}]}},"_links":{"self":[{"href":"https:\/\/cyberlogics.ao\/index.php\/wp-json\/wp\/v2\/product\/9151","targetHints":{"allow":["GET"]}}],"collection":[{"href":"https:\/\/cyberlogics.ao\/index.php\/wp-json\/wp\/v2\/product"}],"about":[{"href":"https:\/\/cyberlogics.ao\/index.php\/wp-json\/wp\/v2\/types\/product"}],"replies":[{"embeddable":true,"href":"https:\/\/cyberlogics.ao\/index.php\/wp-json\/wp\/v2\/comments?post=9151"}],"wp:featuredmedia":[{"embeddable":true,"href":"https:\/\/cyberlogics.ao\/index.php\/wp-json\/wp\/v2\/media\/9152"}],"wp:attachment":[{"href":"https:\/\/cyberlogics.ao\/index.php\/wp-json\/wp\/v2\/media?parent=9151"}],"wp:term":[{"taxonomy":"product_brand","embeddable":true,"href":"https:\/\/cyberlogics.ao\/index.php\/wp-json\/wp\/v2\/product_brand?post=9151"},{"taxonomy":"product_cat","embeddable":true,"href":"https:\/\/cyberlogics.ao\/index.php\/wp-json\/wp\/v2\/product_cat?post=9151"},{"taxonomy":"product_tag","embeddable":true,"href":"https:\/\/cyberlogics.ao\/index.php\/wp-json\/wp\/v2\/product_tag?post=9151"}],"curies":[{"name":"wp","href":"https:\/\/api.w.org\/{rel}","templated":true}]}}