{"id":9164,"date":"2025-09-16T09:07:48","date_gmt":"2025-09-16T09:07:48","guid":{"rendered":"https:\/\/cyberlogics.ao\/?post_type=product&#038;p=9164"},"modified":"2025-09-16T09:07:49","modified_gmt":"2025-09-16T09:07:49","slug":"pc-hp-400g9-dm-i3-13100t-8g-512-ssd-w11p-2","status":"publish","type":"product","link":"https:\/\/cyberlogics.ao\/index.php\/product\/pc-hp-400g9-dm-i3-13100t-8g-512-ssd-w11p-2\/","title":{"rendered":"PC HP 400G9 DM I3-13100T 8G 512 SSD W11P"},"content":{"rendered":"<table class=\"table-data-sheet\">\n<tbody>\n<tr>\n<th id=\"pfc_table_header\" colspan=\"2\"><strong>Conectividade<\/strong><\/th>\n<\/tr>\n<tr class=\" even\">\n<td>Slots<\/td>\n<td>1 M.2 2230; 1 M.2 2280(1 slot M.2 para WLAN e 1 slot M.2 2280 para armazenamento.)<\/td>\n<\/tr>\n<tr class=\"odd\">\n<td>Portas<\/td>\n<td>Combina\u00e7\u00e3o frontal de 1 fone de ouvido\/microfone; 1 Taxa de sinaliza\u00e7\u00e3o SuperSpeed \u200b\u200b\u200b\u200bUSB Tipo A de 10 Gbps; 1 Taxa de sinaliza\u00e7\u00e3o SuperSpeed \u200b\u200b\u200b\u200bUSB Tipo A de 10 Gbps (carregamento); 1 taxa de sinaliza\u00e7\u00e3o SuperSpeed \u200b\u200bUSB Type-C\u00ae de 20 Gbps<\/td>\n<\/tr>\n<tr class=\" even\">\n<td>Tecnologias sem fios<\/td>\n<td>Placa sem fio Realtek RTL8852BE Wi-Fi 6 (2&#215;2) e Bluetooth\u00ae 5.3<\/td>\n<\/tr>\n<tr class=\"odd\">\n<td>Portas (continua\u00e7\u00e3o)<\/td>\n<td>1 conector de alimenta\u00e7\u00e3o traseiro; 1 RJ-45; 1 Taxa de sinaliza\u00e7\u00e3o SuperSpeed \u200b\u200b\u200b\u200bUSB Tipo A de 10 Gbps; 2 Taxa de sinaliza\u00e7\u00e3o SuperSpeed \u200b\u200b\u200b\u200bUSB Tipo A de 5 Gbps; 2 DisplayPort\u2122 1.4; 1 HDMI 2.1<\/td>\n<\/tr>\n<tr>\n<th id=\"pfc_table_header\" colspan=\"2\"><strong>Filtros<\/strong><\/th>\n<\/tr>\n<tr class=\" even\">\n<td>Com Monitor<\/td>\n<td>N\u00e3o<\/td>\n<\/tr>\n<tr class=\"odd\">\n<td>Sistema Operativo<\/td>\n<td>Windows 11 Pro<\/td>\n<\/tr>\n<tr class=\" even\">\n<td>Mem\u00f3ria<\/td>\n<td>8GB<\/td>\n<\/tr>\n<tr class=\"odd\">\n<td>Disco<\/td>\n<td>SSD<\/td>\n<\/tr>\n<tr class=\" even\">\n<td>Processador<\/td>\n<td>Intel i3<\/td>\n<\/tr>\n<tr>\n<th id=\"pfc_table_header\" colspan=\"2\"><strong>Caracter\u00edsticas Principais<\/strong><\/th>\n<\/tr>\n<tr class=\"odd\">\n<td>Slots de mem\u00f3ria<\/td>\n<td>2 SODIMM<\/td>\n<\/tr>\n<tr class=\" even\">\n<td>Mem\u00f3ria incorporada<\/td>\n<td>8 GB de RAM DDR4-3200 MHz (1 x 8 GB)<\/td>\n<\/tr>\n<tr class=\"odd\">\n<td>Disco R\u00edgido<\/td>\n<td>SSD PCIe\u00ae NVMe\u2122 M.2 de 512 GB<\/td>\n<\/tr>\n<tr class=\" even\">\n<td>Processador<\/td>\n<td>Intel\u00ae Core\u2122 i3-13100T (at\u00e9 4,2 GHz com tecnologia Intel\u00ae Turbo Boost, cache L3 de 12 MB, 4 n\u00facleos, 8 threads) 2<\/td>\n<\/tr>\n<tr class=\"odd\">\n<td>Campanha<\/td>\n<td>Outlet<\/td>\n<\/tr>\n<tr class=\" even\">\n<td>Modelo<\/td>\n<td>HP Pro Mini 400 G9<\/td>\n<\/tr>\n<tr>\n<th id=\"pfc_table_header\" colspan=\"2\"><strong>Outras<\/strong><\/th>\n<\/tr>\n<tr class=\"odd\">\n<td>Garantia<\/td>\n<td>1 Ano<\/td>\n<\/tr>\n<tr class=\" even\">\n<td>Peso<\/td>\n<td>1,42kg<\/td>\n<\/tr>\n<tr class=\"odd\">\n<td>Dimens\u00f5es<\/td>\n<td>17,7 x 17,5 x 3,4 cm<\/td>\n<\/tr>\n<tr class=\" even\">\n<td>Fonte de alimenta\u00e7\u00e3o<\/td>\n<td>Adaptador de energia externo de 90 W, at\u00e9 89% de efici\u00eancia, PFC ativo<\/td>\n<\/tr>\n<\/tbody>\n<\/table>\n","protected":false},"excerpt":{"rendered":"<p id=\"product_reference\"><label>Marca:<\/label>\u00a0<span class=\"editable\">HP<\/span><br \/>\n<label>Part-Number:<\/label>\u00a0<span class=\"editable\">OUT-9H6Q5ET<\/span><\/p>\n<div id=\"short_description_block\">\n<div id=\"short_description_content\" class=\"rte align_justify\">\n<p>HP Pro Mini 400 G9 Desktop PC,\u00a0Windows 11 Pro,\u00a0Intel\u00ae Core\u2122 i3,\u00a08GB RAM,\u00a0512GB SSD.\u00a0<strong>Artigo em exposi\u00e7\u00e3o, com amebalagem completa.<\/strong><\/p>\n<\/div>\n<\/div>\n","protected":false},"featured_media":9165,"comment_status":"open","ping_status":"closed","template":"","meta":{"_joinchat":[]},"product_brand":[],"product_cat":[333,651,653],"product_tag":[],"class_list":{"0":"post-9164","1":"product","2":"type-product","3":"status-publish","4":"has-post-thumbnail","6":"product_cat-computadores","7":"product_cat-computadores-e-monitores","8":"product_cat-pc-desktop","10":"first","11":"instock","12":"sale","13":"shipping-taxable","14":"purchasable","15":"product-type-simple"},"yoast_head":"<!-- This site is optimized with the Yoast SEO plugin v27.4 - https:\/\/yoast.com\/product\/yoast-seo-wordpress\/ -->\n<title>PC HP 400G9 DM I3-13100T 8G 512 SSD W11P - Cyberlogics Technologies Angola<\/title>\n<meta name=\"description\" content=\"A Maior Loja Online de Angola de Licen\u00e7as Microsoft Office | Chaves Sistemas Operativos Windows | Antiv\u00edrus | Cloud Adobe | Inform\u00e1tica &amp; Servidores | Softwares de Gest\u00e3o ERP | Gaming Hardware | UPS e Baterias &amp; Muito Mais...\" \/>\n<meta name=\"robots\" content=\"index, follow, max-snippet:-1, max-image-preview:large, max-video-preview:-1\" \/>\n<link rel=\"canonical\" href=\"https:\/\/cyberlogics.ao\/index.php\/product\/pc-hp-400g9-dm-i3-13100t-8g-512-ssd-w11p-2\/\" \/>\n<meta property=\"og:locale\" content=\"pt_PT\" \/>\n<meta property=\"og:type\" content=\"article\" \/>\n<meta property=\"og:title\" content=\"PC HP 400G9 DM I3-13100T 8G 512 SSD W11P - Cyberlogics Technologies Angola\" \/>\n<meta property=\"og:description\" content=\"A Maior Loja Online de Angola de Licen\u00e7as Microsoft Office | Chaves Sistemas Operativos Windows | Antiv\u00edrus | Cloud Adobe | Inform\u00e1tica &amp; Servidores | Softwares de Gest\u00e3o ERP | Gaming Hardware | UPS e Baterias &amp; Muito Mais...\" \/>\n<meta property=\"og:url\" content=\"https:\/\/cyberlogics.ao\/index.php\/product\/pc-hp-400g9-dm-i3-13100t-8g-512-ssd-w11p-2\/\" \/>\n<meta property=\"og:site_name\" content=\"Cyberlogics Technologies Angola\" \/>\n<meta property=\"article:modified_time\" content=\"2025-09-16T09:07:49+00:00\" \/>\n<meta property=\"og:image\" content=\"http:\/\/cyberlogics.ao\/wp-content\/uploads\/2025\/09\/pc-hp-400g9-dm-i3-13100t-8g-512-ssd-w11p11111111.png\" \/>\n\t<meta property=\"og:image:width\" content=\"400\" \/>\n\t<meta property=\"og:image:height\" content=\"400\" \/>\n\t<meta property=\"og:image:type\" content=\"image\/png\" \/>\n<meta name=\"twitter:card\" content=\"summary_large_image\" \/>\n<meta name=\"twitter:label1\" content=\"Tempo estimado de leitura\" \/>\n\t<meta name=\"twitter:data1\" content=\"1 minuto\" \/>\n<script type=\"application\/ld+json\" class=\"yoast-schema-graph\">{\"@context\":\"https:\\\/\\\/schema.org\",\"@graph\":[{\"@type\":\"WebPage\",\"@id\":\"https:\\\/\\\/cyberlogics.ao\\\/index.php\\\/product\\\/pc-hp-400g9-dm-i3-13100t-8g-512-ssd-w11p-2\\\/\",\"url\":\"https:\\\/\\\/cyberlogics.ao\\\/index.php\\\/product\\\/pc-hp-400g9-dm-i3-13100t-8g-512-ssd-w11p-2\\\/\",\"name\":\"PC HP 400G9 DM I3-13100T 8G 512 SSD W11P - Cyberlogics Technologies Angola\",\"isPartOf\":{\"@id\":\"https:\\\/\\\/cyberlogics.ao\\\/#website\"},\"primaryImageOfPage\":{\"@id\":\"https:\\\/\\\/cyberlogics.ao\\\/index.php\\\/product\\\/pc-hp-400g9-dm-i3-13100t-8g-512-ssd-w11p-2\\\/#primaryimage\"},\"image\":{\"@id\":\"https:\\\/\\\/cyberlogics.ao\\\/index.php\\\/product\\\/pc-hp-400g9-dm-i3-13100t-8g-512-ssd-w11p-2\\\/#primaryimage\"},\"thumbnailUrl\":\"https:\\\/\\\/cyberlogics.ao\\\/wp-content\\\/uploads\\\/2025\\\/09\\\/pc-hp-400g9-dm-i3-13100t-8g-512-ssd-w11p11111111.png\",\"datePublished\":\"2025-09-16T09:07:48+00:00\",\"dateModified\":\"2025-09-16T09:07:49+00:00\",\"description\":\"A Maior Loja Online de Angola de Licen\u00e7as Microsoft Office | Chaves Sistemas Operativos Windows | Antiv\u00edrus | Cloud Adobe | Inform\u00e1tica & Servidores | Softwares de Gest\u00e3o ERP | Gaming Hardware | UPS e Baterias & Muito Mais...\",\"breadcrumb\":{\"@id\":\"https:\\\/\\\/cyberlogics.ao\\\/index.php\\\/product\\\/pc-hp-400g9-dm-i3-13100t-8g-512-ssd-w11p-2\\\/#breadcrumb\"},\"inLanguage\":\"pt-PT\",\"potentialAction\":[{\"@type\":\"ReadAction\",\"target\":[\"https:\\\/\\\/cyberlogics.ao\\\/index.php\\\/product\\\/pc-hp-400g9-dm-i3-13100t-8g-512-ssd-w11p-2\\\/\"]}]},{\"@type\":\"ImageObject\",\"inLanguage\":\"pt-PT\",\"@id\":\"https:\\\/\\\/cyberlogics.ao\\\/index.php\\\/product\\\/pc-hp-400g9-dm-i3-13100t-8g-512-ssd-w11p-2\\\/#primaryimage\",\"url\":\"https:\\\/\\\/cyberlogics.ao\\\/wp-content\\\/uploads\\\/2025\\\/09\\\/pc-hp-400g9-dm-i3-13100t-8g-512-ssd-w11p11111111.png\",\"contentUrl\":\"https:\\\/\\\/cyberlogics.ao\\\/wp-content\\\/uploads\\\/2025\\\/09\\\/pc-hp-400g9-dm-i3-13100t-8g-512-ssd-w11p11111111.png\",\"width\":400,\"height\":400},{\"@type\":\"BreadcrumbList\",\"@id\":\"https:\\\/\\\/cyberlogics.ao\\\/index.php\\\/product\\\/pc-hp-400g9-dm-i3-13100t-8g-512-ssd-w11p-2\\\/#breadcrumb\",\"itemListElement\":[{\"@type\":\"ListItem\",\"position\":1,\"name\":\"In\u00edcio\",\"item\":\"https:\\\/\\\/cyberlogics.ao\\\/\"},{\"@type\":\"ListItem\",\"position\":2,\"name\":\"Produtos\",\"item\":\"https:\\\/\\\/cyberlogics.ao\\\/index.php\\\/shop-2\\\/\"},{\"@type\":\"ListItem\",\"position\":3,\"name\":\"PC HP 400G9 DM I3-13100T 8G 512 SSD W11P\"}]},{\"@type\":\"WebSite\",\"@id\":\"https:\\\/\\\/cyberlogics.ao\\\/#website\",\"url\":\"https:\\\/\\\/cyberlogics.ao\\\/\",\"name\":\"Cyberlogics Technologies Angola\",\"description\":\"Loja Online de Licen\u00e7as de Softwares e Inform\u00e1tica\",\"publisher\":{\"@id\":\"https:\\\/\\\/cyberlogics.ao\\\/#organization\"},\"potentialAction\":[{\"@type\":\"SearchAction\",\"target\":{\"@type\":\"EntryPoint\",\"urlTemplate\":\"https:\\\/\\\/cyberlogics.ao\\\/?s={search_term_string}\"},\"query-input\":{\"@type\":\"PropertyValueSpecification\",\"valueRequired\":true,\"valueName\":\"search_term_string\"}}],\"inLanguage\":\"pt-PT\"},{\"@type\":\"Organization\",\"@id\":\"https:\\\/\\\/cyberlogics.ao\\\/#organization\",\"name\":\"Cyberlogics Ao Technologies - Loja Online de Licen\u00e7as de Softwares e Inform\u00e1tica\",\"url\":\"https:\\\/\\\/cyberlogics.ao\\\/\",\"logo\":{\"@type\":\"ImageObject\",\"inLanguage\":\"pt-PT\",\"@id\":\"https:\\\/\\\/cyberlogics.ao\\\/#\\\/schema\\\/logo\\\/image\\\/\",\"url\":\"https:\\\/\\\/cyberlogics.ao\\\/wp-content\\\/uploads\\\/2022\\\/04\\\/CT-logo.png\",\"contentUrl\":\"https:\\\/\\\/cyberlogics.ao\\\/wp-content\\\/uploads\\\/2022\\\/04\\\/CT-logo.png\",\"width\":190,\"height\":75,\"caption\":\"Cyberlogics Ao Technologies - Loja Online de Licen\u00e7as de Softwares e Inform\u00e1tica\"},\"image\":{\"@id\":\"https:\\\/\\\/cyberlogics.ao\\\/#\\\/schema\\\/logo\\\/image\\\/\"}}]}<\/script>\n<!-- \/ Yoast SEO plugin. -->","yoast_head_json":{"title":"PC HP 400G9 DM I3-13100T 8G 512 SSD W11P - Cyberlogics Technologies Angola","description":"A Maior Loja Online de Angola de Licen\u00e7as Microsoft Office | Chaves Sistemas Operativos Windows | Antiv\u00edrus | Cloud Adobe | Inform\u00e1tica & Servidores | Softwares de Gest\u00e3o ERP | Gaming Hardware | UPS e Baterias & Muito Mais...","robots":{"index":"index","follow":"follow","max-snippet":"max-snippet:-1","max-image-preview":"max-image-preview:large","max-video-preview":"max-video-preview:-1"},"canonical":"https:\/\/cyberlogics.ao\/index.php\/product\/pc-hp-400g9-dm-i3-13100t-8g-512-ssd-w11p-2\/","og_locale":"pt_PT","og_type":"article","og_title":"PC HP 400G9 DM I3-13100T 8G 512 SSD W11P - Cyberlogics Technologies Angola","og_description":"A Maior Loja Online de Angola de Licen\u00e7as Microsoft Office | Chaves Sistemas Operativos Windows | Antiv\u00edrus | Cloud Adobe | Inform\u00e1tica & Servidores | Softwares de Gest\u00e3o ERP | Gaming Hardware | UPS e Baterias & Muito Mais...","og_url":"https:\/\/cyberlogics.ao\/index.php\/product\/pc-hp-400g9-dm-i3-13100t-8g-512-ssd-w11p-2\/","og_site_name":"Cyberlogics Technologies Angola","article_modified_time":"2025-09-16T09:07:49+00:00","og_image":[{"width":400,"height":400,"url":"http:\/\/cyberlogics.ao\/wp-content\/uploads\/2025\/09\/pc-hp-400g9-dm-i3-13100t-8g-512-ssd-w11p11111111.png","type":"image\/png"}],"twitter_card":"summary_large_image","twitter_misc":{"Tempo estimado de leitura":"1 minuto"},"schema":{"@context":"https:\/\/schema.org","@graph":[{"@type":"WebPage","@id":"https:\/\/cyberlogics.ao\/index.php\/product\/pc-hp-400g9-dm-i3-13100t-8g-512-ssd-w11p-2\/","url":"https:\/\/cyberlogics.ao\/index.php\/product\/pc-hp-400g9-dm-i3-13100t-8g-512-ssd-w11p-2\/","name":"PC HP 400G9 DM I3-13100T 8G 512 SSD W11P - Cyberlogics Technologies Angola","isPartOf":{"@id":"https:\/\/cyberlogics.ao\/#website"},"primaryImageOfPage":{"@id":"https:\/\/cyberlogics.ao\/index.php\/product\/pc-hp-400g9-dm-i3-13100t-8g-512-ssd-w11p-2\/#primaryimage"},"image":{"@id":"https:\/\/cyberlogics.ao\/index.php\/product\/pc-hp-400g9-dm-i3-13100t-8g-512-ssd-w11p-2\/#primaryimage"},"thumbnailUrl":"https:\/\/cyberlogics.ao\/wp-content\/uploads\/2025\/09\/pc-hp-400g9-dm-i3-13100t-8g-512-ssd-w11p11111111.png","datePublished":"2025-09-16T09:07:48+00:00","dateModified":"2025-09-16T09:07:49+00:00","description":"A Maior Loja Online de Angola de Licen\u00e7as Microsoft Office | Chaves Sistemas Operativos Windows | Antiv\u00edrus | Cloud Adobe | Inform\u00e1tica & Servidores | Softwares de Gest\u00e3o ERP | Gaming Hardware | UPS e Baterias & Muito Mais...","breadcrumb":{"@id":"https:\/\/cyberlogics.ao\/index.php\/product\/pc-hp-400g9-dm-i3-13100t-8g-512-ssd-w11p-2\/#breadcrumb"},"inLanguage":"pt-PT","potentialAction":[{"@type":"ReadAction","target":["https:\/\/cyberlogics.ao\/index.php\/product\/pc-hp-400g9-dm-i3-13100t-8g-512-ssd-w11p-2\/"]}]},{"@type":"ImageObject","inLanguage":"pt-PT","@id":"https:\/\/cyberlogics.ao\/index.php\/product\/pc-hp-400g9-dm-i3-13100t-8g-512-ssd-w11p-2\/#primaryimage","url":"https:\/\/cyberlogics.ao\/wp-content\/uploads\/2025\/09\/pc-hp-400g9-dm-i3-13100t-8g-512-ssd-w11p11111111.png","contentUrl":"https:\/\/cyberlogics.ao\/wp-content\/uploads\/2025\/09\/pc-hp-400g9-dm-i3-13100t-8g-512-ssd-w11p11111111.png","width":400,"height":400},{"@type":"BreadcrumbList","@id":"https:\/\/cyberlogics.ao\/index.php\/product\/pc-hp-400g9-dm-i3-13100t-8g-512-ssd-w11p-2\/#breadcrumb","itemListElement":[{"@type":"ListItem","position":1,"name":"In\u00edcio","item":"https:\/\/cyberlogics.ao\/"},{"@type":"ListItem","position":2,"name":"Produtos","item":"https:\/\/cyberlogics.ao\/index.php\/shop-2\/"},{"@type":"ListItem","position":3,"name":"PC HP 400G9 DM I3-13100T 8G 512 SSD W11P"}]},{"@type":"WebSite","@id":"https:\/\/cyberlogics.ao\/#website","url":"https:\/\/cyberlogics.ao\/","name":"Cyberlogics Technologies Angola","description":"Loja Online de Licen\u00e7as de Softwares e Inform\u00e1tica","publisher":{"@id":"https:\/\/cyberlogics.ao\/#organization"},"potentialAction":[{"@type":"SearchAction","target":{"@type":"EntryPoint","urlTemplate":"https:\/\/cyberlogics.ao\/?s={search_term_string}"},"query-input":{"@type":"PropertyValueSpecification","valueRequired":true,"valueName":"search_term_string"}}],"inLanguage":"pt-PT"},{"@type":"Organization","@id":"https:\/\/cyberlogics.ao\/#organization","name":"Cyberlogics Ao Technologies - Loja Online de Licen\u00e7as de Softwares e Inform\u00e1tica","url":"https:\/\/cyberlogics.ao\/","logo":{"@type":"ImageObject","inLanguage":"pt-PT","@id":"https:\/\/cyberlogics.ao\/#\/schema\/logo\/image\/","url":"https:\/\/cyberlogics.ao\/wp-content\/uploads\/2022\/04\/CT-logo.png","contentUrl":"https:\/\/cyberlogics.ao\/wp-content\/uploads\/2022\/04\/CT-logo.png","width":190,"height":75,"caption":"Cyberlogics Ao Technologies - Loja Online de Licen\u00e7as de Softwares e Inform\u00e1tica"},"image":{"@id":"https:\/\/cyberlogics.ao\/#\/schema\/logo\/image\/"}}]}},"_links":{"self":[{"href":"https:\/\/cyberlogics.ao\/index.php\/wp-json\/wp\/v2\/product\/9164","targetHints":{"allow":["GET"]}}],"collection":[{"href":"https:\/\/cyberlogics.ao\/index.php\/wp-json\/wp\/v2\/product"}],"about":[{"href":"https:\/\/cyberlogics.ao\/index.php\/wp-json\/wp\/v2\/types\/product"}],"replies":[{"embeddable":true,"href":"https:\/\/cyberlogics.ao\/index.php\/wp-json\/wp\/v2\/comments?post=9164"}],"wp:featuredmedia":[{"embeddable":true,"href":"https:\/\/cyberlogics.ao\/index.php\/wp-json\/wp\/v2\/media\/9165"}],"wp:attachment":[{"href":"https:\/\/cyberlogics.ao\/index.php\/wp-json\/wp\/v2\/media?parent=9164"}],"wp:term":[{"taxonomy":"product_brand","embeddable":true,"href":"https:\/\/cyberlogics.ao\/index.php\/wp-json\/wp\/v2\/product_brand?post=9164"},{"taxonomy":"product_cat","embeddable":true,"href":"https:\/\/cyberlogics.ao\/index.php\/wp-json\/wp\/v2\/product_cat?post=9164"},{"taxonomy":"product_tag","embeddable":true,"href":"https:\/\/cyberlogics.ao\/index.php\/wp-json\/wp\/v2\/product_tag?post=9164"}],"curies":[{"name":"wp","href":"https:\/\/api.w.org\/{rel}","templated":true}]}}