{"id":9223,"date":"2025-09-16T12:43:49","date_gmt":"2025-09-16T12:43:49","guid":{"rendered":"https:\/\/cyberlogics.ao\/?post_type=product&#038;p=9223"},"modified":"2025-09-16T12:43:49","modified_gmt":"2025-09-16T12:43:49","slug":"port-lenovo-thinkpad-l14-g5-14-0-u5-125u-wuxga-8gb-512-w11p","status":"publish","type":"product","link":"https:\/\/cyberlogics.ao\/index.php\/product\/port-lenovo-thinkpad-l14-g5-14-0-u5-125u-wuxga-8gb-512-w11p\/","title":{"rendered":"PORT LENOVO THINKPAD L14 G5 14.0&#8242; U5-125U WUXGA 8GB 512 W11P"},"content":{"rendered":"<table class=\"table-data-sheet\">\n<tbody>\n<tr>\n<th id=\"pfc_table_header\" colspan=\"2\"><strong>Caracter\u00edsticas Principais<\/strong><\/th>\n<\/tr>\n<tr class=\" even\">\n<td>Modelo<\/td>\n<td>ThinkPad L14 Gen 5 (Intel)<\/td>\n<\/tr>\n<tr class=\"odd\">\n<td>Display \/ Monitor<\/td>\n<td>14&#8243; WUXGA (1920&#215;1200) IPS 400nits antirreflexo, 45% NTSC, DBEF5<\/td>\n<\/tr>\n<tr class=\" even\">\n<td>Processador<\/td>\n<td>Intel\u00ae Core\u2122 Ultra 5 125U, 12C (2P + 8E + 2LPE) \/ 14T, Max Turbo at\u00e9 4,3 GHz, 12 MB<\/td>\n<\/tr>\n<tr class=\"odd\">\n<td>Disco R\u00edgido<\/td>\n<td>SSD M.2 2280 PCIe\u00ae 4.0&#215;4 NVMe\u00ae Opal 2.0 de 512 GB<\/td>\n<\/tr>\n<tr class=\" even\">\n<td>Mem\u00f3ria incorporada<\/td>\n<td>1x 8 GB SO-DIMM DDR5-5600<\/td>\n<\/tr>\n<tr class=\"odd\">\n<td>Slots de mem\u00f3ria<\/td>\n<td>Dois slots DDR5 SO-DIMM, com capacidade para dois canais<\/td>\n<\/tr>\n<tr class=\" even\">\n<td>Adaptador Gr\u00e1fico<\/td>\n<td>Gr\u00e1ficos Intel\u00ae integrados<\/td>\n<\/tr>\n<tr class=\"odd\">\n<td>Sistema operativo instalado<\/td>\n<td>Windows\u00ae 11 Pro<\/td>\n<\/tr>\n<tr class=\" even\">\n<td>Audio<\/td>\n<td>\u00c1udio de alta defini\u00e7\u00e3o (HD), codec Senary SN6147<\/td>\n<\/tr>\n<tr class=\"odd\">\n<td>Webcam<\/td>\n<td>5.0MP + IR discreto com obturador de privacidade<\/td>\n<\/tr>\n<tr>\n<th id=\"pfc_table_header\" colspan=\"2\"><strong>Conectividade<\/strong><\/th>\n<\/tr>\n<tr class=\" even\">\n<td>Interface de rede<\/td>\n<td>1x Ethernet (RJ-45)<\/td>\n<\/tr>\n<tr class=\"odd\">\n<td>Tecnologias sem fios<\/td>\n<td>Intel\u00ae Wi-Fi\u00ae 6E AX211, 802.11ax 2&#215;2 + BT5.3<\/td>\n<\/tr>\n<tr class=\" even\">\n<td>Portas<\/td>\n<td>1x USB-A (USB de alta velocidade \/ USB 2.0) 2x USB-A (USB 5 Gbps \/ USB 3.2 Gen 1), um sempre ligado 1x USB-C\u00ae (USB 20 Gbps \/ USB 3.2 Gen 2&#215;2), com USB PD 3.0 .4 1x USB-C\u00ae (Thunderbolt\u2122 4 \/ USB4\u00ae 40 Gbps), com USB PD 3.0 1x HDMI\u00ae 2.1, at\u00e9 4K\/60Hz<\/td>\n<\/tr>\n<tr class=\"odd\">\n<td>Slots<\/td>\n<td>Um slot M.2 2280 PCIe\u00ae 4.0 x4<\/td>\n<\/tr>\n<tr>\n<th id=\"pfc_table_header\" colspan=\"2\"><strong>Outras<\/strong><\/th>\n<\/tr>\n<tr class=\" even\">\n<td>Fonte de alimenta\u00e7\u00e3o<\/td>\n<td>USB-C\u00ae de 65 W (3 pinos)<\/td>\n<\/tr>\n<tr class=\"odd\">\n<td>Dimens\u00f5es<\/td>\n<td>313,7 x 226 x 18,92 mm (12,35 x 8,90 x 0,74 polegadas)<\/td>\n<\/tr>\n<tr class=\" even\">\n<td>Peso<\/td>\n<td>A partir de 1,4 kg (3,09 lbs)<\/td>\n<\/tr>\n<tr>\n<th id=\"pfc_table_header\" colspan=\"2\"><strong>Filtros<\/strong><\/th>\n<\/tr>\n<tr class=\"odd\">\n<td>Processador<\/td>\n<td>ULTRA 5<\/td>\n<\/tr>\n<tr class=\" even\">\n<td>Ecr\u00e3<\/td>\n<td>14&#8243;<\/td>\n<\/tr>\n<tr class=\"odd\">\n<td>Disco<\/td>\n<td>SSD<\/td>\n<\/tr>\n<tr class=\" even\">\n<td>Mem\u00f3ria<\/td>\n<td>8GB<\/td>\n<\/tr>\n<\/tbody>\n<\/table>\n","protected":false},"excerpt":{"rendered":"<p><label>Marca:<\/label>\u00a0<span class=\"editable\">LENOVO<\/span><br \/>\n<label>Part-Number:<\/label>\u00a0<span class=\"editable\">21L10012PE<\/span><\/p>\n","protected":false},"featured_media":9225,"comment_status":"open","ping_status":"closed","template":"","meta":{"_joinchat":[]},"product_brand":[],"product_cat":[651,334],"product_tag":[],"class_list":{"0":"post-9223","1":"product","2":"type-product","3":"status-publish","4":"has-post-thumbnail","6":"product_cat-computadores-e-monitores","7":"product_cat-portateis","9":"first","10":"instock","11":"shipping-taxable","12":"purchasable","13":"product-type-simple"},"yoast_head":"<!-- This site is optimized with the Yoast SEO plugin v27.4 - https:\/\/yoast.com\/product\/yoast-seo-wordpress\/ -->\n<title>PORT LENOVO THINKPAD L14 G5 14.0&#039; U5-125U WUXGA 8GB 512 W11P - Cyberlogics Technologies Angola<\/title>\n<meta name=\"description\" content=\"A Maior Loja Online de Angola de Licen\u00e7as Microsoft Office | Chaves Sistemas Operativos Windows | Antiv\u00edrus | Cloud Adobe | Inform\u00e1tica &amp; Servidores | Softwares de Gest\u00e3o ERP | Gaming Hardware | UPS e Baterias &amp; Muito Mais...\" \/>\n<meta name=\"robots\" content=\"index, follow, max-snippet:-1, max-image-preview:large, max-video-preview:-1\" \/>\n<link rel=\"canonical\" href=\"https:\/\/cyberlogics.ao\/index.php\/product\/port-lenovo-thinkpad-l14-g5-14-0-u5-125u-wuxga-8gb-512-w11p\/\" \/>\n<meta property=\"og:locale\" content=\"pt_PT\" \/>\n<meta property=\"og:type\" content=\"article\" \/>\n<meta property=\"og:title\" content=\"PORT LENOVO THINKPAD L14 G5 14.0&#039; U5-125U WUXGA 8GB 512 W11P - Cyberlogics Technologies Angola\" \/>\n<meta property=\"og:description\" content=\"A Maior Loja Online de Angola de Licen\u00e7as Microsoft Office | Chaves Sistemas Operativos Windows | Antiv\u00edrus | Cloud Adobe | Inform\u00e1tica &amp; Servidores | Softwares de Gest\u00e3o ERP | Gaming Hardware | UPS e Baterias &amp; Muito Mais...\" \/>\n<meta property=\"og:url\" content=\"https:\/\/cyberlogics.ao\/index.php\/product\/port-lenovo-thinkpad-l14-g5-14-0-u5-125u-wuxga-8gb-512-w11p\/\" \/>\n<meta property=\"og:site_name\" content=\"Cyberlogics Technologies Angola\" \/>\n<meta property=\"og:image\" content=\"http:\/\/cyberlogics.ao\/wp-content\/uploads\/2025\/09\/port-lenovo-thinkpad-l14-g5-140-u5-125u-wuxga-8gb-512-w11p-3.png\" \/>\n\t<meta property=\"og:image:width\" content=\"135\" \/>\n\t<meta property=\"og:image:height\" content=\"135\" \/>\n\t<meta property=\"og:image:type\" content=\"image\/png\" \/>\n<meta name=\"twitter:card\" content=\"summary_large_image\" \/>\n<meta name=\"twitter:label1\" content=\"Tempo estimado de leitura\" \/>\n\t<meta name=\"twitter:data1\" content=\"1 minuto\" \/>\n<script type=\"application\/ld+json\" class=\"yoast-schema-graph\">{\"@context\":\"https:\\\/\\\/schema.org\",\"@graph\":[{\"@type\":\"WebPage\",\"@id\":\"https:\\\/\\\/cyberlogics.ao\\\/index.php\\\/product\\\/port-lenovo-thinkpad-l14-g5-14-0-u5-125u-wuxga-8gb-512-w11p\\\/\",\"url\":\"https:\\\/\\\/cyberlogics.ao\\\/index.php\\\/product\\\/port-lenovo-thinkpad-l14-g5-14-0-u5-125u-wuxga-8gb-512-w11p\\\/\",\"name\":\"PORT LENOVO THINKPAD L14 G5 14.0' U5-125U WUXGA 8GB 512 W11P - Cyberlogics Technologies Angola\",\"isPartOf\":{\"@id\":\"https:\\\/\\\/cyberlogics.ao\\\/#website\"},\"primaryImageOfPage\":{\"@id\":\"https:\\\/\\\/cyberlogics.ao\\\/index.php\\\/product\\\/port-lenovo-thinkpad-l14-g5-14-0-u5-125u-wuxga-8gb-512-w11p\\\/#primaryimage\"},\"image\":{\"@id\":\"https:\\\/\\\/cyberlogics.ao\\\/index.php\\\/product\\\/port-lenovo-thinkpad-l14-g5-14-0-u5-125u-wuxga-8gb-512-w11p\\\/#primaryimage\"},\"thumbnailUrl\":\"https:\\\/\\\/cyberlogics.ao\\\/wp-content\\\/uploads\\\/2025\\\/09\\\/port-lenovo-thinkpad-l14-g5-140-u5-125u-wuxga-8gb-512-w11p-3.png\",\"datePublished\":\"2025-09-16T12:43:49+00:00\",\"description\":\"A Maior Loja Online de Angola de Licen\u00e7as Microsoft Office | Chaves Sistemas Operativos Windows | Antiv\u00edrus | Cloud Adobe | Inform\u00e1tica & Servidores | Softwares de Gest\u00e3o ERP | Gaming Hardware | UPS e Baterias & Muito Mais...\",\"breadcrumb\":{\"@id\":\"https:\\\/\\\/cyberlogics.ao\\\/index.php\\\/product\\\/port-lenovo-thinkpad-l14-g5-14-0-u5-125u-wuxga-8gb-512-w11p\\\/#breadcrumb\"},\"inLanguage\":\"pt-PT\",\"potentialAction\":[{\"@type\":\"ReadAction\",\"target\":[\"https:\\\/\\\/cyberlogics.ao\\\/index.php\\\/product\\\/port-lenovo-thinkpad-l14-g5-14-0-u5-125u-wuxga-8gb-512-w11p\\\/\"]}]},{\"@type\":\"ImageObject\",\"inLanguage\":\"pt-PT\",\"@id\":\"https:\\\/\\\/cyberlogics.ao\\\/index.php\\\/product\\\/port-lenovo-thinkpad-l14-g5-14-0-u5-125u-wuxga-8gb-512-w11p\\\/#primaryimage\",\"url\":\"https:\\\/\\\/cyberlogics.ao\\\/wp-content\\\/uploads\\\/2025\\\/09\\\/port-lenovo-thinkpad-l14-g5-140-u5-125u-wuxga-8gb-512-w11p-3.png\",\"contentUrl\":\"https:\\\/\\\/cyberlogics.ao\\\/wp-content\\\/uploads\\\/2025\\\/09\\\/port-lenovo-thinkpad-l14-g5-140-u5-125u-wuxga-8gb-512-w11p-3.png\",\"width\":135,\"height\":135},{\"@type\":\"BreadcrumbList\",\"@id\":\"https:\\\/\\\/cyberlogics.ao\\\/index.php\\\/product\\\/port-lenovo-thinkpad-l14-g5-14-0-u5-125u-wuxga-8gb-512-w11p\\\/#breadcrumb\",\"itemListElement\":[{\"@type\":\"ListItem\",\"position\":1,\"name\":\"In\u00edcio\",\"item\":\"https:\\\/\\\/cyberlogics.ao\\\/\"},{\"@type\":\"ListItem\",\"position\":2,\"name\":\"Produtos\",\"item\":\"https:\\\/\\\/cyberlogics.ao\\\/index.php\\\/shop-2\\\/\"},{\"@type\":\"ListItem\",\"position\":3,\"name\":\"PORT LENOVO THINKPAD L14 G5 14.0&#8242; U5-125U WUXGA 8GB 512 W11P\"}]},{\"@type\":\"WebSite\",\"@id\":\"https:\\\/\\\/cyberlogics.ao\\\/#website\",\"url\":\"https:\\\/\\\/cyberlogics.ao\\\/\",\"name\":\"Cyberlogics Technologies Angola\",\"description\":\"Loja Online de Licen\u00e7as de Softwares e Inform\u00e1tica\",\"publisher\":{\"@id\":\"https:\\\/\\\/cyberlogics.ao\\\/#organization\"},\"potentialAction\":[{\"@type\":\"SearchAction\",\"target\":{\"@type\":\"EntryPoint\",\"urlTemplate\":\"https:\\\/\\\/cyberlogics.ao\\\/?s={search_term_string}\"},\"query-input\":{\"@type\":\"PropertyValueSpecification\",\"valueRequired\":true,\"valueName\":\"search_term_string\"}}],\"inLanguage\":\"pt-PT\"},{\"@type\":\"Organization\",\"@id\":\"https:\\\/\\\/cyberlogics.ao\\\/#organization\",\"name\":\"Cyberlogics Ao Technologies - Loja Online de Licen\u00e7as de Softwares e Inform\u00e1tica\",\"url\":\"https:\\\/\\\/cyberlogics.ao\\\/\",\"logo\":{\"@type\":\"ImageObject\",\"inLanguage\":\"pt-PT\",\"@id\":\"https:\\\/\\\/cyberlogics.ao\\\/#\\\/schema\\\/logo\\\/image\\\/\",\"url\":\"https:\\\/\\\/cyberlogics.ao\\\/wp-content\\\/uploads\\\/2022\\\/04\\\/CT-logo.png\",\"contentUrl\":\"https:\\\/\\\/cyberlogics.ao\\\/wp-content\\\/uploads\\\/2022\\\/04\\\/CT-logo.png\",\"width\":190,\"height\":75,\"caption\":\"Cyberlogics Ao Technologies - Loja Online de Licen\u00e7as de Softwares e Inform\u00e1tica\"},\"image\":{\"@id\":\"https:\\\/\\\/cyberlogics.ao\\\/#\\\/schema\\\/logo\\\/image\\\/\"}}]}<\/script>\n<!-- \/ Yoast SEO plugin. -->","yoast_head_json":{"title":"PORT LENOVO THINKPAD L14 G5 14.0' U5-125U WUXGA 8GB 512 W11P - Cyberlogics Technologies Angola","description":"A Maior Loja Online de Angola de Licen\u00e7as Microsoft Office | Chaves Sistemas Operativos Windows | Antiv\u00edrus | Cloud Adobe | Inform\u00e1tica & Servidores | Softwares de Gest\u00e3o ERP | Gaming Hardware | UPS e Baterias & Muito Mais...","robots":{"index":"index","follow":"follow","max-snippet":"max-snippet:-1","max-image-preview":"max-image-preview:large","max-video-preview":"max-video-preview:-1"},"canonical":"https:\/\/cyberlogics.ao\/index.php\/product\/port-lenovo-thinkpad-l14-g5-14-0-u5-125u-wuxga-8gb-512-w11p\/","og_locale":"pt_PT","og_type":"article","og_title":"PORT LENOVO THINKPAD L14 G5 14.0' U5-125U WUXGA 8GB 512 W11P - Cyberlogics Technologies Angola","og_description":"A Maior Loja Online de Angola de Licen\u00e7as Microsoft Office | Chaves Sistemas Operativos Windows | Antiv\u00edrus | Cloud Adobe | Inform\u00e1tica & Servidores | Softwares de Gest\u00e3o ERP | Gaming Hardware | UPS e Baterias & Muito Mais...","og_url":"https:\/\/cyberlogics.ao\/index.php\/product\/port-lenovo-thinkpad-l14-g5-14-0-u5-125u-wuxga-8gb-512-w11p\/","og_site_name":"Cyberlogics Technologies Angola","og_image":[{"width":135,"height":135,"url":"http:\/\/cyberlogics.ao\/wp-content\/uploads\/2025\/09\/port-lenovo-thinkpad-l14-g5-140-u5-125u-wuxga-8gb-512-w11p-3.png","type":"image\/png"}],"twitter_card":"summary_large_image","twitter_misc":{"Tempo estimado de leitura":"1 minuto"},"schema":{"@context":"https:\/\/schema.org","@graph":[{"@type":"WebPage","@id":"https:\/\/cyberlogics.ao\/index.php\/product\/port-lenovo-thinkpad-l14-g5-14-0-u5-125u-wuxga-8gb-512-w11p\/","url":"https:\/\/cyberlogics.ao\/index.php\/product\/port-lenovo-thinkpad-l14-g5-14-0-u5-125u-wuxga-8gb-512-w11p\/","name":"PORT LENOVO THINKPAD L14 G5 14.0' U5-125U WUXGA 8GB 512 W11P - Cyberlogics Technologies Angola","isPartOf":{"@id":"https:\/\/cyberlogics.ao\/#website"},"primaryImageOfPage":{"@id":"https:\/\/cyberlogics.ao\/index.php\/product\/port-lenovo-thinkpad-l14-g5-14-0-u5-125u-wuxga-8gb-512-w11p\/#primaryimage"},"image":{"@id":"https:\/\/cyberlogics.ao\/index.php\/product\/port-lenovo-thinkpad-l14-g5-14-0-u5-125u-wuxga-8gb-512-w11p\/#primaryimage"},"thumbnailUrl":"https:\/\/cyberlogics.ao\/wp-content\/uploads\/2025\/09\/port-lenovo-thinkpad-l14-g5-140-u5-125u-wuxga-8gb-512-w11p-3.png","datePublished":"2025-09-16T12:43:49+00:00","description":"A Maior Loja Online de Angola de Licen\u00e7as Microsoft Office | Chaves Sistemas Operativos Windows | Antiv\u00edrus | Cloud Adobe | Inform\u00e1tica & Servidores | Softwares de Gest\u00e3o ERP | Gaming Hardware | UPS e Baterias & Muito Mais...","breadcrumb":{"@id":"https:\/\/cyberlogics.ao\/index.php\/product\/port-lenovo-thinkpad-l14-g5-14-0-u5-125u-wuxga-8gb-512-w11p\/#breadcrumb"},"inLanguage":"pt-PT","potentialAction":[{"@type":"ReadAction","target":["https:\/\/cyberlogics.ao\/index.php\/product\/port-lenovo-thinkpad-l14-g5-14-0-u5-125u-wuxga-8gb-512-w11p\/"]}]},{"@type":"ImageObject","inLanguage":"pt-PT","@id":"https:\/\/cyberlogics.ao\/index.php\/product\/port-lenovo-thinkpad-l14-g5-14-0-u5-125u-wuxga-8gb-512-w11p\/#primaryimage","url":"https:\/\/cyberlogics.ao\/wp-content\/uploads\/2025\/09\/port-lenovo-thinkpad-l14-g5-140-u5-125u-wuxga-8gb-512-w11p-3.png","contentUrl":"https:\/\/cyberlogics.ao\/wp-content\/uploads\/2025\/09\/port-lenovo-thinkpad-l14-g5-140-u5-125u-wuxga-8gb-512-w11p-3.png","width":135,"height":135},{"@type":"BreadcrumbList","@id":"https:\/\/cyberlogics.ao\/index.php\/product\/port-lenovo-thinkpad-l14-g5-14-0-u5-125u-wuxga-8gb-512-w11p\/#breadcrumb","itemListElement":[{"@type":"ListItem","position":1,"name":"In\u00edcio","item":"https:\/\/cyberlogics.ao\/"},{"@type":"ListItem","position":2,"name":"Produtos","item":"https:\/\/cyberlogics.ao\/index.php\/shop-2\/"},{"@type":"ListItem","position":3,"name":"PORT LENOVO THINKPAD L14 G5 14.0&#8242; U5-125U WUXGA 8GB 512 W11P"}]},{"@type":"WebSite","@id":"https:\/\/cyberlogics.ao\/#website","url":"https:\/\/cyberlogics.ao\/","name":"Cyberlogics Technologies Angola","description":"Loja Online de Licen\u00e7as de Softwares e Inform\u00e1tica","publisher":{"@id":"https:\/\/cyberlogics.ao\/#organization"},"potentialAction":[{"@type":"SearchAction","target":{"@type":"EntryPoint","urlTemplate":"https:\/\/cyberlogics.ao\/?s={search_term_string}"},"query-input":{"@type":"PropertyValueSpecification","valueRequired":true,"valueName":"search_term_string"}}],"inLanguage":"pt-PT"},{"@type":"Organization","@id":"https:\/\/cyberlogics.ao\/#organization","name":"Cyberlogics Ao Technologies - Loja Online de Licen\u00e7as de Softwares e Inform\u00e1tica","url":"https:\/\/cyberlogics.ao\/","logo":{"@type":"ImageObject","inLanguage":"pt-PT","@id":"https:\/\/cyberlogics.ao\/#\/schema\/logo\/image\/","url":"https:\/\/cyberlogics.ao\/wp-content\/uploads\/2022\/04\/CT-logo.png","contentUrl":"https:\/\/cyberlogics.ao\/wp-content\/uploads\/2022\/04\/CT-logo.png","width":190,"height":75,"caption":"Cyberlogics Ao Technologies - Loja Online de Licen\u00e7as de Softwares e Inform\u00e1tica"},"image":{"@id":"https:\/\/cyberlogics.ao\/#\/schema\/logo\/image\/"}}]}},"_links":{"self":[{"href":"https:\/\/cyberlogics.ao\/index.php\/wp-json\/wp\/v2\/product\/9223","targetHints":{"allow":["GET"]}}],"collection":[{"href":"https:\/\/cyberlogics.ao\/index.php\/wp-json\/wp\/v2\/product"}],"about":[{"href":"https:\/\/cyberlogics.ao\/index.php\/wp-json\/wp\/v2\/types\/product"}],"replies":[{"embeddable":true,"href":"https:\/\/cyberlogics.ao\/index.php\/wp-json\/wp\/v2\/comments?post=9223"}],"wp:featuredmedia":[{"embeddable":true,"href":"https:\/\/cyberlogics.ao\/index.php\/wp-json\/wp\/v2\/media\/9225"}],"wp:attachment":[{"href":"https:\/\/cyberlogics.ao\/index.php\/wp-json\/wp\/v2\/media?parent=9223"}],"wp:term":[{"taxonomy":"product_brand","embeddable":true,"href":"https:\/\/cyberlogics.ao\/index.php\/wp-json\/wp\/v2\/product_brand?post=9223"},{"taxonomy":"product_cat","embeddable":true,"href":"https:\/\/cyberlogics.ao\/index.php\/wp-json\/wp\/v2\/product_cat?post=9223"},{"taxonomy":"product_tag","embeddable":true,"href":"https:\/\/cyberlogics.ao\/index.php\/wp-json\/wp\/v2\/product_tag?post=9223"}],"curies":[{"name":"wp","href":"https:\/\/api.w.org\/{rel}","templated":true}]}}