{"id":9292,"date":"2025-09-16T15:33:13","date_gmt":"2025-09-16T15:33:13","guid":{"rendered":"https:\/\/cyberlogics.ao\/?post_type=product&#038;p=9292"},"modified":"2025-09-16T15:33:13","modified_gmt":"2025-09-16T15:33:13","slug":"port-hp-14-i5-1335u-fhd-pav-x360-16g-512-ssd-w11h-t-prata","status":"publish","type":"product","link":"https:\/\/cyberlogics.ao\/index.php\/product\/port-hp-14-i5-1335u-fhd-pav-x360-16g-512-ssd-w11h-t-prata\/","title":{"rendered":"PORT HP.14&#8242; I5-1335U FHD PAV X360 16G 512 SSD W11H (T) PRATA"},"content":{"rendered":"<table class=\"table-data-sheet\">\n<tbody>\n<tr>\n<th id=\"pfc_table_header\" colspan=\"2\"><strong>Caracter\u00edsticas Principais<\/strong><\/th>\n<\/tr>\n<tr class=\"odd\">\n<td>Modelo<\/td>\n<td>HP Pavilion x360 2-in-1 Laptop 14-ek1006np<\/td>\n<\/tr>\n<tr class=\" even\">\n<td>Display \/ Monitor<\/td>\n<td>35,6 cm (14&#8243;) na diagonal, FHD (1920 x 1080), multitoque, IPS, vidro de ponta a ponta, microborda, 250 nits, baixo consumo de energia, 45% NTSC<\/td>\n<\/tr>\n<tr class=\"odd\">\n<td>Processador<\/td>\n<td>Intel\u00ae Core\u2122 i5-1335U (at\u00e9 4,6 GHz com tecnologia Intel\u00ae Turbo Boost, cache L3 de 12 MB, 10 n\u00facleos, 12 threads)<\/td>\n<\/tr>\n<tr class=\" even\">\n<td>Disco R\u00edgido<\/td>\n<td>SSD PCIe\u00ae NVMe\u2122 M.2 de 512 GB<\/td>\n<\/tr>\n<tr class=\"odd\">\n<td>Mem\u00f3ria incorporada<\/td>\n<td>16 GB DDR4-3200 MHz RAM (integrado) (Taxas de transfer\u00eancia de at\u00e9 3200 MT\/s.)<\/td>\n<\/tr>\n<tr class=\" even\">\n<td>Adaptador Gr\u00e1fico<\/td>\n<td>Integrado, Gr\u00e1ficos Intel\u00ae Iris\u00ae X\u1db1<\/td>\n<\/tr>\n<tr class=\"odd\">\n<td>Audio<\/td>\n<td>\u00c1udio por B&amp;O; Alto-falantes duplos; HP Audio Boost<\/td>\n<\/tr>\n<tr class=\" even\">\n<td>Webcam<\/td>\n<td>C\u00e2mera HP True Vision de 5 MP com redu\u00e7\u00e3o de ru\u00eddo temporal e microfones digitais de matriz dupla integrados<\/td>\n<\/tr>\n<tr class=\"odd\">\n<td>Bateria<\/td>\n<td>Pol\u00edmero de \u00edons de l\u00edtio de 3 c\u00e9lulas e 43 Wh<\/td>\n<\/tr>\n<tr>\n<th id=\"pfc_table_header\" colspan=\"2\"><strong>Conectividade<\/strong><\/th>\n<\/tr>\n<tr class=\" even\">\n<td>Tecnologias sem fios<\/td>\n<td>Placa sem fio Realtek Wi-Fi 6 (2&#215;2) e Bluetooth\u00ae 5.3 (com suporte para taxa de dados gigabit )<\/td>\n<\/tr>\n<tr class=\"odd\">\n<td>Portas<\/td>\n<td>1 USB Tipo C\u00ae com taxa de sinaliza\u00e7\u00e3o de 10 Gbps (USB Power Delivery, DisplayPort\u2122 1.4, HP Sleep and Charge); 2 USB Tipo A com taxa de sinaliza\u00e7\u00e3o de 5 Gbps; 1 HDMI 2.1; 1 pino inteligente CA; 1 combina\u00e7\u00e3o de fone de ouvido\/microfone<\/td>\n<\/tr>\n<tr class=\" even\">\n<td>Slots<\/td>\n<td>1 leitor de cart\u00e3o de m\u00eddia microSD<\/td>\n<\/tr>\n<tr>\n<th id=\"pfc_table_header\" colspan=\"2\"><strong>Outras<\/strong><\/th>\n<\/tr>\n<tr class=\"odd\">\n<td>Fonte de alimenta\u00e7\u00e3o<\/td>\n<td>Adaptador de energia CA inteligente de 45 W<\/td>\n<\/tr>\n<tr class=\" even\">\n<td>Dimens\u00f5es<\/td>\n<td>32,2 x 21 x 1,89 cm (frente); 32,2 x 21 x 1,99 cm (traseira)<\/td>\n<\/tr>\n<tr class=\"odd\">\n<td>Peso<\/td>\n<td>1,51 kg<\/td>\n<\/tr>\n<tr class=\" even\">\n<td>Garantia<\/td>\n<td>1 Ano<\/td>\n<\/tr>\n<tr>\n<th id=\"pfc_table_header\" colspan=\"2\"><strong>Filtros<\/strong><\/th>\n<\/tr>\n<tr class=\"odd\">\n<td>Processador<\/td>\n<td>Intel i5<\/td>\n<\/tr>\n<tr class=\" even\">\n<td>Ecr\u00e3<\/td>\n<td>14&#8243;<\/td>\n<\/tr>\n<tr class=\"odd\">\n<td>Disco<\/td>\n<td>SSD<\/td>\n<\/tr>\n<tr class=\" even\">\n<td>Mem\u00f3ria<\/td>\n<td>16GB<\/td>\n<\/tr>\n<\/tbody>\n<\/table>\n","protected":false},"excerpt":{"rendered":"<p id=\"product_reference\"><label>Marca:<\/label>\u00a0<span class=\"editable\">HP<\/span><br \/>\n<label>Part-Number:<\/label>\u00a0<span class=\"editable\">A4TC5EA<\/span><\/p>\n<div id=\"short_description_block\">\n<div id=\"short_description_content\" class=\"rte align_justify\">\n<p>HP Pavilion x360 2-in-1 Laptop 14, Windows 11 Home,\u00a014&#8243;,\u00a0Touch screen,\u00a0Intel\u00ae Core\u2122 i5,\u00a016GB RAM,\u00a0512GB SSD,\u00a0FHD,\u00a0Natural silver<\/p>\n<\/div>\n<\/div>\n","protected":false},"featured_media":9296,"comment_status":"open","ping_status":"closed","template":"","meta":{"_joinchat":[]},"product_brand":[],"product_cat":[651,334],"product_tag":[],"class_list":{"0":"post-9292","1":"product","2":"type-product","3":"status-publish","4":"has-post-thumbnail","6":"product_cat-computadores-e-monitores","7":"product_cat-portateis","9":"first","10":"instock","11":"shipping-taxable","12":"purchasable","13":"product-type-simple"},"yoast_head":"<!-- This site is optimized with the Yoast SEO plugin v27.3 - https:\/\/yoast.com\/product\/yoast-seo-wordpress\/ -->\n<title>PORT HP.14&#039; I5-1335U FHD PAV X360 16G 512 SSD W11H (T) PRATA - Cyberlogics Technologies Angola<\/title>\n<meta name=\"description\" content=\"A Maior Loja Online de Angola de Licen\u00e7as Microsoft Office | Chaves Sistemas Operativos Windows | Antiv\u00edrus | Cloud Adobe | Inform\u00e1tica &amp; Servidores | Softwares de Gest\u00e3o ERP | Gaming Hardware | UPS e Baterias &amp; Muito Mais...\" \/>\n<meta name=\"robots\" content=\"index, follow, max-snippet:-1, max-image-preview:large, max-video-preview:-1\" \/>\n<link rel=\"canonical\" href=\"https:\/\/cyberlogics.ao\/index.php\/product\/port-hp-14-i5-1335u-fhd-pav-x360-16g-512-ssd-w11h-t-prata\/\" \/>\n<meta property=\"og:locale\" content=\"pt_PT\" \/>\n<meta property=\"og:type\" content=\"article\" \/>\n<meta property=\"og:title\" content=\"PORT HP.14&#039; I5-1335U FHD PAV X360 16G 512 SSD W11H (T) PRATA - Cyberlogics Technologies Angola\" \/>\n<meta property=\"og:description\" content=\"A Maior Loja Online de Angola de Licen\u00e7as Microsoft Office | Chaves Sistemas Operativos Windows | Antiv\u00edrus | Cloud Adobe | Inform\u00e1tica &amp; Servidores | Softwares de Gest\u00e3o ERP | Gaming Hardware | UPS e Baterias &amp; Muito Mais...\" \/>\n<meta property=\"og:url\" content=\"https:\/\/cyberlogics.ao\/index.php\/product\/port-hp-14-i5-1335u-fhd-pav-x360-16g-512-ssd-w11h-t-prata\/\" \/>\n<meta property=\"og:site_name\" content=\"Cyberlogics Technologies Angola\" \/>\n<meta property=\"og:image\" content=\"http:\/\/cyberlogics.ao\/wp-content\/uploads\/2025\/09\/port-hp14-i5-1335u-fhd-pav-x360-16g-512-ssd-w11h-t-prata-4.png\" \/>\n\t<meta property=\"og:image:width\" content=\"135\" \/>\n\t<meta property=\"og:image:height\" content=\"135\" \/>\n\t<meta property=\"og:image:type\" content=\"image\/png\" \/>\n<meta name=\"twitter:card\" content=\"summary_large_image\" \/>\n<meta name=\"twitter:label1\" content=\"Tempo estimado de leitura\" \/>\n\t<meta name=\"twitter:data1\" content=\"1 minuto\" \/>\n<script type=\"application\/ld+json\" class=\"yoast-schema-graph\">{\"@context\":\"https:\\\/\\\/schema.org\",\"@graph\":[{\"@type\":\"WebPage\",\"@id\":\"https:\\\/\\\/cyberlogics.ao\\\/index.php\\\/product\\\/port-hp-14-i5-1335u-fhd-pav-x360-16g-512-ssd-w11h-t-prata\\\/\",\"url\":\"https:\\\/\\\/cyberlogics.ao\\\/index.php\\\/product\\\/port-hp-14-i5-1335u-fhd-pav-x360-16g-512-ssd-w11h-t-prata\\\/\",\"name\":\"PORT HP.14' I5-1335U FHD PAV X360 16G 512 SSD W11H (T) PRATA - Cyberlogics Technologies Angola\",\"isPartOf\":{\"@id\":\"https:\\\/\\\/cyberlogics.ao\\\/#website\"},\"primaryImageOfPage\":{\"@id\":\"https:\\\/\\\/cyberlogics.ao\\\/index.php\\\/product\\\/port-hp-14-i5-1335u-fhd-pav-x360-16g-512-ssd-w11h-t-prata\\\/#primaryimage\"},\"image\":{\"@id\":\"https:\\\/\\\/cyberlogics.ao\\\/index.php\\\/product\\\/port-hp-14-i5-1335u-fhd-pav-x360-16g-512-ssd-w11h-t-prata\\\/#primaryimage\"},\"thumbnailUrl\":\"https:\\\/\\\/cyberlogics.ao\\\/wp-content\\\/uploads\\\/2025\\\/09\\\/port-hp14-i5-1335u-fhd-pav-x360-16g-512-ssd-w11h-t-prata-4.png\",\"datePublished\":\"2025-09-16T15:33:13+00:00\",\"description\":\"A Maior Loja Online de Angola de Licen\u00e7as Microsoft Office | Chaves Sistemas Operativos Windows | Antiv\u00edrus | Cloud Adobe | Inform\u00e1tica & Servidores | Softwares de Gest\u00e3o ERP | Gaming Hardware | UPS e Baterias & Muito Mais...\",\"breadcrumb\":{\"@id\":\"https:\\\/\\\/cyberlogics.ao\\\/index.php\\\/product\\\/port-hp-14-i5-1335u-fhd-pav-x360-16g-512-ssd-w11h-t-prata\\\/#breadcrumb\"},\"inLanguage\":\"pt-PT\",\"potentialAction\":[{\"@type\":\"ReadAction\",\"target\":[\"https:\\\/\\\/cyberlogics.ao\\\/index.php\\\/product\\\/port-hp-14-i5-1335u-fhd-pav-x360-16g-512-ssd-w11h-t-prata\\\/\"]}]},{\"@type\":\"ImageObject\",\"inLanguage\":\"pt-PT\",\"@id\":\"https:\\\/\\\/cyberlogics.ao\\\/index.php\\\/product\\\/port-hp-14-i5-1335u-fhd-pav-x360-16g-512-ssd-w11h-t-prata\\\/#primaryimage\",\"url\":\"https:\\\/\\\/cyberlogics.ao\\\/wp-content\\\/uploads\\\/2025\\\/09\\\/port-hp14-i5-1335u-fhd-pav-x360-16g-512-ssd-w11h-t-prata-4.png\",\"contentUrl\":\"https:\\\/\\\/cyberlogics.ao\\\/wp-content\\\/uploads\\\/2025\\\/09\\\/port-hp14-i5-1335u-fhd-pav-x360-16g-512-ssd-w11h-t-prata-4.png\",\"width\":135,\"height\":135},{\"@type\":\"BreadcrumbList\",\"@id\":\"https:\\\/\\\/cyberlogics.ao\\\/index.php\\\/product\\\/port-hp-14-i5-1335u-fhd-pav-x360-16g-512-ssd-w11h-t-prata\\\/#breadcrumb\",\"itemListElement\":[{\"@type\":\"ListItem\",\"position\":1,\"name\":\"In\u00edcio\",\"item\":\"https:\\\/\\\/cyberlogics.ao\\\/\"},{\"@type\":\"ListItem\",\"position\":2,\"name\":\"Produtos\",\"item\":\"https:\\\/\\\/cyberlogics.ao\\\/index.php\\\/shop-2\\\/\"},{\"@type\":\"ListItem\",\"position\":3,\"name\":\"PORT HP.14&#8242; I5-1335U FHD PAV X360 16G 512 SSD W11H (T) PRATA\"}]},{\"@type\":\"WebSite\",\"@id\":\"https:\\\/\\\/cyberlogics.ao\\\/#website\",\"url\":\"https:\\\/\\\/cyberlogics.ao\\\/\",\"name\":\"Cyberlogics Technologies Angola\",\"description\":\"Loja Online de Licen\u00e7as de Softwares e Inform\u00e1tica\",\"publisher\":{\"@id\":\"https:\\\/\\\/cyberlogics.ao\\\/#organization\"},\"potentialAction\":[{\"@type\":\"SearchAction\",\"target\":{\"@type\":\"EntryPoint\",\"urlTemplate\":\"https:\\\/\\\/cyberlogics.ao\\\/?s={search_term_string}\"},\"query-input\":{\"@type\":\"PropertyValueSpecification\",\"valueRequired\":true,\"valueName\":\"search_term_string\"}}],\"inLanguage\":\"pt-PT\"},{\"@type\":\"Organization\",\"@id\":\"https:\\\/\\\/cyberlogics.ao\\\/#organization\",\"name\":\"Cyberlogics Ao Technologies - Loja Online de Licen\u00e7as de Softwares e Inform\u00e1tica\",\"url\":\"https:\\\/\\\/cyberlogics.ao\\\/\",\"logo\":{\"@type\":\"ImageObject\",\"inLanguage\":\"pt-PT\",\"@id\":\"https:\\\/\\\/cyberlogics.ao\\\/#\\\/schema\\\/logo\\\/image\\\/\",\"url\":\"https:\\\/\\\/cyberlogics.ao\\\/wp-content\\\/uploads\\\/2022\\\/04\\\/CT-logo.png\",\"contentUrl\":\"https:\\\/\\\/cyberlogics.ao\\\/wp-content\\\/uploads\\\/2022\\\/04\\\/CT-logo.png\",\"width\":190,\"height\":75,\"caption\":\"Cyberlogics Ao Technologies - Loja Online de Licen\u00e7as de Softwares e Inform\u00e1tica\"},\"image\":{\"@id\":\"https:\\\/\\\/cyberlogics.ao\\\/#\\\/schema\\\/logo\\\/image\\\/\"}}]}<\/script>\n<!-- \/ Yoast SEO plugin. -->","yoast_head_json":{"title":"PORT HP.14' I5-1335U FHD PAV X360 16G 512 SSD W11H (T) PRATA - Cyberlogics Technologies Angola","description":"A Maior Loja Online de Angola de Licen\u00e7as Microsoft Office | Chaves Sistemas Operativos Windows | Antiv\u00edrus | Cloud Adobe | Inform\u00e1tica & Servidores | Softwares de Gest\u00e3o ERP | Gaming Hardware | UPS e Baterias & Muito Mais...","robots":{"index":"index","follow":"follow","max-snippet":"max-snippet:-1","max-image-preview":"max-image-preview:large","max-video-preview":"max-video-preview:-1"},"canonical":"https:\/\/cyberlogics.ao\/index.php\/product\/port-hp-14-i5-1335u-fhd-pav-x360-16g-512-ssd-w11h-t-prata\/","og_locale":"pt_PT","og_type":"article","og_title":"PORT HP.14' I5-1335U FHD PAV X360 16G 512 SSD W11H (T) PRATA - Cyberlogics Technologies Angola","og_description":"A Maior Loja Online de Angola de Licen\u00e7as Microsoft Office | Chaves Sistemas Operativos Windows | Antiv\u00edrus | Cloud Adobe | Inform\u00e1tica & Servidores | Softwares de Gest\u00e3o ERP | Gaming Hardware | UPS e Baterias & Muito Mais...","og_url":"https:\/\/cyberlogics.ao\/index.php\/product\/port-hp-14-i5-1335u-fhd-pav-x360-16g-512-ssd-w11h-t-prata\/","og_site_name":"Cyberlogics Technologies Angola","og_image":[{"width":135,"height":135,"url":"http:\/\/cyberlogics.ao\/wp-content\/uploads\/2025\/09\/port-hp14-i5-1335u-fhd-pav-x360-16g-512-ssd-w11h-t-prata-4.png","type":"image\/png"}],"twitter_card":"summary_large_image","twitter_misc":{"Tempo estimado de leitura":"1 minuto"},"schema":{"@context":"https:\/\/schema.org","@graph":[{"@type":"WebPage","@id":"https:\/\/cyberlogics.ao\/index.php\/product\/port-hp-14-i5-1335u-fhd-pav-x360-16g-512-ssd-w11h-t-prata\/","url":"https:\/\/cyberlogics.ao\/index.php\/product\/port-hp-14-i5-1335u-fhd-pav-x360-16g-512-ssd-w11h-t-prata\/","name":"PORT HP.14' I5-1335U FHD PAV X360 16G 512 SSD W11H (T) PRATA - Cyberlogics Technologies Angola","isPartOf":{"@id":"https:\/\/cyberlogics.ao\/#website"},"primaryImageOfPage":{"@id":"https:\/\/cyberlogics.ao\/index.php\/product\/port-hp-14-i5-1335u-fhd-pav-x360-16g-512-ssd-w11h-t-prata\/#primaryimage"},"image":{"@id":"https:\/\/cyberlogics.ao\/index.php\/product\/port-hp-14-i5-1335u-fhd-pav-x360-16g-512-ssd-w11h-t-prata\/#primaryimage"},"thumbnailUrl":"https:\/\/cyberlogics.ao\/wp-content\/uploads\/2025\/09\/port-hp14-i5-1335u-fhd-pav-x360-16g-512-ssd-w11h-t-prata-4.png","datePublished":"2025-09-16T15:33:13+00:00","description":"A Maior Loja Online de Angola de Licen\u00e7as Microsoft Office | Chaves Sistemas Operativos Windows | Antiv\u00edrus | Cloud Adobe | Inform\u00e1tica & Servidores | Softwares de Gest\u00e3o ERP | Gaming Hardware | UPS e Baterias & Muito Mais...","breadcrumb":{"@id":"https:\/\/cyberlogics.ao\/index.php\/product\/port-hp-14-i5-1335u-fhd-pav-x360-16g-512-ssd-w11h-t-prata\/#breadcrumb"},"inLanguage":"pt-PT","potentialAction":[{"@type":"ReadAction","target":["https:\/\/cyberlogics.ao\/index.php\/product\/port-hp-14-i5-1335u-fhd-pav-x360-16g-512-ssd-w11h-t-prata\/"]}]},{"@type":"ImageObject","inLanguage":"pt-PT","@id":"https:\/\/cyberlogics.ao\/index.php\/product\/port-hp-14-i5-1335u-fhd-pav-x360-16g-512-ssd-w11h-t-prata\/#primaryimage","url":"https:\/\/cyberlogics.ao\/wp-content\/uploads\/2025\/09\/port-hp14-i5-1335u-fhd-pav-x360-16g-512-ssd-w11h-t-prata-4.png","contentUrl":"https:\/\/cyberlogics.ao\/wp-content\/uploads\/2025\/09\/port-hp14-i5-1335u-fhd-pav-x360-16g-512-ssd-w11h-t-prata-4.png","width":135,"height":135},{"@type":"BreadcrumbList","@id":"https:\/\/cyberlogics.ao\/index.php\/product\/port-hp-14-i5-1335u-fhd-pav-x360-16g-512-ssd-w11h-t-prata\/#breadcrumb","itemListElement":[{"@type":"ListItem","position":1,"name":"In\u00edcio","item":"https:\/\/cyberlogics.ao\/"},{"@type":"ListItem","position":2,"name":"Produtos","item":"https:\/\/cyberlogics.ao\/index.php\/shop-2\/"},{"@type":"ListItem","position":3,"name":"PORT HP.14&#8242; I5-1335U FHD PAV X360 16G 512 SSD W11H (T) PRATA"}]},{"@type":"WebSite","@id":"https:\/\/cyberlogics.ao\/#website","url":"https:\/\/cyberlogics.ao\/","name":"Cyberlogics Technologies Angola","description":"Loja Online de Licen\u00e7as de Softwares e Inform\u00e1tica","publisher":{"@id":"https:\/\/cyberlogics.ao\/#organization"},"potentialAction":[{"@type":"SearchAction","target":{"@type":"EntryPoint","urlTemplate":"https:\/\/cyberlogics.ao\/?s={search_term_string}"},"query-input":{"@type":"PropertyValueSpecification","valueRequired":true,"valueName":"search_term_string"}}],"inLanguage":"pt-PT"},{"@type":"Organization","@id":"https:\/\/cyberlogics.ao\/#organization","name":"Cyberlogics Ao Technologies - Loja Online de Licen\u00e7as de Softwares e Inform\u00e1tica","url":"https:\/\/cyberlogics.ao\/","logo":{"@type":"ImageObject","inLanguage":"pt-PT","@id":"https:\/\/cyberlogics.ao\/#\/schema\/logo\/image\/","url":"https:\/\/cyberlogics.ao\/wp-content\/uploads\/2022\/04\/CT-logo.png","contentUrl":"https:\/\/cyberlogics.ao\/wp-content\/uploads\/2022\/04\/CT-logo.png","width":190,"height":75,"caption":"Cyberlogics Ao Technologies - Loja Online de Licen\u00e7as de Softwares e Inform\u00e1tica"},"image":{"@id":"https:\/\/cyberlogics.ao\/#\/schema\/logo\/image\/"}}]}},"_links":{"self":[{"href":"https:\/\/cyberlogics.ao\/index.php\/wp-json\/wp\/v2\/product\/9292","targetHints":{"allow":["GET"]}}],"collection":[{"href":"https:\/\/cyberlogics.ao\/index.php\/wp-json\/wp\/v2\/product"}],"about":[{"href":"https:\/\/cyberlogics.ao\/index.php\/wp-json\/wp\/v2\/types\/product"}],"replies":[{"embeddable":true,"href":"https:\/\/cyberlogics.ao\/index.php\/wp-json\/wp\/v2\/comments?post=9292"}],"wp:featuredmedia":[{"embeddable":true,"href":"https:\/\/cyberlogics.ao\/index.php\/wp-json\/wp\/v2\/media\/9296"}],"wp:attachment":[{"href":"https:\/\/cyberlogics.ao\/index.php\/wp-json\/wp\/v2\/media?parent=9292"}],"wp:term":[{"taxonomy":"product_brand","embeddable":true,"href":"https:\/\/cyberlogics.ao\/index.php\/wp-json\/wp\/v2\/product_brand?post=9292"},{"taxonomy":"product_cat","embeddable":true,"href":"https:\/\/cyberlogics.ao\/index.php\/wp-json\/wp\/v2\/product_cat?post=9292"},{"taxonomy":"product_tag","embeddable":true,"href":"https:\/\/cyberlogics.ao\/index.php\/wp-json\/wp\/v2\/product_tag?post=9292"}],"curies":[{"name":"wp","href":"https:\/\/api.w.org\/{rel}","templated":true}]}}