{"id":9346,"date":"2025-09-18T09:23:33","date_gmt":"2025-09-18T09:23:33","guid":{"rendered":"https:\/\/cyberlogics.ao\/?post_type=product&#038;p=9346"},"modified":"2025-09-18T09:23:33","modified_gmt":"2025-09-18T09:23:33","slug":"router-tp-link-wifi-300mbps-n-2x-antenas-fixas-1x10-100-mbps-wan-port-4x10-100-mbps-lan-ports","status":"publish","type":"product","link":"https:\/\/cyberlogics.ao\/index.php\/product\/router-tp-link-wifi-300mbps-n-2x-antenas-fixas-1x10-100-mbps-wan-port-4x10-100-mbps-lan-ports\/","title":{"rendered":"ROUTER TP-LINK WIFI 300Mbps N 2\u00d7 ANTENAS FIXAS\/1\u00d710\/100 Mbps WAN Port\/4\u00d710\/100 Mbps LAN Ports"},"content":{"rendered":"<h2 class=\"title\">Especifica\u00e7\u00f5es<\/h2>\n<div class=\"acompare\"><\/div>\n<div class=\"allpar\">\n<div class=\"groupx\">\n<h3>Padr\u00f5es e frequ\u00eancia<\/h3>\n<div class=\"groupValues\">\n<div class=\"row\">\n<div class=\"cell1\">\n<div class=\"name typeName first\">Padr\u00f5es<\/div>\n<\/div>\n<p><span class=\"value\">802.11b (2,4 GHz), 802.11g (2,4 GHz), 802.11n<\/span><\/div>\n<div class=\"row\">\n<div class=\"cell1\">\n<div class=\"name typeName first\">Tipo de WiFi<\/div>\n<\/div>\n<p><span class=\"value\">WiFi 4<\/span><\/div>\n<div class=\"row important\">\n<div class=\"cell1\">\n<div class=\"name typeName first\">Bandas WiFi<\/div>\n<\/div>\n<p><span class=\"value\">2,4 GHz<\/span><\/div>\n<\/div>\n<\/div>\n<div class=\"groupx\">\n<h3>Fun\u00e7\u00f5es<\/h3>\n<div class=\"groupValues\">\n<div class=\"row\">\n<div class=\"cell1\">\n<div class=\"name typeName first\">Recursos<\/div>\n<\/div>\n<p><span class=\"value\">Roteador<\/span><\/div>\n<\/div>\n<\/div>\n<div class=\"groupx\">\n<h3>Velocidade<\/h3>\n<div class=\"groupValues\">\n<div class=\"row\">\n<div class=\"cell1\">\n<div class=\"name typeName first\">Velocidade de transmiss\u00e3o WiFi<\/div>\n<\/div>\n<p><span class=\"value\">300 Mb \/ s<\/span><\/div>\n<div class=\"row\">\n<div class=\"cell1\">\n<div class=\"name typeName first\">Velocidade de transmiss\u00e3o da porta LAN<\/div>\n<\/div>\n<p><span class=\"value\">100 Mbit<\/span><\/div>\n<\/div>\n<\/div>\n<div class=\"groupx\">\n<h3>Modelo<\/h3>\n<div class=\"groupValues\">\n<div class=\"row\">\n<div class=\"cell1\">\n<div class=\"name typeName first\">Modelo<\/div>\n<\/div>\n<p><span class=\"value\">Banda \u00fanica<\/span><\/div>\n<\/div>\n<\/div>\n<div class=\"groupx\">\n<h3>Seguran\u00e7a<\/h3>\n<div class=\"groupValues\">\n<div class=\"row\">\n<div class=\"cell1\">\n<div class=\"name typeName first\">Encripta\u00e7\u00e3o<\/div>\n<\/div>\n<p><span class=\"value\">WPS, WEP 64 bits, WEP 128 bits, WPA, WPA2, WPA-PSK, WPA2-PSK<\/span><\/div>\n<\/div>\n<\/div>\n<div class=\"groupx\">\n<h3>Conectores<\/h3>\n<div class=\"groupValues\">\n<div class=\"row\">\n<div class=\"cell1\">\n<div class=\"name typeName first\">LAN<\/div>\n<\/div>\n<p><span class=\"value\">4 \u00d7<\/span><\/div>\n<div class=\"row\">\n<div class=\"cell1\">\n<div class=\"name typeName first\">WAN<\/div>\n<\/div>\n<p><span class=\"value\">1 \u00d7<\/span><\/div>\n<\/div>\n<\/div>\n<div class=\"groupx\">\n<h3>Recursos de antena<\/h3>\n<div class=\"groupValues\">\n<div class=\"row\">\n<div class=\"cell1\">\n<div class=\"name typeName first\">Contagem de antena externa<\/div>\n<\/div>\n<p><span class=\"value\">2 peda\u00e7os)<\/span><\/div>\n<\/div>\n<\/div>\n<div class=\"groupx\">\n<h3>Par\u00e2metros avan\u00e7ados<\/h3>\n<div class=\"groupValues\">\n<div class=\"row\">\n<div class=\"cell1\">\n<div class=\"name typeName first\">Fun\u00e7\u00f5es avan\u00e7adas<\/div>\n<\/div>\n<p><span class=\"value\">QoS (Qualidade de Servi\u00e7o), DMZ (Zona Desmilitarizada), Pronto para IPv6, UPnP<\/span><\/div>\n<div class=\"row\">\n<div class=\"cell1\">\n<div class=\"name typeName first\">Fun\u00e7\u00f5es DHCP<\/div>\n<\/div>\n<p><span class=\"value\">Servidor, Cliente, Lista de Clientes DHCP, DynDns, NO-IP<\/span><\/div>\n<\/div>\n<\/div>\n<div class=\"groupx\">\n<h3>Dimens\u00f5es e peso<\/h3>\n<div class=\"groupValues\">\n<div class=\"row\">\n<div class=\"cell1\">\n<div class=\"name typeName first\">Profundidade<\/div>\n<\/div>\n<p><span class=\"value\">128 mm<\/span><\/div>\n<div class=\"row\">\n<div class=\"cell1\">\n<div class=\"name typeName first\">Largura<\/div>\n<\/div>\n<p><span class=\"value\">182 mm<\/span><\/div>\n<div class=\"row\">\n<div class=\"cell1\">\n<div class=\"name typeName first\">Altura<\/div>\n<\/div>\n<p><span class=\"value\">35 mm<\/span><\/div>\n<\/div>\n<\/div>\n<div class=\"groupx\">\n<h3>Conte\u00fado do pacote<\/h3>\n<div class=\"groupValues\">\n<div class=\"row\">\n<div class=\"cell1\">\n<div class=\"name typeName first\">Conte\u00fado do pacote<\/div>\n<\/div>\n<p><span class=\"value\">Cabo Ethernet<\/span><\/div>\n<\/div>\n<\/div>\n<\/div>\n","protected":false},"excerpt":{"rendered":"<p><label>Marca:<\/label>\u00a0<span class=\"editable\">TP-LINK<\/span><br \/>\n<label>Part-Number:<\/label>\u00a0<span class=\"editable\">TL-WR840N(EU)<\/span><\/p>\n","protected":false},"featured_media":9347,"comment_status":"open","ping_status":"closed","template":"","meta":{"_joinchat":[]},"product_brand":[],"product_cat":[398,654],"product_tag":[],"class_list":{"0":"post-9346","1":"product","2":"type-product","3":"status-publish","4":"has-post-thumbnail","6":"product_cat-modem-router","7":"product_cat-router-tp-link","9":"first","10":"instock","11":"shipping-taxable","12":"purchasable","13":"product-type-simple"},"yoast_head":"<!-- This site is optimized with the Yoast SEO plugin v27.4 - https:\/\/yoast.com\/product\/yoast-seo-wordpress\/ -->\n<title>ROUTER TP-LINK WIFI 300Mbps N 2\u00d7 ANTENAS FIXAS\/1\u00d710\/100 Mbps WAN Port\/4\u00d710\/100 Mbps LAN Ports - Cyberlogics Technologies Angola<\/title>\n<meta name=\"description\" content=\"A Maior Loja Online de Angola de Licen\u00e7as Microsoft Office | Chaves Sistemas Operativos Windows | Antiv\u00edrus | Cloud Adobe | Inform\u00e1tica &amp; Servidores | Softwares de Gest\u00e3o ERP | Gaming Hardware | UPS e Baterias &amp; Muito Mais...\" \/>\n<meta name=\"robots\" content=\"index, follow, max-snippet:-1, max-image-preview:large, max-video-preview:-1\" \/>\n<link rel=\"canonical\" href=\"https:\/\/cyberlogics.ao\/index.php\/product\/router-tp-link-wifi-300mbps-n-2x-antenas-fixas-1x10-100-mbps-wan-port-4x10-100-mbps-lan-ports\/\" \/>\n<meta property=\"og:locale\" content=\"pt_PT\" \/>\n<meta property=\"og:type\" content=\"article\" \/>\n<meta property=\"og:title\" content=\"ROUTER TP-LINK WIFI 300Mbps N 2\u00d7 ANTENAS FIXAS\/1\u00d710\/100 Mbps WAN Port\/4\u00d710\/100 Mbps LAN Ports - Cyberlogics Technologies Angola\" \/>\n<meta property=\"og:description\" content=\"A Maior Loja Online de Angola de Licen\u00e7as Microsoft Office | Chaves Sistemas Operativos Windows | Antiv\u00edrus | Cloud Adobe | Inform\u00e1tica &amp; Servidores | Softwares de Gest\u00e3o ERP | Gaming Hardware | UPS e Baterias &amp; Muito Mais...\" \/>\n<meta property=\"og:url\" content=\"https:\/\/cyberlogics.ao\/index.php\/product\/router-tp-link-wifi-300mbps-n-2x-antenas-fixas-1x10-100-mbps-wan-port-4x10-100-mbps-lan-ports\/\" \/>\n<meta property=\"og:site_name\" content=\"Cyberlogics Technologies Angola\" \/>\n<meta property=\"og:image\" content=\"http:\/\/cyberlogics.ao\/wp-content\/uploads\/2025\/09\/router-tp-link-wifi-300mbps-n-2-antenas-fixas110100-mbps-wan-port410100-mbps-lan-ports-1.jpg\" \/>\n\t<meta property=\"og:image:width\" content=\"135\" \/>\n\t<meta property=\"og:image:height\" content=\"135\" \/>\n\t<meta property=\"og:image:type\" content=\"image\/jpeg\" \/>\n<meta name=\"twitter:card\" content=\"summary_large_image\" \/>\n<meta name=\"twitter:label1\" content=\"Tempo estimado de leitura\" \/>\n\t<meta name=\"twitter:data1\" content=\"1 minuto\" \/>\n<script type=\"application\/ld+json\" class=\"yoast-schema-graph\">{\"@context\":\"https:\\\/\\\/schema.org\",\"@graph\":[{\"@type\":\"WebPage\",\"@id\":\"https:\\\/\\\/cyberlogics.ao\\\/index.php\\\/product\\\/router-tp-link-wifi-300mbps-n-2x-antenas-fixas-1x10-100-mbps-wan-port-4x10-100-mbps-lan-ports\\\/\",\"url\":\"https:\\\/\\\/cyberlogics.ao\\\/index.php\\\/product\\\/router-tp-link-wifi-300mbps-n-2x-antenas-fixas-1x10-100-mbps-wan-port-4x10-100-mbps-lan-ports\\\/\",\"name\":\"ROUTER TP-LINK WIFI 300Mbps N 2\u00d7 ANTENAS FIXAS\\\/1\u00d710\\\/100 Mbps WAN Port\\\/4\u00d710\\\/100 Mbps LAN Ports - Cyberlogics Technologies Angola\",\"isPartOf\":{\"@id\":\"https:\\\/\\\/cyberlogics.ao\\\/#website\"},\"primaryImageOfPage\":{\"@id\":\"https:\\\/\\\/cyberlogics.ao\\\/index.php\\\/product\\\/router-tp-link-wifi-300mbps-n-2x-antenas-fixas-1x10-100-mbps-wan-port-4x10-100-mbps-lan-ports\\\/#primaryimage\"},\"image\":{\"@id\":\"https:\\\/\\\/cyberlogics.ao\\\/index.php\\\/product\\\/router-tp-link-wifi-300mbps-n-2x-antenas-fixas-1x10-100-mbps-wan-port-4x10-100-mbps-lan-ports\\\/#primaryimage\"},\"thumbnailUrl\":\"https:\\\/\\\/cyberlogics.ao\\\/wp-content\\\/uploads\\\/2025\\\/09\\\/router-tp-link-wifi-300mbps-n-2-antenas-fixas110100-mbps-wan-port410100-mbps-lan-ports-1.jpg\",\"datePublished\":\"2025-09-18T09:23:33+00:00\",\"description\":\"A Maior Loja Online de Angola de Licen\u00e7as Microsoft Office | Chaves Sistemas Operativos Windows | Antiv\u00edrus | Cloud Adobe | Inform\u00e1tica & Servidores | Softwares de Gest\u00e3o ERP | Gaming Hardware | UPS e Baterias & Muito Mais...\",\"breadcrumb\":{\"@id\":\"https:\\\/\\\/cyberlogics.ao\\\/index.php\\\/product\\\/router-tp-link-wifi-300mbps-n-2x-antenas-fixas-1x10-100-mbps-wan-port-4x10-100-mbps-lan-ports\\\/#breadcrumb\"},\"inLanguage\":\"pt-PT\",\"potentialAction\":[{\"@type\":\"ReadAction\",\"target\":[\"https:\\\/\\\/cyberlogics.ao\\\/index.php\\\/product\\\/router-tp-link-wifi-300mbps-n-2x-antenas-fixas-1x10-100-mbps-wan-port-4x10-100-mbps-lan-ports\\\/\"]}]},{\"@type\":\"ImageObject\",\"inLanguage\":\"pt-PT\",\"@id\":\"https:\\\/\\\/cyberlogics.ao\\\/index.php\\\/product\\\/router-tp-link-wifi-300mbps-n-2x-antenas-fixas-1x10-100-mbps-wan-port-4x10-100-mbps-lan-ports\\\/#primaryimage\",\"url\":\"https:\\\/\\\/cyberlogics.ao\\\/wp-content\\\/uploads\\\/2025\\\/09\\\/router-tp-link-wifi-300mbps-n-2-antenas-fixas110100-mbps-wan-port410100-mbps-lan-ports-1.jpg\",\"contentUrl\":\"https:\\\/\\\/cyberlogics.ao\\\/wp-content\\\/uploads\\\/2025\\\/09\\\/router-tp-link-wifi-300mbps-n-2-antenas-fixas110100-mbps-wan-port410100-mbps-lan-ports-1.jpg\",\"width\":135,\"height\":135},{\"@type\":\"BreadcrumbList\",\"@id\":\"https:\\\/\\\/cyberlogics.ao\\\/index.php\\\/product\\\/router-tp-link-wifi-300mbps-n-2x-antenas-fixas-1x10-100-mbps-wan-port-4x10-100-mbps-lan-ports\\\/#breadcrumb\",\"itemListElement\":[{\"@type\":\"ListItem\",\"position\":1,\"name\":\"In\u00edcio\",\"item\":\"https:\\\/\\\/cyberlogics.ao\\\/\"},{\"@type\":\"ListItem\",\"position\":2,\"name\":\"Produtos\",\"item\":\"https:\\\/\\\/cyberlogics.ao\\\/index.php\\\/shop-2\\\/\"},{\"@type\":\"ListItem\",\"position\":3,\"name\":\"ROUTER TP-LINK WIFI 300Mbps N 2\u00d7 ANTENAS FIXAS\\\/1\u00d710\\\/100 Mbps WAN Port\\\/4\u00d710\\\/100 Mbps LAN Ports\"}]},{\"@type\":\"WebSite\",\"@id\":\"https:\\\/\\\/cyberlogics.ao\\\/#website\",\"url\":\"https:\\\/\\\/cyberlogics.ao\\\/\",\"name\":\"Cyberlogics Technologies Angola\",\"description\":\"Loja Online de Licen\u00e7as de Softwares e Inform\u00e1tica\",\"publisher\":{\"@id\":\"https:\\\/\\\/cyberlogics.ao\\\/#organization\"},\"potentialAction\":[{\"@type\":\"SearchAction\",\"target\":{\"@type\":\"EntryPoint\",\"urlTemplate\":\"https:\\\/\\\/cyberlogics.ao\\\/?s={search_term_string}\"},\"query-input\":{\"@type\":\"PropertyValueSpecification\",\"valueRequired\":true,\"valueName\":\"search_term_string\"}}],\"inLanguage\":\"pt-PT\"},{\"@type\":\"Organization\",\"@id\":\"https:\\\/\\\/cyberlogics.ao\\\/#organization\",\"name\":\"Cyberlogics Ao Technologies - Loja Online de Licen\u00e7as de Softwares e Inform\u00e1tica\",\"url\":\"https:\\\/\\\/cyberlogics.ao\\\/\",\"logo\":{\"@type\":\"ImageObject\",\"inLanguage\":\"pt-PT\",\"@id\":\"https:\\\/\\\/cyberlogics.ao\\\/#\\\/schema\\\/logo\\\/image\\\/\",\"url\":\"https:\\\/\\\/cyberlogics.ao\\\/wp-content\\\/uploads\\\/2022\\\/04\\\/CT-logo.png\",\"contentUrl\":\"https:\\\/\\\/cyberlogics.ao\\\/wp-content\\\/uploads\\\/2022\\\/04\\\/CT-logo.png\",\"width\":190,\"height\":75,\"caption\":\"Cyberlogics Ao Technologies - Loja Online de Licen\u00e7as de Softwares e Inform\u00e1tica\"},\"image\":{\"@id\":\"https:\\\/\\\/cyberlogics.ao\\\/#\\\/schema\\\/logo\\\/image\\\/\"}}]}<\/script>\n<!-- \/ Yoast SEO plugin. -->","yoast_head_json":{"title":"ROUTER TP-LINK WIFI 300Mbps N 2\u00d7 ANTENAS FIXAS\/1\u00d710\/100 Mbps WAN Port\/4\u00d710\/100 Mbps LAN Ports - Cyberlogics Technologies Angola","description":"A Maior Loja Online de Angola de Licen\u00e7as Microsoft Office | Chaves Sistemas Operativos Windows | Antiv\u00edrus | Cloud Adobe | Inform\u00e1tica & Servidores | Softwares de Gest\u00e3o ERP | Gaming Hardware | UPS e Baterias & Muito Mais...","robots":{"index":"index","follow":"follow","max-snippet":"max-snippet:-1","max-image-preview":"max-image-preview:large","max-video-preview":"max-video-preview:-1"},"canonical":"https:\/\/cyberlogics.ao\/index.php\/product\/router-tp-link-wifi-300mbps-n-2x-antenas-fixas-1x10-100-mbps-wan-port-4x10-100-mbps-lan-ports\/","og_locale":"pt_PT","og_type":"article","og_title":"ROUTER TP-LINK WIFI 300Mbps N 2\u00d7 ANTENAS FIXAS\/1\u00d710\/100 Mbps WAN Port\/4\u00d710\/100 Mbps LAN Ports - Cyberlogics Technologies Angola","og_description":"A Maior Loja Online de Angola de Licen\u00e7as Microsoft Office | Chaves Sistemas Operativos Windows | Antiv\u00edrus | Cloud Adobe | Inform\u00e1tica & Servidores | Softwares de Gest\u00e3o ERP | Gaming Hardware | UPS e Baterias & Muito Mais...","og_url":"https:\/\/cyberlogics.ao\/index.php\/product\/router-tp-link-wifi-300mbps-n-2x-antenas-fixas-1x10-100-mbps-wan-port-4x10-100-mbps-lan-ports\/","og_site_name":"Cyberlogics Technologies Angola","og_image":[{"width":135,"height":135,"url":"http:\/\/cyberlogics.ao\/wp-content\/uploads\/2025\/09\/router-tp-link-wifi-300mbps-n-2-antenas-fixas110100-mbps-wan-port410100-mbps-lan-ports-1.jpg","type":"image\/jpeg"}],"twitter_card":"summary_large_image","twitter_misc":{"Tempo estimado de leitura":"1 minuto"},"schema":{"@context":"https:\/\/schema.org","@graph":[{"@type":"WebPage","@id":"https:\/\/cyberlogics.ao\/index.php\/product\/router-tp-link-wifi-300mbps-n-2x-antenas-fixas-1x10-100-mbps-wan-port-4x10-100-mbps-lan-ports\/","url":"https:\/\/cyberlogics.ao\/index.php\/product\/router-tp-link-wifi-300mbps-n-2x-antenas-fixas-1x10-100-mbps-wan-port-4x10-100-mbps-lan-ports\/","name":"ROUTER TP-LINK WIFI 300Mbps N 2\u00d7 ANTENAS FIXAS\/1\u00d710\/100 Mbps WAN Port\/4\u00d710\/100 Mbps LAN Ports - Cyberlogics Technologies Angola","isPartOf":{"@id":"https:\/\/cyberlogics.ao\/#website"},"primaryImageOfPage":{"@id":"https:\/\/cyberlogics.ao\/index.php\/product\/router-tp-link-wifi-300mbps-n-2x-antenas-fixas-1x10-100-mbps-wan-port-4x10-100-mbps-lan-ports\/#primaryimage"},"image":{"@id":"https:\/\/cyberlogics.ao\/index.php\/product\/router-tp-link-wifi-300mbps-n-2x-antenas-fixas-1x10-100-mbps-wan-port-4x10-100-mbps-lan-ports\/#primaryimage"},"thumbnailUrl":"https:\/\/cyberlogics.ao\/wp-content\/uploads\/2025\/09\/router-tp-link-wifi-300mbps-n-2-antenas-fixas110100-mbps-wan-port410100-mbps-lan-ports-1.jpg","datePublished":"2025-09-18T09:23:33+00:00","description":"A Maior Loja Online de Angola de Licen\u00e7as Microsoft Office | Chaves Sistemas Operativos Windows | Antiv\u00edrus | Cloud Adobe | Inform\u00e1tica & Servidores | Softwares de Gest\u00e3o ERP | Gaming Hardware | UPS e Baterias & Muito Mais...","breadcrumb":{"@id":"https:\/\/cyberlogics.ao\/index.php\/product\/router-tp-link-wifi-300mbps-n-2x-antenas-fixas-1x10-100-mbps-wan-port-4x10-100-mbps-lan-ports\/#breadcrumb"},"inLanguage":"pt-PT","potentialAction":[{"@type":"ReadAction","target":["https:\/\/cyberlogics.ao\/index.php\/product\/router-tp-link-wifi-300mbps-n-2x-antenas-fixas-1x10-100-mbps-wan-port-4x10-100-mbps-lan-ports\/"]}]},{"@type":"ImageObject","inLanguage":"pt-PT","@id":"https:\/\/cyberlogics.ao\/index.php\/product\/router-tp-link-wifi-300mbps-n-2x-antenas-fixas-1x10-100-mbps-wan-port-4x10-100-mbps-lan-ports\/#primaryimage","url":"https:\/\/cyberlogics.ao\/wp-content\/uploads\/2025\/09\/router-tp-link-wifi-300mbps-n-2-antenas-fixas110100-mbps-wan-port410100-mbps-lan-ports-1.jpg","contentUrl":"https:\/\/cyberlogics.ao\/wp-content\/uploads\/2025\/09\/router-tp-link-wifi-300mbps-n-2-antenas-fixas110100-mbps-wan-port410100-mbps-lan-ports-1.jpg","width":135,"height":135},{"@type":"BreadcrumbList","@id":"https:\/\/cyberlogics.ao\/index.php\/product\/router-tp-link-wifi-300mbps-n-2x-antenas-fixas-1x10-100-mbps-wan-port-4x10-100-mbps-lan-ports\/#breadcrumb","itemListElement":[{"@type":"ListItem","position":1,"name":"In\u00edcio","item":"https:\/\/cyberlogics.ao\/"},{"@type":"ListItem","position":2,"name":"Produtos","item":"https:\/\/cyberlogics.ao\/index.php\/shop-2\/"},{"@type":"ListItem","position":3,"name":"ROUTER TP-LINK WIFI 300Mbps N 2\u00d7 ANTENAS FIXAS\/1\u00d710\/100 Mbps WAN Port\/4\u00d710\/100 Mbps LAN Ports"}]},{"@type":"WebSite","@id":"https:\/\/cyberlogics.ao\/#website","url":"https:\/\/cyberlogics.ao\/","name":"Cyberlogics Technologies Angola","description":"Loja Online de Licen\u00e7as de Softwares e Inform\u00e1tica","publisher":{"@id":"https:\/\/cyberlogics.ao\/#organization"},"potentialAction":[{"@type":"SearchAction","target":{"@type":"EntryPoint","urlTemplate":"https:\/\/cyberlogics.ao\/?s={search_term_string}"},"query-input":{"@type":"PropertyValueSpecification","valueRequired":true,"valueName":"search_term_string"}}],"inLanguage":"pt-PT"},{"@type":"Organization","@id":"https:\/\/cyberlogics.ao\/#organization","name":"Cyberlogics Ao Technologies - Loja Online de Licen\u00e7as de Softwares e Inform\u00e1tica","url":"https:\/\/cyberlogics.ao\/","logo":{"@type":"ImageObject","inLanguage":"pt-PT","@id":"https:\/\/cyberlogics.ao\/#\/schema\/logo\/image\/","url":"https:\/\/cyberlogics.ao\/wp-content\/uploads\/2022\/04\/CT-logo.png","contentUrl":"https:\/\/cyberlogics.ao\/wp-content\/uploads\/2022\/04\/CT-logo.png","width":190,"height":75,"caption":"Cyberlogics Ao Technologies - Loja Online de Licen\u00e7as de Softwares e Inform\u00e1tica"},"image":{"@id":"https:\/\/cyberlogics.ao\/#\/schema\/logo\/image\/"}}]}},"_links":{"self":[{"href":"https:\/\/cyberlogics.ao\/index.php\/wp-json\/wp\/v2\/product\/9346","targetHints":{"allow":["GET"]}}],"collection":[{"href":"https:\/\/cyberlogics.ao\/index.php\/wp-json\/wp\/v2\/product"}],"about":[{"href":"https:\/\/cyberlogics.ao\/index.php\/wp-json\/wp\/v2\/types\/product"}],"replies":[{"embeddable":true,"href":"https:\/\/cyberlogics.ao\/index.php\/wp-json\/wp\/v2\/comments?post=9346"}],"wp:featuredmedia":[{"embeddable":true,"href":"https:\/\/cyberlogics.ao\/index.php\/wp-json\/wp\/v2\/media\/9347"}],"wp:attachment":[{"href":"https:\/\/cyberlogics.ao\/index.php\/wp-json\/wp\/v2\/media?parent=9346"}],"wp:term":[{"taxonomy":"product_brand","embeddable":true,"href":"https:\/\/cyberlogics.ao\/index.php\/wp-json\/wp\/v2\/product_brand?post=9346"},{"taxonomy":"product_cat","embeddable":true,"href":"https:\/\/cyberlogics.ao\/index.php\/wp-json\/wp\/v2\/product_cat?post=9346"},{"taxonomy":"product_tag","embeddable":true,"href":"https:\/\/cyberlogics.ao\/index.php\/wp-json\/wp\/v2\/product_tag?post=9346"}],"curies":[{"name":"wp","href":"https:\/\/api.w.org\/{rel}","templated":true}]}}