{"id":9349,"date":"2025-09-18T09:34:52","date_gmt":"2025-09-18T09:34:52","guid":{"rendered":"https:\/\/cyberlogics.ao\/?post_type=product&#038;p=9349"},"modified":"2025-09-18T09:34:52","modified_gmt":"2025-09-18T09:34:52","slug":"router-tp-link-wifi-4g-lte-ac750-dual-band","status":"publish","type":"product","link":"https:\/\/cyberlogics.ao\/index.php\/product\/router-tp-link-wifi-4g-lte-ac750-dual-band\/","title":{"rendered":"ROUTER TP-LINK WIFI 4G LTE AC750 DUAL BAND"},"content":{"rendered":"<table>\n<thead>\n<tr id=\"tr_603\">\n<th colspan=\"2\"><a>RECURSOS DE HARDWARE<\/a><\/th>\n<\/tr>\n<\/thead>\n<tbody>\n<tr id=\"tr_694\">\n<th width=\"35%\">Interface<\/th>\n<td width=\"65%\">3 portas LAN 10\/100 Mbps, 1 porta LAN \/ WAN 10\/100 Mbps, 1 slot para cart\u00e3o Micro SIM<\/td>\n<\/tr>\n<tr id=\"tr_695\">\n<th width=\"35%\">Bot\u00e3o<\/th>\n<td width=\"65%\">Bot\u00e3o WPS \/ Reset, Bot\u00e3o Ligar \/ Desligar WiFi, Bot\u00e3o Ligar \/ Desligar<\/td>\n<\/tr>\n<tr id=\"tr_613\">\n<th width=\"35%\">Fonte de energia externa<\/th>\n<td width=\"65%\">12V \/ 1A<\/td>\n<\/tr>\n<tr id=\"tr_697\">\n<th width=\"35%\">Dimens\u00f5es (L x P x A)<\/th>\n<td width=\"65%\">7,95 x 5,55 x 1,32 pol. (202 x 141 x 33,6 mm)<\/td>\n<\/tr>\n<tr id=\"tr_696\">\n<th width=\"35%\">Antena<\/th>\n<td width=\"65%\">2 antenas 4G LTE internas,<br \/>\n2 antenas WiFi externas fixas<\/td>\n<\/tr>\n<\/tbody>\n<\/table>\n<table>\n<thead>\n<tr id=\"tr_604\">\n<th colspan=\"2\"><a>RECURSOS SEM FIO<\/a><\/th>\n<\/tr>\n<\/thead>\n<tbody>\n<tr id=\"tr_1058\">\n<th width=\"35%\">Padr\u00f5es sem fio<\/th>\n<td width=\"65%\">IEEE 802.11ac \/ n \/ a 5 GHz, IEEE 802.11b \/ g \/ n 2,4 GHz<\/td>\n<\/tr>\n<tr id=\"tr_698\">\n<th width=\"35%\">Frequ\u00eancia<\/th>\n<td width=\"65%\">2,4 GHz e 5 GHz<\/td>\n<\/tr>\n<tr id=\"tr_699\">\n<th width=\"35%\">Taxa de Sinal<\/th>\n<td width=\"65%\">300 Mbps a 2,4 GHz, 433 Mbps a 5 GHz<\/td>\n<\/tr>\n<tr id=\"tr_701\">\n<th width=\"35%\">Sensibilidade de Recep\u00e7\u00e3o<\/th>\n<td width=\"65%\">5GHz: 11a 54M: -74dBm<br \/>\n11ac HT20: -67dBm<br \/>\n11ac HT40: -64dBm<br \/>\n11ac HT80: -60dBm<br \/>\n11n HT20: -71dBm<br \/>\n11n HT40: -70dBm 2,4G<\/p>\n<p>: 11g 54M: -76dBm<br \/>\n11n HT20: -73dBm<br \/>\n11nBm HT40: -67d<\/td>\n<\/tr>\n<tr id=\"tr_700\">\n<th width=\"35%\">Pot\u00eancia de transmiss\u00e3o<\/th>\n<td width=\"65%\">CE: &lt;20dBm (2,4 GHz), &lt;23dBm (5 GHz)<\/td>\n<\/tr>\n<tr id=\"tr_703\">\n<th width=\"35%\">Fun\u00e7\u00f5es sem fio<\/th>\n<td width=\"65%\">Ativar \/ desativar r\u00e1dio sem fio, WDS Bridge, WMM,<br \/>\nestat\u00edsticas sem fio<\/td>\n<\/tr>\n<tr id=\"tr_5907\">\n<th width=\"35%\">Failover WAN<\/th>\n<td width=\"65%\">sim<\/td>\n<\/tr>\n<tr id=\"tr_704\">\n<th width=\"35%\">Seguran\u00e7a sem fio<\/th>\n<td width=\"65%\">Criptografias WEP, WPA \/ WPA2, WPA-PSK \/ WPA2-PSK de 64\/128 bits<\/td>\n<\/tr>\n<tr id=\"tr_5229\">\n<th width=\"35%\">Tipo de rede<\/th>\n<td width=\"65%\">4G: FDD-LTE B1 \/ B3 \/ B7 \/ B8 \/ B20 (2100\/1800\/2600\/900\/800 MHz)<br \/>\nTDD-LTE B38 \/ B39 \/ B40 \/ B41 (2600\/1900\/2300\/2500 MHz)<br \/>\n3G: DC- HSPA + \/ HSPA + \/ HSPA \/ UMTS B1 \/ B8 (2100\/900 MHz)<\/td>\n<\/tr>\n<\/tbody>\n<\/table>\n<table>\n<thead>\n<tr id=\"tr_605\">\n<th colspan=\"2\"><a>RECURSOS DE SOFTWARE<\/a><\/th>\n<\/tr>\n<\/thead>\n<tbody>\n<tr id=\"tr_708\">\n<th width=\"35%\">Qualidade de servi\u00e7o<\/th>\n<td width=\"65%\">Prioriza o tr\u00e1fego de rede por dispositivo ou aplicativo<\/td>\n<\/tr>\n<tr id=\"tr_2167\">\n<th width=\"35%\">Modos de opera\u00e7\u00e3o<\/th>\n<td width=\"65%\">Roteador 3G \/ 4G, Roteador sem fio<\/td>\n<\/tr>\n<tr id=\"tr_705\">\n<th width=\"35%\">Tipo WAN<\/th>\n<td width=\"65%\">IP din\u00e2mico \/ IP est\u00e1tico \/ PPPoE \/ PPTP (acesso duplo) \/ L2TP (acesso duplo)<\/td>\n<\/tr>\n<tr id=\"tr_713\">\n<th width=\"35%\">Gest\u00e3o<\/th>\n<td width=\"65%\">Controle de acesso, gerenciamento local, gerenciamento remoto, agendamento de reinicializa\u00e7\u00e3o<\/td>\n<\/tr>\n<tr id=\"tr_706\">\n<th width=\"35%\">DHCP<\/th>\n<td width=\"65%\">Servidor, Cliente, Lista de Clientes DHCP, Reserva de Endere\u00e7o<\/td>\n<\/tr>\n<tr id=\"tr_707\">\n<th width=\"35%\">Encaminhamento de porta<\/th>\n<td width=\"65%\">Servidor Virtual, Port Triggering, UPnP, DMZ<\/td>\n<\/tr>\n<tr id=\"tr_709\">\n<th width=\"35%\">DNS din\u00e2mico<\/th>\n<td width=\"65%\">DynDns, NO-IP<\/td>\n<\/tr>\n<tr id=\"tr_710\">\n<th width=\"35%\">VPN Pass-Through<\/th>\n<td width=\"65%\">VPN PPTP, VPN IPSec, OpenVPN<\/td>\n<\/tr>\n<tr id=\"tr_3270\">\n<th width=\"35%\">VPN<\/th>\n<td width=\"65%\">VPN PPTP, VPN IPSec, OpenVPN<\/td>\n<\/tr>\n<tr id=\"tr_711\">\n<th width=\"35%\">Controle de acesso<\/th>\n<td width=\"65%\">Controle dos pais, controle de gerenciamento local<\/td>\n<\/tr>\n<tr id=\"tr_712\">\n<th width=\"35%\">Seguran\u00e7a de firewall<\/th>\n<td width=\"65%\">DoS, Firewall SPI, Filtro de Endere\u00e7o IP \/ Filtro de Dom\u00ednio,<br \/>\nLiga\u00e7\u00e3o de Endere\u00e7o IP e MAC<\/td>\n<\/tr>\n<tr id=\"tr_1108\">\n<th width=\"35%\">Protocolos<\/th>\n<td width=\"65%\">Suporta IPv4 e IPv6<\/td>\n<\/tr>\n<tr id=\"tr_2926\">\n<th width=\"35%\">Rede de Convidados<\/th>\n<td width=\"65%\">Rede para convidados de 2,4 GHz x 1, rede para convidados de 5 GHz x 1<\/td>\n<\/tr>\n<tr id=\"tr_2353\">\n<th width=\"35%\">VPN IPSec<\/th>\n<td width=\"65%\">Suporta at\u00e9 10 t\u00faneis VPN IPSec<\/td>\n<\/tr>\n<\/tbody>\n<\/table>\n<table>\n<thead>\n<tr id=\"tr_606\">\n<th colspan=\"2\"><a>OUTRAS<\/a><\/th>\n<\/tr>\n<\/thead>\n<tbody>\n<tr id=\"tr_714\">\n<th width=\"35%\">Certifica\u00e7\u00e3o<\/th>\n<td width=\"65%\">CE, RoHS<\/td>\n<\/tr>\n<tr id=\"tr_715\">\n<th width=\"35%\">conte\u00fado do pacote<\/th>\n<td width=\"65%\">Roteador AC750 sem fio Dual Band 4G LTE, Archer MR200<br \/>\nRJ45 Cabo Ethernet<br \/>\nAdaptador de energia<br \/>\nGuia de instala\u00e7\u00e3o r\u00e1pida<\/td>\n<\/tr>\n<tr id=\"tr_716\">\n<th width=\"35%\">Requisitos de sistema<\/th>\n<td width=\"65%\">Microsoft Windows 98SE, NT, 2000, XP, Vista \u2122 ou Windows 7, 8, 8.1, 10, MAC OS, NetWare, UNIX ou Linux<br \/>\nInternet Explorer 11, Firefox 12.0, Chrome 20.0,<br \/>\nnavegadores Safari 4.0 ou superior, ou outro Java- navegadores habilitados<br \/>\nMicro SIM Card<\/td>\n<\/tr>\n<tr id=\"tr_717\">\n<th width=\"35%\">Meio Ambiente<\/th>\n<td width=\"65%\">Temperatura de opera\u00e7\u00e3o: 0 \u2103 ~ 40 \u2103 (32 \u2109 ~ 104 \u2109)<br \/>\nTemperatura de armazenamento: -40 \u2103 ~ 70 \u2103 (-40 \u2109 ~ 158 \u2109)<br \/>\nUmidade de opera\u00e7\u00e3o: 10% ~ 90% sem condensa\u00e7\u00e3o<br \/>\nUmidade de armazenamento: 5% ~ 90 % Sem Condensa\u00e7\u00e3o<\/td>\n<\/tr>\n<\/tbody>\n<\/table>\n","protected":false},"excerpt":{"rendered":"<p><label>Marca:<\/label>\u00a0<span class=\"editable\">TP-LINK<\/span><br \/>\n<label>Part-Number:<\/label>\u00a0<span class=\"editable\">MR200(EU)<\/span><\/p>\n","protected":false},"featured_media":9351,"comment_status":"open","ping_status":"closed","template":"","meta":{"_joinchat":[]},"product_brand":[],"product_cat":[398,654],"product_tag":[],"class_list":{"0":"post-9349","1":"product","2":"type-product","3":"status-publish","4":"has-post-thumbnail","6":"product_cat-modem-router","7":"product_cat-router-tp-link","9":"first","10":"instock","11":"shipping-taxable","12":"purchasable","13":"product-type-simple"},"yoast_head":"<!-- This site is optimized with the Yoast SEO plugin v27.4 - https:\/\/yoast.com\/product\/yoast-seo-wordpress\/ -->\n<title>ROUTER TP-LINK WIFI 4G LTE AC750 DUAL BAND - Cyberlogics Technologies Angola<\/title>\n<meta name=\"description\" content=\"A Maior Loja Online de Angola de Licen\u00e7as Microsoft Office | Chaves Sistemas Operativos Windows | Antiv\u00edrus | Cloud Adobe | Inform\u00e1tica &amp; Servidores | Softwares de Gest\u00e3o ERP | Gaming Hardware | UPS e Baterias &amp; Muito Mais...\" \/>\n<meta name=\"robots\" content=\"index, follow, max-snippet:-1, max-image-preview:large, max-video-preview:-1\" \/>\n<link rel=\"canonical\" href=\"https:\/\/cyberlogics.ao\/index.php\/product\/router-tp-link-wifi-4g-lte-ac750-dual-band\/\" \/>\n<meta property=\"og:locale\" content=\"pt_PT\" \/>\n<meta property=\"og:type\" content=\"article\" \/>\n<meta property=\"og:title\" content=\"ROUTER TP-LINK WIFI 4G LTE AC750 DUAL BAND - Cyberlogics Technologies Angola\" \/>\n<meta property=\"og:description\" content=\"A Maior Loja Online de Angola de Licen\u00e7as Microsoft Office | Chaves Sistemas Operativos Windows | Antiv\u00edrus | Cloud Adobe | Inform\u00e1tica &amp; Servidores | Softwares de Gest\u00e3o ERP | Gaming Hardware | UPS e Baterias &amp; Muito Mais...\" \/>\n<meta property=\"og:url\" content=\"https:\/\/cyberlogics.ao\/index.php\/product\/router-tp-link-wifi-4g-lte-ac750-dual-band\/\" \/>\n<meta property=\"og:site_name\" content=\"Cyberlogics Technologies Angola\" \/>\n<meta property=\"og:image\" content=\"http:\/\/cyberlogics.ao\/wp-content\/uploads\/2025\/09\/router-tp-link-wifi-4g-lte-ac750-dual-band-1.jpg\" \/>\n\t<meta property=\"og:image:width\" content=\"135\" \/>\n\t<meta property=\"og:image:height\" content=\"135\" \/>\n\t<meta property=\"og:image:type\" content=\"image\/jpeg\" \/>\n<meta name=\"twitter:card\" content=\"summary_large_image\" \/>\n<meta name=\"twitter:label1\" content=\"Tempo estimado de leitura\" \/>\n\t<meta name=\"twitter:data1\" content=\"2 minutos\" \/>\n<script type=\"application\/ld+json\" class=\"yoast-schema-graph\">{\"@context\":\"https:\\\/\\\/schema.org\",\"@graph\":[{\"@type\":\"WebPage\",\"@id\":\"https:\\\/\\\/cyberlogics.ao\\\/index.php\\\/product\\\/router-tp-link-wifi-4g-lte-ac750-dual-band\\\/\",\"url\":\"https:\\\/\\\/cyberlogics.ao\\\/index.php\\\/product\\\/router-tp-link-wifi-4g-lte-ac750-dual-band\\\/\",\"name\":\"ROUTER TP-LINK WIFI 4G LTE AC750 DUAL BAND - Cyberlogics Technologies Angola\",\"isPartOf\":{\"@id\":\"https:\\\/\\\/cyberlogics.ao\\\/#website\"},\"primaryImageOfPage\":{\"@id\":\"https:\\\/\\\/cyberlogics.ao\\\/index.php\\\/product\\\/router-tp-link-wifi-4g-lte-ac750-dual-band\\\/#primaryimage\"},\"image\":{\"@id\":\"https:\\\/\\\/cyberlogics.ao\\\/index.php\\\/product\\\/router-tp-link-wifi-4g-lte-ac750-dual-band\\\/#primaryimage\"},\"thumbnailUrl\":\"https:\\\/\\\/cyberlogics.ao\\\/wp-content\\\/uploads\\\/2025\\\/09\\\/router-tp-link-wifi-4g-lte-ac750-dual-band-1.jpg\",\"datePublished\":\"2025-09-18T09:34:52+00:00\",\"description\":\"A Maior Loja Online de Angola de Licen\u00e7as Microsoft Office | Chaves Sistemas Operativos Windows | Antiv\u00edrus | Cloud Adobe | Inform\u00e1tica & Servidores | Softwares de Gest\u00e3o ERP | Gaming Hardware | UPS e Baterias & Muito Mais...\",\"breadcrumb\":{\"@id\":\"https:\\\/\\\/cyberlogics.ao\\\/index.php\\\/product\\\/router-tp-link-wifi-4g-lte-ac750-dual-band\\\/#breadcrumb\"},\"inLanguage\":\"pt-PT\",\"potentialAction\":[{\"@type\":\"ReadAction\",\"target\":[\"https:\\\/\\\/cyberlogics.ao\\\/index.php\\\/product\\\/router-tp-link-wifi-4g-lte-ac750-dual-band\\\/\"]}]},{\"@type\":\"ImageObject\",\"inLanguage\":\"pt-PT\",\"@id\":\"https:\\\/\\\/cyberlogics.ao\\\/index.php\\\/product\\\/router-tp-link-wifi-4g-lte-ac750-dual-band\\\/#primaryimage\",\"url\":\"https:\\\/\\\/cyberlogics.ao\\\/wp-content\\\/uploads\\\/2025\\\/09\\\/router-tp-link-wifi-4g-lte-ac750-dual-band-1.jpg\",\"contentUrl\":\"https:\\\/\\\/cyberlogics.ao\\\/wp-content\\\/uploads\\\/2025\\\/09\\\/router-tp-link-wifi-4g-lte-ac750-dual-band-1.jpg\",\"width\":135,\"height\":135},{\"@type\":\"BreadcrumbList\",\"@id\":\"https:\\\/\\\/cyberlogics.ao\\\/index.php\\\/product\\\/router-tp-link-wifi-4g-lte-ac750-dual-band\\\/#breadcrumb\",\"itemListElement\":[{\"@type\":\"ListItem\",\"position\":1,\"name\":\"In\u00edcio\",\"item\":\"https:\\\/\\\/cyberlogics.ao\\\/\"},{\"@type\":\"ListItem\",\"position\":2,\"name\":\"Produtos\",\"item\":\"https:\\\/\\\/cyberlogics.ao\\\/index.php\\\/shop-2\\\/\"},{\"@type\":\"ListItem\",\"position\":3,\"name\":\"ROUTER TP-LINK WIFI 4G LTE AC750 DUAL BAND\"}]},{\"@type\":\"WebSite\",\"@id\":\"https:\\\/\\\/cyberlogics.ao\\\/#website\",\"url\":\"https:\\\/\\\/cyberlogics.ao\\\/\",\"name\":\"Cyberlogics Technologies Angola\",\"description\":\"Loja Online de Licen\u00e7as de Softwares e Inform\u00e1tica\",\"publisher\":{\"@id\":\"https:\\\/\\\/cyberlogics.ao\\\/#organization\"},\"potentialAction\":[{\"@type\":\"SearchAction\",\"target\":{\"@type\":\"EntryPoint\",\"urlTemplate\":\"https:\\\/\\\/cyberlogics.ao\\\/?s={search_term_string}\"},\"query-input\":{\"@type\":\"PropertyValueSpecification\",\"valueRequired\":true,\"valueName\":\"search_term_string\"}}],\"inLanguage\":\"pt-PT\"},{\"@type\":\"Organization\",\"@id\":\"https:\\\/\\\/cyberlogics.ao\\\/#organization\",\"name\":\"Cyberlogics Ao Technologies - Loja Online de Licen\u00e7as de Softwares e Inform\u00e1tica\",\"url\":\"https:\\\/\\\/cyberlogics.ao\\\/\",\"logo\":{\"@type\":\"ImageObject\",\"inLanguage\":\"pt-PT\",\"@id\":\"https:\\\/\\\/cyberlogics.ao\\\/#\\\/schema\\\/logo\\\/image\\\/\",\"url\":\"https:\\\/\\\/cyberlogics.ao\\\/wp-content\\\/uploads\\\/2022\\\/04\\\/CT-logo.png\",\"contentUrl\":\"https:\\\/\\\/cyberlogics.ao\\\/wp-content\\\/uploads\\\/2022\\\/04\\\/CT-logo.png\",\"width\":190,\"height\":75,\"caption\":\"Cyberlogics Ao Technologies - Loja Online de Licen\u00e7as de Softwares e Inform\u00e1tica\"},\"image\":{\"@id\":\"https:\\\/\\\/cyberlogics.ao\\\/#\\\/schema\\\/logo\\\/image\\\/\"}}]}<\/script>\n<!-- \/ Yoast SEO plugin. -->","yoast_head_json":{"title":"ROUTER TP-LINK WIFI 4G LTE AC750 DUAL BAND - Cyberlogics Technologies Angola","description":"A Maior Loja Online de Angola de Licen\u00e7as Microsoft Office | Chaves Sistemas Operativos Windows | Antiv\u00edrus | Cloud Adobe | Inform\u00e1tica & Servidores | Softwares de Gest\u00e3o ERP | Gaming Hardware | UPS e Baterias & Muito Mais...","robots":{"index":"index","follow":"follow","max-snippet":"max-snippet:-1","max-image-preview":"max-image-preview:large","max-video-preview":"max-video-preview:-1"},"canonical":"https:\/\/cyberlogics.ao\/index.php\/product\/router-tp-link-wifi-4g-lte-ac750-dual-band\/","og_locale":"pt_PT","og_type":"article","og_title":"ROUTER TP-LINK WIFI 4G LTE AC750 DUAL BAND - Cyberlogics Technologies Angola","og_description":"A Maior Loja Online de Angola de Licen\u00e7as Microsoft Office | Chaves Sistemas Operativos Windows | Antiv\u00edrus | Cloud Adobe | Inform\u00e1tica & Servidores | Softwares de Gest\u00e3o ERP | Gaming Hardware | UPS e Baterias & Muito Mais...","og_url":"https:\/\/cyberlogics.ao\/index.php\/product\/router-tp-link-wifi-4g-lte-ac750-dual-band\/","og_site_name":"Cyberlogics Technologies Angola","og_image":[{"width":135,"height":135,"url":"http:\/\/cyberlogics.ao\/wp-content\/uploads\/2025\/09\/router-tp-link-wifi-4g-lte-ac750-dual-band-1.jpg","type":"image\/jpeg"}],"twitter_card":"summary_large_image","twitter_misc":{"Tempo estimado de leitura":"2 minutos"},"schema":{"@context":"https:\/\/schema.org","@graph":[{"@type":"WebPage","@id":"https:\/\/cyberlogics.ao\/index.php\/product\/router-tp-link-wifi-4g-lte-ac750-dual-band\/","url":"https:\/\/cyberlogics.ao\/index.php\/product\/router-tp-link-wifi-4g-lte-ac750-dual-band\/","name":"ROUTER TP-LINK WIFI 4G LTE AC750 DUAL BAND - Cyberlogics Technologies Angola","isPartOf":{"@id":"https:\/\/cyberlogics.ao\/#website"},"primaryImageOfPage":{"@id":"https:\/\/cyberlogics.ao\/index.php\/product\/router-tp-link-wifi-4g-lte-ac750-dual-band\/#primaryimage"},"image":{"@id":"https:\/\/cyberlogics.ao\/index.php\/product\/router-tp-link-wifi-4g-lte-ac750-dual-band\/#primaryimage"},"thumbnailUrl":"https:\/\/cyberlogics.ao\/wp-content\/uploads\/2025\/09\/router-tp-link-wifi-4g-lte-ac750-dual-band-1.jpg","datePublished":"2025-09-18T09:34:52+00:00","description":"A Maior Loja Online de Angola de Licen\u00e7as Microsoft Office | Chaves Sistemas Operativos Windows | Antiv\u00edrus | Cloud Adobe | Inform\u00e1tica & Servidores | Softwares de Gest\u00e3o ERP | Gaming Hardware | UPS e Baterias & Muito Mais...","breadcrumb":{"@id":"https:\/\/cyberlogics.ao\/index.php\/product\/router-tp-link-wifi-4g-lte-ac750-dual-band\/#breadcrumb"},"inLanguage":"pt-PT","potentialAction":[{"@type":"ReadAction","target":["https:\/\/cyberlogics.ao\/index.php\/product\/router-tp-link-wifi-4g-lte-ac750-dual-band\/"]}]},{"@type":"ImageObject","inLanguage":"pt-PT","@id":"https:\/\/cyberlogics.ao\/index.php\/product\/router-tp-link-wifi-4g-lte-ac750-dual-band\/#primaryimage","url":"https:\/\/cyberlogics.ao\/wp-content\/uploads\/2025\/09\/router-tp-link-wifi-4g-lte-ac750-dual-band-1.jpg","contentUrl":"https:\/\/cyberlogics.ao\/wp-content\/uploads\/2025\/09\/router-tp-link-wifi-4g-lte-ac750-dual-band-1.jpg","width":135,"height":135},{"@type":"BreadcrumbList","@id":"https:\/\/cyberlogics.ao\/index.php\/product\/router-tp-link-wifi-4g-lte-ac750-dual-band\/#breadcrumb","itemListElement":[{"@type":"ListItem","position":1,"name":"In\u00edcio","item":"https:\/\/cyberlogics.ao\/"},{"@type":"ListItem","position":2,"name":"Produtos","item":"https:\/\/cyberlogics.ao\/index.php\/shop-2\/"},{"@type":"ListItem","position":3,"name":"ROUTER TP-LINK WIFI 4G LTE AC750 DUAL BAND"}]},{"@type":"WebSite","@id":"https:\/\/cyberlogics.ao\/#website","url":"https:\/\/cyberlogics.ao\/","name":"Cyberlogics Technologies Angola","description":"Loja Online de Licen\u00e7as de Softwares e Inform\u00e1tica","publisher":{"@id":"https:\/\/cyberlogics.ao\/#organization"},"potentialAction":[{"@type":"SearchAction","target":{"@type":"EntryPoint","urlTemplate":"https:\/\/cyberlogics.ao\/?s={search_term_string}"},"query-input":{"@type":"PropertyValueSpecification","valueRequired":true,"valueName":"search_term_string"}}],"inLanguage":"pt-PT"},{"@type":"Organization","@id":"https:\/\/cyberlogics.ao\/#organization","name":"Cyberlogics Ao Technologies - Loja Online de Licen\u00e7as de Softwares e Inform\u00e1tica","url":"https:\/\/cyberlogics.ao\/","logo":{"@type":"ImageObject","inLanguage":"pt-PT","@id":"https:\/\/cyberlogics.ao\/#\/schema\/logo\/image\/","url":"https:\/\/cyberlogics.ao\/wp-content\/uploads\/2022\/04\/CT-logo.png","contentUrl":"https:\/\/cyberlogics.ao\/wp-content\/uploads\/2022\/04\/CT-logo.png","width":190,"height":75,"caption":"Cyberlogics Ao Technologies - Loja Online de Licen\u00e7as de Softwares e Inform\u00e1tica"},"image":{"@id":"https:\/\/cyberlogics.ao\/#\/schema\/logo\/image\/"}}]}},"_links":{"self":[{"href":"https:\/\/cyberlogics.ao\/index.php\/wp-json\/wp\/v2\/product\/9349","targetHints":{"allow":["GET"]}}],"collection":[{"href":"https:\/\/cyberlogics.ao\/index.php\/wp-json\/wp\/v2\/product"}],"about":[{"href":"https:\/\/cyberlogics.ao\/index.php\/wp-json\/wp\/v2\/types\/product"}],"replies":[{"embeddable":true,"href":"https:\/\/cyberlogics.ao\/index.php\/wp-json\/wp\/v2\/comments?post=9349"}],"wp:featuredmedia":[{"embeddable":true,"href":"https:\/\/cyberlogics.ao\/index.php\/wp-json\/wp\/v2\/media\/9351"}],"wp:attachment":[{"href":"https:\/\/cyberlogics.ao\/index.php\/wp-json\/wp\/v2\/media?parent=9349"}],"wp:term":[{"taxonomy":"product_brand","embeddable":true,"href":"https:\/\/cyberlogics.ao\/index.php\/wp-json\/wp\/v2\/product_brand?post=9349"},{"taxonomy":"product_cat","embeddable":true,"href":"https:\/\/cyberlogics.ao\/index.php\/wp-json\/wp\/v2\/product_cat?post=9349"},{"taxonomy":"product_tag","embeddable":true,"href":"https:\/\/cyberlogics.ao\/index.php\/wp-json\/wp\/v2\/product_tag?post=9349"}],"curies":[{"name":"wp","href":"https:\/\/api.w.org\/{rel}","templated":true}]}}