{"id":9360,"date":"2025-09-18T09:54:00","date_gmt":"2025-09-18T09:54:00","guid":{"rendered":"https:\/\/cyberlogics.ao\/?post_type=product&#038;p=9360"},"modified":"2025-09-18T09:54:00","modified_gmt":"2025-09-18T09:54:00","slug":"router-tp-link-wifi-6-ax1800-voip-gpon","status":"publish","type":"product","link":"https:\/\/cyberlogics.ao\/index.php\/product\/router-tp-link-wifi-6-ax1800-voip-gpon\/","title":{"rendered":"ROUTER TP-LINK WIFI 6 AX1800 VOIP GPON"},"content":{"rendered":"<div class=\"box title\">\n<h1>ONT Terminal XPON VoIP Wi-Fi 6 Dual Band AX1800<\/h1>\n<\/div>\n<div class=\"box highlights\">\n<ul>\n<li>XPON:\u00a0Trabalha como GPON ou EPON\u00a0(mediante a atualiza\u00e7\u00e3o de firmware)<\/li>\n<li>Velocidades de 1,8 Gbps de Pr\u00f3xima Gera\u00e7\u00e3o:\u00a0Desfrute de streaming, downloads e jogos sem interrup\u00e7\u00f5es com velocidades de WiFi de at\u00e9 1,8 Gbps em duas bandas.<a class=\"tp-ada-note-link\" href=\"https:\/\/www.tp-link.com\/br\/service-provider\/pon-ont\/xx230v\/#footnote-1\" aria-label=\"Footnote 1\">*<\/a><\/li>\n<li>Cobertura Aprimorada:\u00a0Quatro antenas de alto desempenho e tecnologia de Beamforming se combinam para estender um WiFi forte e confi\u00e1vel por toda a sua casa.<\/li>\n<li>Mais Conex\u00f5es:\u00a0As tecnologias OFDMA e MU-MIMO aumentam a capacidade e permitem a transmiss\u00e3o simult\u00e2nea para mais dispositivos.**<\/li>\n<li>Compat\u00edvel com EasyMesh:\u00a0Crie uma rede mesh inteligente com cobertura perfeita e maior flexibilidade com base na tecnologia de mesh padr\u00e3o.\u2020<\/li>\n<li>Conex\u00f5es com Fio Gigabit:\u00a01 porta GbE WAN\/LAN e 3 portas GbE LAN fornecem acesso \u00e0 internet r\u00e1pido e flex\u00edvel.<\/li>\n<li>Chamadas VoIP:\u00a0Suporte a m\u00faltiplas contas VoIP e diversos recursos de chamada para superar as linhas telef\u00f4nicas tradicionais.<\/li>\n<li>IPTV Suave:\u00a0Suporta Proxy\/Snooping IGMP, Bridge e Tag VLAN para otimizar o streaming de IPTV.<\/li>\n<li>Seguran\u00e7a Aprimorada:\u00a0Criptografia WPA3, Multi-SSID e controles parentais fornecem uma experi\u00eancia online personalizada e mais segura.**<\/li>\n<li>Design Compacto de Bandeja de Fibra:\u00a0Armazene um cabo de fibra redundante dentro e proteja o cabo de fibra contra quebra.<\/li>\n<li>Configura\u00e7\u00e3o e Uso F\u00e1ceis:\u00a0Configure sua rede em minutos com o poderoso aplicativo Aginet.<\/li>\n<li>Gerenciamento Remoto:\u00a0Suporta TAUC (TP-Link Aginet Unified Cloud, baseado em TR-369) juntamente com OMCI, TR-069, TR-098, TR-181, TR-111 e TR-143.<\/li>\n<li>Este dispositivo\u00a0n\u00e3o opera\u00a0nos modos Access Point, Repetidor de Sinal ou como unidade secund\u00e1ria em redes Mesh.<\/li>\n<\/ul>\n<\/div>\n","protected":false},"excerpt":{"rendered":"<p><label>Marca:<\/label>\u00a0<span class=\"editable\">TP-LINK<\/span><br \/>\n<label>Part-Number:<\/label>\u00a0<span class=\"editable\">XX230V<\/span><\/p>\n","protected":false},"featured_media":9361,"comment_status":"open","ping_status":"closed","template":"","meta":{"_joinchat":[]},"product_brand":[],"product_cat":[398,654],"product_tag":[],"class_list":{"0":"post-9360","1":"product","2":"type-product","3":"status-publish","4":"has-post-thumbnail","6":"product_cat-modem-router","7":"product_cat-router-tp-link","9":"first","10":"instock","11":"shipping-taxable","12":"purchasable","13":"product-type-simple"},"yoast_head":"<!-- This site is optimized with the Yoast SEO plugin v27.4 - https:\/\/yoast.com\/product\/yoast-seo-wordpress\/ -->\n<title>ROUTER TP-LINK WIFI 6 AX1800 VOIP GPON - Cyberlogics Technologies Angola<\/title>\n<meta name=\"description\" content=\"A Maior Loja Online de Angola de Licen\u00e7as Microsoft Office | Chaves Sistemas Operativos Windows | Antiv\u00edrus | Cloud Adobe | Inform\u00e1tica &amp; Servidores | Softwares de Gest\u00e3o ERP | Gaming Hardware | UPS e Baterias &amp; Muito Mais...\" \/>\n<meta name=\"robots\" content=\"index, follow, max-snippet:-1, max-image-preview:large, max-video-preview:-1\" \/>\n<link rel=\"canonical\" href=\"https:\/\/cyberlogics.ao\/index.php\/product\/router-tp-link-wifi-6-ax1800-voip-gpon\/\" \/>\n<meta property=\"og:locale\" content=\"pt_PT\" \/>\n<meta property=\"og:type\" content=\"article\" \/>\n<meta property=\"og:title\" content=\"ROUTER TP-LINK WIFI 6 AX1800 VOIP GPON - Cyberlogics Technologies Angola\" \/>\n<meta property=\"og:description\" content=\"A Maior Loja Online de Angola de Licen\u00e7as Microsoft Office | Chaves Sistemas Operativos Windows | Antiv\u00edrus | Cloud Adobe | Inform\u00e1tica &amp; Servidores | Softwares de Gest\u00e3o ERP | Gaming Hardware | UPS e Baterias &amp; Muito Mais...\" \/>\n<meta property=\"og:url\" content=\"https:\/\/cyberlogics.ao\/index.php\/product\/router-tp-link-wifi-6-ax1800-voip-gpon\/\" \/>\n<meta property=\"og:site_name\" content=\"Cyberlogics Technologies Angola\" \/>\n<meta property=\"og:image\" content=\"http:\/\/cyberlogics.ao\/wp-content\/uploads\/2025\/09\/router-tp-link-wifi-6-ax1800-voip-gpon-1.jpg\" \/>\n\t<meta property=\"og:image:width\" content=\"135\" \/>\n\t<meta property=\"og:image:height\" content=\"135\" \/>\n\t<meta property=\"og:image:type\" content=\"image\/jpeg\" \/>\n<meta name=\"twitter:card\" content=\"summary_large_image\" \/>\n<meta name=\"twitter:label1\" content=\"Tempo estimado de leitura\" \/>\n\t<meta name=\"twitter:data1\" content=\"1 minuto\" \/>\n<script type=\"application\/ld+json\" class=\"yoast-schema-graph\">{\"@context\":\"https:\\\/\\\/schema.org\",\"@graph\":[{\"@type\":\"WebPage\",\"@id\":\"https:\\\/\\\/cyberlogics.ao\\\/index.php\\\/product\\\/router-tp-link-wifi-6-ax1800-voip-gpon\\\/\",\"url\":\"https:\\\/\\\/cyberlogics.ao\\\/index.php\\\/product\\\/router-tp-link-wifi-6-ax1800-voip-gpon\\\/\",\"name\":\"ROUTER TP-LINK WIFI 6 AX1800 VOIP GPON - Cyberlogics Technologies Angola\",\"isPartOf\":{\"@id\":\"https:\\\/\\\/cyberlogics.ao\\\/#website\"},\"primaryImageOfPage\":{\"@id\":\"https:\\\/\\\/cyberlogics.ao\\\/index.php\\\/product\\\/router-tp-link-wifi-6-ax1800-voip-gpon\\\/#primaryimage\"},\"image\":{\"@id\":\"https:\\\/\\\/cyberlogics.ao\\\/index.php\\\/product\\\/router-tp-link-wifi-6-ax1800-voip-gpon\\\/#primaryimage\"},\"thumbnailUrl\":\"https:\\\/\\\/cyberlogics.ao\\\/wp-content\\\/uploads\\\/2025\\\/09\\\/router-tp-link-wifi-6-ax1800-voip-gpon-1.jpg\",\"datePublished\":\"2025-09-18T09:54:00+00:00\",\"description\":\"A Maior Loja Online de Angola de Licen\u00e7as Microsoft Office | Chaves Sistemas Operativos Windows | Antiv\u00edrus | Cloud Adobe | Inform\u00e1tica & Servidores | Softwares de Gest\u00e3o ERP | Gaming Hardware | UPS e Baterias & Muito Mais...\",\"breadcrumb\":{\"@id\":\"https:\\\/\\\/cyberlogics.ao\\\/index.php\\\/product\\\/router-tp-link-wifi-6-ax1800-voip-gpon\\\/#breadcrumb\"},\"inLanguage\":\"pt-PT\",\"potentialAction\":[{\"@type\":\"ReadAction\",\"target\":[\"https:\\\/\\\/cyberlogics.ao\\\/index.php\\\/product\\\/router-tp-link-wifi-6-ax1800-voip-gpon\\\/\"]}]},{\"@type\":\"ImageObject\",\"inLanguage\":\"pt-PT\",\"@id\":\"https:\\\/\\\/cyberlogics.ao\\\/index.php\\\/product\\\/router-tp-link-wifi-6-ax1800-voip-gpon\\\/#primaryimage\",\"url\":\"https:\\\/\\\/cyberlogics.ao\\\/wp-content\\\/uploads\\\/2025\\\/09\\\/router-tp-link-wifi-6-ax1800-voip-gpon-1.jpg\",\"contentUrl\":\"https:\\\/\\\/cyberlogics.ao\\\/wp-content\\\/uploads\\\/2025\\\/09\\\/router-tp-link-wifi-6-ax1800-voip-gpon-1.jpg\",\"width\":135,\"height\":135},{\"@type\":\"BreadcrumbList\",\"@id\":\"https:\\\/\\\/cyberlogics.ao\\\/index.php\\\/product\\\/router-tp-link-wifi-6-ax1800-voip-gpon\\\/#breadcrumb\",\"itemListElement\":[{\"@type\":\"ListItem\",\"position\":1,\"name\":\"In\u00edcio\",\"item\":\"https:\\\/\\\/cyberlogics.ao\\\/\"},{\"@type\":\"ListItem\",\"position\":2,\"name\":\"Produtos\",\"item\":\"https:\\\/\\\/cyberlogics.ao\\\/index.php\\\/shop-2\\\/\"},{\"@type\":\"ListItem\",\"position\":3,\"name\":\"ROUTER TP-LINK WIFI 6 AX1800 VOIP GPON\"}]},{\"@type\":\"WebSite\",\"@id\":\"https:\\\/\\\/cyberlogics.ao\\\/#website\",\"url\":\"https:\\\/\\\/cyberlogics.ao\\\/\",\"name\":\"Cyberlogics Technologies Angola\",\"description\":\"Loja Online de Licen\u00e7as de Softwares e Inform\u00e1tica\",\"publisher\":{\"@id\":\"https:\\\/\\\/cyberlogics.ao\\\/#organization\"},\"potentialAction\":[{\"@type\":\"SearchAction\",\"target\":{\"@type\":\"EntryPoint\",\"urlTemplate\":\"https:\\\/\\\/cyberlogics.ao\\\/?s={search_term_string}\"},\"query-input\":{\"@type\":\"PropertyValueSpecification\",\"valueRequired\":true,\"valueName\":\"search_term_string\"}}],\"inLanguage\":\"pt-PT\"},{\"@type\":\"Organization\",\"@id\":\"https:\\\/\\\/cyberlogics.ao\\\/#organization\",\"name\":\"Cyberlogics Ao Technologies - Loja Online de Licen\u00e7as de Softwares e Inform\u00e1tica\",\"url\":\"https:\\\/\\\/cyberlogics.ao\\\/\",\"logo\":{\"@type\":\"ImageObject\",\"inLanguage\":\"pt-PT\",\"@id\":\"https:\\\/\\\/cyberlogics.ao\\\/#\\\/schema\\\/logo\\\/image\\\/\",\"url\":\"https:\\\/\\\/cyberlogics.ao\\\/wp-content\\\/uploads\\\/2022\\\/04\\\/CT-logo.png\",\"contentUrl\":\"https:\\\/\\\/cyberlogics.ao\\\/wp-content\\\/uploads\\\/2022\\\/04\\\/CT-logo.png\",\"width\":190,\"height\":75,\"caption\":\"Cyberlogics Ao Technologies - Loja Online de Licen\u00e7as de Softwares e Inform\u00e1tica\"},\"image\":{\"@id\":\"https:\\\/\\\/cyberlogics.ao\\\/#\\\/schema\\\/logo\\\/image\\\/\"}}]}<\/script>\n<!-- \/ Yoast SEO plugin. -->","yoast_head_json":{"title":"ROUTER TP-LINK WIFI 6 AX1800 VOIP GPON - Cyberlogics Technologies Angola","description":"A Maior Loja Online de Angola de Licen\u00e7as Microsoft Office | Chaves Sistemas Operativos Windows | Antiv\u00edrus | Cloud Adobe | Inform\u00e1tica & Servidores | Softwares de Gest\u00e3o ERP | Gaming Hardware | UPS e Baterias & Muito Mais...","robots":{"index":"index","follow":"follow","max-snippet":"max-snippet:-1","max-image-preview":"max-image-preview:large","max-video-preview":"max-video-preview:-1"},"canonical":"https:\/\/cyberlogics.ao\/index.php\/product\/router-tp-link-wifi-6-ax1800-voip-gpon\/","og_locale":"pt_PT","og_type":"article","og_title":"ROUTER TP-LINK WIFI 6 AX1800 VOIP GPON - Cyberlogics Technologies Angola","og_description":"A Maior Loja Online de Angola de Licen\u00e7as Microsoft Office | Chaves Sistemas Operativos Windows | Antiv\u00edrus | Cloud Adobe | Inform\u00e1tica & Servidores | Softwares de Gest\u00e3o ERP | Gaming Hardware | UPS e Baterias & Muito Mais...","og_url":"https:\/\/cyberlogics.ao\/index.php\/product\/router-tp-link-wifi-6-ax1800-voip-gpon\/","og_site_name":"Cyberlogics Technologies Angola","og_image":[{"width":135,"height":135,"url":"http:\/\/cyberlogics.ao\/wp-content\/uploads\/2025\/09\/router-tp-link-wifi-6-ax1800-voip-gpon-1.jpg","type":"image\/jpeg"}],"twitter_card":"summary_large_image","twitter_misc":{"Tempo estimado de leitura":"1 minuto"},"schema":{"@context":"https:\/\/schema.org","@graph":[{"@type":"WebPage","@id":"https:\/\/cyberlogics.ao\/index.php\/product\/router-tp-link-wifi-6-ax1800-voip-gpon\/","url":"https:\/\/cyberlogics.ao\/index.php\/product\/router-tp-link-wifi-6-ax1800-voip-gpon\/","name":"ROUTER TP-LINK WIFI 6 AX1800 VOIP GPON - Cyberlogics Technologies Angola","isPartOf":{"@id":"https:\/\/cyberlogics.ao\/#website"},"primaryImageOfPage":{"@id":"https:\/\/cyberlogics.ao\/index.php\/product\/router-tp-link-wifi-6-ax1800-voip-gpon\/#primaryimage"},"image":{"@id":"https:\/\/cyberlogics.ao\/index.php\/product\/router-tp-link-wifi-6-ax1800-voip-gpon\/#primaryimage"},"thumbnailUrl":"https:\/\/cyberlogics.ao\/wp-content\/uploads\/2025\/09\/router-tp-link-wifi-6-ax1800-voip-gpon-1.jpg","datePublished":"2025-09-18T09:54:00+00:00","description":"A Maior Loja Online de Angola de Licen\u00e7as Microsoft Office | Chaves Sistemas Operativos Windows | Antiv\u00edrus | Cloud Adobe | Inform\u00e1tica & Servidores | Softwares de Gest\u00e3o ERP | Gaming Hardware | UPS e Baterias & Muito Mais...","breadcrumb":{"@id":"https:\/\/cyberlogics.ao\/index.php\/product\/router-tp-link-wifi-6-ax1800-voip-gpon\/#breadcrumb"},"inLanguage":"pt-PT","potentialAction":[{"@type":"ReadAction","target":["https:\/\/cyberlogics.ao\/index.php\/product\/router-tp-link-wifi-6-ax1800-voip-gpon\/"]}]},{"@type":"ImageObject","inLanguage":"pt-PT","@id":"https:\/\/cyberlogics.ao\/index.php\/product\/router-tp-link-wifi-6-ax1800-voip-gpon\/#primaryimage","url":"https:\/\/cyberlogics.ao\/wp-content\/uploads\/2025\/09\/router-tp-link-wifi-6-ax1800-voip-gpon-1.jpg","contentUrl":"https:\/\/cyberlogics.ao\/wp-content\/uploads\/2025\/09\/router-tp-link-wifi-6-ax1800-voip-gpon-1.jpg","width":135,"height":135},{"@type":"BreadcrumbList","@id":"https:\/\/cyberlogics.ao\/index.php\/product\/router-tp-link-wifi-6-ax1800-voip-gpon\/#breadcrumb","itemListElement":[{"@type":"ListItem","position":1,"name":"In\u00edcio","item":"https:\/\/cyberlogics.ao\/"},{"@type":"ListItem","position":2,"name":"Produtos","item":"https:\/\/cyberlogics.ao\/index.php\/shop-2\/"},{"@type":"ListItem","position":3,"name":"ROUTER TP-LINK WIFI 6 AX1800 VOIP GPON"}]},{"@type":"WebSite","@id":"https:\/\/cyberlogics.ao\/#website","url":"https:\/\/cyberlogics.ao\/","name":"Cyberlogics Technologies Angola","description":"Loja Online de Licen\u00e7as de Softwares e Inform\u00e1tica","publisher":{"@id":"https:\/\/cyberlogics.ao\/#organization"},"potentialAction":[{"@type":"SearchAction","target":{"@type":"EntryPoint","urlTemplate":"https:\/\/cyberlogics.ao\/?s={search_term_string}"},"query-input":{"@type":"PropertyValueSpecification","valueRequired":true,"valueName":"search_term_string"}}],"inLanguage":"pt-PT"},{"@type":"Organization","@id":"https:\/\/cyberlogics.ao\/#organization","name":"Cyberlogics Ao Technologies - Loja Online de Licen\u00e7as de Softwares e Inform\u00e1tica","url":"https:\/\/cyberlogics.ao\/","logo":{"@type":"ImageObject","inLanguage":"pt-PT","@id":"https:\/\/cyberlogics.ao\/#\/schema\/logo\/image\/","url":"https:\/\/cyberlogics.ao\/wp-content\/uploads\/2022\/04\/CT-logo.png","contentUrl":"https:\/\/cyberlogics.ao\/wp-content\/uploads\/2022\/04\/CT-logo.png","width":190,"height":75,"caption":"Cyberlogics Ao Technologies - Loja Online de Licen\u00e7as de Softwares e Inform\u00e1tica"},"image":{"@id":"https:\/\/cyberlogics.ao\/#\/schema\/logo\/image\/"}}]}},"_links":{"self":[{"href":"https:\/\/cyberlogics.ao\/index.php\/wp-json\/wp\/v2\/product\/9360","targetHints":{"allow":["GET"]}}],"collection":[{"href":"https:\/\/cyberlogics.ao\/index.php\/wp-json\/wp\/v2\/product"}],"about":[{"href":"https:\/\/cyberlogics.ao\/index.php\/wp-json\/wp\/v2\/types\/product"}],"replies":[{"embeddable":true,"href":"https:\/\/cyberlogics.ao\/index.php\/wp-json\/wp\/v2\/comments?post=9360"}],"wp:featuredmedia":[{"embeddable":true,"href":"https:\/\/cyberlogics.ao\/index.php\/wp-json\/wp\/v2\/media\/9361"}],"wp:attachment":[{"href":"https:\/\/cyberlogics.ao\/index.php\/wp-json\/wp\/v2\/media?parent=9360"}],"wp:term":[{"taxonomy":"product_brand","embeddable":true,"href":"https:\/\/cyberlogics.ao\/index.php\/wp-json\/wp\/v2\/product_brand?post=9360"},{"taxonomy":"product_cat","embeddable":true,"href":"https:\/\/cyberlogics.ao\/index.php\/wp-json\/wp\/v2\/product_cat?post=9360"},{"taxonomy":"product_tag","embeddable":true,"href":"https:\/\/cyberlogics.ao\/index.php\/wp-json\/wp\/v2\/product_tag?post=9360"}],"curies":[{"name":"wp","href":"https:\/\/api.w.org\/{rel}","templated":true}]}}