{"id":9371,"date":"2025-09-18T10:15:19","date_gmt":"2025-09-18T10:15:19","guid":{"rendered":"https:\/\/cyberlogics.ao\/?post_type=product&#038;p=9371"},"modified":"2025-09-18T10:15:20","modified_gmt":"2025-09-18T10:15:20","slug":"router-tp-link-wifi-ac750-dual-band","status":"publish","type":"product","link":"https:\/\/cyberlogics.ao\/index.php\/product\/router-tp-link-wifi-ac750-dual-band\/","title":{"rendered":"ROUTER TP-LINK WIFI AC750 DUAL BAND"},"content":{"rendered":"<p class=\"bold\">Recursos:<\/p>\n<ul>\n<li>Suporta o padr\u00e3o 802.11ac &#8211; a pr\u00f3xima gera\u00e7\u00e3o de Wi-Fi<\/li>\n<li>Conex\u00f5es simult\u00e2neas de 2,4 GHz 300 Mbps e 5 GHz 433 Mbps para 733 Mbps de largura de banda total dispon\u00edvel<\/li>\n<li>2 antenas externas fornecem sinal omnidirecional est\u00e1vel e cobertura sem fio superior<\/li>\n<\/ul>\n<p class=\"bold mt-4\">Especifica\u00e7\u00e3o:<\/p>\n<p>RECURSOS DE HARDWARE<\/p>\n<p>Interface:<br \/>\n4 portas LAN 10 \/ 100Mbps<br \/>\n1 porta WAN 10 \/ 100Mbps<br \/>\nBot\u00f5es: Bot\u00e3o<br \/>\nWPS \/ Reset Bot\u00e3o<br \/>\nliga \/ desliga sem fio<br \/>\nBot\u00e3o<br \/>\nliga\u00a0\/ desliga\u00a0Antenas:<br \/>\n2 \u00d7 2,4 GHz Antenas<br \/>\n1 \u00d7 5 GHz Antena<br \/>\nFonte de alimenta\u00e7\u00e3o externa: 12 VCC \/ 1A<br \/>\nDimens\u00f5es ( L x P x A): 9,1 x 5,7 x 1,4 pol. (230 x 144 x 35 mm)<br \/>\nTipo de antena: Duas antenas fixas de banda dupla<\/p>\n<p>RECURSOS SEM FIO<\/p>\n<p>Padr\u00f5es sem fio:<br \/>\nIEEE 802.11ac \/ n \/ a 5 GHz<br \/>\nIEEE 802.11b \/ g \/ n 2.4 GHz<br \/>\nFrequ\u00eancia: 2,4 GHz e 5 GHz<br \/>\nTaxa de sinal:<br \/>\n5 GHz: at\u00e9 433 Mbps<br \/>\n2,4 GHz: at\u00e9 300 Mbps<br \/>\nSensibilidade de recep\u00e7\u00e3o:<br \/>\n5 GHz<br \/>\n11a 6 Mbps: -91 dBm, 11a 54Mbps: -74dBm<br \/>\n11ac HT20: -66dBm, 11ac HT40: -64dBm, 11ac HT80: -61dBm,<br \/>\n11n HT20: -71dBm, 11n HT40: -69dBm<br \/>\n2,4 GHz<br \/>\n11g 54M: -76dBm<br \/>\n11n HT20: -74dBm, 11n HT40:<br \/>\nFun\u00e7\u00f5es sem fio de\u00a0-71dBm\u00a0: Ativar \/ desativar r\u00e1dio sem fio, WDS Bridge, WMM, Estat\u00edsticas<br \/>\nsem fio Seguran\u00e7a sem fio: WEP de 64\/128 bits, WPA \/ WPA2, criptografia WPA-PSK \/ WPA2-PSK<br \/>\nPot\u00eancia de transmiss\u00e3o:<br \/>\nCE: &lt;20dBm (2,4 GHz ), &lt;23dBm (5GHz)<br \/>\nFCC: &lt;30dBm<\/p>\n<p>RECURSOS DE SOFTWARE<\/p>\n<p>Qualidade de servi\u00e7o: WMM,<br \/>\nGerenciamento de\u00a0controle de largura de banda\u00a0:<br \/>\nControle de acesso<br \/>\nGerenciamento local Gerenciamento<br \/>\nremoto<br \/>\nEncaminhamento de porta: Servidor virtual, Acionamento de porta, UPnP, DMZ<br \/>\nDNS din\u00e2mico: DynDns, Comexe,<br \/>\nPassagem de VPN\u00a0NO-IP\u00a0: PPTP, L2TP,<br \/>\nControle de acesso\u00a0IPSec\u00a0:<br \/>\nControle dos pais, Controle de gerenciamento local<br \/>\n, Lista de hosts,<br \/>\nAgenda de acesso, Gerenciamento de regras<br \/>\nSeguran\u00e7a de firewall:<br \/>\nDoS, SPI Firewall<br \/>\nFiltragem de endere\u00e7o IP \/ Filtragem de endere\u00e7o MAC \/ Filtragem de dom\u00ednio<br \/>\nIP e<br \/>\nprotocolo de\u00a0vincula\u00e7\u00e3o de endere\u00e7o MAC\u00a0: Suporta<br \/>\ncompartilhamento de USB\u00a0IPv4 e IPv6\u00a0: Suporte Samba ( Armazenamento) \/ Servidor FTP \/ Servidor de m\u00eddia \/<br \/>\nRede de visitantes do\u00a0servidor de impressora\u00a0:<br \/>\nRede para convidados de 2,4 GHz \u00d7 1<br \/>\nrede para convidados de 5 GHz \u00d7 1<\/p>\n<p>OUTRAS<\/p>\n<p>Certifica\u00e7\u00e3o: CE, FCC, RoHS<br \/>\nConte\u00fado do pacote:<br \/>\nRoteador de banda dupla sem fio AC750 Archer C20<br \/>\n2 Antenas fixas<br \/>\nFonte de alimenta\u00e7\u00e3o<br \/>\nCD de recursos<br \/>\nCabo Ethernet<br \/>\nGuia de instala\u00e7\u00e3o r\u00e1pida<br \/>\nRequisitos do sistema: Windows 10 \/ 8.1 \/\u00a08\/7\u00a0\/ Vista \/ XP, Mac OS ou Linux Sistema operacional baseado em<br \/>\nambiente:<br \/>\nTemperatura operacional: 0 \u2103 ~ 40 \u2103 (32 \u2109 ~ 104 \u2109)<br \/>\nTemperatura de armazenamento: -40 \u2103 ~ 70 \u2103 (-40 \u2109 ~ 158 \u2109)<br \/>\nUmidade operacional: 10% ~ 90%<br \/>\nArmazenamento\u00a0sem condensa\u00e7\u00e3o\u00a0Umidade: 5% ~ 90% sem condensa\u00e7\u00e3o<\/p>\n","protected":false},"excerpt":{"rendered":"<p><label>Marca:<\/label>\u00a0<span class=\"editable\">TP-LINK<\/span><br \/>\n<label>Part-Number:<\/label>\u00a0<span class=\"editable\">C20(EU)<\/span><\/p>\n","protected":false},"featured_media":9372,"comment_status":"open","ping_status":"closed","template":"","meta":{"_joinchat":[]},"product_brand":[],"product_cat":[398,654],"product_tag":[],"class_list":{"0":"post-9371","1":"product","2":"type-product","3":"status-publish","4":"has-post-thumbnail","6":"product_cat-modem-router","7":"product_cat-router-tp-link","9":"first","10":"instock","11":"shipping-taxable","12":"purchasable","13":"product-type-simple"},"yoast_head":"<!-- This site is optimized with the Yoast SEO plugin v27.4 - https:\/\/yoast.com\/product\/yoast-seo-wordpress\/ -->\n<title>ROUTER TP-LINK WIFI AC750 DUAL BAND - Cyberlogics Technologies Angola<\/title>\n<meta name=\"description\" content=\"A Maior Loja Online de Angola de Licen\u00e7as Microsoft Office | Chaves Sistemas Operativos Windows | Antiv\u00edrus | Cloud Adobe | Inform\u00e1tica &amp; Servidores | Softwares de Gest\u00e3o ERP | Gaming Hardware | UPS e Baterias &amp; Muito Mais...\" \/>\n<meta name=\"robots\" content=\"index, follow, max-snippet:-1, max-image-preview:large, max-video-preview:-1\" \/>\n<link rel=\"canonical\" href=\"https:\/\/cyberlogics.ao\/index.php\/product\/router-tp-link-wifi-ac750-dual-band\/\" \/>\n<meta property=\"og:locale\" content=\"pt_PT\" \/>\n<meta property=\"og:type\" content=\"article\" \/>\n<meta property=\"og:title\" content=\"ROUTER TP-LINK WIFI AC750 DUAL BAND - Cyberlogics Technologies Angola\" \/>\n<meta property=\"og:description\" content=\"A Maior Loja Online de Angola de Licen\u00e7as Microsoft Office | Chaves Sistemas Operativos Windows | Antiv\u00edrus | Cloud Adobe | Inform\u00e1tica &amp; Servidores | Softwares de Gest\u00e3o ERP | Gaming Hardware | UPS e Baterias &amp; Muito Mais...\" \/>\n<meta property=\"og:url\" content=\"https:\/\/cyberlogics.ao\/index.php\/product\/router-tp-link-wifi-ac750-dual-band\/\" \/>\n<meta property=\"og:site_name\" content=\"Cyberlogics Technologies Angola\" \/>\n<meta property=\"article:modified_time\" content=\"2025-09-18T10:15:20+00:00\" \/>\n<meta property=\"og:image\" content=\"http:\/\/cyberlogics.ao\/wp-content\/uploads\/2025\/09\/router-tp-link-wifi-ac750-dual-band.jpg\" \/>\n\t<meta property=\"og:image:width\" content=\"400\" \/>\n\t<meta property=\"og:image:height\" content=\"400\" \/>\n\t<meta property=\"og:image:type\" content=\"image\/jpeg\" \/>\n<meta name=\"twitter:card\" content=\"summary_large_image\" \/>\n<meta name=\"twitter:label1\" content=\"Tempo estimado de leitura\" \/>\n\t<meta name=\"twitter:data1\" content=\"2 minutos\" \/>\n<script type=\"application\/ld+json\" class=\"yoast-schema-graph\">{\"@context\":\"https:\\\/\\\/schema.org\",\"@graph\":[{\"@type\":\"WebPage\",\"@id\":\"https:\\\/\\\/cyberlogics.ao\\\/index.php\\\/product\\\/router-tp-link-wifi-ac750-dual-band\\\/\",\"url\":\"https:\\\/\\\/cyberlogics.ao\\\/index.php\\\/product\\\/router-tp-link-wifi-ac750-dual-band\\\/\",\"name\":\"ROUTER TP-LINK WIFI AC750 DUAL BAND - Cyberlogics Technologies Angola\",\"isPartOf\":{\"@id\":\"https:\\\/\\\/cyberlogics.ao\\\/#website\"},\"primaryImageOfPage\":{\"@id\":\"https:\\\/\\\/cyberlogics.ao\\\/index.php\\\/product\\\/router-tp-link-wifi-ac750-dual-band\\\/#primaryimage\"},\"image\":{\"@id\":\"https:\\\/\\\/cyberlogics.ao\\\/index.php\\\/product\\\/router-tp-link-wifi-ac750-dual-band\\\/#primaryimage\"},\"thumbnailUrl\":\"https:\\\/\\\/cyberlogics.ao\\\/wp-content\\\/uploads\\\/2025\\\/09\\\/router-tp-link-wifi-ac750-dual-band.jpg\",\"datePublished\":\"2025-09-18T10:15:19+00:00\",\"dateModified\":\"2025-09-18T10:15:20+00:00\",\"description\":\"A Maior Loja Online de Angola de Licen\u00e7as Microsoft Office | Chaves Sistemas Operativos Windows | Antiv\u00edrus | Cloud Adobe | Inform\u00e1tica & Servidores | Softwares de Gest\u00e3o ERP | Gaming Hardware | UPS e Baterias & Muito Mais...\",\"breadcrumb\":{\"@id\":\"https:\\\/\\\/cyberlogics.ao\\\/index.php\\\/product\\\/router-tp-link-wifi-ac750-dual-band\\\/#breadcrumb\"},\"inLanguage\":\"pt-PT\",\"potentialAction\":[{\"@type\":\"ReadAction\",\"target\":[\"https:\\\/\\\/cyberlogics.ao\\\/index.php\\\/product\\\/router-tp-link-wifi-ac750-dual-band\\\/\"]}]},{\"@type\":\"ImageObject\",\"inLanguage\":\"pt-PT\",\"@id\":\"https:\\\/\\\/cyberlogics.ao\\\/index.php\\\/product\\\/router-tp-link-wifi-ac750-dual-band\\\/#primaryimage\",\"url\":\"https:\\\/\\\/cyberlogics.ao\\\/wp-content\\\/uploads\\\/2025\\\/09\\\/router-tp-link-wifi-ac750-dual-band.jpg\",\"contentUrl\":\"https:\\\/\\\/cyberlogics.ao\\\/wp-content\\\/uploads\\\/2025\\\/09\\\/router-tp-link-wifi-ac750-dual-band.jpg\",\"width\":400,\"height\":400},{\"@type\":\"BreadcrumbList\",\"@id\":\"https:\\\/\\\/cyberlogics.ao\\\/index.php\\\/product\\\/router-tp-link-wifi-ac750-dual-band\\\/#breadcrumb\",\"itemListElement\":[{\"@type\":\"ListItem\",\"position\":1,\"name\":\"In\u00edcio\",\"item\":\"https:\\\/\\\/cyberlogics.ao\\\/\"},{\"@type\":\"ListItem\",\"position\":2,\"name\":\"Produtos\",\"item\":\"https:\\\/\\\/cyberlogics.ao\\\/index.php\\\/shop-2\\\/\"},{\"@type\":\"ListItem\",\"position\":3,\"name\":\"ROUTER TP-LINK WIFI AC750 DUAL BAND\"}]},{\"@type\":\"WebSite\",\"@id\":\"https:\\\/\\\/cyberlogics.ao\\\/#website\",\"url\":\"https:\\\/\\\/cyberlogics.ao\\\/\",\"name\":\"Cyberlogics Technologies Angola\",\"description\":\"Loja Online de Licen\u00e7as de Softwares e Inform\u00e1tica\",\"publisher\":{\"@id\":\"https:\\\/\\\/cyberlogics.ao\\\/#organization\"},\"potentialAction\":[{\"@type\":\"SearchAction\",\"target\":{\"@type\":\"EntryPoint\",\"urlTemplate\":\"https:\\\/\\\/cyberlogics.ao\\\/?s={search_term_string}\"},\"query-input\":{\"@type\":\"PropertyValueSpecification\",\"valueRequired\":true,\"valueName\":\"search_term_string\"}}],\"inLanguage\":\"pt-PT\"},{\"@type\":\"Organization\",\"@id\":\"https:\\\/\\\/cyberlogics.ao\\\/#organization\",\"name\":\"Cyberlogics Ao Technologies - Loja Online de Licen\u00e7as de Softwares e Inform\u00e1tica\",\"url\":\"https:\\\/\\\/cyberlogics.ao\\\/\",\"logo\":{\"@type\":\"ImageObject\",\"inLanguage\":\"pt-PT\",\"@id\":\"https:\\\/\\\/cyberlogics.ao\\\/#\\\/schema\\\/logo\\\/image\\\/\",\"url\":\"https:\\\/\\\/cyberlogics.ao\\\/wp-content\\\/uploads\\\/2022\\\/04\\\/CT-logo.png\",\"contentUrl\":\"https:\\\/\\\/cyberlogics.ao\\\/wp-content\\\/uploads\\\/2022\\\/04\\\/CT-logo.png\",\"width\":190,\"height\":75,\"caption\":\"Cyberlogics Ao Technologies - Loja Online de Licen\u00e7as de Softwares e Inform\u00e1tica\"},\"image\":{\"@id\":\"https:\\\/\\\/cyberlogics.ao\\\/#\\\/schema\\\/logo\\\/image\\\/\"}}]}<\/script>\n<!-- \/ Yoast SEO plugin. -->","yoast_head_json":{"title":"ROUTER TP-LINK WIFI AC750 DUAL BAND - Cyberlogics Technologies Angola","description":"A Maior Loja Online de Angola de Licen\u00e7as Microsoft Office | Chaves Sistemas Operativos Windows | Antiv\u00edrus | Cloud Adobe | Inform\u00e1tica & Servidores | Softwares de Gest\u00e3o ERP | Gaming Hardware | UPS e Baterias & Muito Mais...","robots":{"index":"index","follow":"follow","max-snippet":"max-snippet:-1","max-image-preview":"max-image-preview:large","max-video-preview":"max-video-preview:-1"},"canonical":"https:\/\/cyberlogics.ao\/index.php\/product\/router-tp-link-wifi-ac750-dual-band\/","og_locale":"pt_PT","og_type":"article","og_title":"ROUTER TP-LINK WIFI AC750 DUAL BAND - Cyberlogics Technologies Angola","og_description":"A Maior Loja Online de Angola de Licen\u00e7as Microsoft Office | Chaves Sistemas Operativos Windows | Antiv\u00edrus | Cloud Adobe | Inform\u00e1tica & Servidores | Softwares de Gest\u00e3o ERP | Gaming Hardware | UPS e Baterias & Muito Mais...","og_url":"https:\/\/cyberlogics.ao\/index.php\/product\/router-tp-link-wifi-ac750-dual-band\/","og_site_name":"Cyberlogics Technologies Angola","article_modified_time":"2025-09-18T10:15:20+00:00","og_image":[{"width":400,"height":400,"url":"http:\/\/cyberlogics.ao\/wp-content\/uploads\/2025\/09\/router-tp-link-wifi-ac750-dual-band.jpg","type":"image\/jpeg"}],"twitter_card":"summary_large_image","twitter_misc":{"Tempo estimado de leitura":"2 minutos"},"schema":{"@context":"https:\/\/schema.org","@graph":[{"@type":"WebPage","@id":"https:\/\/cyberlogics.ao\/index.php\/product\/router-tp-link-wifi-ac750-dual-band\/","url":"https:\/\/cyberlogics.ao\/index.php\/product\/router-tp-link-wifi-ac750-dual-band\/","name":"ROUTER TP-LINK WIFI AC750 DUAL BAND - Cyberlogics Technologies Angola","isPartOf":{"@id":"https:\/\/cyberlogics.ao\/#website"},"primaryImageOfPage":{"@id":"https:\/\/cyberlogics.ao\/index.php\/product\/router-tp-link-wifi-ac750-dual-band\/#primaryimage"},"image":{"@id":"https:\/\/cyberlogics.ao\/index.php\/product\/router-tp-link-wifi-ac750-dual-band\/#primaryimage"},"thumbnailUrl":"https:\/\/cyberlogics.ao\/wp-content\/uploads\/2025\/09\/router-tp-link-wifi-ac750-dual-band.jpg","datePublished":"2025-09-18T10:15:19+00:00","dateModified":"2025-09-18T10:15:20+00:00","description":"A Maior Loja Online de Angola de Licen\u00e7as Microsoft Office | Chaves Sistemas Operativos Windows | Antiv\u00edrus | Cloud Adobe | Inform\u00e1tica & Servidores | Softwares de Gest\u00e3o ERP | Gaming Hardware | UPS e Baterias & Muito Mais...","breadcrumb":{"@id":"https:\/\/cyberlogics.ao\/index.php\/product\/router-tp-link-wifi-ac750-dual-band\/#breadcrumb"},"inLanguage":"pt-PT","potentialAction":[{"@type":"ReadAction","target":["https:\/\/cyberlogics.ao\/index.php\/product\/router-tp-link-wifi-ac750-dual-band\/"]}]},{"@type":"ImageObject","inLanguage":"pt-PT","@id":"https:\/\/cyberlogics.ao\/index.php\/product\/router-tp-link-wifi-ac750-dual-band\/#primaryimage","url":"https:\/\/cyberlogics.ao\/wp-content\/uploads\/2025\/09\/router-tp-link-wifi-ac750-dual-band.jpg","contentUrl":"https:\/\/cyberlogics.ao\/wp-content\/uploads\/2025\/09\/router-tp-link-wifi-ac750-dual-band.jpg","width":400,"height":400},{"@type":"BreadcrumbList","@id":"https:\/\/cyberlogics.ao\/index.php\/product\/router-tp-link-wifi-ac750-dual-band\/#breadcrumb","itemListElement":[{"@type":"ListItem","position":1,"name":"In\u00edcio","item":"https:\/\/cyberlogics.ao\/"},{"@type":"ListItem","position":2,"name":"Produtos","item":"https:\/\/cyberlogics.ao\/index.php\/shop-2\/"},{"@type":"ListItem","position":3,"name":"ROUTER TP-LINK WIFI AC750 DUAL BAND"}]},{"@type":"WebSite","@id":"https:\/\/cyberlogics.ao\/#website","url":"https:\/\/cyberlogics.ao\/","name":"Cyberlogics Technologies Angola","description":"Loja Online de Licen\u00e7as de Softwares e Inform\u00e1tica","publisher":{"@id":"https:\/\/cyberlogics.ao\/#organization"},"potentialAction":[{"@type":"SearchAction","target":{"@type":"EntryPoint","urlTemplate":"https:\/\/cyberlogics.ao\/?s={search_term_string}"},"query-input":{"@type":"PropertyValueSpecification","valueRequired":true,"valueName":"search_term_string"}}],"inLanguage":"pt-PT"},{"@type":"Organization","@id":"https:\/\/cyberlogics.ao\/#organization","name":"Cyberlogics Ao Technologies - Loja Online de Licen\u00e7as de Softwares e Inform\u00e1tica","url":"https:\/\/cyberlogics.ao\/","logo":{"@type":"ImageObject","inLanguage":"pt-PT","@id":"https:\/\/cyberlogics.ao\/#\/schema\/logo\/image\/","url":"https:\/\/cyberlogics.ao\/wp-content\/uploads\/2022\/04\/CT-logo.png","contentUrl":"https:\/\/cyberlogics.ao\/wp-content\/uploads\/2022\/04\/CT-logo.png","width":190,"height":75,"caption":"Cyberlogics Ao Technologies - Loja Online de Licen\u00e7as de Softwares e Inform\u00e1tica"},"image":{"@id":"https:\/\/cyberlogics.ao\/#\/schema\/logo\/image\/"}}]}},"_links":{"self":[{"href":"https:\/\/cyberlogics.ao\/index.php\/wp-json\/wp\/v2\/product\/9371","targetHints":{"allow":["GET"]}}],"collection":[{"href":"https:\/\/cyberlogics.ao\/index.php\/wp-json\/wp\/v2\/product"}],"about":[{"href":"https:\/\/cyberlogics.ao\/index.php\/wp-json\/wp\/v2\/types\/product"}],"replies":[{"embeddable":true,"href":"https:\/\/cyberlogics.ao\/index.php\/wp-json\/wp\/v2\/comments?post=9371"}],"wp:featuredmedia":[{"embeddable":true,"href":"https:\/\/cyberlogics.ao\/index.php\/wp-json\/wp\/v2\/media\/9372"}],"wp:attachment":[{"href":"https:\/\/cyberlogics.ao\/index.php\/wp-json\/wp\/v2\/media?parent=9371"}],"wp:term":[{"taxonomy":"product_brand","embeddable":true,"href":"https:\/\/cyberlogics.ao\/index.php\/wp-json\/wp\/v2\/product_brand?post=9371"},{"taxonomy":"product_cat","embeddable":true,"href":"https:\/\/cyberlogics.ao\/index.php\/wp-json\/wp\/v2\/product_cat?post=9371"},{"taxonomy":"product_tag","embeddable":true,"href":"https:\/\/cyberlogics.ao\/index.php\/wp-json\/wp\/v2\/product_tag?post=9371"}],"curies":[{"name":"wp","href":"https:\/\/api.w.org\/{rel}","templated":true}]}}