{"id":9396,"date":"2025-09-18T12:29:25","date_gmt":"2025-09-18T12:29:25","guid":{"rendered":"https:\/\/cyberlogics.ao\/?post_type=product&#038;p=9396"},"modified":"2025-09-18T12:29:25","modified_gmt":"2025-09-18T12:29:25","slug":"switch-hpe-aruba-i-on-1930-24g-4sfp-sfp","status":"publish","type":"product","link":"https:\/\/cyberlogics.ao\/index.php\/product\/switch-hpe-aruba-i-on-1930-24g-4sfp-sfp\/","title":{"rendered":"SWITCH HPE ARUBA I-ON 1930 24G 4SFP\/SFP+"},"content":{"rendered":"<h2>Especifica\u00e7\u00e3o JL682A<\/h2>\n<div class=\"std\">\n<table>\n<tbody>\n<tr>\n<td colspan=\"2\">\n<h3>Especifica\u00e7\u00e3o JL682A<\/h3>\n<\/td>\n<\/tr>\n<tr>\n<td>Portas e slots de E\/S<\/td>\n<td>24 portas RJ-45 autosensing 10\/100\/1000 (IEEE 802.3 Tipo 10BASE-T, IEEE 802.3u Tipo 100BASETX, IEEE 802.3ab Tipo 1000BASE-T);<\/p>\n<p>Duplex: 10BASE-T\/100BASE-TX: metade ou completo;\u00a01000BASE-T: somente completo<\/p>\n<p>&nbsp;<\/p>\n<p>4 portas SFP+ 1\/10GbE<\/td>\n<\/tr>\n<tr>\n<td>Dimens\u00e3o<\/td>\n<td>17,42 (largura) x 8,72 (d) x 1,73 (h) pol (44,25 x 22,15 x 4,39 cm) (altura de 1U)<\/td>\n<\/tr>\n<tr>\n<td>Processador e mem\u00f3ria<\/td>\n<td>ARM Cortex-A9 @ 800 MHz, SDRAM de 512 MB, flash de 256 MB;\u00a0buffer de pacote: 1,5 MB<\/td>\n<\/tr>\n<tr>\n<td>Taxa de transfer\u00eancia (Mpps)<\/td>\n<td>95,23 Mpps<\/td>\n<\/tr>\n<tr>\n<td>Capacidade de comuta\u00e7\u00e3o<\/td>\n<td>128 Gbps<\/td>\n<\/tr>\n<tr>\n<td>Temperatura de opera\u00e7\u00e3o<\/td>\n<td>32\u00b0F a 104\u00b0F (0\u00b0C a 40\u00b0C)<\/td>\n<\/tr>\n<tr>\n<td>Parente operacional<\/p>\n<p>umidade<\/td>\n<td>15% a 95% @ 104\u00b0F (40\u00b0C)<\/td>\n<\/tr>\n<tr>\n<td>N\u00e3o operacional\/armazenamento<\/p>\n<p>temperatura<\/td>\n<td>-40\u00b0F a 158\u00b0F (-40\u00b0C a 70\u00b0C)<\/td>\n<\/tr>\n<tr>\n<td>N\u00e3o operacional\/armazenamento<\/p>\n<p>humidade relativa<\/td>\n<td>15% a 95% @ 140\u00b0F (60\u00b0C)<\/td>\n<\/tr>\n<tr>\n<td>Altitude<\/td>\n<td>at\u00e9 10.000 p\u00e9s (3 km)<\/td>\n<\/tr>\n<tr>\n<td>Energia ociosa<\/td>\n<td>9,3 W<\/td>\n<\/tr>\n<tr>\n<td>PoE<\/td>\n<td>N\u00e3o suporta<\/td>\n<\/tr>\n<tr>\n<td>Fonte de energia<\/td>\n<td>Fonte de alimenta\u00e7\u00e3o interna<\/td>\n<\/tr>\n<\/tbody>\n<\/table>\n<\/div>\n","protected":false},"excerpt":{"rendered":"<p><label>Marca:<\/label>\u00a0<span class=\"editable\">HPE<\/span><br \/>\n<label>Part-Number:<\/label>\u00a0<span class=\"editable\">JL682A<\/span><\/p>\n","protected":false},"featured_media":9397,"comment_status":"open","ping_status":"closed","template":"","meta":{"_joinchat":[]},"product_brand":[],"product_cat":[313,657],"product_tag":[],"class_list":{"0":"post-9396","1":"product","2":"type-product","3":"status-publish","4":"has-post-thumbnail","6":"product_cat-switch-hp","7":"product_cat-switch-hpe-aruba","9":"first","10":"instock","11":"shipping-taxable","12":"purchasable","13":"product-type-simple"},"yoast_head":"<!-- This site is optimized with the Yoast SEO plugin v27.3 - https:\/\/yoast.com\/product\/yoast-seo-wordpress\/ -->\n<title>SWITCH HPE ARUBA I-ON 1930 24G 4SFP\/SFP+ - Cyberlogics Technologies Angola<\/title>\n<meta name=\"description\" content=\"A Maior Loja Online de Angola de Licen\u00e7as Microsoft Office | Chaves Sistemas Operativos Windows | Antiv\u00edrus | Cloud Adobe | Inform\u00e1tica &amp; Servidores | Softwares de Gest\u00e3o ERP | Gaming Hardware | UPS e Baterias &amp; Muito Mais...\" \/>\n<meta name=\"robots\" content=\"index, follow, max-snippet:-1, max-image-preview:large, max-video-preview:-1\" \/>\n<link rel=\"canonical\" href=\"https:\/\/cyberlogics.ao\/index.php\/product\/switch-hpe-aruba-i-on-1930-24g-4sfp-sfp\/\" \/>\n<meta property=\"og:locale\" content=\"pt_PT\" \/>\n<meta property=\"og:type\" content=\"article\" \/>\n<meta property=\"og:title\" content=\"SWITCH HPE ARUBA I-ON 1930 24G 4SFP\/SFP+ - Cyberlogics Technologies Angola\" \/>\n<meta property=\"og:description\" content=\"A Maior Loja Online de Angola de Licen\u00e7as Microsoft Office | Chaves Sistemas Operativos Windows | Antiv\u00edrus | Cloud Adobe | Inform\u00e1tica &amp; Servidores | Softwares de Gest\u00e3o ERP | Gaming Hardware | UPS e Baterias &amp; Muito Mais...\" \/>\n<meta property=\"og:url\" content=\"https:\/\/cyberlogics.ao\/index.php\/product\/switch-hpe-aruba-i-on-1930-24g-4sfp-sfp\/\" \/>\n<meta property=\"og:site_name\" content=\"Cyberlogics Technologies Angola\" \/>\n<meta property=\"og:image\" content=\"http:\/\/cyberlogics.ao\/wp-content\/uploads\/2025\/09\/switch-hpe-aruba-i-on-1930-24g-4sfpsfp.jpg\" \/>\n\t<meta property=\"og:image:width\" content=\"400\" \/>\n\t<meta property=\"og:image:height\" content=\"400\" \/>\n\t<meta property=\"og:image:type\" content=\"image\/jpeg\" \/>\n<meta name=\"twitter:card\" content=\"summary_large_image\" \/>\n<meta name=\"twitter:label1\" content=\"Tempo estimado de leitura\" \/>\n\t<meta name=\"twitter:data1\" content=\"1 minuto\" \/>\n<script type=\"application\/ld+json\" class=\"yoast-schema-graph\">{\"@context\":\"https:\\\/\\\/schema.org\",\"@graph\":[{\"@type\":\"WebPage\",\"@id\":\"https:\\\/\\\/cyberlogics.ao\\\/index.php\\\/product\\\/switch-hpe-aruba-i-on-1930-24g-4sfp-sfp\\\/\",\"url\":\"https:\\\/\\\/cyberlogics.ao\\\/index.php\\\/product\\\/switch-hpe-aruba-i-on-1930-24g-4sfp-sfp\\\/\",\"name\":\"SWITCH HPE ARUBA I-ON 1930 24G 4SFP\\\/SFP+ - Cyberlogics Technologies Angola\",\"isPartOf\":{\"@id\":\"https:\\\/\\\/cyberlogics.ao\\\/#website\"},\"primaryImageOfPage\":{\"@id\":\"https:\\\/\\\/cyberlogics.ao\\\/index.php\\\/product\\\/switch-hpe-aruba-i-on-1930-24g-4sfp-sfp\\\/#primaryimage\"},\"image\":{\"@id\":\"https:\\\/\\\/cyberlogics.ao\\\/index.php\\\/product\\\/switch-hpe-aruba-i-on-1930-24g-4sfp-sfp\\\/#primaryimage\"},\"thumbnailUrl\":\"https:\\\/\\\/cyberlogics.ao\\\/wp-content\\\/uploads\\\/2025\\\/09\\\/switch-hpe-aruba-i-on-1930-24g-4sfpsfp.jpg\",\"datePublished\":\"2025-09-18T12:29:25+00:00\",\"description\":\"A Maior Loja Online de Angola de Licen\u00e7as Microsoft Office | Chaves Sistemas Operativos Windows | Antiv\u00edrus | Cloud Adobe | Inform\u00e1tica & Servidores | Softwares de Gest\u00e3o ERP | Gaming Hardware | UPS e Baterias & Muito Mais...\",\"breadcrumb\":{\"@id\":\"https:\\\/\\\/cyberlogics.ao\\\/index.php\\\/product\\\/switch-hpe-aruba-i-on-1930-24g-4sfp-sfp\\\/#breadcrumb\"},\"inLanguage\":\"pt-PT\",\"potentialAction\":[{\"@type\":\"ReadAction\",\"target\":[\"https:\\\/\\\/cyberlogics.ao\\\/index.php\\\/product\\\/switch-hpe-aruba-i-on-1930-24g-4sfp-sfp\\\/\"]}]},{\"@type\":\"ImageObject\",\"inLanguage\":\"pt-PT\",\"@id\":\"https:\\\/\\\/cyberlogics.ao\\\/index.php\\\/product\\\/switch-hpe-aruba-i-on-1930-24g-4sfp-sfp\\\/#primaryimage\",\"url\":\"https:\\\/\\\/cyberlogics.ao\\\/wp-content\\\/uploads\\\/2025\\\/09\\\/switch-hpe-aruba-i-on-1930-24g-4sfpsfp.jpg\",\"contentUrl\":\"https:\\\/\\\/cyberlogics.ao\\\/wp-content\\\/uploads\\\/2025\\\/09\\\/switch-hpe-aruba-i-on-1930-24g-4sfpsfp.jpg\",\"width\":400,\"height\":400},{\"@type\":\"BreadcrumbList\",\"@id\":\"https:\\\/\\\/cyberlogics.ao\\\/index.php\\\/product\\\/switch-hpe-aruba-i-on-1930-24g-4sfp-sfp\\\/#breadcrumb\",\"itemListElement\":[{\"@type\":\"ListItem\",\"position\":1,\"name\":\"In\u00edcio\",\"item\":\"https:\\\/\\\/cyberlogics.ao\\\/\"},{\"@type\":\"ListItem\",\"position\":2,\"name\":\"Produtos\",\"item\":\"https:\\\/\\\/cyberlogics.ao\\\/index.php\\\/shop-2\\\/\"},{\"@type\":\"ListItem\",\"position\":3,\"name\":\"SWITCH HPE ARUBA I-ON 1930 24G 4SFP\\\/SFP+\"}]},{\"@type\":\"WebSite\",\"@id\":\"https:\\\/\\\/cyberlogics.ao\\\/#website\",\"url\":\"https:\\\/\\\/cyberlogics.ao\\\/\",\"name\":\"Cyberlogics Technologies Angola\",\"description\":\"Loja Online de Licen\u00e7as de Softwares e Inform\u00e1tica\",\"publisher\":{\"@id\":\"https:\\\/\\\/cyberlogics.ao\\\/#organization\"},\"potentialAction\":[{\"@type\":\"SearchAction\",\"target\":{\"@type\":\"EntryPoint\",\"urlTemplate\":\"https:\\\/\\\/cyberlogics.ao\\\/?s={search_term_string}\"},\"query-input\":{\"@type\":\"PropertyValueSpecification\",\"valueRequired\":true,\"valueName\":\"search_term_string\"}}],\"inLanguage\":\"pt-PT\"},{\"@type\":\"Organization\",\"@id\":\"https:\\\/\\\/cyberlogics.ao\\\/#organization\",\"name\":\"Cyberlogics Ao Technologies - Loja Online de Licen\u00e7as de Softwares e Inform\u00e1tica\",\"url\":\"https:\\\/\\\/cyberlogics.ao\\\/\",\"logo\":{\"@type\":\"ImageObject\",\"inLanguage\":\"pt-PT\",\"@id\":\"https:\\\/\\\/cyberlogics.ao\\\/#\\\/schema\\\/logo\\\/image\\\/\",\"url\":\"https:\\\/\\\/cyberlogics.ao\\\/wp-content\\\/uploads\\\/2022\\\/04\\\/CT-logo.png\",\"contentUrl\":\"https:\\\/\\\/cyberlogics.ao\\\/wp-content\\\/uploads\\\/2022\\\/04\\\/CT-logo.png\",\"width\":190,\"height\":75,\"caption\":\"Cyberlogics Ao Technologies - Loja Online de Licen\u00e7as de Softwares e Inform\u00e1tica\"},\"image\":{\"@id\":\"https:\\\/\\\/cyberlogics.ao\\\/#\\\/schema\\\/logo\\\/image\\\/\"}}]}<\/script>\n<!-- \/ Yoast SEO plugin. -->","yoast_head_json":{"title":"SWITCH HPE ARUBA I-ON 1930 24G 4SFP\/SFP+ - Cyberlogics Technologies Angola","description":"A Maior Loja Online de Angola de Licen\u00e7as Microsoft Office | Chaves Sistemas Operativos Windows | Antiv\u00edrus | Cloud Adobe | Inform\u00e1tica & Servidores | Softwares de Gest\u00e3o ERP | Gaming Hardware | UPS e Baterias & Muito Mais...","robots":{"index":"index","follow":"follow","max-snippet":"max-snippet:-1","max-image-preview":"max-image-preview:large","max-video-preview":"max-video-preview:-1"},"canonical":"https:\/\/cyberlogics.ao\/index.php\/product\/switch-hpe-aruba-i-on-1930-24g-4sfp-sfp\/","og_locale":"pt_PT","og_type":"article","og_title":"SWITCH HPE ARUBA I-ON 1930 24G 4SFP\/SFP+ - Cyberlogics Technologies Angola","og_description":"A Maior Loja Online de Angola de Licen\u00e7as Microsoft Office | Chaves Sistemas Operativos Windows | Antiv\u00edrus | Cloud Adobe | Inform\u00e1tica & Servidores | Softwares de Gest\u00e3o ERP | Gaming Hardware | UPS e Baterias & Muito Mais...","og_url":"https:\/\/cyberlogics.ao\/index.php\/product\/switch-hpe-aruba-i-on-1930-24g-4sfp-sfp\/","og_site_name":"Cyberlogics Technologies Angola","og_image":[{"width":400,"height":400,"url":"http:\/\/cyberlogics.ao\/wp-content\/uploads\/2025\/09\/switch-hpe-aruba-i-on-1930-24g-4sfpsfp.jpg","type":"image\/jpeg"}],"twitter_card":"summary_large_image","twitter_misc":{"Tempo estimado de leitura":"1 minuto"},"schema":{"@context":"https:\/\/schema.org","@graph":[{"@type":"WebPage","@id":"https:\/\/cyberlogics.ao\/index.php\/product\/switch-hpe-aruba-i-on-1930-24g-4sfp-sfp\/","url":"https:\/\/cyberlogics.ao\/index.php\/product\/switch-hpe-aruba-i-on-1930-24g-4sfp-sfp\/","name":"SWITCH HPE ARUBA I-ON 1930 24G 4SFP\/SFP+ - Cyberlogics Technologies Angola","isPartOf":{"@id":"https:\/\/cyberlogics.ao\/#website"},"primaryImageOfPage":{"@id":"https:\/\/cyberlogics.ao\/index.php\/product\/switch-hpe-aruba-i-on-1930-24g-4sfp-sfp\/#primaryimage"},"image":{"@id":"https:\/\/cyberlogics.ao\/index.php\/product\/switch-hpe-aruba-i-on-1930-24g-4sfp-sfp\/#primaryimage"},"thumbnailUrl":"https:\/\/cyberlogics.ao\/wp-content\/uploads\/2025\/09\/switch-hpe-aruba-i-on-1930-24g-4sfpsfp.jpg","datePublished":"2025-09-18T12:29:25+00:00","description":"A Maior Loja Online de Angola de Licen\u00e7as Microsoft Office | Chaves Sistemas Operativos Windows | Antiv\u00edrus | Cloud Adobe | Inform\u00e1tica & Servidores | Softwares de Gest\u00e3o ERP | Gaming Hardware | UPS e Baterias & Muito Mais...","breadcrumb":{"@id":"https:\/\/cyberlogics.ao\/index.php\/product\/switch-hpe-aruba-i-on-1930-24g-4sfp-sfp\/#breadcrumb"},"inLanguage":"pt-PT","potentialAction":[{"@type":"ReadAction","target":["https:\/\/cyberlogics.ao\/index.php\/product\/switch-hpe-aruba-i-on-1930-24g-4sfp-sfp\/"]}]},{"@type":"ImageObject","inLanguage":"pt-PT","@id":"https:\/\/cyberlogics.ao\/index.php\/product\/switch-hpe-aruba-i-on-1930-24g-4sfp-sfp\/#primaryimage","url":"https:\/\/cyberlogics.ao\/wp-content\/uploads\/2025\/09\/switch-hpe-aruba-i-on-1930-24g-4sfpsfp.jpg","contentUrl":"https:\/\/cyberlogics.ao\/wp-content\/uploads\/2025\/09\/switch-hpe-aruba-i-on-1930-24g-4sfpsfp.jpg","width":400,"height":400},{"@type":"BreadcrumbList","@id":"https:\/\/cyberlogics.ao\/index.php\/product\/switch-hpe-aruba-i-on-1930-24g-4sfp-sfp\/#breadcrumb","itemListElement":[{"@type":"ListItem","position":1,"name":"In\u00edcio","item":"https:\/\/cyberlogics.ao\/"},{"@type":"ListItem","position":2,"name":"Produtos","item":"https:\/\/cyberlogics.ao\/index.php\/shop-2\/"},{"@type":"ListItem","position":3,"name":"SWITCH HPE ARUBA I-ON 1930 24G 4SFP\/SFP+"}]},{"@type":"WebSite","@id":"https:\/\/cyberlogics.ao\/#website","url":"https:\/\/cyberlogics.ao\/","name":"Cyberlogics Technologies Angola","description":"Loja Online de Licen\u00e7as de Softwares e Inform\u00e1tica","publisher":{"@id":"https:\/\/cyberlogics.ao\/#organization"},"potentialAction":[{"@type":"SearchAction","target":{"@type":"EntryPoint","urlTemplate":"https:\/\/cyberlogics.ao\/?s={search_term_string}"},"query-input":{"@type":"PropertyValueSpecification","valueRequired":true,"valueName":"search_term_string"}}],"inLanguage":"pt-PT"},{"@type":"Organization","@id":"https:\/\/cyberlogics.ao\/#organization","name":"Cyberlogics Ao Technologies - Loja Online de Licen\u00e7as de Softwares e Inform\u00e1tica","url":"https:\/\/cyberlogics.ao\/","logo":{"@type":"ImageObject","inLanguage":"pt-PT","@id":"https:\/\/cyberlogics.ao\/#\/schema\/logo\/image\/","url":"https:\/\/cyberlogics.ao\/wp-content\/uploads\/2022\/04\/CT-logo.png","contentUrl":"https:\/\/cyberlogics.ao\/wp-content\/uploads\/2022\/04\/CT-logo.png","width":190,"height":75,"caption":"Cyberlogics Ao Technologies - Loja Online de Licen\u00e7as de Softwares e Inform\u00e1tica"},"image":{"@id":"https:\/\/cyberlogics.ao\/#\/schema\/logo\/image\/"}}]}},"_links":{"self":[{"href":"https:\/\/cyberlogics.ao\/index.php\/wp-json\/wp\/v2\/product\/9396","targetHints":{"allow":["GET"]}}],"collection":[{"href":"https:\/\/cyberlogics.ao\/index.php\/wp-json\/wp\/v2\/product"}],"about":[{"href":"https:\/\/cyberlogics.ao\/index.php\/wp-json\/wp\/v2\/types\/product"}],"replies":[{"embeddable":true,"href":"https:\/\/cyberlogics.ao\/index.php\/wp-json\/wp\/v2\/comments?post=9396"}],"wp:featuredmedia":[{"embeddable":true,"href":"https:\/\/cyberlogics.ao\/index.php\/wp-json\/wp\/v2\/media\/9397"}],"wp:attachment":[{"href":"https:\/\/cyberlogics.ao\/index.php\/wp-json\/wp\/v2\/media?parent=9396"}],"wp:term":[{"taxonomy":"product_brand","embeddable":true,"href":"https:\/\/cyberlogics.ao\/index.php\/wp-json\/wp\/v2\/product_brand?post=9396"},{"taxonomy":"product_cat","embeddable":true,"href":"https:\/\/cyberlogics.ao\/index.php\/wp-json\/wp\/v2\/product_cat?post=9396"},{"taxonomy":"product_tag","embeddable":true,"href":"https:\/\/cyberlogics.ao\/index.php\/wp-json\/wp\/v2\/product_tag?post=9396"}],"curies":[{"name":"wp","href":"https:\/\/api.w.org\/{rel}","templated":true}]}}