{"id":9417,"date":"2025-09-18T13:44:00","date_gmt":"2025-09-18T13:44:00","guid":{"rendered":"https:\/\/cyberlogics.ao\/?post_type=product&#038;p=9417"},"modified":"2025-09-18T13:44:00","modified_gmt":"2025-09-18T13:44:00","slug":"switch-8-tp-link-10-100-easy-smart","status":"publish","type":"product","link":"https:\/\/cyberlogics.ao\/index.php\/product\/switch-8-tp-link-10-100-easy-smart\/","title":{"rendered":"SWITCH 8 TP-LINK 10\/100 EASY SMART"},"content":{"rendered":"<table>\n<thead>\n<tr id=\"tr_603\">\n<th colspan=\"2\"><a>CARACTER\u00cdSTICAS DE HARDWARE<\/a><\/th>\n<\/tr>\n<\/thead>\n<tbody>\n<tr id=\"tr_1079\">\n<th width=\"35%\">Padr\u00f5es e Protocolos<\/th>\n<td width=\"65%\">IEEE 802.3, IEEE 802.3u, IEEE 802.3x<br \/>\nCSMA\/CD<\/td>\n<\/tr>\n<tr id=\"tr_694\">\n<th width=\"35%\">Interface<\/th>\n<td width=\"65%\">8 portas 10\/100\/Mbps, Auto Negocia\u00e7\u00e3o, AUTO MDI\/MDIX<\/td>\n<\/tr>\n<tr id=\"tr_2336\">\n<th width=\"35%\">Quantidade de Ventoinhas<\/th>\n<td width=\"65%\">Sem Cooler<\/td>\n<\/tr>\n<tr id=\"tr_1111\">\n<th width=\"35%\">Fonte de Alimenta\u00e7\u00e3o<\/th>\n<td width=\"65%\">Fonte de energia externa(Sa\u00edda: 5.0VDC \/ 0.6A)<\/td>\n<\/tr>\n<tr id=\"tr_1083\">\n<th width=\"35%\">Consumo de Energia<\/th>\n<td width=\"65%\">M\u00e1ximo: 2.05W (220V\/50Hz)<\/td>\n<\/tr>\n<tr id=\"tr_613\">\n<th width=\"35%\">Fonte de Alimenta\u00e7\u00e3o Externa<\/th>\n<td width=\"65%\">100-240VAC, 50\/60Hz<\/td>\n<\/tr>\n<tr id=\"tr_1132\">\n<th width=\"35%\">Tamanho de Buffer<\/th>\n<td width=\"65%\">768Kb<\/td>\n<\/tr>\n<tr id=\"tr_1093\">\n<th width=\"35%\">Taxa de Dados<\/th>\n<td width=\"65%\">10\/100Mbps em Half Duplex ;<br \/>\n20\/200Mbps em Full Duplex<\/td>\n<\/tr>\n<tr id=\"tr_1081\">\n<th width=\"35%\">Indicador LED<\/th>\n<td width=\"65%\">Ligado, Portas 1, 2, 3, 4, 5, 6, 7, 8<\/td>\n<\/tr>\n<tr id=\"tr_697\">\n<th width=\"35%\">Dimens\u00f5es (L X C X A)<\/th>\n<td width=\"65%\">5.3*3.1*0.9Pol. (134.5*79*22.5mm)<\/td>\n<\/tr>\n<tr id=\"tr_5530\">\n<th width=\"35%\">Consumo m\u00e1ximo de energia<\/th>\n<td width=\"65%\">2.05W(220V\/50Hz)<\/td>\n<\/tr>\n<tr id=\"tr_5854\">\n<th width=\"35%\">Dissipa\u00e7\u00e3o de calor m\u00e1xima<\/th>\n<td width=\"65%\">6.99BTU\/h<\/td>\n<\/tr>\n<\/tbody>\n<\/table>\n<table>\n<thead>\n<tr id=\"tr_605\">\n<th colspan=\"2\"><a>CARACTER\u00cdSTICAS DE SOFTWARE<\/a><\/th>\n<\/tr>\n<\/thead>\n<tbody>\n<tr id=\"tr_1095\">\n<th width=\"35%\">M\u00e9todo de Transfer\u00eancia<\/th>\n<td width=\"65%\">Store and Forward<\/td>\n<\/tr>\n<tr id=\"tr_1087\">\n<th width=\"35%\">Fun\u00e7\u00f5es Avan\u00e7adas<\/th>\n<td width=\"65%\">Tecnologia Verde, economia de at\u00e9 70% de energia<br \/>\nControle de Fluxo 802.3x, Back Pressure<br \/>\nAuto Uplink em Cada Porta<\/td>\n<\/tr>\n<\/tbody>\n<\/table>\n<table>\n<thead>\n<tr id=\"tr_606\">\n<th colspan=\"2\"><a>OUTROS<\/a><\/th>\n<\/tr>\n<\/thead>\n<tbody>\n<tr id=\"tr_714\">\n<th width=\"35%\">Certifica\u00e7\u00e3o<\/th>\n<td width=\"65%\">FCC, CE, RoHS<\/td>\n<\/tr>\n<tr id=\"tr_715\">\n<th width=\"35%\">Conte\u00fado do Pacote<\/th>\n<td width=\"65%\">Switch de mesa de 8-Portas 10\/100Mbps<br \/>\nAdaptador de Energia<br \/>\nGuia do Usu\u00e1rio<\/td>\n<\/tr>\n<tr id=\"tr_717\">\n<th width=\"35%\">Ambiente<\/th>\n<td width=\"65%\">Temperatura de Opera\u00e7\u00e3o: 0 \u2103 ~ 40 \u2103 (32 \u2109 ~ 104 \u2109);<br \/>\nTemperatura de armazenamento: -40 \u2103 ~ 70 \u2103 (-40 \u2109 ~ 158 \u2109);<br \/>\nUmidade de Opera\u00e7\u00e3o: 10% ~ 90% sem condensa\u00e7\u00e3o;<br \/>\nUmidade de armazenamento: 5% ~ 90% sem condensa\u00e7\u00e3o<\/td>\n<\/tr>\n<\/tbody>\n<\/table>\n","protected":false},"excerpt":{"rendered":"<p><label>Marca:<\/label>\u00a0<span class=\"editable\">TP-LINK<\/span><br \/>\n<label>Part-Number:<\/label>\u00a0<span class=\"editable\">TL-SF1008D<\/span><\/p>\n","protected":false},"featured_media":9419,"comment_status":"open","ping_status":"closed","template":"","meta":{"_joinchat":[]},"product_brand":[],"product_cat":[659,661],"product_tag":[],"class_list":{"0":"post-9417","1":"product","2":"type-product","3":"status-publish","4":"has-post-thumbnail","6":"product_cat-desktop-switch","7":"product_cat-tp-link-switch","9":"first","10":"instock","11":"shipping-taxable","12":"purchasable","13":"product-type-simple"},"yoast_head":"<!-- This site is optimized with the Yoast SEO plugin v27.4 - https:\/\/yoast.com\/product\/yoast-seo-wordpress\/ -->\n<title>SWITCH 8 TP-LINK 10\/100 EASY SMART - Cyberlogics Technologies Angola<\/title>\n<meta name=\"description\" content=\"A Maior Loja Online de Angola de Licen\u00e7as Microsoft Office | Chaves Sistemas Operativos Windows | Antiv\u00edrus | Cloud Adobe | Inform\u00e1tica &amp; Servidores | Softwares de Gest\u00e3o ERP | Gaming Hardware | UPS e Baterias &amp; Muito Mais...\" \/>\n<meta name=\"robots\" content=\"index, follow, max-snippet:-1, max-image-preview:large, max-video-preview:-1\" \/>\n<link rel=\"canonical\" href=\"https:\/\/cyberlogics.ao\/index.php\/product\/switch-8-tp-link-10-100-easy-smart\/\" \/>\n<meta property=\"og:locale\" content=\"pt_PT\" \/>\n<meta property=\"og:type\" content=\"article\" \/>\n<meta property=\"og:title\" content=\"SWITCH 8 TP-LINK 10\/100 EASY SMART - Cyberlogics Technologies Angola\" \/>\n<meta property=\"og:description\" content=\"A Maior Loja Online de Angola de Licen\u00e7as Microsoft Office | Chaves Sistemas Operativos Windows | Antiv\u00edrus | Cloud Adobe | Inform\u00e1tica &amp; Servidores | Softwares de Gest\u00e3o ERP | Gaming Hardware | UPS e Baterias &amp; Muito Mais...\" \/>\n<meta property=\"og:url\" content=\"https:\/\/cyberlogics.ao\/index.php\/product\/switch-8-tp-link-10-100-easy-smart\/\" \/>\n<meta property=\"og:site_name\" content=\"Cyberlogics Technologies Angola\" \/>\n<meta property=\"og:image\" content=\"http:\/\/cyberlogics.ao\/wp-content\/uploads\/2025\/09\/switch-8-tp-link-10100-easy-smart-5.jpg\" \/>\n\t<meta property=\"og:image:width\" content=\"135\" \/>\n\t<meta property=\"og:image:height\" content=\"135\" \/>\n\t<meta property=\"og:image:type\" content=\"image\/jpeg\" \/>\n<meta name=\"twitter:card\" content=\"summary_large_image\" \/>\n<meta name=\"twitter:label1\" content=\"Tempo estimado de leitura\" \/>\n\t<meta name=\"twitter:data1\" content=\"1 minuto\" \/>\n<script type=\"application\/ld+json\" class=\"yoast-schema-graph\">{\"@context\":\"https:\\\/\\\/schema.org\",\"@graph\":[{\"@type\":\"WebPage\",\"@id\":\"https:\\\/\\\/cyberlogics.ao\\\/index.php\\\/product\\\/switch-8-tp-link-10-100-easy-smart\\\/\",\"url\":\"https:\\\/\\\/cyberlogics.ao\\\/index.php\\\/product\\\/switch-8-tp-link-10-100-easy-smart\\\/\",\"name\":\"SWITCH 8 TP-LINK 10\\\/100 EASY SMART - Cyberlogics Technologies Angola\",\"isPartOf\":{\"@id\":\"https:\\\/\\\/cyberlogics.ao\\\/#website\"},\"primaryImageOfPage\":{\"@id\":\"https:\\\/\\\/cyberlogics.ao\\\/index.php\\\/product\\\/switch-8-tp-link-10-100-easy-smart\\\/#primaryimage\"},\"image\":{\"@id\":\"https:\\\/\\\/cyberlogics.ao\\\/index.php\\\/product\\\/switch-8-tp-link-10-100-easy-smart\\\/#primaryimage\"},\"thumbnailUrl\":\"https:\\\/\\\/cyberlogics.ao\\\/wp-content\\\/uploads\\\/2025\\\/09\\\/switch-8-tp-link-10100-easy-smart-5.jpg\",\"datePublished\":\"2025-09-18T13:44:00+00:00\",\"description\":\"A Maior Loja Online de Angola de Licen\u00e7as Microsoft Office | Chaves Sistemas Operativos Windows | Antiv\u00edrus | Cloud Adobe | Inform\u00e1tica & Servidores | Softwares de Gest\u00e3o ERP | Gaming Hardware | UPS e Baterias & Muito Mais...\",\"breadcrumb\":{\"@id\":\"https:\\\/\\\/cyberlogics.ao\\\/index.php\\\/product\\\/switch-8-tp-link-10-100-easy-smart\\\/#breadcrumb\"},\"inLanguage\":\"pt-PT\",\"potentialAction\":[{\"@type\":\"ReadAction\",\"target\":[\"https:\\\/\\\/cyberlogics.ao\\\/index.php\\\/product\\\/switch-8-tp-link-10-100-easy-smart\\\/\"]}]},{\"@type\":\"ImageObject\",\"inLanguage\":\"pt-PT\",\"@id\":\"https:\\\/\\\/cyberlogics.ao\\\/index.php\\\/product\\\/switch-8-tp-link-10-100-easy-smart\\\/#primaryimage\",\"url\":\"https:\\\/\\\/cyberlogics.ao\\\/wp-content\\\/uploads\\\/2025\\\/09\\\/switch-8-tp-link-10100-easy-smart-5.jpg\",\"contentUrl\":\"https:\\\/\\\/cyberlogics.ao\\\/wp-content\\\/uploads\\\/2025\\\/09\\\/switch-8-tp-link-10100-easy-smart-5.jpg\",\"width\":135,\"height\":135},{\"@type\":\"BreadcrumbList\",\"@id\":\"https:\\\/\\\/cyberlogics.ao\\\/index.php\\\/product\\\/switch-8-tp-link-10-100-easy-smart\\\/#breadcrumb\",\"itemListElement\":[{\"@type\":\"ListItem\",\"position\":1,\"name\":\"In\u00edcio\",\"item\":\"https:\\\/\\\/cyberlogics.ao\\\/\"},{\"@type\":\"ListItem\",\"position\":2,\"name\":\"Produtos\",\"item\":\"https:\\\/\\\/cyberlogics.ao\\\/index.php\\\/shop-2\\\/\"},{\"@type\":\"ListItem\",\"position\":3,\"name\":\"SWITCH 8 TP-LINK 10\\\/100 EASY SMART\"}]},{\"@type\":\"WebSite\",\"@id\":\"https:\\\/\\\/cyberlogics.ao\\\/#website\",\"url\":\"https:\\\/\\\/cyberlogics.ao\\\/\",\"name\":\"Cyberlogics Technologies Angola\",\"description\":\"Loja Online de Licen\u00e7as de Softwares e Inform\u00e1tica\",\"publisher\":{\"@id\":\"https:\\\/\\\/cyberlogics.ao\\\/#organization\"},\"potentialAction\":[{\"@type\":\"SearchAction\",\"target\":{\"@type\":\"EntryPoint\",\"urlTemplate\":\"https:\\\/\\\/cyberlogics.ao\\\/?s={search_term_string}\"},\"query-input\":{\"@type\":\"PropertyValueSpecification\",\"valueRequired\":true,\"valueName\":\"search_term_string\"}}],\"inLanguage\":\"pt-PT\"},{\"@type\":\"Organization\",\"@id\":\"https:\\\/\\\/cyberlogics.ao\\\/#organization\",\"name\":\"Cyberlogics Ao Technologies - Loja Online de Licen\u00e7as de Softwares e Inform\u00e1tica\",\"url\":\"https:\\\/\\\/cyberlogics.ao\\\/\",\"logo\":{\"@type\":\"ImageObject\",\"inLanguage\":\"pt-PT\",\"@id\":\"https:\\\/\\\/cyberlogics.ao\\\/#\\\/schema\\\/logo\\\/image\\\/\",\"url\":\"https:\\\/\\\/cyberlogics.ao\\\/wp-content\\\/uploads\\\/2022\\\/04\\\/CT-logo.png\",\"contentUrl\":\"https:\\\/\\\/cyberlogics.ao\\\/wp-content\\\/uploads\\\/2022\\\/04\\\/CT-logo.png\",\"width\":190,\"height\":75,\"caption\":\"Cyberlogics Ao Technologies - Loja Online de Licen\u00e7as de Softwares e Inform\u00e1tica\"},\"image\":{\"@id\":\"https:\\\/\\\/cyberlogics.ao\\\/#\\\/schema\\\/logo\\\/image\\\/\"}}]}<\/script>\n<!-- \/ Yoast SEO plugin. -->","yoast_head_json":{"title":"SWITCH 8 TP-LINK 10\/100 EASY SMART - Cyberlogics Technologies Angola","description":"A Maior Loja Online de Angola de Licen\u00e7as Microsoft Office | Chaves Sistemas Operativos Windows | Antiv\u00edrus | Cloud Adobe | Inform\u00e1tica & Servidores | Softwares de Gest\u00e3o ERP | Gaming Hardware | UPS e Baterias & Muito Mais...","robots":{"index":"index","follow":"follow","max-snippet":"max-snippet:-1","max-image-preview":"max-image-preview:large","max-video-preview":"max-video-preview:-1"},"canonical":"https:\/\/cyberlogics.ao\/index.php\/product\/switch-8-tp-link-10-100-easy-smart\/","og_locale":"pt_PT","og_type":"article","og_title":"SWITCH 8 TP-LINK 10\/100 EASY SMART - Cyberlogics Technologies Angola","og_description":"A Maior Loja Online de Angola de Licen\u00e7as Microsoft Office | Chaves Sistemas Operativos Windows | Antiv\u00edrus | Cloud Adobe | Inform\u00e1tica & Servidores | Softwares de Gest\u00e3o ERP | Gaming Hardware | UPS e Baterias & Muito Mais...","og_url":"https:\/\/cyberlogics.ao\/index.php\/product\/switch-8-tp-link-10-100-easy-smart\/","og_site_name":"Cyberlogics Technologies Angola","og_image":[{"width":135,"height":135,"url":"http:\/\/cyberlogics.ao\/wp-content\/uploads\/2025\/09\/switch-8-tp-link-10100-easy-smart-5.jpg","type":"image\/jpeg"}],"twitter_card":"summary_large_image","twitter_misc":{"Tempo estimado de leitura":"1 minuto"},"schema":{"@context":"https:\/\/schema.org","@graph":[{"@type":"WebPage","@id":"https:\/\/cyberlogics.ao\/index.php\/product\/switch-8-tp-link-10-100-easy-smart\/","url":"https:\/\/cyberlogics.ao\/index.php\/product\/switch-8-tp-link-10-100-easy-smart\/","name":"SWITCH 8 TP-LINK 10\/100 EASY SMART - Cyberlogics Technologies Angola","isPartOf":{"@id":"https:\/\/cyberlogics.ao\/#website"},"primaryImageOfPage":{"@id":"https:\/\/cyberlogics.ao\/index.php\/product\/switch-8-tp-link-10-100-easy-smart\/#primaryimage"},"image":{"@id":"https:\/\/cyberlogics.ao\/index.php\/product\/switch-8-tp-link-10-100-easy-smart\/#primaryimage"},"thumbnailUrl":"https:\/\/cyberlogics.ao\/wp-content\/uploads\/2025\/09\/switch-8-tp-link-10100-easy-smart-5.jpg","datePublished":"2025-09-18T13:44:00+00:00","description":"A Maior Loja Online de Angola de Licen\u00e7as Microsoft Office | Chaves Sistemas Operativos Windows | Antiv\u00edrus | Cloud Adobe | Inform\u00e1tica & Servidores | Softwares de Gest\u00e3o ERP | Gaming Hardware | UPS e Baterias & Muito Mais...","breadcrumb":{"@id":"https:\/\/cyberlogics.ao\/index.php\/product\/switch-8-tp-link-10-100-easy-smart\/#breadcrumb"},"inLanguage":"pt-PT","potentialAction":[{"@type":"ReadAction","target":["https:\/\/cyberlogics.ao\/index.php\/product\/switch-8-tp-link-10-100-easy-smart\/"]}]},{"@type":"ImageObject","inLanguage":"pt-PT","@id":"https:\/\/cyberlogics.ao\/index.php\/product\/switch-8-tp-link-10-100-easy-smart\/#primaryimage","url":"https:\/\/cyberlogics.ao\/wp-content\/uploads\/2025\/09\/switch-8-tp-link-10100-easy-smart-5.jpg","contentUrl":"https:\/\/cyberlogics.ao\/wp-content\/uploads\/2025\/09\/switch-8-tp-link-10100-easy-smart-5.jpg","width":135,"height":135},{"@type":"BreadcrumbList","@id":"https:\/\/cyberlogics.ao\/index.php\/product\/switch-8-tp-link-10-100-easy-smart\/#breadcrumb","itemListElement":[{"@type":"ListItem","position":1,"name":"In\u00edcio","item":"https:\/\/cyberlogics.ao\/"},{"@type":"ListItem","position":2,"name":"Produtos","item":"https:\/\/cyberlogics.ao\/index.php\/shop-2\/"},{"@type":"ListItem","position":3,"name":"SWITCH 8 TP-LINK 10\/100 EASY SMART"}]},{"@type":"WebSite","@id":"https:\/\/cyberlogics.ao\/#website","url":"https:\/\/cyberlogics.ao\/","name":"Cyberlogics Technologies Angola","description":"Loja Online de Licen\u00e7as de Softwares e Inform\u00e1tica","publisher":{"@id":"https:\/\/cyberlogics.ao\/#organization"},"potentialAction":[{"@type":"SearchAction","target":{"@type":"EntryPoint","urlTemplate":"https:\/\/cyberlogics.ao\/?s={search_term_string}"},"query-input":{"@type":"PropertyValueSpecification","valueRequired":true,"valueName":"search_term_string"}}],"inLanguage":"pt-PT"},{"@type":"Organization","@id":"https:\/\/cyberlogics.ao\/#organization","name":"Cyberlogics Ao Technologies - Loja Online de Licen\u00e7as de Softwares e Inform\u00e1tica","url":"https:\/\/cyberlogics.ao\/","logo":{"@type":"ImageObject","inLanguage":"pt-PT","@id":"https:\/\/cyberlogics.ao\/#\/schema\/logo\/image\/","url":"https:\/\/cyberlogics.ao\/wp-content\/uploads\/2022\/04\/CT-logo.png","contentUrl":"https:\/\/cyberlogics.ao\/wp-content\/uploads\/2022\/04\/CT-logo.png","width":190,"height":75,"caption":"Cyberlogics Ao Technologies - Loja Online de Licen\u00e7as de Softwares e Inform\u00e1tica"},"image":{"@id":"https:\/\/cyberlogics.ao\/#\/schema\/logo\/image\/"}}]}},"_links":{"self":[{"href":"https:\/\/cyberlogics.ao\/index.php\/wp-json\/wp\/v2\/product\/9417","targetHints":{"allow":["GET"]}}],"collection":[{"href":"https:\/\/cyberlogics.ao\/index.php\/wp-json\/wp\/v2\/product"}],"about":[{"href":"https:\/\/cyberlogics.ao\/index.php\/wp-json\/wp\/v2\/types\/product"}],"replies":[{"embeddable":true,"href":"https:\/\/cyberlogics.ao\/index.php\/wp-json\/wp\/v2\/comments?post=9417"}],"wp:featuredmedia":[{"embeddable":true,"href":"https:\/\/cyberlogics.ao\/index.php\/wp-json\/wp\/v2\/media\/9419"}],"wp:attachment":[{"href":"https:\/\/cyberlogics.ao\/index.php\/wp-json\/wp\/v2\/media?parent=9417"}],"wp:term":[{"taxonomy":"product_brand","embeddable":true,"href":"https:\/\/cyberlogics.ao\/index.php\/wp-json\/wp\/v2\/product_brand?post=9417"},{"taxonomy":"product_cat","embeddable":true,"href":"https:\/\/cyberlogics.ao\/index.php\/wp-json\/wp\/v2\/product_cat?post=9417"},{"taxonomy":"product_tag","embeddable":true,"href":"https:\/\/cyberlogics.ao\/index.php\/wp-json\/wp\/v2\/product_tag?post=9417"}],"curies":[{"name":"wp","href":"https:\/\/api.w.org\/{rel}","templated":true}]}}