{"id":9443,"date":"2025-09-18T15:44:10","date_gmt":"2025-09-18T15:44:10","guid":{"rendered":"https:\/\/cyberlogics.ao\/?post_type=product&#038;p=9443"},"modified":"2025-09-18T15:44:10","modified_gmt":"2025-09-18T15:44:10","slug":"switch-6-intellinet-ethernet-4-portas-poe-1-x-high-power","status":"publish","type":"product","link":"https:\/\/cyberlogics.ao\/index.php\/product\/switch-6-intellinet-ethernet-4-portas-poe-1-x-high-power\/","title":{"rendered":"SWITCH 6 INTELLINET ETHERNET 4 PORTAS POE 1 x High-POWER"},"content":{"rendered":"<h2>Um Fast Ethernet\u00a0<a title=\"Clique aqui para saber mais.\" href=\"https:\/\/intellinetsolutions.com\/pages\/what-is-a-poe-switch-guide\" target=\"_blank\" rel=\"noopener\">PoE Switch<\/a>\u00a0com modo estendido e muita pot\u00eancia PoE &#8211; ideal para instala\u00e7\u00f5es de c\u00e2meras IP<\/h2>\n<p>O switch Fast Ethernet de 6 portas com 4 portas PoE da Intellinet Network Solutions se destaca com recursos \u00fateis que s\u00e3o particularmente \u00fateis para instala\u00e7\u00f5es de c\u00e2meras IP.\u00a0Um modo de extens\u00e3o PoE manual &#8211; a ser ativado com o toque de um switch &#8211; reduz a velocidade da rede e estende o suporte PoE para at\u00e9 250 m (820 p\u00e9s), o que \u00e9 ideal para c\u00e2meras IP remotas e outros dispositivos PoE.<\/p>\n<h3>Economize tempo e dinheiro com\u00a0<a title=\"Tudo que voc\u00ea precisa saber sobre a tecnologia PoE\" href=\"https:\/\/intellinetsolutions.com\/pages\/power-over-ethernet\" target=\"_blank\" rel=\"noopener\">Power over Ethernet<\/a><\/h3>\n<p>Tr\u00eas de suas quatro portas PoE fornecem dados e energia de at\u00e9 30 W cada para dispositivos PoE compat\u00edveis com IEEE 802.3at ou IEEE 802.3af, como pontos de acesso sem fio, telefones VoIP e c\u00e2meras IP.\u00a0Uma porta PoE de alta pot\u00eancia fornece at\u00e9 60 W com um or\u00e7amento de energia PoE total de 65 watts.\u00a0Os dispositivos conectados ao switch n\u00e3o requerem energia adicional, eliminando assim o tempo e despesas de religa\u00e7\u00e3o el\u00e9trica e minimizando a desordem desagrad\u00e1vel causada por fontes de alimenta\u00e7\u00e3o e adaptadores em locais inadequados, como tetos e paredes.\u00a0Qualquer combina\u00e7\u00e3o de dispositivos PoE e n\u00e3o PoE \u00e9 suportada e, gra\u00e7as \u00e0 sua fun\u00e7\u00e3o de prote\u00e7\u00e3o contra curto-circuito, sobrecarga e alta tens\u00e3o, seu equipamento est\u00e1 bem protegido.\u00a0Para dispositivos que n\u00e3o s\u00e3o compat\u00edveis com 802.3at \/ af (pontos de acesso sem fio legados ou c\u00e2meras de rede), sugerimos o uso de um divisor PoE \/ PoE + da Intellinet Network Solutions.<\/p>\n<p>&nbsp;<\/p>\n<p>&nbsp;<\/p>\n<ul>\n<li>Fornece at\u00e9 quatro dispositivos de rede PoE com energia e dados<\/li>\n<li>Modo de extens\u00e3o PoE manual (reduz a velocidade da rede e estende o suporte PoE para 250 m \/ 820 p\u00e9s)<\/li>\n<li>Modo de extens\u00e3o PoE ideal para instala\u00e7\u00f5es de c\u00e2meras IP<\/li>\n<li>Uma porta PSE PoE de alta pot\u00eancia com at\u00e9 60 W, tr\u00eas portas IEEE 802.3at \/ af PSE PoE com at\u00e9 30 W cada<\/li>\n<li>Or\u00e7amento de energia PoE de 65 watts<\/li>\n<li>Duas portas de uplink RJ45 Fast Ethernet<\/li>\n<li>Bot\u00e3o liga \/ desliga para alternar VLAN<\/li>\n<li>Economiza tempo e dinheiro ao fornecer dados e energia por meio de cabos de rede existentes<\/li>\n<li>Suporta dispositivos PoE compat\u00edveis com IEEE 802.3at e IEEE 802.3af (pontos de acesso sem fio, telefones VoIP, c\u00e2meras IP)<\/li>\n<li>Suporta detec\u00e7\u00e3o IEEE 802.3at \/ af e prote\u00e7\u00e3o contra curto-circuito, sobrecarga e alta tens\u00e3o<\/li>\n<li>Ponto de aterramento para proteger o equipamento de surtos el\u00e9tricos externos<\/li>\n<li>As portas de detec\u00e7\u00e3o autom\u00e1tica 10\/100 detectam automaticamente as velocidades de rede ideais<\/li>\n<li>Switch fabric de 1,2 Gbps<\/li>\n<li>Suporta 1k entradas de endere\u00e7o MAC com Autoaprendizado e Envelhecimento Autom\u00e1tico<\/li>\n<li>Arquitetura de comuta\u00e7\u00e3o de armazenamento e encaminhamento<\/li>\n<li>Suporta controle de fluxo IEEE 802.3x em full duplex e contrapress\u00e3o em half duplex<\/li>\n<li>LEDs para energia, link \/ atividade e PoE<\/li>\n<li>Design sem ventoinha ideal para opera\u00e7\u00e3o silenciosa<\/li>\n<li>Garantia de tr\u00eas anos<\/li>\n<\/ul>\n","protected":false},"excerpt":{"rendered":"<p><label>Marca:<\/label>\u00a0<span class=\"editable\">INTELLINET<\/span><br \/>\n<label>Part-Number:<\/label>\u00a0<span class=\"editable\">561686<\/span><\/p>\n","protected":false},"featured_media":9445,"comment_status":"open","ping_status":"closed","template":"","meta":{"_joinchat":[]},"product_brand":[],"product_cat":[667,666,663],"product_tag":[],"class_list":{"0":"post-9443","1":"product","2":"type-product","3":"status-publish","4":"has-post-thumbnail","6":"product_cat-intellinet","7":"product_cat-switch-intellinet","8":"product_cat-switchs","10":"first","11":"instock","12":"shipping-taxable","13":"purchasable","14":"product-type-simple"},"yoast_head":"<!-- This site is optimized with the Yoast SEO plugin v27.3 - https:\/\/yoast.com\/product\/yoast-seo-wordpress\/ -->\n<title>SWITCH 6 INTELLINET ETHERNET 4 PORTAS POE 1 x High-POWER - Cyberlogics Technologies Angola<\/title>\n<meta name=\"description\" content=\"A Maior Loja Online de Angola de Licen\u00e7as Microsoft Office | Chaves Sistemas Operativos Windows | Antiv\u00edrus | Cloud Adobe | Inform\u00e1tica &amp; Servidores | Softwares de Gest\u00e3o ERP | Gaming Hardware | UPS e Baterias &amp; Muito Mais...\" \/>\n<meta name=\"robots\" content=\"index, follow, max-snippet:-1, max-image-preview:large, max-video-preview:-1\" \/>\n<link rel=\"canonical\" href=\"https:\/\/cyberlogics.ao\/index.php\/product\/switch-6-intellinet-ethernet-4-portas-poe-1-x-high-power\/\" \/>\n<meta property=\"og:locale\" content=\"pt_PT\" \/>\n<meta property=\"og:type\" content=\"article\" \/>\n<meta property=\"og:title\" content=\"SWITCH 6 INTELLINET ETHERNET 4 PORTAS POE 1 x High-POWER - Cyberlogics Technologies Angola\" \/>\n<meta property=\"og:description\" content=\"A Maior Loja Online de Angola de Licen\u00e7as Microsoft Office | Chaves Sistemas Operativos Windows | Antiv\u00edrus | Cloud Adobe | Inform\u00e1tica &amp; Servidores | Softwares de Gest\u00e3o ERP | Gaming Hardware | UPS e Baterias &amp; Muito Mais...\" \/>\n<meta property=\"og:url\" content=\"https:\/\/cyberlogics.ao\/index.php\/product\/switch-6-intellinet-ethernet-4-portas-poe-1-x-high-power\/\" \/>\n<meta property=\"og:site_name\" content=\"Cyberlogics Technologies Angola\" \/>\n<meta property=\"og:image\" content=\"http:\/\/cyberlogics.ao\/wp-content\/uploads\/2025\/09\/switch-6-intellinet-ethernet-4-portas-poe-1-x-high-power-.jpg\" \/>\n\t<meta property=\"og:image:width\" content=\"135\" \/>\n\t<meta property=\"og:image:height\" content=\"135\" \/>\n\t<meta property=\"og:image:type\" content=\"image\/jpeg\" \/>\n<meta name=\"twitter:card\" content=\"summary_large_image\" \/>\n<meta name=\"twitter:label1\" content=\"Tempo estimado de leitura\" \/>\n\t<meta name=\"twitter:data1\" content=\"3 minutos\" \/>\n<script type=\"application\/ld+json\" class=\"yoast-schema-graph\">{\"@context\":\"https:\\\/\\\/schema.org\",\"@graph\":[{\"@type\":\"WebPage\",\"@id\":\"https:\\\/\\\/cyberlogics.ao\\\/index.php\\\/product\\\/switch-6-intellinet-ethernet-4-portas-poe-1-x-high-power\\\/\",\"url\":\"https:\\\/\\\/cyberlogics.ao\\\/index.php\\\/product\\\/switch-6-intellinet-ethernet-4-portas-poe-1-x-high-power\\\/\",\"name\":\"SWITCH 6 INTELLINET ETHERNET 4 PORTAS POE 1 x High-POWER - Cyberlogics Technologies Angola\",\"isPartOf\":{\"@id\":\"https:\\\/\\\/cyberlogics.ao\\\/#website\"},\"primaryImageOfPage\":{\"@id\":\"https:\\\/\\\/cyberlogics.ao\\\/index.php\\\/product\\\/switch-6-intellinet-ethernet-4-portas-poe-1-x-high-power\\\/#primaryimage\"},\"image\":{\"@id\":\"https:\\\/\\\/cyberlogics.ao\\\/index.php\\\/product\\\/switch-6-intellinet-ethernet-4-portas-poe-1-x-high-power\\\/#primaryimage\"},\"thumbnailUrl\":\"https:\\\/\\\/cyberlogics.ao\\\/wp-content\\\/uploads\\\/2025\\\/09\\\/switch-6-intellinet-ethernet-4-portas-poe-1-x-high-power-.jpg\",\"datePublished\":\"2025-09-18T15:44:10+00:00\",\"description\":\"A Maior Loja Online de Angola de Licen\u00e7as Microsoft Office | Chaves Sistemas Operativos Windows | Antiv\u00edrus | Cloud Adobe | Inform\u00e1tica & Servidores | Softwares de Gest\u00e3o ERP | Gaming Hardware | UPS e Baterias & Muito Mais...\",\"breadcrumb\":{\"@id\":\"https:\\\/\\\/cyberlogics.ao\\\/index.php\\\/product\\\/switch-6-intellinet-ethernet-4-portas-poe-1-x-high-power\\\/#breadcrumb\"},\"inLanguage\":\"pt-PT\",\"potentialAction\":[{\"@type\":\"ReadAction\",\"target\":[\"https:\\\/\\\/cyberlogics.ao\\\/index.php\\\/product\\\/switch-6-intellinet-ethernet-4-portas-poe-1-x-high-power\\\/\"]}]},{\"@type\":\"ImageObject\",\"inLanguage\":\"pt-PT\",\"@id\":\"https:\\\/\\\/cyberlogics.ao\\\/index.php\\\/product\\\/switch-6-intellinet-ethernet-4-portas-poe-1-x-high-power\\\/#primaryimage\",\"url\":\"https:\\\/\\\/cyberlogics.ao\\\/wp-content\\\/uploads\\\/2025\\\/09\\\/switch-6-intellinet-ethernet-4-portas-poe-1-x-high-power-.jpg\",\"contentUrl\":\"https:\\\/\\\/cyberlogics.ao\\\/wp-content\\\/uploads\\\/2025\\\/09\\\/switch-6-intellinet-ethernet-4-portas-poe-1-x-high-power-.jpg\",\"width\":135,\"height\":135},{\"@type\":\"BreadcrumbList\",\"@id\":\"https:\\\/\\\/cyberlogics.ao\\\/index.php\\\/product\\\/switch-6-intellinet-ethernet-4-portas-poe-1-x-high-power\\\/#breadcrumb\",\"itemListElement\":[{\"@type\":\"ListItem\",\"position\":1,\"name\":\"In\u00edcio\",\"item\":\"https:\\\/\\\/cyberlogics.ao\\\/\"},{\"@type\":\"ListItem\",\"position\":2,\"name\":\"Produtos\",\"item\":\"https:\\\/\\\/cyberlogics.ao\\\/index.php\\\/shop-2\\\/\"},{\"@type\":\"ListItem\",\"position\":3,\"name\":\"SWITCH 6 INTELLINET ETHERNET 4 PORTAS POE 1 x High-POWER\"}]},{\"@type\":\"WebSite\",\"@id\":\"https:\\\/\\\/cyberlogics.ao\\\/#website\",\"url\":\"https:\\\/\\\/cyberlogics.ao\\\/\",\"name\":\"Cyberlogics Technologies Angola\",\"description\":\"Loja Online de Licen\u00e7as de Softwares e Inform\u00e1tica\",\"publisher\":{\"@id\":\"https:\\\/\\\/cyberlogics.ao\\\/#organization\"},\"potentialAction\":[{\"@type\":\"SearchAction\",\"target\":{\"@type\":\"EntryPoint\",\"urlTemplate\":\"https:\\\/\\\/cyberlogics.ao\\\/?s={search_term_string}\"},\"query-input\":{\"@type\":\"PropertyValueSpecification\",\"valueRequired\":true,\"valueName\":\"search_term_string\"}}],\"inLanguage\":\"pt-PT\"},{\"@type\":\"Organization\",\"@id\":\"https:\\\/\\\/cyberlogics.ao\\\/#organization\",\"name\":\"Cyberlogics Ao Technologies - Loja Online de Licen\u00e7as de Softwares e Inform\u00e1tica\",\"url\":\"https:\\\/\\\/cyberlogics.ao\\\/\",\"logo\":{\"@type\":\"ImageObject\",\"inLanguage\":\"pt-PT\",\"@id\":\"https:\\\/\\\/cyberlogics.ao\\\/#\\\/schema\\\/logo\\\/image\\\/\",\"url\":\"https:\\\/\\\/cyberlogics.ao\\\/wp-content\\\/uploads\\\/2022\\\/04\\\/CT-logo.png\",\"contentUrl\":\"https:\\\/\\\/cyberlogics.ao\\\/wp-content\\\/uploads\\\/2022\\\/04\\\/CT-logo.png\",\"width\":190,\"height\":75,\"caption\":\"Cyberlogics Ao Technologies - Loja Online de Licen\u00e7as de Softwares e Inform\u00e1tica\"},\"image\":{\"@id\":\"https:\\\/\\\/cyberlogics.ao\\\/#\\\/schema\\\/logo\\\/image\\\/\"}}]}<\/script>\n<!-- \/ Yoast SEO plugin. -->","yoast_head_json":{"title":"SWITCH 6 INTELLINET ETHERNET 4 PORTAS POE 1 x High-POWER - Cyberlogics Technologies Angola","description":"A Maior Loja Online de Angola de Licen\u00e7as Microsoft Office | Chaves Sistemas Operativos Windows | Antiv\u00edrus | Cloud Adobe | Inform\u00e1tica & Servidores | Softwares de Gest\u00e3o ERP | Gaming Hardware | UPS e Baterias & Muito Mais...","robots":{"index":"index","follow":"follow","max-snippet":"max-snippet:-1","max-image-preview":"max-image-preview:large","max-video-preview":"max-video-preview:-1"},"canonical":"https:\/\/cyberlogics.ao\/index.php\/product\/switch-6-intellinet-ethernet-4-portas-poe-1-x-high-power\/","og_locale":"pt_PT","og_type":"article","og_title":"SWITCH 6 INTELLINET ETHERNET 4 PORTAS POE 1 x High-POWER - Cyberlogics Technologies Angola","og_description":"A Maior Loja Online de Angola de Licen\u00e7as Microsoft Office | Chaves Sistemas Operativos Windows | Antiv\u00edrus | Cloud Adobe | Inform\u00e1tica & Servidores | Softwares de Gest\u00e3o ERP | Gaming Hardware | UPS e Baterias & Muito Mais...","og_url":"https:\/\/cyberlogics.ao\/index.php\/product\/switch-6-intellinet-ethernet-4-portas-poe-1-x-high-power\/","og_site_name":"Cyberlogics Technologies Angola","og_image":[{"width":135,"height":135,"url":"http:\/\/cyberlogics.ao\/wp-content\/uploads\/2025\/09\/switch-6-intellinet-ethernet-4-portas-poe-1-x-high-power-.jpg","type":"image\/jpeg"}],"twitter_card":"summary_large_image","twitter_misc":{"Tempo estimado de leitura":"3 minutos"},"schema":{"@context":"https:\/\/schema.org","@graph":[{"@type":"WebPage","@id":"https:\/\/cyberlogics.ao\/index.php\/product\/switch-6-intellinet-ethernet-4-portas-poe-1-x-high-power\/","url":"https:\/\/cyberlogics.ao\/index.php\/product\/switch-6-intellinet-ethernet-4-portas-poe-1-x-high-power\/","name":"SWITCH 6 INTELLINET ETHERNET 4 PORTAS POE 1 x High-POWER - Cyberlogics Technologies Angola","isPartOf":{"@id":"https:\/\/cyberlogics.ao\/#website"},"primaryImageOfPage":{"@id":"https:\/\/cyberlogics.ao\/index.php\/product\/switch-6-intellinet-ethernet-4-portas-poe-1-x-high-power\/#primaryimage"},"image":{"@id":"https:\/\/cyberlogics.ao\/index.php\/product\/switch-6-intellinet-ethernet-4-portas-poe-1-x-high-power\/#primaryimage"},"thumbnailUrl":"https:\/\/cyberlogics.ao\/wp-content\/uploads\/2025\/09\/switch-6-intellinet-ethernet-4-portas-poe-1-x-high-power-.jpg","datePublished":"2025-09-18T15:44:10+00:00","description":"A Maior Loja Online de Angola de Licen\u00e7as Microsoft Office | Chaves Sistemas Operativos Windows | Antiv\u00edrus | Cloud Adobe | Inform\u00e1tica & Servidores | Softwares de Gest\u00e3o ERP | Gaming Hardware | UPS e Baterias & Muito Mais...","breadcrumb":{"@id":"https:\/\/cyberlogics.ao\/index.php\/product\/switch-6-intellinet-ethernet-4-portas-poe-1-x-high-power\/#breadcrumb"},"inLanguage":"pt-PT","potentialAction":[{"@type":"ReadAction","target":["https:\/\/cyberlogics.ao\/index.php\/product\/switch-6-intellinet-ethernet-4-portas-poe-1-x-high-power\/"]}]},{"@type":"ImageObject","inLanguage":"pt-PT","@id":"https:\/\/cyberlogics.ao\/index.php\/product\/switch-6-intellinet-ethernet-4-portas-poe-1-x-high-power\/#primaryimage","url":"https:\/\/cyberlogics.ao\/wp-content\/uploads\/2025\/09\/switch-6-intellinet-ethernet-4-portas-poe-1-x-high-power-.jpg","contentUrl":"https:\/\/cyberlogics.ao\/wp-content\/uploads\/2025\/09\/switch-6-intellinet-ethernet-4-portas-poe-1-x-high-power-.jpg","width":135,"height":135},{"@type":"BreadcrumbList","@id":"https:\/\/cyberlogics.ao\/index.php\/product\/switch-6-intellinet-ethernet-4-portas-poe-1-x-high-power\/#breadcrumb","itemListElement":[{"@type":"ListItem","position":1,"name":"In\u00edcio","item":"https:\/\/cyberlogics.ao\/"},{"@type":"ListItem","position":2,"name":"Produtos","item":"https:\/\/cyberlogics.ao\/index.php\/shop-2\/"},{"@type":"ListItem","position":3,"name":"SWITCH 6 INTELLINET ETHERNET 4 PORTAS POE 1 x High-POWER"}]},{"@type":"WebSite","@id":"https:\/\/cyberlogics.ao\/#website","url":"https:\/\/cyberlogics.ao\/","name":"Cyberlogics Technologies Angola","description":"Loja Online de Licen\u00e7as de Softwares e Inform\u00e1tica","publisher":{"@id":"https:\/\/cyberlogics.ao\/#organization"},"potentialAction":[{"@type":"SearchAction","target":{"@type":"EntryPoint","urlTemplate":"https:\/\/cyberlogics.ao\/?s={search_term_string}"},"query-input":{"@type":"PropertyValueSpecification","valueRequired":true,"valueName":"search_term_string"}}],"inLanguage":"pt-PT"},{"@type":"Organization","@id":"https:\/\/cyberlogics.ao\/#organization","name":"Cyberlogics Ao Technologies - Loja Online de Licen\u00e7as de Softwares e Inform\u00e1tica","url":"https:\/\/cyberlogics.ao\/","logo":{"@type":"ImageObject","inLanguage":"pt-PT","@id":"https:\/\/cyberlogics.ao\/#\/schema\/logo\/image\/","url":"https:\/\/cyberlogics.ao\/wp-content\/uploads\/2022\/04\/CT-logo.png","contentUrl":"https:\/\/cyberlogics.ao\/wp-content\/uploads\/2022\/04\/CT-logo.png","width":190,"height":75,"caption":"Cyberlogics Ao Technologies - Loja Online de Licen\u00e7as de Softwares e Inform\u00e1tica"},"image":{"@id":"https:\/\/cyberlogics.ao\/#\/schema\/logo\/image\/"}}]}},"_links":{"self":[{"href":"https:\/\/cyberlogics.ao\/index.php\/wp-json\/wp\/v2\/product\/9443","targetHints":{"allow":["GET"]}}],"collection":[{"href":"https:\/\/cyberlogics.ao\/index.php\/wp-json\/wp\/v2\/product"}],"about":[{"href":"https:\/\/cyberlogics.ao\/index.php\/wp-json\/wp\/v2\/types\/product"}],"replies":[{"embeddable":true,"href":"https:\/\/cyberlogics.ao\/index.php\/wp-json\/wp\/v2\/comments?post=9443"}],"wp:featuredmedia":[{"embeddable":true,"href":"https:\/\/cyberlogics.ao\/index.php\/wp-json\/wp\/v2\/media\/9445"}],"wp:attachment":[{"href":"https:\/\/cyberlogics.ao\/index.php\/wp-json\/wp\/v2\/media?parent=9443"}],"wp:term":[{"taxonomy":"product_brand","embeddable":true,"href":"https:\/\/cyberlogics.ao\/index.php\/wp-json\/wp\/v2\/product_brand?post=9443"},{"taxonomy":"product_cat","embeddable":true,"href":"https:\/\/cyberlogics.ao\/index.php\/wp-json\/wp\/v2\/product_cat?post=9443"},{"taxonomy":"product_tag","embeddable":true,"href":"https:\/\/cyberlogics.ao\/index.php\/wp-json\/wp\/v2\/product_tag?post=9443"}],"curies":[{"name":"wp","href":"https:\/\/api.w.org\/{rel}","templated":true}]}}