{"id":9452,"date":"2025-09-19T10:19:41","date_gmt":"2025-09-19T10:19:41","guid":{"rendered":"https:\/\/cyberlogics.ao\/?post_type=product&#038;p=9452"},"modified":"2025-09-19T10:19:41","modified_gmt":"2025-09-19T10:19:41","slug":"switch-hpe-aruba-6000-48g-poe-cla4-4sfp-2","status":"publish","type":"product","link":"https:\/\/cyberlogics.ao\/index.php\/product\/switch-hpe-aruba-6000-48g-poe-cla4-4sfp-2\/","title":{"rendered":"SWITCH HPE ARUBA 6000 48G POE+ CLA4 4SFP"},"content":{"rendered":"<p>O R8N85A\u00a0oferece os seguintes recursos:<\/p>\n<ul>\n<li>Conectividade de camada 2 de classe empresarial com suporte para ACLs, QoS robusto e roteamento est\u00e1tico<\/li>\n<li>Uplinks de 1 GbE integrados convenientes e at\u00e9 370 W de Classe 4 PoE para suporte de dispositivos IoT<\/li>\n<li>Modelo de 12 portas compacto e sem ventilador para implanta\u00e7\u00e3o silenciosa<\/li>\n<li>Flexibilidade de gerenciamento com suporte para Aruba Central1, Web GUI f\u00e1cil de usar, CLI e Aruba NetEdit<\/li>\n<li>Implementa\u00e7\u00e3o simples com Zero Touch Provisioning<\/li>\n<li>Software definido pronto com APIs REST<\/li>\n<li>Simplifique adi\u00e7\u00f5es, movimenta\u00e7\u00f5es e altera\u00e7\u00f5es com portas incolores<\/li>\n<\/ul>\n<p>&nbsp;<\/p>\n<h2>Especifica\u00e7\u00e3o R8N85A<\/h2>\n<div class=\"std\">\n<table width=\"100%\">\n<tbody>\n<tr>\n<td colspan=\"2\" width=\"100%\">\n<h3>Especifica\u00e7\u00e3o R8N85A<\/h3>\n<\/td>\n<\/tr>\n<tr>\n<td colspan=\"2\" width=\"100%\">Em geral<\/td>\n<\/tr>\n<tr>\n<td width=\"50%\">Tipo de dispositivo<\/td>\n<td width=\"50%\">Switch &#8211; 48 portas &#8211; gerenci\u00e1vel &#8211; empilh\u00e1vel<\/td>\n<\/tr>\n<tr>\n<td width=\"50%\">Tipo de gabinete<\/td>\n<td width=\"50%\">Fluxo de ar lado a lado mont\u00e1vel em rack 1U<\/td>\n<\/tr>\n<tr>\n<td width=\"50%\">Subtipo<\/td>\n<td width=\"50%\">Gigabit Ethernet<\/td>\n<\/tr>\n<tr>\n<td width=\"50%\">portas<\/td>\n<td width=\"50%\">48 x 10\/100\/1000 (PoE+) + 4 x Gigabit SFP<\/td>\n<\/tr>\n<tr>\n<td width=\"50%\">Power Over Ethernet (PoE)<\/td>\n<td width=\"50%\">PoE<\/td>\n<\/tr>\n<tr>\n<td width=\"50%\">Or\u00e7amento PoE<\/td>\n<td width=\"50%\">370 W<\/td>\n<\/tr>\n<tr>\n<td width=\"50%\">Desempenho<\/td>\n<td width=\"50%\">Tamanho do buffer do pacote: 12,38 MB \u00a6 Rendimento: 77,3 Mpps \u00a6 Capacidade de comuta\u00e7\u00e3o: 104 Gbps \u00a6 Lat\u00eancia (1 Gbps): 1,9 \u00b5s<\/td>\n<\/tr>\n<tr>\n<td width=\"50%\">Capacidade<\/td>\n<td width=\"50%\">Interfaces virtuais comutadas (SVIs): 16 \u00a6 Entradas ARP: 1024 \u00a6 Rotas IPv4 (Unicast): 512 \u00a6 Rotas IPv6 (Unicast): 512 \u00a6 Grupos IGMP: 512 \u00a6 Grupos MLD: 512 \u00a6 IPv4 Entradas ACL (entrada): 256 \u00a6 IPv6 Entradas ACL (entrada): 128 \u00a6 Entradas MAC ACL (entrada): 256<\/td>\n<\/tr>\n<tr>\n<td width=\"50%\">Tamanho da tabela de endere\u00e7os MAC<\/td>\n<td width=\"50%\">8192 entradas<\/td>\n<\/tr>\n<tr>\n<td width=\"50%\">Suporte de quadro jumbo<\/td>\n<td width=\"50%\">9198 bytes<\/td>\n<\/tr>\n<tr>\n<td width=\"50%\">Protocolo de Roteamento<\/td>\n<td width=\"50%\">IGMPv2, IGMPv3<\/td>\n<\/tr>\n<tr>\n<td width=\"50%\">Protocolo de gerenciamento remoto<\/td>\n<td width=\"50%\">SNMP 1, SNMP 3, SNMP 2c, HTTP, HTTPS, RADIUS<\/td>\n<\/tr>\n<tr>\n<td width=\"50%\">Algoritmo de criptografia<\/td>\n<td width=\"50%\">SSL<\/td>\n<\/tr>\n<tr>\n<td width=\"50%\">M\u00e9todo de autentica\u00e7\u00e3o<\/td>\n<td width=\"50%\">Secure Shell (SSH), RADIUS, TACACS+, Secure Shell v.2 (SSH2)<\/td>\n<\/tr>\n<tr>\n<td width=\"50%\">Caracter\u00edsticas<\/td>\n<td width=\"50%\">Controle de fluxo, suporte BOOTP, suporte ARP, suporte VLAN, suporte DiffServ, suporte IPv6, suporte SNTP, sFlow, suporte Multiple Spanning Tree Protocol (MSTP), suporte Trivial File Transfer Protocol (TFTP), suporte Access Control List (ACL), MLD snooping, Trusted Platform Module (TPM), fanless, suporte LACP, suporte LLDP, cliente DHCP, Management Information Base (MIB), Neighbor Discovery Protocol (NDP), suporte SNMP, Internet Control Message Protocol (ICMP), cliente DNS, LLDP- MED, User Datagram Protocol (UDP), Rapid Reconfiguration of Spanning Tree (RSTP), endere\u00e7amento IPv6<\/td>\n<\/tr>\n<tr>\n<td width=\"50%\">Padr\u00f5es Compat\u00edveis<\/td>\n<td width=\"50%\">IEEE 802.3, IEEE 802.1D, IEEE 802.1Q, IEEE 802.3ab, IEEE 802.1p, IEEE 802.3af, IEEE 802.3x, IEEE 802.3ad (LACP), IEEE 802.1w, IEEE 802.1s, IEEE 802.3at, IEEE 802.3az<\/td>\n<\/tr>\n<tr>\n<td width=\"50%\">Processador<\/td>\n<td width=\"50%\">1 x ARM A9: 1,016 GHz<\/td>\n<\/tr>\n<tr>\n<td width=\"50%\">BATER<\/td>\n<td width=\"50%\">4GB DDR3 SDRAM<\/td>\n<\/tr>\n<tr>\n<td width=\"50%\">Mem\u00f3ria flash<\/td>\n<td width=\"50%\">16 GB<\/td>\n<\/tr>\n<tr>\n<td colspan=\"2\" width=\"100%\">Expans\u00e3o \/ Conectividade<\/td>\n<\/tr>\n<tr>\n<td width=\"50%\">Interfaces<\/td>\n<td width=\"50%\">48 x 10\/100\/1000 Base-T RJ-45 PoE Classe 4 &#8211; 370 W \u00a6 4 x Gigabit LAN SFP \u00a6 1 x USB Tipo A \u00a6 1 x console USB-C<\/td>\n<\/tr>\n<tr>\n<td colspan=\"2\" width=\"100%\">Poder<\/td>\n<\/tr>\n<tr>\n<td width=\"50%\">Dispositivo de energia<\/td>\n<td width=\"50%\">Fonte de alimenta\u00e7\u00e3o interna<\/td>\n<\/tr>\n<tr>\n<td width=\"50%\">Tens\u00e3o Necess\u00e1ria<\/td>\n<td width=\"50%\">CA 100-240 V (50\/60 Hz)<\/td>\n<\/tr>\n<tr>\n<td width=\"50%\">Consumo de Energia Operacional<\/td>\n<td width=\"50%\">45 watts<\/td>\n<\/tr>\n<tr>\n<td colspan=\"2\" width=\"100%\">Diversos<\/td>\n<\/tr>\n<tr>\n<td width=\"50%\">Padr\u00f5es Compat\u00edveis<\/td>\n<td width=\"50%\">CISPR 24, EN 61000-3-2, IEC 61000-3-2, IEC 61000-3-3, IEC 61000-4-11, IEC 61000-4-2, IEC 61000-4-3, IEC 61000-4- 4, IEC 61000-4-5, IEC 61000-4-6, IEC 61000-4-8, EN 61000-3-3, UL 60950-1, IEC 60950-1, EN 60950-1, EN 60825-1, CAN\/CSA C22.2 No. 60950, CNS 13438, FCC CFR47 Parte 15 A, ICES-003 edi\u00e7\u00e3o 6 Classe A, UL 62368-1 Segunda Edi\u00e7\u00e3o, CISPR 32 Classe A, EN 62368-1:2014, VCCI-CISPR 32 :2016 Classe A, CISPR 35, EN 55035:2017, EN 55032:2015\/AC:2016-07 Classe A, EN55024:2010:A1, IEC 62368-1 Segunda Edi\u00e7\u00e3o<\/td>\n<\/tr>\n<tr>\n<td width=\"50%\">Localiza\u00e7\u00e3o<\/td>\n<td width=\"50%\">Portugu\u00eas \/ Brasil<\/td>\n<\/tr>\n<tr>\n<td colspan=\"2\" width=\"100%\">Dimens\u00f5es<\/td>\n<\/tr>\n<tr>\n<td width=\"50%\">Largura<\/td>\n<td width=\"50%\">17,4 em<\/td>\n<\/tr>\n<tr>\n<td width=\"50%\">Profundidade<\/td>\n<td width=\"50%\">12 em<\/td>\n<\/tr>\n<tr>\n<td width=\"50%\">Altura<\/td>\n<td width=\"50%\">1,7 pol.<\/td>\n<\/tr>\n<tr>\n<td colspan=\"2\" width=\"100%\">Garantia do fabricante<\/td>\n<\/tr>\n<tr>\n<td width=\"50%\">Servi\u00e7o de suporte<\/td>\n<td width=\"50%\">Garantia limitada &#8211; 1 Ano<\/td>\n<\/tr>\n<tr>\n<td colspan=\"2\" width=\"100%\">Par\u00e2metros Ambientais<\/td>\n<\/tr>\n<tr>\n<td width=\"50%\">Temperatura operacional m\u00ednima<\/td>\n<td width=\"50%\">32\u00b0F<\/td>\n<\/tr>\n<tr>\n<td width=\"50%\">Temperatura operacional m\u00e1xima<\/td>\n<td width=\"50%\">113 \u00b0F<\/td>\n<\/tr>\n<tr>\n<td width=\"50%\">Faixa de umidade operacional<\/td>\n<td width=\"50%\">15 &#8211; 95% (sem condensa\u00e7\u00e3o)<\/td>\n<\/tr>\n<tr>\n<td width=\"50%\">Armazenamento de Faixa de Umidade<\/td>\n<td width=\"50%\">15 &#8211; 90% (sem condensa\u00e7\u00e3o)<\/td>\n<\/tr>\n<\/tbody>\n<\/table>\n<\/div>\n","protected":false},"excerpt":{"rendered":"<p><label>Marca:<\/label>\u00a0<span class=\"editable\">HPE<\/span><br \/>\n<label>Part-Number:<\/label>\u00a0<span class=\"editable\">R8N85A<\/span><\/p>\n","protected":false},"featured_media":9453,"comment_status":"open","ping_status":"closed","template":"","meta":{"_joinchat":[]},"product_brand":[],"product_cat":[657,663],"product_tag":[],"class_list":{"0":"post-9452","1":"product","2":"type-product","3":"status-publish","4":"has-post-thumbnail","6":"product_cat-switch-hpe-aruba","7":"product_cat-switchs","9":"first","10":"instock","11":"shipping-taxable","12":"purchasable","13":"product-type-simple"},"yoast_head":"<!-- This site is optimized with the Yoast SEO plugin v27.3 - https:\/\/yoast.com\/product\/yoast-seo-wordpress\/ -->\n<title>SWITCH HPE ARUBA 6000 48G POE+ CLA4 4SFP - Cyberlogics Technologies Angola<\/title>\n<meta name=\"description\" content=\"A Maior Loja Online de Angola de Licen\u00e7as Microsoft Office | Chaves Sistemas Operativos Windows | Antiv\u00edrus | Cloud Adobe | Inform\u00e1tica &amp; Servidores | Softwares de Gest\u00e3o ERP | Gaming Hardware | UPS e Baterias &amp; Muito Mais...\" \/>\n<meta name=\"robots\" content=\"index, follow, max-snippet:-1, max-image-preview:large, max-video-preview:-1\" \/>\n<link rel=\"canonical\" href=\"https:\/\/cyberlogics.ao\/index.php\/product\/switch-hpe-aruba-6000-48g-poe-cla4-4sfp-2\/\" \/>\n<meta property=\"og:locale\" content=\"pt_PT\" \/>\n<meta property=\"og:type\" content=\"article\" \/>\n<meta property=\"og:title\" content=\"SWITCH HPE ARUBA 6000 48G POE+ CLA4 4SFP - Cyberlogics Technologies Angola\" \/>\n<meta property=\"og:description\" content=\"A Maior Loja Online de Angola de Licen\u00e7as Microsoft Office | Chaves Sistemas Operativos Windows | Antiv\u00edrus | Cloud Adobe | Inform\u00e1tica &amp; Servidores | Softwares de Gest\u00e3o ERP | Gaming Hardware | UPS e Baterias &amp; Muito Mais...\" \/>\n<meta property=\"og:url\" content=\"https:\/\/cyberlogics.ao\/index.php\/product\/switch-hpe-aruba-6000-48g-poe-cla4-4sfp-2\/\" \/>\n<meta property=\"og:site_name\" content=\"Cyberlogics Technologies Angola\" \/>\n<meta property=\"og:image\" content=\"http:\/\/cyberlogics.ao\/wp-content\/uploads\/2025\/09\/switch-hpe-aruba-6000-48g-poe-cla4-4sfp-1.jpg\" \/>\n\t<meta property=\"og:image:width\" content=\"400\" \/>\n\t<meta property=\"og:image:height\" content=\"400\" \/>\n\t<meta property=\"og:image:type\" content=\"image\/jpeg\" \/>\n<meta name=\"twitter:card\" content=\"summary_large_image\" \/>\n<meta name=\"twitter:label1\" content=\"Tempo estimado de leitura\" \/>\n\t<meta name=\"twitter:data1\" content=\"3 minutos\" \/>\n<script type=\"application\/ld+json\" class=\"yoast-schema-graph\">{\"@context\":\"https:\\\/\\\/schema.org\",\"@graph\":[{\"@type\":\"WebPage\",\"@id\":\"https:\\\/\\\/cyberlogics.ao\\\/index.php\\\/product\\\/switch-hpe-aruba-6000-48g-poe-cla4-4sfp-2\\\/\",\"url\":\"https:\\\/\\\/cyberlogics.ao\\\/index.php\\\/product\\\/switch-hpe-aruba-6000-48g-poe-cla4-4sfp-2\\\/\",\"name\":\"SWITCH HPE ARUBA 6000 48G POE+ CLA4 4SFP - Cyberlogics Technologies Angola\",\"isPartOf\":{\"@id\":\"https:\\\/\\\/cyberlogics.ao\\\/#website\"},\"primaryImageOfPage\":{\"@id\":\"https:\\\/\\\/cyberlogics.ao\\\/index.php\\\/product\\\/switch-hpe-aruba-6000-48g-poe-cla4-4sfp-2\\\/#primaryimage\"},\"image\":{\"@id\":\"https:\\\/\\\/cyberlogics.ao\\\/index.php\\\/product\\\/switch-hpe-aruba-6000-48g-poe-cla4-4sfp-2\\\/#primaryimage\"},\"thumbnailUrl\":\"https:\\\/\\\/cyberlogics.ao\\\/wp-content\\\/uploads\\\/2025\\\/09\\\/switch-hpe-aruba-6000-48g-poe-cla4-4sfp-1.jpg\",\"datePublished\":\"2025-09-19T10:19:41+00:00\",\"description\":\"A Maior Loja Online de Angola de Licen\u00e7as Microsoft Office | Chaves Sistemas Operativos Windows | Antiv\u00edrus | Cloud Adobe | Inform\u00e1tica & Servidores | Softwares de Gest\u00e3o ERP | Gaming Hardware | UPS e Baterias & Muito Mais...\",\"breadcrumb\":{\"@id\":\"https:\\\/\\\/cyberlogics.ao\\\/index.php\\\/product\\\/switch-hpe-aruba-6000-48g-poe-cla4-4sfp-2\\\/#breadcrumb\"},\"inLanguage\":\"pt-PT\",\"potentialAction\":[{\"@type\":\"ReadAction\",\"target\":[\"https:\\\/\\\/cyberlogics.ao\\\/index.php\\\/product\\\/switch-hpe-aruba-6000-48g-poe-cla4-4sfp-2\\\/\"]}]},{\"@type\":\"ImageObject\",\"inLanguage\":\"pt-PT\",\"@id\":\"https:\\\/\\\/cyberlogics.ao\\\/index.php\\\/product\\\/switch-hpe-aruba-6000-48g-poe-cla4-4sfp-2\\\/#primaryimage\",\"url\":\"https:\\\/\\\/cyberlogics.ao\\\/wp-content\\\/uploads\\\/2025\\\/09\\\/switch-hpe-aruba-6000-48g-poe-cla4-4sfp-1.jpg\",\"contentUrl\":\"https:\\\/\\\/cyberlogics.ao\\\/wp-content\\\/uploads\\\/2025\\\/09\\\/switch-hpe-aruba-6000-48g-poe-cla4-4sfp-1.jpg\",\"width\":400,\"height\":400},{\"@type\":\"BreadcrumbList\",\"@id\":\"https:\\\/\\\/cyberlogics.ao\\\/index.php\\\/product\\\/switch-hpe-aruba-6000-48g-poe-cla4-4sfp-2\\\/#breadcrumb\",\"itemListElement\":[{\"@type\":\"ListItem\",\"position\":1,\"name\":\"In\u00edcio\",\"item\":\"https:\\\/\\\/cyberlogics.ao\\\/\"},{\"@type\":\"ListItem\",\"position\":2,\"name\":\"Produtos\",\"item\":\"https:\\\/\\\/cyberlogics.ao\\\/index.php\\\/shop-2\\\/\"},{\"@type\":\"ListItem\",\"position\":3,\"name\":\"SWITCH HPE ARUBA 6000 48G POE+ CLA4 4SFP\"}]},{\"@type\":\"WebSite\",\"@id\":\"https:\\\/\\\/cyberlogics.ao\\\/#website\",\"url\":\"https:\\\/\\\/cyberlogics.ao\\\/\",\"name\":\"Cyberlogics Technologies Angola\",\"description\":\"Loja Online de Licen\u00e7as de Softwares e Inform\u00e1tica\",\"publisher\":{\"@id\":\"https:\\\/\\\/cyberlogics.ao\\\/#organization\"},\"potentialAction\":[{\"@type\":\"SearchAction\",\"target\":{\"@type\":\"EntryPoint\",\"urlTemplate\":\"https:\\\/\\\/cyberlogics.ao\\\/?s={search_term_string}\"},\"query-input\":{\"@type\":\"PropertyValueSpecification\",\"valueRequired\":true,\"valueName\":\"search_term_string\"}}],\"inLanguage\":\"pt-PT\"},{\"@type\":\"Organization\",\"@id\":\"https:\\\/\\\/cyberlogics.ao\\\/#organization\",\"name\":\"Cyberlogics Ao Technologies - Loja Online de Licen\u00e7as de Softwares e Inform\u00e1tica\",\"url\":\"https:\\\/\\\/cyberlogics.ao\\\/\",\"logo\":{\"@type\":\"ImageObject\",\"inLanguage\":\"pt-PT\",\"@id\":\"https:\\\/\\\/cyberlogics.ao\\\/#\\\/schema\\\/logo\\\/image\\\/\",\"url\":\"https:\\\/\\\/cyberlogics.ao\\\/wp-content\\\/uploads\\\/2022\\\/04\\\/CT-logo.png\",\"contentUrl\":\"https:\\\/\\\/cyberlogics.ao\\\/wp-content\\\/uploads\\\/2022\\\/04\\\/CT-logo.png\",\"width\":190,\"height\":75,\"caption\":\"Cyberlogics Ao Technologies - Loja Online de Licen\u00e7as de Softwares e Inform\u00e1tica\"},\"image\":{\"@id\":\"https:\\\/\\\/cyberlogics.ao\\\/#\\\/schema\\\/logo\\\/image\\\/\"}}]}<\/script>\n<!-- \/ Yoast SEO plugin. -->","yoast_head_json":{"title":"SWITCH HPE ARUBA 6000 48G POE+ CLA4 4SFP - Cyberlogics Technologies Angola","description":"A Maior Loja Online de Angola de Licen\u00e7as Microsoft Office | Chaves Sistemas Operativos Windows | Antiv\u00edrus | Cloud Adobe | Inform\u00e1tica & Servidores | Softwares de Gest\u00e3o ERP | Gaming Hardware | UPS e Baterias & Muito Mais...","robots":{"index":"index","follow":"follow","max-snippet":"max-snippet:-1","max-image-preview":"max-image-preview:large","max-video-preview":"max-video-preview:-1"},"canonical":"https:\/\/cyberlogics.ao\/index.php\/product\/switch-hpe-aruba-6000-48g-poe-cla4-4sfp-2\/","og_locale":"pt_PT","og_type":"article","og_title":"SWITCH HPE ARUBA 6000 48G POE+ CLA4 4SFP - Cyberlogics Technologies Angola","og_description":"A Maior Loja Online de Angola de Licen\u00e7as Microsoft Office | Chaves Sistemas Operativos Windows | Antiv\u00edrus | Cloud Adobe | Inform\u00e1tica & Servidores | Softwares de Gest\u00e3o ERP | Gaming Hardware | UPS e Baterias & Muito Mais...","og_url":"https:\/\/cyberlogics.ao\/index.php\/product\/switch-hpe-aruba-6000-48g-poe-cla4-4sfp-2\/","og_site_name":"Cyberlogics Technologies Angola","og_image":[{"width":400,"height":400,"url":"http:\/\/cyberlogics.ao\/wp-content\/uploads\/2025\/09\/switch-hpe-aruba-6000-48g-poe-cla4-4sfp-1.jpg","type":"image\/jpeg"}],"twitter_card":"summary_large_image","twitter_misc":{"Tempo estimado de leitura":"3 minutos"},"schema":{"@context":"https:\/\/schema.org","@graph":[{"@type":"WebPage","@id":"https:\/\/cyberlogics.ao\/index.php\/product\/switch-hpe-aruba-6000-48g-poe-cla4-4sfp-2\/","url":"https:\/\/cyberlogics.ao\/index.php\/product\/switch-hpe-aruba-6000-48g-poe-cla4-4sfp-2\/","name":"SWITCH HPE ARUBA 6000 48G POE+ CLA4 4SFP - Cyberlogics Technologies Angola","isPartOf":{"@id":"https:\/\/cyberlogics.ao\/#website"},"primaryImageOfPage":{"@id":"https:\/\/cyberlogics.ao\/index.php\/product\/switch-hpe-aruba-6000-48g-poe-cla4-4sfp-2\/#primaryimage"},"image":{"@id":"https:\/\/cyberlogics.ao\/index.php\/product\/switch-hpe-aruba-6000-48g-poe-cla4-4sfp-2\/#primaryimage"},"thumbnailUrl":"https:\/\/cyberlogics.ao\/wp-content\/uploads\/2025\/09\/switch-hpe-aruba-6000-48g-poe-cla4-4sfp-1.jpg","datePublished":"2025-09-19T10:19:41+00:00","description":"A Maior Loja Online de Angola de Licen\u00e7as Microsoft Office | Chaves Sistemas Operativos Windows | Antiv\u00edrus | Cloud Adobe | Inform\u00e1tica & Servidores | Softwares de Gest\u00e3o ERP | Gaming Hardware | UPS e Baterias & Muito Mais...","breadcrumb":{"@id":"https:\/\/cyberlogics.ao\/index.php\/product\/switch-hpe-aruba-6000-48g-poe-cla4-4sfp-2\/#breadcrumb"},"inLanguage":"pt-PT","potentialAction":[{"@type":"ReadAction","target":["https:\/\/cyberlogics.ao\/index.php\/product\/switch-hpe-aruba-6000-48g-poe-cla4-4sfp-2\/"]}]},{"@type":"ImageObject","inLanguage":"pt-PT","@id":"https:\/\/cyberlogics.ao\/index.php\/product\/switch-hpe-aruba-6000-48g-poe-cla4-4sfp-2\/#primaryimage","url":"https:\/\/cyberlogics.ao\/wp-content\/uploads\/2025\/09\/switch-hpe-aruba-6000-48g-poe-cla4-4sfp-1.jpg","contentUrl":"https:\/\/cyberlogics.ao\/wp-content\/uploads\/2025\/09\/switch-hpe-aruba-6000-48g-poe-cla4-4sfp-1.jpg","width":400,"height":400},{"@type":"BreadcrumbList","@id":"https:\/\/cyberlogics.ao\/index.php\/product\/switch-hpe-aruba-6000-48g-poe-cla4-4sfp-2\/#breadcrumb","itemListElement":[{"@type":"ListItem","position":1,"name":"In\u00edcio","item":"https:\/\/cyberlogics.ao\/"},{"@type":"ListItem","position":2,"name":"Produtos","item":"https:\/\/cyberlogics.ao\/index.php\/shop-2\/"},{"@type":"ListItem","position":3,"name":"SWITCH HPE ARUBA 6000 48G POE+ CLA4 4SFP"}]},{"@type":"WebSite","@id":"https:\/\/cyberlogics.ao\/#website","url":"https:\/\/cyberlogics.ao\/","name":"Cyberlogics Technologies Angola","description":"Loja Online de Licen\u00e7as de Softwares e Inform\u00e1tica","publisher":{"@id":"https:\/\/cyberlogics.ao\/#organization"},"potentialAction":[{"@type":"SearchAction","target":{"@type":"EntryPoint","urlTemplate":"https:\/\/cyberlogics.ao\/?s={search_term_string}"},"query-input":{"@type":"PropertyValueSpecification","valueRequired":true,"valueName":"search_term_string"}}],"inLanguage":"pt-PT"},{"@type":"Organization","@id":"https:\/\/cyberlogics.ao\/#organization","name":"Cyberlogics Ao Technologies - Loja Online de Licen\u00e7as de Softwares e Inform\u00e1tica","url":"https:\/\/cyberlogics.ao\/","logo":{"@type":"ImageObject","inLanguage":"pt-PT","@id":"https:\/\/cyberlogics.ao\/#\/schema\/logo\/image\/","url":"https:\/\/cyberlogics.ao\/wp-content\/uploads\/2022\/04\/CT-logo.png","contentUrl":"https:\/\/cyberlogics.ao\/wp-content\/uploads\/2022\/04\/CT-logo.png","width":190,"height":75,"caption":"Cyberlogics Ao Technologies - Loja Online de Licen\u00e7as de Softwares e Inform\u00e1tica"},"image":{"@id":"https:\/\/cyberlogics.ao\/#\/schema\/logo\/image\/"}}]}},"_links":{"self":[{"href":"https:\/\/cyberlogics.ao\/index.php\/wp-json\/wp\/v2\/product\/9452","targetHints":{"allow":["GET"]}}],"collection":[{"href":"https:\/\/cyberlogics.ao\/index.php\/wp-json\/wp\/v2\/product"}],"about":[{"href":"https:\/\/cyberlogics.ao\/index.php\/wp-json\/wp\/v2\/types\/product"}],"replies":[{"embeddable":true,"href":"https:\/\/cyberlogics.ao\/index.php\/wp-json\/wp\/v2\/comments?post=9452"}],"wp:featuredmedia":[{"embeddable":true,"href":"https:\/\/cyberlogics.ao\/index.php\/wp-json\/wp\/v2\/media\/9453"}],"wp:attachment":[{"href":"https:\/\/cyberlogics.ao\/index.php\/wp-json\/wp\/v2\/media?parent=9452"}],"wp:term":[{"taxonomy":"product_brand","embeddable":true,"href":"https:\/\/cyberlogics.ao\/index.php\/wp-json\/wp\/v2\/product_brand?post=9452"},{"taxonomy":"product_cat","embeddable":true,"href":"https:\/\/cyberlogics.ao\/index.php\/wp-json\/wp\/v2\/product_cat?post=9452"},{"taxonomy":"product_tag","embeddable":true,"href":"https:\/\/cyberlogics.ao\/index.php\/wp-json\/wp\/v2\/product_tag?post=9452"}],"curies":[{"name":"wp","href":"https:\/\/api.w.org\/{rel}","templated":true}]}}