{"id":9462,"date":"2025-09-19T10:50:00","date_gmt":"2025-09-19T10:50:00","guid":{"rendered":"https:\/\/cyberlogics.ao\/?post_type=product&#038;p=9462"},"modified":"2025-09-19T10:50:00","modified_gmt":"2025-09-19T10:50:00","slug":"switch-4-dlink-outdoor-managed-10-100-1000-poe-250m-layer-2pc","status":"publish","type":"product","link":"https:\/\/cyberlogics.ao\/index.php\/product\/switch-4-dlink-outdoor-managed-10-100-1000-poe-250m-layer-2pc\/","title":{"rendered":"SWITCH 4 DLINK OUTDOOR MANAGED 10\/100\/1000 POE 250M LAYER 2PC"},"content":{"rendered":"<h2 class=\"f-light\">DGS -F3000 Series Camada 2 Gigabit Outdoor Managed Switch<\/h2>\n<h2><small>DGS-F3004P-2S<\/small><\/h2>\n<hr \/>\n<p>Os Switches Gigabit Outdoor Smart Managed Layer 2 da S\u00e9rie DGS-F3000 s\u00e3o equipados com 4 ou 8 portas 100\/1000BASE-T PoE e 2 ou 4 portas SFP, respectivamente. Esses switches apresentam um design robusto, tornando-os ideais para implanta\u00e7\u00e3o em vigil\u00e2ncia externa, capazes de suportar os ambientes mais adversos. A S\u00e9rie DGS-F3000 tamb\u00e9m integra fun\u00e7\u00f5es avan\u00e7adas de gerenciamento e seguran\u00e7a para fornecer uma solu\u00e7\u00e3o completa.<\/p>\n<h2>Design dur\u00e1vel<\/h2>\n<p>Os switches da s\u00e9rie DGS-F3000 s\u00e3o alojados em um inv\u00f3lucro de metal altamente resistente com classifica\u00e7\u00e3o IP30 para proteger os switches de condi\u00e7\u00f5es ambientais adversas. A alta compatibilidade eletromagn\u00e9tica (EMC) protege a s\u00e9rie DGS-F3000 de efeitos indesejados ao operar em ambientes com forte interfer\u00eancia eletromagn\u00e9tica. Enquanto isso, o design sem ventoinha estende a vida \u00fatil da s\u00e9rie DGS-F3000, ao mesmo tempo em que \u00e9 capaz de operar em uma faixa de temperatura mais ampla de at\u00e9 70 \u00b0C. Para maior flexibilidade, a s\u00e9rie DGS-F3000 tamb\u00e9m pode ser montada em um trilho DIN ou na parede.<\/p>\n<h2>Alta redund\u00e2ncia e confiabilidade<\/h2>\n<p>A s\u00e9rie DGS-F3000 oferece suporte a recupera\u00e7\u00e3o r\u00e1pida de failover ERPS &lt;50 ms para topologias em anel, o que garante tempo de inatividade m\u00ednimo e evita qualquer perda de dados em ambientes de implanta\u00e7\u00e3o de miss\u00e3o cr\u00edtica. Enquanto isso, a entrada de energia dupla permite uma fonte de alimenta\u00e7\u00e3o redundante para garantir que a rede continue a operar no caso de uma falha na fonte de alimenta\u00e7\u00e3o prim\u00e1ria.<\/p>\n<h2>Recursos avan\u00e7ados<\/h2>\n<p>A s\u00e9rie DGS-F3000 \u00e9 equipada com recursos avan\u00e7ados de seguran\u00e7a, como Static MAC, Storm Control e IGMP Snooping. O Static MAC permite que os usu\u00e1rios criem uma lista de permiss\u00f5es de MAC para portas espec\u00edficas, ajudando os administradores a limitar o acesso \u00e0 rede somente a dispositivos autorizados. O Storm Control monitora o tr\u00e1fego de transmiss\u00e3o, multicast ou unicast desconhecido e come\u00e7ar\u00e1 a bloquear ou descartar pacotes que podem inundar a rede quando o limite definido for excedido. O IGMP Snooping pode reduzir a carga de roteadores multicast L3 e economizar largura de banda na taxa de transfer\u00eancia da rede.<\/p>\n<h2>F\u00e1cil solu\u00e7\u00e3o de problemas<\/h2>\n<p>A s\u00e9rie DGS-F3000 apresenta detec\u00e7\u00e3o de loopback e diagn\u00f3stico de cabos para ajudar administradores de rede e resolver problemas de rede de forma r\u00e1pida e f\u00e1cil. A detec\u00e7\u00e3o de loopback \u00e9 usada para detectar loops criados por uma porta espec\u00edfica e desliga automaticamente a porta afetada. O diagn\u00f3stico de cabos ajuda administradores de rede a examinar rapidamente a qualidade dos cabos de cobre, reconhecer o tipo de cabo e detectar erros de cabo.<\/p>\n<h2>Suporte Power over Ethernet<\/h2>\n<h2>\u00a0Os switches da s\u00e9rie DGS-F3000 s\u00e3o switches prontos para PoE (somente modelos PoE) e podem fornecer or\u00e7amento total de PoE de at\u00e9 60 W no DGS-F3004P-2S\u00a0\u00a0\u00a0Vem com fonte de alimenta\u00e7\u00e3o (EDR-120-48)\u00a0\u00a0e 120 W no DGS-F3008P-2S\u00a0\u00a0\u00a0Vem com fonte de alimenta\u00e7\u00e3o (EDR-120-48)\u00a0\u00a0, capaz de fornecer at\u00e9 30 W de energia por porta para dispositivos habilitados para PoE conectados. Isso reduz efetivamente os tempos de implanta\u00e7\u00e3o, reduz a desordem de cabos e elimina a necessidade de fontes de alimenta\u00e7\u00e3o dedicadas para permitir que dispositivos PoE sejam instalados em locais remotos.<\/h2>\n","protected":false},"excerpt":{"rendered":"<p><label>Marca:<\/label>\u00a0<span class=\"editable\">DLINK<\/span><br \/>\n<label>Part-Number:<\/label>\u00a0<span class=\"editable\">DGS-F3004P-2S<\/span><\/p>\n","protected":false},"featured_media":9464,"comment_status":"open","ping_status":"closed","template":"","meta":{"_joinchat":[]},"product_brand":[],"product_cat":[669,663],"product_tag":[],"class_list":{"0":"post-9462","1":"product","2":"type-product","3":"status-publish","4":"has-post-thumbnail","6":"product_cat-dlink-outdoor-managed","7":"product_cat-switchs","9":"first","10":"instock","11":"shipping-taxable","12":"purchasable","13":"product-type-simple"},"yoast_head":"<!-- This site is optimized with the Yoast SEO plugin v27.3 - https:\/\/yoast.com\/product\/yoast-seo-wordpress\/ -->\n<title>SWITCH 4 DLINK OUTDOOR MANAGED 10\/100\/1000 POE 250M LAYER 2PC - Cyberlogics Technologies Angola<\/title>\n<meta name=\"description\" content=\"A Maior Loja Online de Angola de Licen\u00e7as Microsoft Office | Chaves Sistemas Operativos Windows | Antiv\u00edrus | Cloud Adobe | Inform\u00e1tica &amp; Servidores | Softwares de Gest\u00e3o ERP | Gaming Hardware | UPS e Baterias &amp; Muito Mais...\" \/>\n<meta name=\"robots\" content=\"index, follow, max-snippet:-1, max-image-preview:large, max-video-preview:-1\" \/>\n<link rel=\"canonical\" href=\"https:\/\/cyberlogics.ao\/index.php\/product\/switch-4-dlink-outdoor-managed-10-100-1000-poe-250m-layer-2pc\/\" \/>\n<meta property=\"og:locale\" content=\"pt_PT\" \/>\n<meta property=\"og:type\" content=\"article\" \/>\n<meta property=\"og:title\" content=\"SWITCH 4 DLINK OUTDOOR MANAGED 10\/100\/1000 POE 250M LAYER 2PC - Cyberlogics Technologies Angola\" \/>\n<meta property=\"og:description\" content=\"A Maior Loja Online de Angola de Licen\u00e7as Microsoft Office | Chaves Sistemas Operativos Windows | Antiv\u00edrus | Cloud Adobe | Inform\u00e1tica &amp; Servidores | Softwares de Gest\u00e3o ERP | Gaming Hardware | UPS e Baterias &amp; Muito Mais...\" \/>\n<meta property=\"og:url\" content=\"https:\/\/cyberlogics.ao\/index.php\/product\/switch-4-dlink-outdoor-managed-10-100-1000-poe-250m-layer-2pc\/\" \/>\n<meta property=\"og:site_name\" content=\"Cyberlogics Technologies Angola\" \/>\n<meta property=\"og:image\" content=\"http:\/\/cyberlogics.ao\/wp-content\/uploads\/2025\/09\/switch-4-dlink-outdoor-managed-101001000-poe-250m-layer-2pc.jpg\" \/>\n\t<meta property=\"og:image:width\" content=\"400\" \/>\n\t<meta property=\"og:image:height\" content=\"400\" \/>\n\t<meta property=\"og:image:type\" content=\"image\/jpeg\" \/>\n<meta name=\"twitter:card\" content=\"summary_large_image\" \/>\n<meta name=\"twitter:label1\" content=\"Tempo estimado de leitura\" \/>\n\t<meta name=\"twitter:data1\" content=\"3 minutos\" \/>\n<script type=\"application\/ld+json\" class=\"yoast-schema-graph\">{\"@context\":\"https:\\\/\\\/schema.org\",\"@graph\":[{\"@type\":\"WebPage\",\"@id\":\"https:\\\/\\\/cyberlogics.ao\\\/index.php\\\/product\\\/switch-4-dlink-outdoor-managed-10-100-1000-poe-250m-layer-2pc\\\/\",\"url\":\"https:\\\/\\\/cyberlogics.ao\\\/index.php\\\/product\\\/switch-4-dlink-outdoor-managed-10-100-1000-poe-250m-layer-2pc\\\/\",\"name\":\"SWITCH 4 DLINK OUTDOOR MANAGED 10\\\/100\\\/1000 POE 250M LAYER 2PC - Cyberlogics Technologies Angola\",\"isPartOf\":{\"@id\":\"https:\\\/\\\/cyberlogics.ao\\\/#website\"},\"primaryImageOfPage\":{\"@id\":\"https:\\\/\\\/cyberlogics.ao\\\/index.php\\\/product\\\/switch-4-dlink-outdoor-managed-10-100-1000-poe-250m-layer-2pc\\\/#primaryimage\"},\"image\":{\"@id\":\"https:\\\/\\\/cyberlogics.ao\\\/index.php\\\/product\\\/switch-4-dlink-outdoor-managed-10-100-1000-poe-250m-layer-2pc\\\/#primaryimage\"},\"thumbnailUrl\":\"https:\\\/\\\/cyberlogics.ao\\\/wp-content\\\/uploads\\\/2025\\\/09\\\/switch-4-dlink-outdoor-managed-101001000-poe-250m-layer-2pc.jpg\",\"datePublished\":\"2025-09-19T10:50:00+00:00\",\"description\":\"A Maior Loja Online de Angola de Licen\u00e7as Microsoft Office | Chaves Sistemas Operativos Windows | Antiv\u00edrus | Cloud Adobe | Inform\u00e1tica & Servidores | Softwares de Gest\u00e3o ERP | Gaming Hardware | UPS e Baterias & Muito Mais...\",\"breadcrumb\":{\"@id\":\"https:\\\/\\\/cyberlogics.ao\\\/index.php\\\/product\\\/switch-4-dlink-outdoor-managed-10-100-1000-poe-250m-layer-2pc\\\/#breadcrumb\"},\"inLanguage\":\"pt-PT\",\"potentialAction\":[{\"@type\":\"ReadAction\",\"target\":[\"https:\\\/\\\/cyberlogics.ao\\\/index.php\\\/product\\\/switch-4-dlink-outdoor-managed-10-100-1000-poe-250m-layer-2pc\\\/\"]}]},{\"@type\":\"ImageObject\",\"inLanguage\":\"pt-PT\",\"@id\":\"https:\\\/\\\/cyberlogics.ao\\\/index.php\\\/product\\\/switch-4-dlink-outdoor-managed-10-100-1000-poe-250m-layer-2pc\\\/#primaryimage\",\"url\":\"https:\\\/\\\/cyberlogics.ao\\\/wp-content\\\/uploads\\\/2025\\\/09\\\/switch-4-dlink-outdoor-managed-101001000-poe-250m-layer-2pc.jpg\",\"contentUrl\":\"https:\\\/\\\/cyberlogics.ao\\\/wp-content\\\/uploads\\\/2025\\\/09\\\/switch-4-dlink-outdoor-managed-101001000-poe-250m-layer-2pc.jpg\",\"width\":400,\"height\":400},{\"@type\":\"BreadcrumbList\",\"@id\":\"https:\\\/\\\/cyberlogics.ao\\\/index.php\\\/product\\\/switch-4-dlink-outdoor-managed-10-100-1000-poe-250m-layer-2pc\\\/#breadcrumb\",\"itemListElement\":[{\"@type\":\"ListItem\",\"position\":1,\"name\":\"In\u00edcio\",\"item\":\"https:\\\/\\\/cyberlogics.ao\\\/\"},{\"@type\":\"ListItem\",\"position\":2,\"name\":\"Produtos\",\"item\":\"https:\\\/\\\/cyberlogics.ao\\\/index.php\\\/shop-2\\\/\"},{\"@type\":\"ListItem\",\"position\":3,\"name\":\"SWITCH 4 DLINK OUTDOOR MANAGED 10\\\/100\\\/1000 POE 250M LAYER 2PC\"}]},{\"@type\":\"WebSite\",\"@id\":\"https:\\\/\\\/cyberlogics.ao\\\/#website\",\"url\":\"https:\\\/\\\/cyberlogics.ao\\\/\",\"name\":\"Cyberlogics Technologies Angola\",\"description\":\"Loja Online de Licen\u00e7as de Softwares e Inform\u00e1tica\",\"publisher\":{\"@id\":\"https:\\\/\\\/cyberlogics.ao\\\/#organization\"},\"potentialAction\":[{\"@type\":\"SearchAction\",\"target\":{\"@type\":\"EntryPoint\",\"urlTemplate\":\"https:\\\/\\\/cyberlogics.ao\\\/?s={search_term_string}\"},\"query-input\":{\"@type\":\"PropertyValueSpecification\",\"valueRequired\":true,\"valueName\":\"search_term_string\"}}],\"inLanguage\":\"pt-PT\"},{\"@type\":\"Organization\",\"@id\":\"https:\\\/\\\/cyberlogics.ao\\\/#organization\",\"name\":\"Cyberlogics Ao Technologies - Loja Online de Licen\u00e7as de Softwares e Inform\u00e1tica\",\"url\":\"https:\\\/\\\/cyberlogics.ao\\\/\",\"logo\":{\"@type\":\"ImageObject\",\"inLanguage\":\"pt-PT\",\"@id\":\"https:\\\/\\\/cyberlogics.ao\\\/#\\\/schema\\\/logo\\\/image\\\/\",\"url\":\"https:\\\/\\\/cyberlogics.ao\\\/wp-content\\\/uploads\\\/2022\\\/04\\\/CT-logo.png\",\"contentUrl\":\"https:\\\/\\\/cyberlogics.ao\\\/wp-content\\\/uploads\\\/2022\\\/04\\\/CT-logo.png\",\"width\":190,\"height\":75,\"caption\":\"Cyberlogics Ao Technologies - Loja Online de Licen\u00e7as de Softwares e Inform\u00e1tica\"},\"image\":{\"@id\":\"https:\\\/\\\/cyberlogics.ao\\\/#\\\/schema\\\/logo\\\/image\\\/\"}}]}<\/script>\n<!-- \/ Yoast SEO plugin. -->","yoast_head_json":{"title":"SWITCH 4 DLINK OUTDOOR MANAGED 10\/100\/1000 POE 250M LAYER 2PC - Cyberlogics Technologies Angola","description":"A Maior Loja Online de Angola de Licen\u00e7as Microsoft Office | Chaves Sistemas Operativos Windows | Antiv\u00edrus | Cloud Adobe | Inform\u00e1tica & Servidores | Softwares de Gest\u00e3o ERP | Gaming Hardware | UPS e Baterias & Muito Mais...","robots":{"index":"index","follow":"follow","max-snippet":"max-snippet:-1","max-image-preview":"max-image-preview:large","max-video-preview":"max-video-preview:-1"},"canonical":"https:\/\/cyberlogics.ao\/index.php\/product\/switch-4-dlink-outdoor-managed-10-100-1000-poe-250m-layer-2pc\/","og_locale":"pt_PT","og_type":"article","og_title":"SWITCH 4 DLINK OUTDOOR MANAGED 10\/100\/1000 POE 250M LAYER 2PC - Cyberlogics Technologies Angola","og_description":"A Maior Loja Online de Angola de Licen\u00e7as Microsoft Office | Chaves Sistemas Operativos Windows | Antiv\u00edrus | Cloud Adobe | Inform\u00e1tica & Servidores | Softwares de Gest\u00e3o ERP | Gaming Hardware | UPS e Baterias & Muito Mais...","og_url":"https:\/\/cyberlogics.ao\/index.php\/product\/switch-4-dlink-outdoor-managed-10-100-1000-poe-250m-layer-2pc\/","og_site_name":"Cyberlogics Technologies Angola","og_image":[{"width":400,"height":400,"url":"http:\/\/cyberlogics.ao\/wp-content\/uploads\/2025\/09\/switch-4-dlink-outdoor-managed-101001000-poe-250m-layer-2pc.jpg","type":"image\/jpeg"}],"twitter_card":"summary_large_image","twitter_misc":{"Tempo estimado de leitura":"3 minutos"},"schema":{"@context":"https:\/\/schema.org","@graph":[{"@type":"WebPage","@id":"https:\/\/cyberlogics.ao\/index.php\/product\/switch-4-dlink-outdoor-managed-10-100-1000-poe-250m-layer-2pc\/","url":"https:\/\/cyberlogics.ao\/index.php\/product\/switch-4-dlink-outdoor-managed-10-100-1000-poe-250m-layer-2pc\/","name":"SWITCH 4 DLINK OUTDOOR MANAGED 10\/100\/1000 POE 250M LAYER 2PC - Cyberlogics Technologies Angola","isPartOf":{"@id":"https:\/\/cyberlogics.ao\/#website"},"primaryImageOfPage":{"@id":"https:\/\/cyberlogics.ao\/index.php\/product\/switch-4-dlink-outdoor-managed-10-100-1000-poe-250m-layer-2pc\/#primaryimage"},"image":{"@id":"https:\/\/cyberlogics.ao\/index.php\/product\/switch-4-dlink-outdoor-managed-10-100-1000-poe-250m-layer-2pc\/#primaryimage"},"thumbnailUrl":"https:\/\/cyberlogics.ao\/wp-content\/uploads\/2025\/09\/switch-4-dlink-outdoor-managed-101001000-poe-250m-layer-2pc.jpg","datePublished":"2025-09-19T10:50:00+00:00","description":"A Maior Loja Online de Angola de Licen\u00e7as Microsoft Office | Chaves Sistemas Operativos Windows | Antiv\u00edrus | Cloud Adobe | Inform\u00e1tica & Servidores | Softwares de Gest\u00e3o ERP | Gaming Hardware | UPS e Baterias & Muito Mais...","breadcrumb":{"@id":"https:\/\/cyberlogics.ao\/index.php\/product\/switch-4-dlink-outdoor-managed-10-100-1000-poe-250m-layer-2pc\/#breadcrumb"},"inLanguage":"pt-PT","potentialAction":[{"@type":"ReadAction","target":["https:\/\/cyberlogics.ao\/index.php\/product\/switch-4-dlink-outdoor-managed-10-100-1000-poe-250m-layer-2pc\/"]}]},{"@type":"ImageObject","inLanguage":"pt-PT","@id":"https:\/\/cyberlogics.ao\/index.php\/product\/switch-4-dlink-outdoor-managed-10-100-1000-poe-250m-layer-2pc\/#primaryimage","url":"https:\/\/cyberlogics.ao\/wp-content\/uploads\/2025\/09\/switch-4-dlink-outdoor-managed-101001000-poe-250m-layer-2pc.jpg","contentUrl":"https:\/\/cyberlogics.ao\/wp-content\/uploads\/2025\/09\/switch-4-dlink-outdoor-managed-101001000-poe-250m-layer-2pc.jpg","width":400,"height":400},{"@type":"BreadcrumbList","@id":"https:\/\/cyberlogics.ao\/index.php\/product\/switch-4-dlink-outdoor-managed-10-100-1000-poe-250m-layer-2pc\/#breadcrumb","itemListElement":[{"@type":"ListItem","position":1,"name":"In\u00edcio","item":"https:\/\/cyberlogics.ao\/"},{"@type":"ListItem","position":2,"name":"Produtos","item":"https:\/\/cyberlogics.ao\/index.php\/shop-2\/"},{"@type":"ListItem","position":3,"name":"SWITCH 4 DLINK OUTDOOR MANAGED 10\/100\/1000 POE 250M LAYER 2PC"}]},{"@type":"WebSite","@id":"https:\/\/cyberlogics.ao\/#website","url":"https:\/\/cyberlogics.ao\/","name":"Cyberlogics Technologies Angola","description":"Loja Online de Licen\u00e7as de Softwares e Inform\u00e1tica","publisher":{"@id":"https:\/\/cyberlogics.ao\/#organization"},"potentialAction":[{"@type":"SearchAction","target":{"@type":"EntryPoint","urlTemplate":"https:\/\/cyberlogics.ao\/?s={search_term_string}"},"query-input":{"@type":"PropertyValueSpecification","valueRequired":true,"valueName":"search_term_string"}}],"inLanguage":"pt-PT"},{"@type":"Organization","@id":"https:\/\/cyberlogics.ao\/#organization","name":"Cyberlogics Ao Technologies - Loja Online de Licen\u00e7as de Softwares e Inform\u00e1tica","url":"https:\/\/cyberlogics.ao\/","logo":{"@type":"ImageObject","inLanguage":"pt-PT","@id":"https:\/\/cyberlogics.ao\/#\/schema\/logo\/image\/","url":"https:\/\/cyberlogics.ao\/wp-content\/uploads\/2022\/04\/CT-logo.png","contentUrl":"https:\/\/cyberlogics.ao\/wp-content\/uploads\/2022\/04\/CT-logo.png","width":190,"height":75,"caption":"Cyberlogics Ao Technologies - Loja Online de Licen\u00e7as de Softwares e Inform\u00e1tica"},"image":{"@id":"https:\/\/cyberlogics.ao\/#\/schema\/logo\/image\/"}}]}},"_links":{"self":[{"href":"https:\/\/cyberlogics.ao\/index.php\/wp-json\/wp\/v2\/product\/9462","targetHints":{"allow":["GET"]}}],"collection":[{"href":"https:\/\/cyberlogics.ao\/index.php\/wp-json\/wp\/v2\/product"}],"about":[{"href":"https:\/\/cyberlogics.ao\/index.php\/wp-json\/wp\/v2\/types\/product"}],"replies":[{"embeddable":true,"href":"https:\/\/cyberlogics.ao\/index.php\/wp-json\/wp\/v2\/comments?post=9462"}],"wp:featuredmedia":[{"embeddable":true,"href":"https:\/\/cyberlogics.ao\/index.php\/wp-json\/wp\/v2\/media\/9464"}],"wp:attachment":[{"href":"https:\/\/cyberlogics.ao\/index.php\/wp-json\/wp\/v2\/media?parent=9462"}],"wp:term":[{"taxonomy":"product_brand","embeddable":true,"href":"https:\/\/cyberlogics.ao\/index.php\/wp-json\/wp\/v2\/product_brand?post=9462"},{"taxonomy":"product_cat","embeddable":true,"href":"https:\/\/cyberlogics.ao\/index.php\/wp-json\/wp\/v2\/product_cat?post=9462"},{"taxonomy":"product_tag","embeddable":true,"href":"https:\/\/cyberlogics.ao\/index.php\/wp-json\/wp\/v2\/product_tag?post=9462"}],"curies":[{"name":"wp","href":"https:\/\/api.w.org\/{rel}","templated":true}]}}