{"id":9530,"date":"2025-09-19T15:07:58","date_gmt":"2025-09-19T15:07:58","guid":{"rendered":"https:\/\/cyberlogics.ao\/?post_type=product&#038;p=9530"},"modified":"2025-09-19T15:07:58","modified_gmt":"2025-09-19T15:07:58","slug":"wifi-adapt-usb-mini-tp-link-300mbps-high-power-suporta-windows-xp-vista-7-8","status":"publish","type":"product","link":"https:\/\/cyberlogics.ao\/index.php\/product\/wifi-adapt-usb-mini-tp-link-300mbps-high-power-suporta-windows-xp-vista-7-8\/","title":{"rendered":"WIFI ADAPT.USB MINI TP-LINK 300Mbps HIGH POWER SUPORTA WINDOWS XP\/VISTA\/7\/8"},"content":{"rendered":"<h3><big><strong>TL-WN8200ND &#8211; Adaptador USB Wireless de Alta Pot\u00eancia 300Mbps<\/strong><\/big><\/h3>\n<p><em>&#8211; Alta pot\u00eancia e sensibilidade de recep\u00e7\u00e3o para trazer pra perto a transmiss\u00e3o de\u00a0longa dist\u00e2ncia<\/em><\/p>\n<p><em>&#8211; Taxas de transmiss\u00e3o de 300Mbps, ideais para tarefas que demandam muito da banda larga<\/em><\/p>\n<p><em>&#8211; F\u00e1cil configura\u00e7\u00e3o da criptografia de seguran\u00e7a da rede wireless com um simples toque no bot\u00e3o WPS<\/em><\/p>\n<p><em>&#8211; 1,5 metros de cabo de extens\u00e3o USB permite uma implementa\u00e7\u00e3o conveniente<\/em><\/p>\n<p><em>&#8211; Suporta Windows XP \/ Vista \/ 7 \/ 8<\/em><\/p>\n<p>&nbsp;<\/p>\n<p><big><strong>Alto poder para uma forte cobertura e penetrabilidade<\/strong><\/big><\/p>\n<p>Com alta pot\u00eancia de transmiss\u00e3o, o TL-WN8200ND oferece at\u00e9 10 vezes o alcance do adaptador USB de alimenta\u00e7\u00e3o normal. Al\u00e9m disso,\u00a0o TL-WN8200ND\u00a0se conecta com a rede atravessando paredes, pisos e outros obst\u00e1culos f\u00edsicos para efetivamente manter uma conex\u00e3o sem fio confi\u00e1vel.<\/p>\n<p><big><strong>Grande flexibilidade com antenas destac\u00e1veis<\/strong><\/big><\/p>\n<p>As duas antenas destac\u00e1veis \u200b\u200bpodem ser giradas e ajustadas em diferentes dire\u00e7\u00f5es para caber em v\u00e1rios ambientes de opera\u00e7\u00e3o. E tamb\u00e9m, as antenas podem ser substitu\u00eddas por diversas antenas interiores ou antenas direcionais para mostrar uma cobertura sem fio mais ampla.<\/p>\n<p><big><strong>F\u00e1cil de usar com um design amig\u00e1vel<\/strong><\/big><\/p>\n<p>O design de estilo de desktop \u00e9 ben\u00e9fico para a recep\u00e7\u00e3o de sinal em v\u00e1rios ambientes de aplicativos. E o TL-WN8200ND tamb\u00e9m fornece cabo de extens\u00e3o USB de 1,5 m, o que \u00e9 conveniente para a sua instala\u00e7\u00e3o, mesmo para o equipamento de mesa.<\/p>\n<p><big><strong>F\u00e1cil Configura\u00e7\u00e3o<\/strong><\/big><\/p>\n<p>Uma interface de usu\u00e1rio amig\u00e1vel Utilit\u00e1rio em um CD para instala\u00e7\u00e3o simples.<\/p>\n<p><big><strong>Bot\u00e3o WPS<\/strong><\/big><\/p>\n<p>Criptografia f\u00e1cil de seguran\u00e7a sem fio pressionando o bot\u00e3o WPS.<\/p>\n<p><big><strong>Sistemas Operacionais<\/strong><\/big><\/p>\n<p>Suporta Windows, Mac OS, Linux.<\/p>\n","protected":false},"excerpt":{"rendered":"<p><label>Marca:<\/label>\u00a0<span class=\"editable\">TP-LINK<\/span><br \/>\n<label>Part-Number:<\/label>\u00a0<span class=\"editable\">TL-WN8200ND(UN)<\/span><\/p>\n","protected":false},"featured_media":9531,"comment_status":"open","ping_status":"closed","template":"","meta":{"_joinchat":[]},"product_brand":[],"product_cat":[675,660],"product_tag":[],"class_list":{"0":"post-9530","1":"product","2":"type-product","3":"status-publish","4":"has-post-thumbnail","6":"product_cat-produtos-diversos","7":"product_cat-tp-link","9":"first","10":"instock","11":"shipping-taxable","12":"purchasable","13":"product-type-simple"},"yoast_head":"<!-- This site is optimized with the Yoast SEO plugin v27.3 - https:\/\/yoast.com\/product\/yoast-seo-wordpress\/ -->\n<title>WIFI ADAPT.USB MINI TP-LINK 300Mbps HIGH POWER SUPORTA WINDOWS XP\/VISTA\/7\/8 - Cyberlogics Technologies Angola<\/title>\n<meta name=\"description\" content=\"A Maior Loja Online de Angola de Licen\u00e7as Microsoft Office | Chaves Sistemas Operativos Windows | Antiv\u00edrus | Cloud Adobe | Inform\u00e1tica &amp; Servidores | Softwares de Gest\u00e3o ERP | Gaming Hardware | UPS e Baterias &amp; Muito Mais...\" \/>\n<meta name=\"robots\" content=\"index, follow, max-snippet:-1, max-image-preview:large, max-video-preview:-1\" \/>\n<link rel=\"canonical\" href=\"https:\/\/cyberlogics.ao\/index.php\/product\/wifi-adapt-usb-mini-tp-link-300mbps-high-power-suporta-windows-xp-vista-7-8\/\" \/>\n<meta property=\"og:locale\" content=\"pt_PT\" \/>\n<meta property=\"og:type\" content=\"article\" \/>\n<meta property=\"og:title\" content=\"WIFI ADAPT.USB MINI TP-LINK 300Mbps HIGH POWER SUPORTA WINDOWS XP\/VISTA\/7\/8 - Cyberlogics Technologies Angola\" \/>\n<meta property=\"og:description\" content=\"A Maior Loja Online de Angola de Licen\u00e7as Microsoft Office | Chaves Sistemas Operativos Windows | Antiv\u00edrus | Cloud Adobe | Inform\u00e1tica &amp; Servidores | Softwares de Gest\u00e3o ERP | Gaming Hardware | UPS e Baterias &amp; Muito Mais...\" \/>\n<meta property=\"og:url\" content=\"https:\/\/cyberlogics.ao\/index.php\/product\/wifi-adapt-usb-mini-tp-link-300mbps-high-power-suporta-windows-xp-vista-7-8\/\" \/>\n<meta property=\"og:site_name\" content=\"Cyberlogics Technologies Angola\" \/>\n<meta property=\"og:image\" content=\"http:\/\/cyberlogics.ao\/wp-content\/uploads\/2025\/09\/wifi-adaptusb-mini-tp-link-300mbps-high-power-suporta-windows-xpvista78-1.jpg\" \/>\n\t<meta property=\"og:image:width\" content=\"400\" \/>\n\t<meta property=\"og:image:height\" content=\"400\" \/>\n\t<meta property=\"og:image:type\" content=\"image\/jpeg\" \/>\n<meta name=\"twitter:card\" content=\"summary_large_image\" \/>\n<meta name=\"twitter:label1\" content=\"Tempo estimado de leitura\" \/>\n\t<meta name=\"twitter:data1\" content=\"2 minutos\" \/>\n<script type=\"application\/ld+json\" class=\"yoast-schema-graph\">{\"@context\":\"https:\\\/\\\/schema.org\",\"@graph\":[{\"@type\":\"WebPage\",\"@id\":\"https:\\\/\\\/cyberlogics.ao\\\/index.php\\\/product\\\/wifi-adapt-usb-mini-tp-link-300mbps-high-power-suporta-windows-xp-vista-7-8\\\/\",\"url\":\"https:\\\/\\\/cyberlogics.ao\\\/index.php\\\/product\\\/wifi-adapt-usb-mini-tp-link-300mbps-high-power-suporta-windows-xp-vista-7-8\\\/\",\"name\":\"WIFI ADAPT.USB MINI TP-LINK 300Mbps HIGH POWER SUPORTA WINDOWS XP\\\/VISTA\\\/7\\\/8 - Cyberlogics Technologies Angola\",\"isPartOf\":{\"@id\":\"https:\\\/\\\/cyberlogics.ao\\\/#website\"},\"primaryImageOfPage\":{\"@id\":\"https:\\\/\\\/cyberlogics.ao\\\/index.php\\\/product\\\/wifi-adapt-usb-mini-tp-link-300mbps-high-power-suporta-windows-xp-vista-7-8\\\/#primaryimage\"},\"image\":{\"@id\":\"https:\\\/\\\/cyberlogics.ao\\\/index.php\\\/product\\\/wifi-adapt-usb-mini-tp-link-300mbps-high-power-suporta-windows-xp-vista-7-8\\\/#primaryimage\"},\"thumbnailUrl\":\"https:\\\/\\\/cyberlogics.ao\\\/wp-content\\\/uploads\\\/2025\\\/09\\\/wifi-adaptusb-mini-tp-link-300mbps-high-power-suporta-windows-xpvista78-1.jpg\",\"datePublished\":\"2025-09-19T15:07:58+00:00\",\"description\":\"A Maior Loja Online de Angola de Licen\u00e7as Microsoft Office | Chaves Sistemas Operativos Windows | Antiv\u00edrus | Cloud Adobe | Inform\u00e1tica & Servidores | Softwares de Gest\u00e3o ERP | Gaming Hardware | UPS e Baterias & Muito Mais...\",\"breadcrumb\":{\"@id\":\"https:\\\/\\\/cyberlogics.ao\\\/index.php\\\/product\\\/wifi-adapt-usb-mini-tp-link-300mbps-high-power-suporta-windows-xp-vista-7-8\\\/#breadcrumb\"},\"inLanguage\":\"pt-PT\",\"potentialAction\":[{\"@type\":\"ReadAction\",\"target\":[\"https:\\\/\\\/cyberlogics.ao\\\/index.php\\\/product\\\/wifi-adapt-usb-mini-tp-link-300mbps-high-power-suporta-windows-xp-vista-7-8\\\/\"]}]},{\"@type\":\"ImageObject\",\"inLanguage\":\"pt-PT\",\"@id\":\"https:\\\/\\\/cyberlogics.ao\\\/index.php\\\/product\\\/wifi-adapt-usb-mini-tp-link-300mbps-high-power-suporta-windows-xp-vista-7-8\\\/#primaryimage\",\"url\":\"https:\\\/\\\/cyberlogics.ao\\\/wp-content\\\/uploads\\\/2025\\\/09\\\/wifi-adaptusb-mini-tp-link-300mbps-high-power-suporta-windows-xpvista78-1.jpg\",\"contentUrl\":\"https:\\\/\\\/cyberlogics.ao\\\/wp-content\\\/uploads\\\/2025\\\/09\\\/wifi-adaptusb-mini-tp-link-300mbps-high-power-suporta-windows-xpvista78-1.jpg\",\"width\":400,\"height\":400},{\"@type\":\"BreadcrumbList\",\"@id\":\"https:\\\/\\\/cyberlogics.ao\\\/index.php\\\/product\\\/wifi-adapt-usb-mini-tp-link-300mbps-high-power-suporta-windows-xp-vista-7-8\\\/#breadcrumb\",\"itemListElement\":[{\"@type\":\"ListItem\",\"position\":1,\"name\":\"In\u00edcio\",\"item\":\"https:\\\/\\\/cyberlogics.ao\\\/\"},{\"@type\":\"ListItem\",\"position\":2,\"name\":\"Produtos\",\"item\":\"https:\\\/\\\/cyberlogics.ao\\\/index.php\\\/shop-2\\\/\"},{\"@type\":\"ListItem\",\"position\":3,\"name\":\"WIFI ADAPT.USB MINI TP-LINK 300Mbps HIGH POWER SUPORTA WINDOWS XP\\\/VISTA\\\/7\\\/8\"}]},{\"@type\":\"WebSite\",\"@id\":\"https:\\\/\\\/cyberlogics.ao\\\/#website\",\"url\":\"https:\\\/\\\/cyberlogics.ao\\\/\",\"name\":\"Cyberlogics Technologies Angola\",\"description\":\"Loja Online de Licen\u00e7as de Softwares e Inform\u00e1tica\",\"publisher\":{\"@id\":\"https:\\\/\\\/cyberlogics.ao\\\/#organization\"},\"potentialAction\":[{\"@type\":\"SearchAction\",\"target\":{\"@type\":\"EntryPoint\",\"urlTemplate\":\"https:\\\/\\\/cyberlogics.ao\\\/?s={search_term_string}\"},\"query-input\":{\"@type\":\"PropertyValueSpecification\",\"valueRequired\":true,\"valueName\":\"search_term_string\"}}],\"inLanguage\":\"pt-PT\"},{\"@type\":\"Organization\",\"@id\":\"https:\\\/\\\/cyberlogics.ao\\\/#organization\",\"name\":\"Cyberlogics Ao Technologies - Loja Online de Licen\u00e7as de Softwares e Inform\u00e1tica\",\"url\":\"https:\\\/\\\/cyberlogics.ao\\\/\",\"logo\":{\"@type\":\"ImageObject\",\"inLanguage\":\"pt-PT\",\"@id\":\"https:\\\/\\\/cyberlogics.ao\\\/#\\\/schema\\\/logo\\\/image\\\/\",\"url\":\"https:\\\/\\\/cyberlogics.ao\\\/wp-content\\\/uploads\\\/2022\\\/04\\\/CT-logo.png\",\"contentUrl\":\"https:\\\/\\\/cyberlogics.ao\\\/wp-content\\\/uploads\\\/2022\\\/04\\\/CT-logo.png\",\"width\":190,\"height\":75,\"caption\":\"Cyberlogics Ao Technologies - Loja Online de Licen\u00e7as de Softwares e Inform\u00e1tica\"},\"image\":{\"@id\":\"https:\\\/\\\/cyberlogics.ao\\\/#\\\/schema\\\/logo\\\/image\\\/\"}}]}<\/script>\n<!-- \/ Yoast SEO plugin. -->","yoast_head_json":{"title":"WIFI ADAPT.USB MINI TP-LINK 300Mbps HIGH POWER SUPORTA WINDOWS XP\/VISTA\/7\/8 - Cyberlogics Technologies Angola","description":"A Maior Loja Online de Angola de Licen\u00e7as Microsoft Office | Chaves Sistemas Operativos Windows | Antiv\u00edrus | Cloud Adobe | Inform\u00e1tica & Servidores | Softwares de Gest\u00e3o ERP | Gaming Hardware | UPS e Baterias & Muito Mais...","robots":{"index":"index","follow":"follow","max-snippet":"max-snippet:-1","max-image-preview":"max-image-preview:large","max-video-preview":"max-video-preview:-1"},"canonical":"https:\/\/cyberlogics.ao\/index.php\/product\/wifi-adapt-usb-mini-tp-link-300mbps-high-power-suporta-windows-xp-vista-7-8\/","og_locale":"pt_PT","og_type":"article","og_title":"WIFI ADAPT.USB MINI TP-LINK 300Mbps HIGH POWER SUPORTA WINDOWS XP\/VISTA\/7\/8 - Cyberlogics Technologies Angola","og_description":"A Maior Loja Online de Angola de Licen\u00e7as Microsoft Office | Chaves Sistemas Operativos Windows | Antiv\u00edrus | Cloud Adobe | Inform\u00e1tica & Servidores | Softwares de Gest\u00e3o ERP | Gaming Hardware | UPS e Baterias & Muito Mais...","og_url":"https:\/\/cyberlogics.ao\/index.php\/product\/wifi-adapt-usb-mini-tp-link-300mbps-high-power-suporta-windows-xp-vista-7-8\/","og_site_name":"Cyberlogics Technologies Angola","og_image":[{"width":400,"height":400,"url":"http:\/\/cyberlogics.ao\/wp-content\/uploads\/2025\/09\/wifi-adaptusb-mini-tp-link-300mbps-high-power-suporta-windows-xpvista78-1.jpg","type":"image\/jpeg"}],"twitter_card":"summary_large_image","twitter_misc":{"Tempo estimado de leitura":"2 minutos"},"schema":{"@context":"https:\/\/schema.org","@graph":[{"@type":"WebPage","@id":"https:\/\/cyberlogics.ao\/index.php\/product\/wifi-adapt-usb-mini-tp-link-300mbps-high-power-suporta-windows-xp-vista-7-8\/","url":"https:\/\/cyberlogics.ao\/index.php\/product\/wifi-adapt-usb-mini-tp-link-300mbps-high-power-suporta-windows-xp-vista-7-8\/","name":"WIFI ADAPT.USB MINI TP-LINK 300Mbps HIGH POWER SUPORTA WINDOWS XP\/VISTA\/7\/8 - Cyberlogics Technologies Angola","isPartOf":{"@id":"https:\/\/cyberlogics.ao\/#website"},"primaryImageOfPage":{"@id":"https:\/\/cyberlogics.ao\/index.php\/product\/wifi-adapt-usb-mini-tp-link-300mbps-high-power-suporta-windows-xp-vista-7-8\/#primaryimage"},"image":{"@id":"https:\/\/cyberlogics.ao\/index.php\/product\/wifi-adapt-usb-mini-tp-link-300mbps-high-power-suporta-windows-xp-vista-7-8\/#primaryimage"},"thumbnailUrl":"https:\/\/cyberlogics.ao\/wp-content\/uploads\/2025\/09\/wifi-adaptusb-mini-tp-link-300mbps-high-power-suporta-windows-xpvista78-1.jpg","datePublished":"2025-09-19T15:07:58+00:00","description":"A Maior Loja Online de Angola de Licen\u00e7as Microsoft Office | Chaves Sistemas Operativos Windows | Antiv\u00edrus | Cloud Adobe | Inform\u00e1tica & Servidores | Softwares de Gest\u00e3o ERP | Gaming Hardware | UPS e Baterias & Muito Mais...","breadcrumb":{"@id":"https:\/\/cyberlogics.ao\/index.php\/product\/wifi-adapt-usb-mini-tp-link-300mbps-high-power-suporta-windows-xp-vista-7-8\/#breadcrumb"},"inLanguage":"pt-PT","potentialAction":[{"@type":"ReadAction","target":["https:\/\/cyberlogics.ao\/index.php\/product\/wifi-adapt-usb-mini-tp-link-300mbps-high-power-suporta-windows-xp-vista-7-8\/"]}]},{"@type":"ImageObject","inLanguage":"pt-PT","@id":"https:\/\/cyberlogics.ao\/index.php\/product\/wifi-adapt-usb-mini-tp-link-300mbps-high-power-suporta-windows-xp-vista-7-8\/#primaryimage","url":"https:\/\/cyberlogics.ao\/wp-content\/uploads\/2025\/09\/wifi-adaptusb-mini-tp-link-300mbps-high-power-suporta-windows-xpvista78-1.jpg","contentUrl":"https:\/\/cyberlogics.ao\/wp-content\/uploads\/2025\/09\/wifi-adaptusb-mini-tp-link-300mbps-high-power-suporta-windows-xpvista78-1.jpg","width":400,"height":400},{"@type":"BreadcrumbList","@id":"https:\/\/cyberlogics.ao\/index.php\/product\/wifi-adapt-usb-mini-tp-link-300mbps-high-power-suporta-windows-xp-vista-7-8\/#breadcrumb","itemListElement":[{"@type":"ListItem","position":1,"name":"In\u00edcio","item":"https:\/\/cyberlogics.ao\/"},{"@type":"ListItem","position":2,"name":"Produtos","item":"https:\/\/cyberlogics.ao\/index.php\/shop-2\/"},{"@type":"ListItem","position":3,"name":"WIFI ADAPT.USB MINI TP-LINK 300Mbps HIGH POWER SUPORTA WINDOWS XP\/VISTA\/7\/8"}]},{"@type":"WebSite","@id":"https:\/\/cyberlogics.ao\/#website","url":"https:\/\/cyberlogics.ao\/","name":"Cyberlogics Technologies Angola","description":"Loja Online de Licen\u00e7as de Softwares e Inform\u00e1tica","publisher":{"@id":"https:\/\/cyberlogics.ao\/#organization"},"potentialAction":[{"@type":"SearchAction","target":{"@type":"EntryPoint","urlTemplate":"https:\/\/cyberlogics.ao\/?s={search_term_string}"},"query-input":{"@type":"PropertyValueSpecification","valueRequired":true,"valueName":"search_term_string"}}],"inLanguage":"pt-PT"},{"@type":"Organization","@id":"https:\/\/cyberlogics.ao\/#organization","name":"Cyberlogics Ao Technologies - Loja Online de Licen\u00e7as de Softwares e Inform\u00e1tica","url":"https:\/\/cyberlogics.ao\/","logo":{"@type":"ImageObject","inLanguage":"pt-PT","@id":"https:\/\/cyberlogics.ao\/#\/schema\/logo\/image\/","url":"https:\/\/cyberlogics.ao\/wp-content\/uploads\/2022\/04\/CT-logo.png","contentUrl":"https:\/\/cyberlogics.ao\/wp-content\/uploads\/2022\/04\/CT-logo.png","width":190,"height":75,"caption":"Cyberlogics Ao Technologies - Loja Online de Licen\u00e7as de Softwares e Inform\u00e1tica"},"image":{"@id":"https:\/\/cyberlogics.ao\/#\/schema\/logo\/image\/"}}]}},"_links":{"self":[{"href":"https:\/\/cyberlogics.ao\/index.php\/wp-json\/wp\/v2\/product\/9530","targetHints":{"allow":["GET"]}}],"collection":[{"href":"https:\/\/cyberlogics.ao\/index.php\/wp-json\/wp\/v2\/product"}],"about":[{"href":"https:\/\/cyberlogics.ao\/index.php\/wp-json\/wp\/v2\/types\/product"}],"replies":[{"embeddable":true,"href":"https:\/\/cyberlogics.ao\/index.php\/wp-json\/wp\/v2\/comments?post=9530"}],"wp:featuredmedia":[{"embeddable":true,"href":"https:\/\/cyberlogics.ao\/index.php\/wp-json\/wp\/v2\/media\/9531"}],"wp:attachment":[{"href":"https:\/\/cyberlogics.ao\/index.php\/wp-json\/wp\/v2\/media?parent=9530"}],"wp:term":[{"taxonomy":"product_brand","embeddable":true,"href":"https:\/\/cyberlogics.ao\/index.php\/wp-json\/wp\/v2\/product_brand?post=9530"},{"taxonomy":"product_cat","embeddable":true,"href":"https:\/\/cyberlogics.ao\/index.php\/wp-json\/wp\/v2\/product_cat?post=9530"},{"taxonomy":"product_tag","embeddable":true,"href":"https:\/\/cyberlogics.ao\/index.php\/wp-json\/wp\/v2\/product_tag?post=9530"}],"curies":[{"name":"wp","href":"https:\/\/api.w.org\/{rel}","templated":true}]}}