{"id":9588,"date":"2025-09-22T10:49:51","date_gmt":"2025-09-22T10:49:51","guid":{"rendered":"https:\/\/cyberlogics.ao\/?post_type=product&#038;p=9588"},"modified":"2025-09-22T10:49:51","modified_gmt":"2025-09-22T10:49:51","slug":"ap-wifi-hpe-aruba-i-on-ap27-bundle-outdoor","status":"publish","type":"product","link":"https:\/\/cyberlogics.ao\/index.php\/product\/ap-wifi-hpe-aruba-i-on-ap27-bundle-outdoor\/","title":{"rendered":"AP WIFI HPE ARUBA I-ON AP27 BUNDLE OUTDOOR"},"content":{"rendered":"<p class=\"hpe-more-information__list-item_tabs_sepcifications \">Certifica\u00e7\u00f5es<span class=\"hpe-product-specification-text\">\u00a0Wi-Fi Alliance certificada (WFA) 802.11ax com (Wi-Fi 6), WPA2, WPA3<\/span><\/p>\n<p class=\"hpe-more-information__list-item_tabs_sepcifications \">Tens\u00e3o de entrada<span class=\"hpe-product-specification-text\">\u00a0PoE: 802.3at (classe 4) Alimenta\u00e7\u00e3o DC (12 V)<\/p>\n<p>Observa\u00e7\u00e3o: as fontes de alimenta\u00e7\u00e3o s\u00e3o vendidas separadamente, a menos que voc\u00ea compre o SKU do pacote<\/span><\/p>\n<p class=\"hpe-more-information__list-item_tabs_sepcifications \">Antena Wi-Fi<span class=\"hpe-product-specification-text\">\u00a0Antenas: Antena dupla omnidirecional 2&#215;2 MIMO<br \/>\nGanho: 3,2 dBi em 2,4 GHz 5,4 dBi em 5 GHz<br \/>\nPot\u00eancia m\u00e1xima de transmiss\u00e3o:<br \/>\nBanda de 5 GHz: +25 dBm (+22 dBm por cadeia, ganho MIMO de 3 dB)<br \/>\nBanda de 2,4 GHz: +25 dBm (+22 dBm por cadeia, ganho MIMO de 3 dB)<\/span><\/p>\n<p class=\"hpe-more-information__list-item_tabs_sepcifications \">Conectividade, padr\u00e3o<span class=\"hpe-product-specification-text\">\u00a0Ultra-r\u00e1pido 802.11ax<\/span><\/p>\n<p class=\"hpe-more-information__list-item_tabs_sepcifications \">Portas<span class=\"hpe-product-specification-text\">\u00a01 porta de uplink GbE Base-T<br \/>\nIndicadores de status LED<br \/>\nBot\u00e3o de reinicializa\u00e7\u00e3o<br \/>\nSlot de seguran\u00e7a Kensington<\/span><\/p>\n<p class=\"hpe-more-information__list-item_tabs_sepcifications \">Montagem<span class=\"hpe-product-specification-text\">\u00a0Suporte de parede<\/span><\/p>\n<p class=\"hpe-more-information__list-item_tabs_sepcifications \">Consumo de energia<span class=\"hpe-product-specification-text\">\u00a0Consumo m\u00e1ximo de energia: 14,6 W (PoE)<\/span><\/p>\n<p class=\"hpe-more-information__list-item_tabs_sepcifications \">Cobertura de r\u00e1dio<span class=\"hpe-product-specification-text\">\u00a0Dual-r\u00e1dio 802.11ax<br \/>\n2&#215;2 5 GHz MIMO<br \/>\n2&#215;2 2,4 GHz MIMO<\/span><\/p>\n<p class=\"hpe-more-information__list-item_tabs_sepcifications \">\n<p class=\"hpe-more-information__list-item_tabs_sepcifications \">Descri\u00e7\u00e3o detalhada do produto:<span class=\"hpe-product-specification-text\">\u00a0Leve sua empresa para o exterior com os Pontos de Acesso HPE Networking Instant On AP27. Este r\u00e1pido ponto de acesso Wi-Fi 6 externo possui classifica\u00e7\u00e3o IP67, mantendo voc\u00ea conectado em ver\u00f5es quentes, invernos rigorosos, chuva, granizo e neve. Com capacidade para suportar temperaturas de -40\u00b0F a 70\u00b0C, voc\u00ea pode conectar com seguran\u00e7a at\u00e9 75 dispositivos via Wi-Fi 6 para estender a cobertura a estacionamentos, \u00e1reas de trabalho ao ar livre e piscinas de hot\u00e9is.<\/span><\/p>\n<p class=\"hpe-more-information__list-item_tabs_sepcifications \">Diferencial<span class=\"hpe-product-specification-text\">\u00a0na caixa: O pacote inclui ponto de acesso, PSU (tomada de energia para o continente da UE), kit de montagem e cabo Ethernet.\u00a0Guia de in\u00edcio r\u00e1pido<\/p>\n<p>do ponto de acesso HPE Networking Instant On.\u00a0Clipe combinado para montagem em trilho de teto e parede.\u00a0Adaptador de alimenta\u00e7\u00e3o CC com pacotes selecionados.\u00a0Dom\u00ednio regulat\u00f3rio da UE.<\/span><\/p>\n","protected":false},"excerpt":{"rendered":"<p><label>Marca:<\/label>\u00a0<span class=\"editable\">HPE<\/span><br \/>\n<label>Part-Number:<\/label>\u00a0<span class=\"editable\">S1T42A<\/span><\/p>\n","protected":false},"featured_media":9589,"comment_status":"open","ping_status":"closed","template":"","meta":{"_joinchat":[]},"product_brand":[],"product_cat":[696,697],"product_tag":[],"class_list":{"0":"post-9588","1":"product","2":"type-product","3":"status-publish","4":"has-post-thumbnail","6":"product_cat-access-points","7":"product_cat-ap-wifi-hpe-aruba-acessorios-2","9":"first","10":"instock","11":"shipping-taxable","12":"purchasable","13":"product-type-simple"},"yoast_head":"<!-- This site is optimized with the Yoast SEO plugin v27.3 - https:\/\/yoast.com\/product\/yoast-seo-wordpress\/ -->\n<title>AP WIFI HPE ARUBA I-ON AP27 BUNDLE OUTDOOR - Cyberlogics Technologies Angola<\/title>\n<meta name=\"description\" content=\"A Maior Loja Online de Angola de Licen\u00e7as Microsoft Office | Chaves Sistemas Operativos Windows | Antiv\u00edrus | Cloud Adobe | Inform\u00e1tica &amp; Servidores | Softwares de Gest\u00e3o ERP | Gaming Hardware | UPS e Baterias &amp; Muito Mais...\" \/>\n<meta name=\"robots\" content=\"index, follow, max-snippet:-1, max-image-preview:large, max-video-preview:-1\" \/>\n<link rel=\"canonical\" href=\"https:\/\/cyberlogics.ao\/index.php\/product\/ap-wifi-hpe-aruba-i-on-ap27-bundle-outdoor\/\" \/>\n<meta property=\"og:locale\" content=\"pt_PT\" \/>\n<meta property=\"og:type\" content=\"article\" \/>\n<meta property=\"og:title\" content=\"AP WIFI HPE ARUBA I-ON AP27 BUNDLE OUTDOOR - Cyberlogics Technologies Angola\" \/>\n<meta property=\"og:description\" content=\"A Maior Loja Online de Angola de Licen\u00e7as Microsoft Office | Chaves Sistemas Operativos Windows | Antiv\u00edrus | Cloud Adobe | Inform\u00e1tica &amp; Servidores | Softwares de Gest\u00e3o ERP | Gaming Hardware | UPS e Baterias &amp; Muito Mais...\" \/>\n<meta property=\"og:url\" content=\"https:\/\/cyberlogics.ao\/index.php\/product\/ap-wifi-hpe-aruba-i-on-ap27-bundle-outdoor\/\" \/>\n<meta property=\"og:site_name\" content=\"Cyberlogics Technologies Angola\" \/>\n<meta property=\"og:image\" content=\"http:\/\/cyberlogics.ao\/wp-content\/uploads\/2025\/09\/ap-wifi-hpe-aruba-i-on-ap27-bundle-outdoor-1.jpg\" \/>\n\t<meta property=\"og:image:width\" content=\"400\" \/>\n\t<meta property=\"og:image:height\" content=\"400\" \/>\n\t<meta property=\"og:image:type\" content=\"image\/jpeg\" \/>\n<meta name=\"twitter:card\" content=\"summary_large_image\" \/>\n<meta name=\"twitter:label1\" content=\"Tempo estimado de leitura\" \/>\n\t<meta name=\"twitter:data1\" content=\"1 minuto\" \/>\n<script type=\"application\/ld+json\" class=\"yoast-schema-graph\">{\"@context\":\"https:\\\/\\\/schema.org\",\"@graph\":[{\"@type\":\"WebPage\",\"@id\":\"https:\\\/\\\/cyberlogics.ao\\\/index.php\\\/product\\\/ap-wifi-hpe-aruba-i-on-ap27-bundle-outdoor\\\/\",\"url\":\"https:\\\/\\\/cyberlogics.ao\\\/index.php\\\/product\\\/ap-wifi-hpe-aruba-i-on-ap27-bundle-outdoor\\\/\",\"name\":\"AP WIFI HPE ARUBA I-ON AP27 BUNDLE OUTDOOR - Cyberlogics Technologies Angola\",\"isPartOf\":{\"@id\":\"https:\\\/\\\/cyberlogics.ao\\\/#website\"},\"primaryImageOfPage\":{\"@id\":\"https:\\\/\\\/cyberlogics.ao\\\/index.php\\\/product\\\/ap-wifi-hpe-aruba-i-on-ap27-bundle-outdoor\\\/#primaryimage\"},\"image\":{\"@id\":\"https:\\\/\\\/cyberlogics.ao\\\/index.php\\\/product\\\/ap-wifi-hpe-aruba-i-on-ap27-bundle-outdoor\\\/#primaryimage\"},\"thumbnailUrl\":\"https:\\\/\\\/cyberlogics.ao\\\/wp-content\\\/uploads\\\/2025\\\/09\\\/ap-wifi-hpe-aruba-i-on-ap27-bundle-outdoor-1.jpg\",\"datePublished\":\"2025-09-22T10:49:51+00:00\",\"description\":\"A Maior Loja Online de Angola de Licen\u00e7as Microsoft Office | Chaves Sistemas Operativos Windows | Antiv\u00edrus | Cloud Adobe | Inform\u00e1tica & Servidores | Softwares de Gest\u00e3o ERP | Gaming Hardware | UPS e Baterias & Muito Mais...\",\"breadcrumb\":{\"@id\":\"https:\\\/\\\/cyberlogics.ao\\\/index.php\\\/product\\\/ap-wifi-hpe-aruba-i-on-ap27-bundle-outdoor\\\/#breadcrumb\"},\"inLanguage\":\"pt-PT\",\"potentialAction\":[{\"@type\":\"ReadAction\",\"target\":[\"https:\\\/\\\/cyberlogics.ao\\\/index.php\\\/product\\\/ap-wifi-hpe-aruba-i-on-ap27-bundle-outdoor\\\/\"]}]},{\"@type\":\"ImageObject\",\"inLanguage\":\"pt-PT\",\"@id\":\"https:\\\/\\\/cyberlogics.ao\\\/index.php\\\/product\\\/ap-wifi-hpe-aruba-i-on-ap27-bundle-outdoor\\\/#primaryimage\",\"url\":\"https:\\\/\\\/cyberlogics.ao\\\/wp-content\\\/uploads\\\/2025\\\/09\\\/ap-wifi-hpe-aruba-i-on-ap27-bundle-outdoor-1.jpg\",\"contentUrl\":\"https:\\\/\\\/cyberlogics.ao\\\/wp-content\\\/uploads\\\/2025\\\/09\\\/ap-wifi-hpe-aruba-i-on-ap27-bundle-outdoor-1.jpg\",\"width\":400,\"height\":400},{\"@type\":\"BreadcrumbList\",\"@id\":\"https:\\\/\\\/cyberlogics.ao\\\/index.php\\\/product\\\/ap-wifi-hpe-aruba-i-on-ap27-bundle-outdoor\\\/#breadcrumb\",\"itemListElement\":[{\"@type\":\"ListItem\",\"position\":1,\"name\":\"In\u00edcio\",\"item\":\"https:\\\/\\\/cyberlogics.ao\\\/\"},{\"@type\":\"ListItem\",\"position\":2,\"name\":\"Produtos\",\"item\":\"https:\\\/\\\/cyberlogics.ao\\\/index.php\\\/shop-2\\\/\"},{\"@type\":\"ListItem\",\"position\":3,\"name\":\"AP WIFI HPE ARUBA I-ON AP27 BUNDLE OUTDOOR\"}]},{\"@type\":\"WebSite\",\"@id\":\"https:\\\/\\\/cyberlogics.ao\\\/#website\",\"url\":\"https:\\\/\\\/cyberlogics.ao\\\/\",\"name\":\"Cyberlogics Technologies Angola\",\"description\":\"Loja Online de Licen\u00e7as de Softwares e Inform\u00e1tica\",\"publisher\":{\"@id\":\"https:\\\/\\\/cyberlogics.ao\\\/#organization\"},\"potentialAction\":[{\"@type\":\"SearchAction\",\"target\":{\"@type\":\"EntryPoint\",\"urlTemplate\":\"https:\\\/\\\/cyberlogics.ao\\\/?s={search_term_string}\"},\"query-input\":{\"@type\":\"PropertyValueSpecification\",\"valueRequired\":true,\"valueName\":\"search_term_string\"}}],\"inLanguage\":\"pt-PT\"},{\"@type\":\"Organization\",\"@id\":\"https:\\\/\\\/cyberlogics.ao\\\/#organization\",\"name\":\"Cyberlogics Ao Technologies - Loja Online de Licen\u00e7as de Softwares e Inform\u00e1tica\",\"url\":\"https:\\\/\\\/cyberlogics.ao\\\/\",\"logo\":{\"@type\":\"ImageObject\",\"inLanguage\":\"pt-PT\",\"@id\":\"https:\\\/\\\/cyberlogics.ao\\\/#\\\/schema\\\/logo\\\/image\\\/\",\"url\":\"https:\\\/\\\/cyberlogics.ao\\\/wp-content\\\/uploads\\\/2022\\\/04\\\/CT-logo.png\",\"contentUrl\":\"https:\\\/\\\/cyberlogics.ao\\\/wp-content\\\/uploads\\\/2022\\\/04\\\/CT-logo.png\",\"width\":190,\"height\":75,\"caption\":\"Cyberlogics Ao Technologies - Loja Online de Licen\u00e7as de Softwares e Inform\u00e1tica\"},\"image\":{\"@id\":\"https:\\\/\\\/cyberlogics.ao\\\/#\\\/schema\\\/logo\\\/image\\\/\"}}]}<\/script>\n<!-- \/ Yoast SEO plugin. -->","yoast_head_json":{"title":"AP WIFI HPE ARUBA I-ON AP27 BUNDLE OUTDOOR - Cyberlogics Technologies Angola","description":"A Maior Loja Online de Angola de Licen\u00e7as Microsoft Office | Chaves Sistemas Operativos Windows | Antiv\u00edrus | Cloud Adobe | Inform\u00e1tica & Servidores | Softwares de Gest\u00e3o ERP | Gaming Hardware | UPS e Baterias & Muito Mais...","robots":{"index":"index","follow":"follow","max-snippet":"max-snippet:-1","max-image-preview":"max-image-preview:large","max-video-preview":"max-video-preview:-1"},"canonical":"https:\/\/cyberlogics.ao\/index.php\/product\/ap-wifi-hpe-aruba-i-on-ap27-bundle-outdoor\/","og_locale":"pt_PT","og_type":"article","og_title":"AP WIFI HPE ARUBA I-ON AP27 BUNDLE OUTDOOR - Cyberlogics Technologies Angola","og_description":"A Maior Loja Online de Angola de Licen\u00e7as Microsoft Office | Chaves Sistemas Operativos Windows | Antiv\u00edrus | Cloud Adobe | Inform\u00e1tica & Servidores | Softwares de Gest\u00e3o ERP | Gaming Hardware | UPS e Baterias & Muito Mais...","og_url":"https:\/\/cyberlogics.ao\/index.php\/product\/ap-wifi-hpe-aruba-i-on-ap27-bundle-outdoor\/","og_site_name":"Cyberlogics Technologies Angola","og_image":[{"width":400,"height":400,"url":"http:\/\/cyberlogics.ao\/wp-content\/uploads\/2025\/09\/ap-wifi-hpe-aruba-i-on-ap27-bundle-outdoor-1.jpg","type":"image\/jpeg"}],"twitter_card":"summary_large_image","twitter_misc":{"Tempo estimado de leitura":"1 minuto"},"schema":{"@context":"https:\/\/schema.org","@graph":[{"@type":"WebPage","@id":"https:\/\/cyberlogics.ao\/index.php\/product\/ap-wifi-hpe-aruba-i-on-ap27-bundle-outdoor\/","url":"https:\/\/cyberlogics.ao\/index.php\/product\/ap-wifi-hpe-aruba-i-on-ap27-bundle-outdoor\/","name":"AP WIFI HPE ARUBA I-ON AP27 BUNDLE OUTDOOR - Cyberlogics Technologies Angola","isPartOf":{"@id":"https:\/\/cyberlogics.ao\/#website"},"primaryImageOfPage":{"@id":"https:\/\/cyberlogics.ao\/index.php\/product\/ap-wifi-hpe-aruba-i-on-ap27-bundle-outdoor\/#primaryimage"},"image":{"@id":"https:\/\/cyberlogics.ao\/index.php\/product\/ap-wifi-hpe-aruba-i-on-ap27-bundle-outdoor\/#primaryimage"},"thumbnailUrl":"https:\/\/cyberlogics.ao\/wp-content\/uploads\/2025\/09\/ap-wifi-hpe-aruba-i-on-ap27-bundle-outdoor-1.jpg","datePublished":"2025-09-22T10:49:51+00:00","description":"A Maior Loja Online de Angola de Licen\u00e7as Microsoft Office | Chaves Sistemas Operativos Windows | Antiv\u00edrus | Cloud Adobe | Inform\u00e1tica & Servidores | Softwares de Gest\u00e3o ERP | Gaming Hardware | UPS e Baterias & Muito Mais...","breadcrumb":{"@id":"https:\/\/cyberlogics.ao\/index.php\/product\/ap-wifi-hpe-aruba-i-on-ap27-bundle-outdoor\/#breadcrumb"},"inLanguage":"pt-PT","potentialAction":[{"@type":"ReadAction","target":["https:\/\/cyberlogics.ao\/index.php\/product\/ap-wifi-hpe-aruba-i-on-ap27-bundle-outdoor\/"]}]},{"@type":"ImageObject","inLanguage":"pt-PT","@id":"https:\/\/cyberlogics.ao\/index.php\/product\/ap-wifi-hpe-aruba-i-on-ap27-bundle-outdoor\/#primaryimage","url":"https:\/\/cyberlogics.ao\/wp-content\/uploads\/2025\/09\/ap-wifi-hpe-aruba-i-on-ap27-bundle-outdoor-1.jpg","contentUrl":"https:\/\/cyberlogics.ao\/wp-content\/uploads\/2025\/09\/ap-wifi-hpe-aruba-i-on-ap27-bundle-outdoor-1.jpg","width":400,"height":400},{"@type":"BreadcrumbList","@id":"https:\/\/cyberlogics.ao\/index.php\/product\/ap-wifi-hpe-aruba-i-on-ap27-bundle-outdoor\/#breadcrumb","itemListElement":[{"@type":"ListItem","position":1,"name":"In\u00edcio","item":"https:\/\/cyberlogics.ao\/"},{"@type":"ListItem","position":2,"name":"Produtos","item":"https:\/\/cyberlogics.ao\/index.php\/shop-2\/"},{"@type":"ListItem","position":3,"name":"AP WIFI HPE ARUBA I-ON AP27 BUNDLE OUTDOOR"}]},{"@type":"WebSite","@id":"https:\/\/cyberlogics.ao\/#website","url":"https:\/\/cyberlogics.ao\/","name":"Cyberlogics Technologies Angola","description":"Loja Online de Licen\u00e7as de Softwares e Inform\u00e1tica","publisher":{"@id":"https:\/\/cyberlogics.ao\/#organization"},"potentialAction":[{"@type":"SearchAction","target":{"@type":"EntryPoint","urlTemplate":"https:\/\/cyberlogics.ao\/?s={search_term_string}"},"query-input":{"@type":"PropertyValueSpecification","valueRequired":true,"valueName":"search_term_string"}}],"inLanguage":"pt-PT"},{"@type":"Organization","@id":"https:\/\/cyberlogics.ao\/#organization","name":"Cyberlogics Ao Technologies - Loja Online de Licen\u00e7as de Softwares e Inform\u00e1tica","url":"https:\/\/cyberlogics.ao\/","logo":{"@type":"ImageObject","inLanguage":"pt-PT","@id":"https:\/\/cyberlogics.ao\/#\/schema\/logo\/image\/","url":"https:\/\/cyberlogics.ao\/wp-content\/uploads\/2022\/04\/CT-logo.png","contentUrl":"https:\/\/cyberlogics.ao\/wp-content\/uploads\/2022\/04\/CT-logo.png","width":190,"height":75,"caption":"Cyberlogics Ao Technologies - Loja Online de Licen\u00e7as de Softwares e Inform\u00e1tica"},"image":{"@id":"https:\/\/cyberlogics.ao\/#\/schema\/logo\/image\/"}}]}},"_links":{"self":[{"href":"https:\/\/cyberlogics.ao\/index.php\/wp-json\/wp\/v2\/product\/9588","targetHints":{"allow":["GET"]}}],"collection":[{"href":"https:\/\/cyberlogics.ao\/index.php\/wp-json\/wp\/v2\/product"}],"about":[{"href":"https:\/\/cyberlogics.ao\/index.php\/wp-json\/wp\/v2\/types\/product"}],"replies":[{"embeddable":true,"href":"https:\/\/cyberlogics.ao\/index.php\/wp-json\/wp\/v2\/comments?post=9588"}],"wp:featuredmedia":[{"embeddable":true,"href":"https:\/\/cyberlogics.ao\/index.php\/wp-json\/wp\/v2\/media\/9589"}],"wp:attachment":[{"href":"https:\/\/cyberlogics.ao\/index.php\/wp-json\/wp\/v2\/media?parent=9588"}],"wp:term":[{"taxonomy":"product_brand","embeddable":true,"href":"https:\/\/cyberlogics.ao\/index.php\/wp-json\/wp\/v2\/product_brand?post=9588"},{"taxonomy":"product_cat","embeddable":true,"href":"https:\/\/cyberlogics.ao\/index.php\/wp-json\/wp\/v2\/product_cat?post=9588"},{"taxonomy":"product_tag","embeddable":true,"href":"https:\/\/cyberlogics.ao\/index.php\/wp-json\/wp\/v2\/product_tag?post=9588"}],"curies":[{"name":"wp","href":"https:\/\/api.w.org\/{rel}","templated":true}]}}