{"id":9593,"date":"2025-09-22T11:04:22","date_gmt":"2025-09-22T11:04:22","guid":{"rendered":"https:\/\/cyberlogics.ao\/?post_type=product&#038;p=9593"},"modified":"2025-09-22T11:04:22","modified_gmt":"2025-09-22T11:04:22","slug":"ap-wifi-hpe-aruba-i-on-ap22-bundle","status":"publish","type":"product","link":"https:\/\/cyberlogics.ao\/index.php\/product\/ap-wifi-hpe-aruba-i-on-ap22-bundle\/","title":{"rendered":"AP WIFI HPE ARUBA I-ON AP22 BUNDLE"},"content":{"rendered":"<p class=\"hpe-more-information__list-item\"><b>Certifica\u00e7\u00f5es<\/b><span class=\"hpe-product-specification-text\">\u00a0EN 60601-1-1 e EN 60601-1-2 (para implanta\u00e7\u00e3o em ambientes m\u00e9dicos) Certifica\u00e7\u00e3o Wi-Fi Alliance (WFA) 802.11ax com (Wi-Fi 6), WPA2, WPA3<\/span><\/p>\n<p class=\"hpe-more-information__list-item\"><b>Tens\u00e3o de entrada<\/b><span class=\"hpe-product-specification-text\">\u00a0Power over Ethernet (POE): 802.3af (classe 3) DC power (12V) Observa\u00e7\u00e3o: as fontes de alimenta\u00e7\u00e3o s\u00e3o vendidas separadamente<\/span><\/p>\n<p class=\"hpe-more-information__list-item\"><b>Antena Wi-Fi Antenas<\/b><span class=\"hpe-product-specification-text\">\u00a0omnidirecionais inclinadas para baixo integradas para 2&#215;2 MIMO com ganho de antena de pico de 4,3 dBi em 2,4 GHz e 5,6 dBi em 5 GHz (do padr\u00e3o combinado efetivo para ambas as antenas em cada banda).<\/span><\/p>\n<p class=\"hpe-more-information__list-item\"><b>Conectividade<\/b><span class=\"hpe-product-specification-text\">\u00a0IEEE 802.11ax<\/span><\/p>\n<p class=\"hpe-more-information__list-item\"><b>Portas de E \/ S externas<\/b><span class=\"hpe-product-specification-text\">\u00a0(1) porta Gigabit Ethernet de uplink, com suporte POE-in (802.3af)<\/span><\/p>\n<p class=\"hpe-more-information__list-item\"><b>Montagem<\/b><span class=\"hpe-product-specification-text\">\u00a0O ponto de acesso \u00e9 fornecido com um clipe de montagem branco que pode ser preso na parede e no teto.\u00a0Voc\u00ea tamb\u00e9m pode comprar um suporte (R6P90A) que corresponda ao design est\u00e9tico e \u00e0 apar\u00eancia dos APs, para se integrar perfeitamente ao seu ambiente.<\/span><\/p>\n<p class=\"hpe-more-information__list-item\"><b>Descri\u00e7\u00e3o do consumo de energia Consumo<\/b><span class=\"hpe-product-specification-text\">\u00a0m\u00e1ximo de energia (pior caso): 10,1W (PoE), 8,8W (DC)<\/span><\/p>\n<p class=\"hpe-more-information__list-item\"><b>Radio Coverage<\/b><span class=\"hpe-product-specification-text\">\u00a0Dual Radio para opera\u00e7\u00e3o simult\u00e2nea de banda dupla 5 GHz 802.11ax 2&#215;2 MIMO para taxa de dados sem fio de at\u00e9 1,2 Gbps, com suporte para multiusu\u00e1rio MIMO (Wi-Fi 6) 2,4 GHz 802.11ax 2&#215;2 MIMO para taxa de dados sem fio de at\u00e9 574 Mbps (Wi-Fi 6)<\/span><\/p>\n<p class=\"hpe-more-information__list-item\"><b>Declara\u00e7\u00e3o padr\u00e3o de garantia<\/b><span class=\"hpe-product-specification-text\">\u00a0Aruba Instant On Garantia de 2 anos com suporte por telefone 24 horas por dia, 7 dias por semana durante os primeiros 90 dias e suporte por chat durante todo o per\u00edodo de garantia.\u00a0Apoio comunit\u00e1rio enquanto voc\u00ea possuir os produtos.<\/span><\/p>\n<p class=\"hpe-more-information__list-item\"><b>Diferencial do produto (longo) Os<\/b><span class=\"hpe-product-specification-text\">\u00a0pontos de acesso internos Aruba Instant On AP22 oferecem uma experi\u00eancia Wi-Fi 802.11ax confi\u00e1vel, econ\u00f4mica e de n\u00edvel empresarial para ambientes de pequenas empresas de alta densidade e alto desempenho, como hot\u00e9is, restaurantes e escrit\u00f3rios profissionais.\u00a0Suportando o padr\u00e3o Wi-Fi 6, esses pontos de acesso t\u00eam uma taxa de pico de dados de 1,2 Gbps e escalam para at\u00e9 25 pontos de acesso, sem custo e complexidade adicionais.\u00a0Dom\u00ednio regulat\u00f3rio da UE.\u00a0O pacote inclui AP e adaptador de alimenta\u00e7\u00e3o 12V \/ 18W.<\/span><\/p>\n<p class=\"hpe-more-information__list-item\"><b>Peso (imperial)<\/b><span class=\"hpe-product-specification-text\">\u00a01,1 lb<\/span><\/p>\n<p class=\"hpe-more-information__list-item\"><b>Peso (m\u00e9trico)<\/b><span class=\"hpe-product-specification-text\">\u00a0500 g<\/span><\/p>\n<p class=\"hpe-more-information__list-item\"><b>Dimens\u00f5es do produto (imperial)<\/b><span class=\"hpe-product-specification-text\">\u00a01,5 x 6,3 x 6,3 pol.<\/span><\/p>\n<p class=\"hpe-more-information__list-item\"><b>Dimens\u00f5es do produto (m\u00e9tricas)<\/b><span class=\"hpe-product-specification-text\">\u00a037x 160 x 160 mm<\/span><\/p>\n","protected":false},"excerpt":{"rendered":"<p><label>Marca:<\/label>\u00a0<span class=\"editable\">HPE<\/span><br \/>\n<label>Part-Number:<\/label>\u00a0<span class=\"editable\">R6M50A<\/span><\/p>\n","protected":false},"featured_media":9595,"comment_status":"open","ping_status":"closed","template":"","meta":{"_joinchat":[]},"product_brand":[],"product_cat":[696,697],"product_tag":[],"class_list":{"0":"post-9593","1":"product","2":"type-product","3":"status-publish","4":"has-post-thumbnail","6":"product_cat-access-points","7":"product_cat-ap-wifi-hpe-aruba-acessorios-2","9":"first","10":"instock","11":"shipping-taxable","12":"purchasable","13":"product-type-simple"},"yoast_head":"<!-- This site is optimized with the Yoast SEO plugin v27.3 - https:\/\/yoast.com\/product\/yoast-seo-wordpress\/ -->\n<title>AP WIFI HPE ARUBA I-ON AP22 BUNDLE - Cyberlogics Technologies Angola<\/title>\n<meta name=\"description\" content=\"A Maior Loja Online de Angola de Licen\u00e7as Microsoft Office | Chaves Sistemas Operativos Windows | Antiv\u00edrus | Cloud Adobe | Inform\u00e1tica &amp; Servidores | Softwares de Gest\u00e3o ERP | Gaming Hardware | UPS e Baterias &amp; Muito Mais...\" \/>\n<meta name=\"robots\" content=\"index, follow, max-snippet:-1, max-image-preview:large, max-video-preview:-1\" \/>\n<link rel=\"canonical\" href=\"https:\/\/cyberlogics.ao\/index.php\/product\/ap-wifi-hpe-aruba-i-on-ap22-bundle\/\" \/>\n<meta property=\"og:locale\" content=\"pt_PT\" \/>\n<meta property=\"og:type\" content=\"article\" \/>\n<meta property=\"og:title\" content=\"AP WIFI HPE ARUBA I-ON AP22 BUNDLE - Cyberlogics Technologies Angola\" \/>\n<meta property=\"og:description\" content=\"A Maior Loja Online de Angola de Licen\u00e7as Microsoft Office | Chaves Sistemas Operativos Windows | Antiv\u00edrus | Cloud Adobe | Inform\u00e1tica &amp; Servidores | Softwares de Gest\u00e3o ERP | Gaming Hardware | UPS e Baterias &amp; Muito Mais...\" \/>\n<meta property=\"og:url\" content=\"https:\/\/cyberlogics.ao\/index.php\/product\/ap-wifi-hpe-aruba-i-on-ap22-bundle\/\" \/>\n<meta property=\"og:site_name\" content=\"Cyberlogics Technologies Angola\" \/>\n<meta property=\"og:image\" content=\"http:\/\/cyberlogics.ao\/wp-content\/uploads\/2025\/09\/ap-wifi-hpe-aruba-i-on-ap22-bundle-1.jpg\" \/>\n\t<meta property=\"og:image:width\" content=\"135\" \/>\n\t<meta property=\"og:image:height\" content=\"135\" \/>\n\t<meta property=\"og:image:type\" content=\"image\/jpeg\" \/>\n<meta name=\"twitter:card\" content=\"summary_large_image\" \/>\n<meta name=\"twitter:label1\" content=\"Tempo estimado de leitura\" \/>\n\t<meta name=\"twitter:data1\" content=\"2 minutos\" \/>\n<script type=\"application\/ld+json\" class=\"yoast-schema-graph\">{\"@context\":\"https:\\\/\\\/schema.org\",\"@graph\":[{\"@type\":\"WebPage\",\"@id\":\"https:\\\/\\\/cyberlogics.ao\\\/index.php\\\/product\\\/ap-wifi-hpe-aruba-i-on-ap22-bundle\\\/\",\"url\":\"https:\\\/\\\/cyberlogics.ao\\\/index.php\\\/product\\\/ap-wifi-hpe-aruba-i-on-ap22-bundle\\\/\",\"name\":\"AP WIFI HPE ARUBA I-ON AP22 BUNDLE - Cyberlogics Technologies Angola\",\"isPartOf\":{\"@id\":\"https:\\\/\\\/cyberlogics.ao\\\/#website\"},\"primaryImageOfPage\":{\"@id\":\"https:\\\/\\\/cyberlogics.ao\\\/index.php\\\/product\\\/ap-wifi-hpe-aruba-i-on-ap22-bundle\\\/#primaryimage\"},\"image\":{\"@id\":\"https:\\\/\\\/cyberlogics.ao\\\/index.php\\\/product\\\/ap-wifi-hpe-aruba-i-on-ap22-bundle\\\/#primaryimage\"},\"thumbnailUrl\":\"https:\\\/\\\/cyberlogics.ao\\\/wp-content\\\/uploads\\\/2025\\\/09\\\/ap-wifi-hpe-aruba-i-on-ap22-bundle-1.jpg\",\"datePublished\":\"2025-09-22T11:04:22+00:00\",\"description\":\"A Maior Loja Online de Angola de Licen\u00e7as Microsoft Office | Chaves Sistemas Operativos Windows | Antiv\u00edrus | Cloud Adobe | Inform\u00e1tica & Servidores | Softwares de Gest\u00e3o ERP | Gaming Hardware | UPS e Baterias & Muito Mais...\",\"breadcrumb\":{\"@id\":\"https:\\\/\\\/cyberlogics.ao\\\/index.php\\\/product\\\/ap-wifi-hpe-aruba-i-on-ap22-bundle\\\/#breadcrumb\"},\"inLanguage\":\"pt-PT\",\"potentialAction\":[{\"@type\":\"ReadAction\",\"target\":[\"https:\\\/\\\/cyberlogics.ao\\\/index.php\\\/product\\\/ap-wifi-hpe-aruba-i-on-ap22-bundle\\\/\"]}]},{\"@type\":\"ImageObject\",\"inLanguage\":\"pt-PT\",\"@id\":\"https:\\\/\\\/cyberlogics.ao\\\/index.php\\\/product\\\/ap-wifi-hpe-aruba-i-on-ap22-bundle\\\/#primaryimage\",\"url\":\"https:\\\/\\\/cyberlogics.ao\\\/wp-content\\\/uploads\\\/2025\\\/09\\\/ap-wifi-hpe-aruba-i-on-ap22-bundle-1.jpg\",\"contentUrl\":\"https:\\\/\\\/cyberlogics.ao\\\/wp-content\\\/uploads\\\/2025\\\/09\\\/ap-wifi-hpe-aruba-i-on-ap22-bundle-1.jpg\",\"width\":135,\"height\":135},{\"@type\":\"BreadcrumbList\",\"@id\":\"https:\\\/\\\/cyberlogics.ao\\\/index.php\\\/product\\\/ap-wifi-hpe-aruba-i-on-ap22-bundle\\\/#breadcrumb\",\"itemListElement\":[{\"@type\":\"ListItem\",\"position\":1,\"name\":\"In\u00edcio\",\"item\":\"https:\\\/\\\/cyberlogics.ao\\\/\"},{\"@type\":\"ListItem\",\"position\":2,\"name\":\"Produtos\",\"item\":\"https:\\\/\\\/cyberlogics.ao\\\/index.php\\\/shop-2\\\/\"},{\"@type\":\"ListItem\",\"position\":3,\"name\":\"AP WIFI HPE ARUBA I-ON AP22 BUNDLE\"}]},{\"@type\":\"WebSite\",\"@id\":\"https:\\\/\\\/cyberlogics.ao\\\/#website\",\"url\":\"https:\\\/\\\/cyberlogics.ao\\\/\",\"name\":\"Cyberlogics Technologies Angola\",\"description\":\"Loja Online de Licen\u00e7as de Softwares e Inform\u00e1tica\",\"publisher\":{\"@id\":\"https:\\\/\\\/cyberlogics.ao\\\/#organization\"},\"potentialAction\":[{\"@type\":\"SearchAction\",\"target\":{\"@type\":\"EntryPoint\",\"urlTemplate\":\"https:\\\/\\\/cyberlogics.ao\\\/?s={search_term_string}\"},\"query-input\":{\"@type\":\"PropertyValueSpecification\",\"valueRequired\":true,\"valueName\":\"search_term_string\"}}],\"inLanguage\":\"pt-PT\"},{\"@type\":\"Organization\",\"@id\":\"https:\\\/\\\/cyberlogics.ao\\\/#organization\",\"name\":\"Cyberlogics Ao Technologies - Loja Online de Licen\u00e7as de Softwares e Inform\u00e1tica\",\"url\":\"https:\\\/\\\/cyberlogics.ao\\\/\",\"logo\":{\"@type\":\"ImageObject\",\"inLanguage\":\"pt-PT\",\"@id\":\"https:\\\/\\\/cyberlogics.ao\\\/#\\\/schema\\\/logo\\\/image\\\/\",\"url\":\"https:\\\/\\\/cyberlogics.ao\\\/wp-content\\\/uploads\\\/2022\\\/04\\\/CT-logo.png\",\"contentUrl\":\"https:\\\/\\\/cyberlogics.ao\\\/wp-content\\\/uploads\\\/2022\\\/04\\\/CT-logo.png\",\"width\":190,\"height\":75,\"caption\":\"Cyberlogics Ao Technologies - Loja Online de Licen\u00e7as de Softwares e Inform\u00e1tica\"},\"image\":{\"@id\":\"https:\\\/\\\/cyberlogics.ao\\\/#\\\/schema\\\/logo\\\/image\\\/\"}}]}<\/script>\n<!-- \/ Yoast SEO plugin. -->","yoast_head_json":{"title":"AP WIFI HPE ARUBA I-ON AP22 BUNDLE - Cyberlogics Technologies Angola","description":"A Maior Loja Online de Angola de Licen\u00e7as Microsoft Office | Chaves Sistemas Operativos Windows | Antiv\u00edrus | Cloud Adobe | Inform\u00e1tica & Servidores | Softwares de Gest\u00e3o ERP | Gaming Hardware | UPS e Baterias & Muito Mais...","robots":{"index":"index","follow":"follow","max-snippet":"max-snippet:-1","max-image-preview":"max-image-preview:large","max-video-preview":"max-video-preview:-1"},"canonical":"https:\/\/cyberlogics.ao\/index.php\/product\/ap-wifi-hpe-aruba-i-on-ap22-bundle\/","og_locale":"pt_PT","og_type":"article","og_title":"AP WIFI HPE ARUBA I-ON AP22 BUNDLE - Cyberlogics Technologies Angola","og_description":"A Maior Loja Online de Angola de Licen\u00e7as Microsoft Office | Chaves Sistemas Operativos Windows | Antiv\u00edrus | Cloud Adobe | Inform\u00e1tica & Servidores | Softwares de Gest\u00e3o ERP | Gaming Hardware | UPS e Baterias & Muito Mais...","og_url":"https:\/\/cyberlogics.ao\/index.php\/product\/ap-wifi-hpe-aruba-i-on-ap22-bundle\/","og_site_name":"Cyberlogics Technologies Angola","og_image":[{"width":135,"height":135,"url":"http:\/\/cyberlogics.ao\/wp-content\/uploads\/2025\/09\/ap-wifi-hpe-aruba-i-on-ap22-bundle-1.jpg","type":"image\/jpeg"}],"twitter_card":"summary_large_image","twitter_misc":{"Tempo estimado de leitura":"2 minutos"},"schema":{"@context":"https:\/\/schema.org","@graph":[{"@type":"WebPage","@id":"https:\/\/cyberlogics.ao\/index.php\/product\/ap-wifi-hpe-aruba-i-on-ap22-bundle\/","url":"https:\/\/cyberlogics.ao\/index.php\/product\/ap-wifi-hpe-aruba-i-on-ap22-bundle\/","name":"AP WIFI HPE ARUBA I-ON AP22 BUNDLE - Cyberlogics Technologies Angola","isPartOf":{"@id":"https:\/\/cyberlogics.ao\/#website"},"primaryImageOfPage":{"@id":"https:\/\/cyberlogics.ao\/index.php\/product\/ap-wifi-hpe-aruba-i-on-ap22-bundle\/#primaryimage"},"image":{"@id":"https:\/\/cyberlogics.ao\/index.php\/product\/ap-wifi-hpe-aruba-i-on-ap22-bundle\/#primaryimage"},"thumbnailUrl":"https:\/\/cyberlogics.ao\/wp-content\/uploads\/2025\/09\/ap-wifi-hpe-aruba-i-on-ap22-bundle-1.jpg","datePublished":"2025-09-22T11:04:22+00:00","description":"A Maior Loja Online de Angola de Licen\u00e7as Microsoft Office | Chaves Sistemas Operativos Windows | Antiv\u00edrus | Cloud Adobe | Inform\u00e1tica & Servidores | Softwares de Gest\u00e3o ERP | Gaming Hardware | UPS e Baterias & Muito Mais...","breadcrumb":{"@id":"https:\/\/cyberlogics.ao\/index.php\/product\/ap-wifi-hpe-aruba-i-on-ap22-bundle\/#breadcrumb"},"inLanguage":"pt-PT","potentialAction":[{"@type":"ReadAction","target":["https:\/\/cyberlogics.ao\/index.php\/product\/ap-wifi-hpe-aruba-i-on-ap22-bundle\/"]}]},{"@type":"ImageObject","inLanguage":"pt-PT","@id":"https:\/\/cyberlogics.ao\/index.php\/product\/ap-wifi-hpe-aruba-i-on-ap22-bundle\/#primaryimage","url":"https:\/\/cyberlogics.ao\/wp-content\/uploads\/2025\/09\/ap-wifi-hpe-aruba-i-on-ap22-bundle-1.jpg","contentUrl":"https:\/\/cyberlogics.ao\/wp-content\/uploads\/2025\/09\/ap-wifi-hpe-aruba-i-on-ap22-bundle-1.jpg","width":135,"height":135},{"@type":"BreadcrumbList","@id":"https:\/\/cyberlogics.ao\/index.php\/product\/ap-wifi-hpe-aruba-i-on-ap22-bundle\/#breadcrumb","itemListElement":[{"@type":"ListItem","position":1,"name":"In\u00edcio","item":"https:\/\/cyberlogics.ao\/"},{"@type":"ListItem","position":2,"name":"Produtos","item":"https:\/\/cyberlogics.ao\/index.php\/shop-2\/"},{"@type":"ListItem","position":3,"name":"AP WIFI HPE ARUBA I-ON AP22 BUNDLE"}]},{"@type":"WebSite","@id":"https:\/\/cyberlogics.ao\/#website","url":"https:\/\/cyberlogics.ao\/","name":"Cyberlogics Technologies Angola","description":"Loja Online de Licen\u00e7as de Softwares e Inform\u00e1tica","publisher":{"@id":"https:\/\/cyberlogics.ao\/#organization"},"potentialAction":[{"@type":"SearchAction","target":{"@type":"EntryPoint","urlTemplate":"https:\/\/cyberlogics.ao\/?s={search_term_string}"},"query-input":{"@type":"PropertyValueSpecification","valueRequired":true,"valueName":"search_term_string"}}],"inLanguage":"pt-PT"},{"@type":"Organization","@id":"https:\/\/cyberlogics.ao\/#organization","name":"Cyberlogics Ao Technologies - Loja Online de Licen\u00e7as de Softwares e Inform\u00e1tica","url":"https:\/\/cyberlogics.ao\/","logo":{"@type":"ImageObject","inLanguage":"pt-PT","@id":"https:\/\/cyberlogics.ao\/#\/schema\/logo\/image\/","url":"https:\/\/cyberlogics.ao\/wp-content\/uploads\/2022\/04\/CT-logo.png","contentUrl":"https:\/\/cyberlogics.ao\/wp-content\/uploads\/2022\/04\/CT-logo.png","width":190,"height":75,"caption":"Cyberlogics Ao Technologies - Loja Online de Licen\u00e7as de Softwares e Inform\u00e1tica"},"image":{"@id":"https:\/\/cyberlogics.ao\/#\/schema\/logo\/image\/"}}]}},"_links":{"self":[{"href":"https:\/\/cyberlogics.ao\/index.php\/wp-json\/wp\/v2\/product\/9593","targetHints":{"allow":["GET"]}}],"collection":[{"href":"https:\/\/cyberlogics.ao\/index.php\/wp-json\/wp\/v2\/product"}],"about":[{"href":"https:\/\/cyberlogics.ao\/index.php\/wp-json\/wp\/v2\/types\/product"}],"replies":[{"embeddable":true,"href":"https:\/\/cyberlogics.ao\/index.php\/wp-json\/wp\/v2\/comments?post=9593"}],"wp:featuredmedia":[{"embeddable":true,"href":"https:\/\/cyberlogics.ao\/index.php\/wp-json\/wp\/v2\/media\/9595"}],"wp:attachment":[{"href":"https:\/\/cyberlogics.ao\/index.php\/wp-json\/wp\/v2\/media?parent=9593"}],"wp:term":[{"taxonomy":"product_brand","embeddable":true,"href":"https:\/\/cyberlogics.ao\/index.php\/wp-json\/wp\/v2\/product_brand?post=9593"},{"taxonomy":"product_cat","embeddable":true,"href":"https:\/\/cyberlogics.ao\/index.php\/wp-json\/wp\/v2\/product_cat?post=9593"},{"taxonomy":"product_tag","embeddable":true,"href":"https:\/\/cyberlogics.ao\/index.php\/wp-json\/wp\/v2\/product_tag?post=9593"}],"curies":[{"name":"wp","href":"https:\/\/api.w.org\/{rel}","templated":true}]}}