{"id":9629,"date":"2025-09-22T13:42:47","date_gmt":"2025-09-22T13:42:47","guid":{"rendered":"https:\/\/cyberlogics.ao\/?post_type=product&#038;p=9629"},"modified":"2025-09-22T13:42:47","modified_gmt":"2025-09-22T13:42:47","slug":"ap-wifi-tp-link-range-ext-2x-antena-interior-300mbps","status":"publish","type":"product","link":"https:\/\/cyberlogics.ao\/index.php\/product\/ap-wifi-tp-link-range-ext-2x-antena-interior-300mbps\/","title":{"rendered":"AP WIFI TP-LINK RANGE EXT. 2X ANTENA INTERIOR 300MBPS"},"content":{"rendered":"<table>\n<thead>\n<tr id=\"tr_1525\">\n<th colspan=\"2\"><a>WIRELESS<\/a><\/th>\n<\/tr>\n<\/thead>\n<tbody>\n<tr id=\"tr_5962\">\n<th width=\"35%\">Modos de Opera\u00e7\u00e3o<\/th>\n<td width=\"65%\">Range Extender\/Access Point<\/td>\n<\/tr>\n<\/tbody>\n<\/table>\n<table>\n<thead>\n<tr id=\"tr_603\">\n<th colspan=\"2\"><a>CARACTER\u00cdSTICAS DE HARDWARE<\/a><\/th>\n<\/tr>\n<\/thead>\n<tbody>\n<tr id=\"tr_1080\">\n<th width=\"35%\">Tipo de Tomada<\/th>\n<td width=\"65%\">EU, UK, US<\/td>\n<\/tr>\n<tr id=\"tr_694\">\n<th width=\"35%\">Interface<\/th>\n<td width=\"65%\">1 Porta Ethernet 10\/100M (RJ45)<\/td>\n<\/tr>\n<tr id=\"tr_5755\">\n<th width=\"35%\">Portas<\/th>\n<td width=\"65%\">1 x 10\/100Mbps Ethernet Port (RJ45)<\/td>\n<\/tr>\n<tr id=\"tr_695\">\n<th width=\"35%\">Bot\u00e3o<\/th>\n<td width=\"65%\">Bot\u00e3o RE (Extensor de Alcance), Bot\u00e3o Reset<\/td>\n<\/tr>\n<tr id=\"tr_6106\">\n<th width=\"35%\">Entrada de Alimenta\u00e7\u00e3o<\/th>\n<td width=\"65%\">100-240V~50\/60Hz<\/td>\n<\/tr>\n<tr id=\"tr_1083\">\n<th width=\"35%\">Consumo de Energia<\/th>\n<td width=\"65%\">Cerca de 3W<\/td>\n<\/tr>\n<tr id=\"tr_693\">\n<th width=\"35%\">Padr\u00f5es Wireless<\/th>\n<td width=\"65%\">IEEE 802.11n, IEEE 802.11g, IEEE 802.11b<\/td>\n<\/tr>\n<tr id=\"tr_697\">\n<th width=\"35%\">Dimens\u00f5es (L X C X A)<\/th>\n<td width=\"65%\">4.3x 2.6 x 3.0Pol. (110.0 x 65.8 x 75.2mm)<\/td>\n<\/tr>\n<tr id=\"tr_696\">\n<th width=\"35%\">Antena<\/th>\n<td width=\"65%\">2 Antenas internas<\/td>\n<\/tr>\n<\/tbody>\n<\/table>\n<table>\n<thead>\n<tr id=\"tr_604\">\n<th colspan=\"2\"><a>CARACTER\u00cdSTICAS WIRELESS<\/a><\/th>\n<\/tr>\n<\/thead>\n<tbody>\n<tr id=\"tr_1058\">\n<th width=\"35%\">Padr\u00f5es Wireless<\/th>\n<td width=\"65%\">IEEE 802.11n, IEEE 802.11g, IEEE 802.11b<\/td>\n<\/tr>\n<tr id=\"tr_698\">\n<th width=\"35%\">Frequ\u00eancia<\/th>\n<td width=\"65%\">2.4~2.4835GHz<\/td>\n<\/tr>\n<tr id=\"tr_699\">\n<th width=\"35%\">Taxa de Sinal<\/th>\n<td width=\"65%\">11n: at\u00e9 300Mbps<br \/>\n11g: at\u00e9 54Mbps<br \/>\n11b: at\u00e9 11Mbps<\/td>\n<\/tr>\n<tr id=\"tr_701\">\n<th width=\"35%\">Sensibilidade de Recep\u00e7\u00e3o<\/th>\n<td width=\"65%\">270M: -68dBm@10% PER<br \/>\n130M: -68dBm@10% PER<br \/>\n108M: -68dBm@10% PER<br \/>\n54M: -68dBm@10% PER<br \/>\n11M: -85dBm@8% PER<br \/>\n6M: -88dBm@10% PER<br \/>\n1M: -90dBm@8% PER<\/td>\n<\/tr>\n<tr id=\"tr_700\">\n<th width=\"35%\">Pot\u00eancia de Transmiss\u00e3o<\/th>\n<td width=\"65%\">&lt; 20 dBm (EIRP)<\/td>\n<\/tr>\n<tr id=\"tr_702\">\n<th width=\"35%\">Modos Wireless<\/th>\n<td width=\"65%\">Repetidor de Sinal\/Access Point<\/td>\n<\/tr>\n<tr id=\"tr_703\">\n<th width=\"35%\">Fun\u00e7\u00f5es Wireless<\/th>\n<td width=\"65%\">WMM (Wi-Fi Multim\u00eddia)<br \/>\nFiltro de Endere\u00e7o MAC na Wireless<br \/>\nWireless Est\u00e1tico<br \/>\nFun\u00e7\u00e3o de Login por Dom\u00ednio<\/td>\n<\/tr>\n<tr id=\"tr_704\">\n<th width=\"35%\">Seguran\u00e7a Wireless<\/th>\n<td width=\"65%\">WEP de 64\/128\/152-bit<br \/>\nWPA-PSK \/ WPA2-PSK<\/td>\n<\/tr>\n<tr id=\"tr_2853\">\n<th width=\"35%\">Pot\u00eancia de Transmiss\u00e3o<\/th>\n<td width=\"65%\">&lt; 20 dBm (EIRP)<\/td>\n<\/tr>\n<\/tbody>\n<\/table>\n<table>\n<thead>\n<tr id=\"tr_606\">\n<th colspan=\"2\"><a>OUTROS<\/a><\/th>\n<\/tr>\n<\/thead>\n<tbody>\n<tr id=\"tr_714\">\n<th width=\"35%\">Certifica\u00e7\u00e3o<\/th>\n<td width=\"65%\">CE, RoHS<\/td>\n<\/tr>\n<tr id=\"tr_715\">\n<th width=\"35%\">Conte\u00fado do Pacote<\/th>\n<td width=\"65%\">Repetidor Wi-Fi de 300Mbps TL-WA850RE<br \/>\nGuia de Instala\u00e7\u00e3o R\u00e1pida<\/td>\n<\/tr>\n<tr id=\"tr_716\">\n<th width=\"35%\">Requerimentos do Sistema<\/th>\n<td width=\"65%\">Microsoft\u00ae Windows\u00ae 98SE, NT, 2000, XP, Vista ou Windows 7, 8, 10, Mac\u00ae OS, NetWare\u00ae, UNIX\u00ae ou Linux.<\/td>\n<\/tr>\n<tr id=\"tr_717\">\n<th width=\"35%\">Ambiente<\/th>\n<td width=\"65%\">Temperatura Operacional: 0\u00b0C~40\u00b0C (32\u00b0F~104\u00b0F)<br \/>\nTemperatura de Armazenamento: -40\u00b0C~70\u00b0C (-40\u00b0F~158\u00b0F)<br \/>\nUmidade Operacional: 10%~90% n\u00e3o-condensante<br \/>\nUmidade de Armazenamento: 5%~90% n\u00e3o-condensante<\/td>\n<\/tr>\n<\/tbody>\n<\/table>\n","protected":false},"excerpt":{"rendered":"<p><label>Marca:<\/label>\u00a0<span class=\"editable\">TP-LINK<\/span><br \/>\n<label>Part-Number:<\/label>\u00a0<span class=\"editable\">TL-WA850RE<\/span><\/p>\n","protected":false},"featured_media":9632,"comment_status":"open","ping_status":"closed","template":"","meta":{"_joinchat":[]},"product_brand":[],"product_cat":[696,660],"product_tag":[],"class_list":{"0":"post-9629","1":"product","2":"type-product","3":"status-publish","4":"has-post-thumbnail","6":"product_cat-access-points","7":"product_cat-tp-link","9":"first","10":"instock","11":"shipping-taxable","12":"purchasable","13":"product-type-simple"},"yoast_head":"<!-- This site is optimized with the Yoast SEO plugin v27.3 - https:\/\/yoast.com\/product\/yoast-seo-wordpress\/ -->\n<title>AP WIFI TP-LINK RANGE EXT. 2X ANTENA INTERIOR 300MBPS - Cyberlogics Technologies Angola<\/title>\n<meta name=\"description\" content=\"A Maior Loja Online de Angola de Licen\u00e7as Microsoft Office | Chaves Sistemas Operativos Windows | Antiv\u00edrus | Cloud Adobe | Inform\u00e1tica &amp; Servidores | Softwares de Gest\u00e3o ERP | Gaming Hardware | UPS e Baterias &amp; Muito Mais...\" \/>\n<meta name=\"robots\" content=\"index, follow, max-snippet:-1, max-image-preview:large, max-video-preview:-1\" \/>\n<link rel=\"canonical\" href=\"https:\/\/cyberlogics.ao\/index.php\/product\/ap-wifi-tp-link-range-ext-2x-antena-interior-300mbps\/\" \/>\n<meta property=\"og:locale\" content=\"pt_PT\" \/>\n<meta property=\"og:type\" content=\"article\" \/>\n<meta property=\"og:title\" content=\"AP WIFI TP-LINK RANGE EXT. 2X ANTENA INTERIOR 300MBPS - Cyberlogics Technologies Angola\" \/>\n<meta property=\"og:description\" content=\"A Maior Loja Online de Angola de Licen\u00e7as Microsoft Office | Chaves Sistemas Operativos Windows | Antiv\u00edrus | Cloud Adobe | Inform\u00e1tica &amp; Servidores | Softwares de Gest\u00e3o ERP | Gaming Hardware | UPS e Baterias &amp; Muito Mais...\" \/>\n<meta property=\"og:url\" content=\"https:\/\/cyberlogics.ao\/index.php\/product\/ap-wifi-tp-link-range-ext-2x-antena-interior-300mbps\/\" \/>\n<meta property=\"og:site_name\" content=\"Cyberlogics Technologies Angola\" \/>\n<meta property=\"og:image\" content=\"http:\/\/cyberlogics.ao\/wp-content\/uploads\/2025\/09\/ap-wifi-tp-link-range-ext-2x-antena-interior-300mbps-2.jpg\" \/>\n\t<meta property=\"og:image:width\" content=\"135\" \/>\n\t<meta property=\"og:image:height\" content=\"135\" \/>\n\t<meta property=\"og:image:type\" content=\"image\/jpeg\" \/>\n<meta name=\"twitter:card\" content=\"summary_large_image\" \/>\n<meta name=\"twitter:label1\" content=\"Tempo estimado de leitura\" \/>\n\t<meta name=\"twitter:data1\" content=\"1 minuto\" \/>\n<script type=\"application\/ld+json\" class=\"yoast-schema-graph\">{\"@context\":\"https:\\\/\\\/schema.org\",\"@graph\":[{\"@type\":\"WebPage\",\"@id\":\"https:\\\/\\\/cyberlogics.ao\\\/index.php\\\/product\\\/ap-wifi-tp-link-range-ext-2x-antena-interior-300mbps\\\/\",\"url\":\"https:\\\/\\\/cyberlogics.ao\\\/index.php\\\/product\\\/ap-wifi-tp-link-range-ext-2x-antena-interior-300mbps\\\/\",\"name\":\"AP WIFI TP-LINK RANGE EXT. 2X ANTENA INTERIOR 300MBPS - Cyberlogics Technologies Angola\",\"isPartOf\":{\"@id\":\"https:\\\/\\\/cyberlogics.ao\\\/#website\"},\"primaryImageOfPage\":{\"@id\":\"https:\\\/\\\/cyberlogics.ao\\\/index.php\\\/product\\\/ap-wifi-tp-link-range-ext-2x-antena-interior-300mbps\\\/#primaryimage\"},\"image\":{\"@id\":\"https:\\\/\\\/cyberlogics.ao\\\/index.php\\\/product\\\/ap-wifi-tp-link-range-ext-2x-antena-interior-300mbps\\\/#primaryimage\"},\"thumbnailUrl\":\"https:\\\/\\\/cyberlogics.ao\\\/wp-content\\\/uploads\\\/2025\\\/09\\\/ap-wifi-tp-link-range-ext-2x-antena-interior-300mbps-2.jpg\",\"datePublished\":\"2025-09-22T13:42:47+00:00\",\"description\":\"A Maior Loja Online de Angola de Licen\u00e7as Microsoft Office | Chaves Sistemas Operativos Windows | Antiv\u00edrus | Cloud Adobe | Inform\u00e1tica & Servidores | Softwares de Gest\u00e3o ERP | Gaming Hardware | UPS e Baterias & Muito Mais...\",\"breadcrumb\":{\"@id\":\"https:\\\/\\\/cyberlogics.ao\\\/index.php\\\/product\\\/ap-wifi-tp-link-range-ext-2x-antena-interior-300mbps\\\/#breadcrumb\"},\"inLanguage\":\"pt-PT\",\"potentialAction\":[{\"@type\":\"ReadAction\",\"target\":[\"https:\\\/\\\/cyberlogics.ao\\\/index.php\\\/product\\\/ap-wifi-tp-link-range-ext-2x-antena-interior-300mbps\\\/\"]}]},{\"@type\":\"ImageObject\",\"inLanguage\":\"pt-PT\",\"@id\":\"https:\\\/\\\/cyberlogics.ao\\\/index.php\\\/product\\\/ap-wifi-tp-link-range-ext-2x-antena-interior-300mbps\\\/#primaryimage\",\"url\":\"https:\\\/\\\/cyberlogics.ao\\\/wp-content\\\/uploads\\\/2025\\\/09\\\/ap-wifi-tp-link-range-ext-2x-antena-interior-300mbps-2.jpg\",\"contentUrl\":\"https:\\\/\\\/cyberlogics.ao\\\/wp-content\\\/uploads\\\/2025\\\/09\\\/ap-wifi-tp-link-range-ext-2x-antena-interior-300mbps-2.jpg\",\"width\":135,\"height\":135},{\"@type\":\"BreadcrumbList\",\"@id\":\"https:\\\/\\\/cyberlogics.ao\\\/index.php\\\/product\\\/ap-wifi-tp-link-range-ext-2x-antena-interior-300mbps\\\/#breadcrumb\",\"itemListElement\":[{\"@type\":\"ListItem\",\"position\":1,\"name\":\"In\u00edcio\",\"item\":\"https:\\\/\\\/cyberlogics.ao\\\/\"},{\"@type\":\"ListItem\",\"position\":2,\"name\":\"Produtos\",\"item\":\"https:\\\/\\\/cyberlogics.ao\\\/index.php\\\/shop-2\\\/\"},{\"@type\":\"ListItem\",\"position\":3,\"name\":\"AP WIFI TP-LINK RANGE EXT. 2X ANTENA INTERIOR 300MBPS\"}]},{\"@type\":\"WebSite\",\"@id\":\"https:\\\/\\\/cyberlogics.ao\\\/#website\",\"url\":\"https:\\\/\\\/cyberlogics.ao\\\/\",\"name\":\"Cyberlogics Technologies Angola\",\"description\":\"Loja Online de Licen\u00e7as de Softwares e Inform\u00e1tica\",\"publisher\":{\"@id\":\"https:\\\/\\\/cyberlogics.ao\\\/#organization\"},\"potentialAction\":[{\"@type\":\"SearchAction\",\"target\":{\"@type\":\"EntryPoint\",\"urlTemplate\":\"https:\\\/\\\/cyberlogics.ao\\\/?s={search_term_string}\"},\"query-input\":{\"@type\":\"PropertyValueSpecification\",\"valueRequired\":true,\"valueName\":\"search_term_string\"}}],\"inLanguage\":\"pt-PT\"},{\"@type\":\"Organization\",\"@id\":\"https:\\\/\\\/cyberlogics.ao\\\/#organization\",\"name\":\"Cyberlogics Ao Technologies - Loja Online de Licen\u00e7as de Softwares e Inform\u00e1tica\",\"url\":\"https:\\\/\\\/cyberlogics.ao\\\/\",\"logo\":{\"@type\":\"ImageObject\",\"inLanguage\":\"pt-PT\",\"@id\":\"https:\\\/\\\/cyberlogics.ao\\\/#\\\/schema\\\/logo\\\/image\\\/\",\"url\":\"https:\\\/\\\/cyberlogics.ao\\\/wp-content\\\/uploads\\\/2022\\\/04\\\/CT-logo.png\",\"contentUrl\":\"https:\\\/\\\/cyberlogics.ao\\\/wp-content\\\/uploads\\\/2022\\\/04\\\/CT-logo.png\",\"width\":190,\"height\":75,\"caption\":\"Cyberlogics Ao Technologies - Loja Online de Licen\u00e7as de Softwares e Inform\u00e1tica\"},\"image\":{\"@id\":\"https:\\\/\\\/cyberlogics.ao\\\/#\\\/schema\\\/logo\\\/image\\\/\"}}]}<\/script>\n<!-- \/ Yoast SEO plugin. -->","yoast_head_json":{"title":"AP WIFI TP-LINK RANGE EXT. 2X ANTENA INTERIOR 300MBPS - Cyberlogics Technologies Angola","description":"A Maior Loja Online de Angola de Licen\u00e7as Microsoft Office | Chaves Sistemas Operativos Windows | Antiv\u00edrus | Cloud Adobe | Inform\u00e1tica & Servidores | Softwares de Gest\u00e3o ERP | Gaming Hardware | UPS e Baterias & Muito Mais...","robots":{"index":"index","follow":"follow","max-snippet":"max-snippet:-1","max-image-preview":"max-image-preview:large","max-video-preview":"max-video-preview:-1"},"canonical":"https:\/\/cyberlogics.ao\/index.php\/product\/ap-wifi-tp-link-range-ext-2x-antena-interior-300mbps\/","og_locale":"pt_PT","og_type":"article","og_title":"AP WIFI TP-LINK RANGE EXT. 2X ANTENA INTERIOR 300MBPS - Cyberlogics Technologies Angola","og_description":"A Maior Loja Online de Angola de Licen\u00e7as Microsoft Office | Chaves Sistemas Operativos Windows | Antiv\u00edrus | Cloud Adobe | Inform\u00e1tica & Servidores | Softwares de Gest\u00e3o ERP | Gaming Hardware | UPS e Baterias & Muito Mais...","og_url":"https:\/\/cyberlogics.ao\/index.php\/product\/ap-wifi-tp-link-range-ext-2x-antena-interior-300mbps\/","og_site_name":"Cyberlogics Technologies Angola","og_image":[{"width":135,"height":135,"url":"http:\/\/cyberlogics.ao\/wp-content\/uploads\/2025\/09\/ap-wifi-tp-link-range-ext-2x-antena-interior-300mbps-2.jpg","type":"image\/jpeg"}],"twitter_card":"summary_large_image","twitter_misc":{"Tempo estimado de leitura":"1 minuto"},"schema":{"@context":"https:\/\/schema.org","@graph":[{"@type":"WebPage","@id":"https:\/\/cyberlogics.ao\/index.php\/product\/ap-wifi-tp-link-range-ext-2x-antena-interior-300mbps\/","url":"https:\/\/cyberlogics.ao\/index.php\/product\/ap-wifi-tp-link-range-ext-2x-antena-interior-300mbps\/","name":"AP WIFI TP-LINK RANGE EXT. 2X ANTENA INTERIOR 300MBPS - Cyberlogics Technologies Angola","isPartOf":{"@id":"https:\/\/cyberlogics.ao\/#website"},"primaryImageOfPage":{"@id":"https:\/\/cyberlogics.ao\/index.php\/product\/ap-wifi-tp-link-range-ext-2x-antena-interior-300mbps\/#primaryimage"},"image":{"@id":"https:\/\/cyberlogics.ao\/index.php\/product\/ap-wifi-tp-link-range-ext-2x-antena-interior-300mbps\/#primaryimage"},"thumbnailUrl":"https:\/\/cyberlogics.ao\/wp-content\/uploads\/2025\/09\/ap-wifi-tp-link-range-ext-2x-antena-interior-300mbps-2.jpg","datePublished":"2025-09-22T13:42:47+00:00","description":"A Maior Loja Online de Angola de Licen\u00e7as Microsoft Office | Chaves Sistemas Operativos Windows | Antiv\u00edrus | Cloud Adobe | Inform\u00e1tica & Servidores | Softwares de Gest\u00e3o ERP | Gaming Hardware | UPS e Baterias & Muito Mais...","breadcrumb":{"@id":"https:\/\/cyberlogics.ao\/index.php\/product\/ap-wifi-tp-link-range-ext-2x-antena-interior-300mbps\/#breadcrumb"},"inLanguage":"pt-PT","potentialAction":[{"@type":"ReadAction","target":["https:\/\/cyberlogics.ao\/index.php\/product\/ap-wifi-tp-link-range-ext-2x-antena-interior-300mbps\/"]}]},{"@type":"ImageObject","inLanguage":"pt-PT","@id":"https:\/\/cyberlogics.ao\/index.php\/product\/ap-wifi-tp-link-range-ext-2x-antena-interior-300mbps\/#primaryimage","url":"https:\/\/cyberlogics.ao\/wp-content\/uploads\/2025\/09\/ap-wifi-tp-link-range-ext-2x-antena-interior-300mbps-2.jpg","contentUrl":"https:\/\/cyberlogics.ao\/wp-content\/uploads\/2025\/09\/ap-wifi-tp-link-range-ext-2x-antena-interior-300mbps-2.jpg","width":135,"height":135},{"@type":"BreadcrumbList","@id":"https:\/\/cyberlogics.ao\/index.php\/product\/ap-wifi-tp-link-range-ext-2x-antena-interior-300mbps\/#breadcrumb","itemListElement":[{"@type":"ListItem","position":1,"name":"In\u00edcio","item":"https:\/\/cyberlogics.ao\/"},{"@type":"ListItem","position":2,"name":"Produtos","item":"https:\/\/cyberlogics.ao\/index.php\/shop-2\/"},{"@type":"ListItem","position":3,"name":"AP WIFI TP-LINK RANGE EXT. 2X ANTENA INTERIOR 300MBPS"}]},{"@type":"WebSite","@id":"https:\/\/cyberlogics.ao\/#website","url":"https:\/\/cyberlogics.ao\/","name":"Cyberlogics Technologies Angola","description":"Loja Online de Licen\u00e7as de Softwares e Inform\u00e1tica","publisher":{"@id":"https:\/\/cyberlogics.ao\/#organization"},"potentialAction":[{"@type":"SearchAction","target":{"@type":"EntryPoint","urlTemplate":"https:\/\/cyberlogics.ao\/?s={search_term_string}"},"query-input":{"@type":"PropertyValueSpecification","valueRequired":true,"valueName":"search_term_string"}}],"inLanguage":"pt-PT"},{"@type":"Organization","@id":"https:\/\/cyberlogics.ao\/#organization","name":"Cyberlogics Ao Technologies - Loja Online de Licen\u00e7as de Softwares e Inform\u00e1tica","url":"https:\/\/cyberlogics.ao\/","logo":{"@type":"ImageObject","inLanguage":"pt-PT","@id":"https:\/\/cyberlogics.ao\/#\/schema\/logo\/image\/","url":"https:\/\/cyberlogics.ao\/wp-content\/uploads\/2022\/04\/CT-logo.png","contentUrl":"https:\/\/cyberlogics.ao\/wp-content\/uploads\/2022\/04\/CT-logo.png","width":190,"height":75,"caption":"Cyberlogics Ao Technologies - Loja Online de Licen\u00e7as de Softwares e Inform\u00e1tica"},"image":{"@id":"https:\/\/cyberlogics.ao\/#\/schema\/logo\/image\/"}}]}},"_links":{"self":[{"href":"https:\/\/cyberlogics.ao\/index.php\/wp-json\/wp\/v2\/product\/9629","targetHints":{"allow":["GET"]}}],"collection":[{"href":"https:\/\/cyberlogics.ao\/index.php\/wp-json\/wp\/v2\/product"}],"about":[{"href":"https:\/\/cyberlogics.ao\/index.php\/wp-json\/wp\/v2\/types\/product"}],"replies":[{"embeddable":true,"href":"https:\/\/cyberlogics.ao\/index.php\/wp-json\/wp\/v2\/comments?post=9629"}],"wp:featuredmedia":[{"embeddable":true,"href":"https:\/\/cyberlogics.ao\/index.php\/wp-json\/wp\/v2\/media\/9632"}],"wp:attachment":[{"href":"https:\/\/cyberlogics.ao\/index.php\/wp-json\/wp\/v2\/media?parent=9629"}],"wp:term":[{"taxonomy":"product_brand","embeddable":true,"href":"https:\/\/cyberlogics.ao\/index.php\/wp-json\/wp\/v2\/product_brand?post=9629"},{"taxonomy":"product_cat","embeddable":true,"href":"https:\/\/cyberlogics.ao\/index.php\/wp-json\/wp\/v2\/product_cat?post=9629"},{"taxonomy":"product_tag","embeddable":true,"href":"https:\/\/cyberlogics.ao\/index.php\/wp-json\/wp\/v2\/product_tag?post=9629"}],"curies":[{"name":"wp","href":"https:\/\/api.w.org\/{rel}","templated":true}]}}