{"id":9676,"date":"2025-09-23T11:16:09","date_gmt":"2025-09-23T11:16:09","guid":{"rendered":"https:\/\/cyberlogics.ao\/?post_type=product&#038;p=9676"},"modified":"2025-09-23T11:16:09","modified_gmt":"2025-09-23T11:16:09","slug":"patch-cord-u-utp-cat6-lszh-5-mtr-amarelo-c6cpcu050-666bb","status":"publish","type":"product","link":"https:\/\/cyberlogics.ao\/index.php\/product\/patch-cord-u-utp-cat6-lszh-5-mtr-amarelo-c6cpcu050-666bb\/","title":{"rendered":"PATCH CORD U\/UTP CAT6 LSZH 5 MTR AMARELO C6CPCU050-666BB"},"content":{"rendered":"<h2 class=\"effectBoxItemTitle\">Description<\/h2>\n<div class=\"effectBoxItemContent\">\n<p><b>CAT 6 U-UTP patch cord, Cu, LSZH AWG 26\/7, length 5 m, color grey<\/b><\/p>\n<p>Melhor desempenho e melhor qualidade de liga\u00e7\u00e3o com a rede.<\/p>\n<ul>\n<li>Com revestimento exterior LSZH (Low Smoke Zero Halogen &#8211; Baixo Fumo\u00a0Zero Halog\u00eanios) para a melhor rea\u00e7\u00e3o ao fogo e baixa emiss\u00e3o de fumo.<\/li>\n<li>Conector de cor vermelha transparente para uma f\u00e1cil identifica\u00e7\u00e3o da categoria 6 (250 MHz)<\/li>\n<li>Condutor interno: Cobre (Cu)<\/li>\n<li>Compat\u00edvel com PoE+<\/li>\n<\/ul>\n<p>Os cabos de interconex\u00f5es DIGITUS\u00ae da categoria 6, classe E s\u00e3o produzidos e testados segundo as normas ISO\/IEC 11801 e DIN EN 50173 CAT 6. Garantem que a instala\u00e7\u00e3o dos cabos corresponda \u00e0 especifica\u00e7\u00e3o de canal ISO &amp; EN e oferecem um excelente desempenho da cablagem CAT 6 DIGITUS\u00ae. A capacidade foi testada at\u00e9 250 MHz, incluindo as caracter\u00edsticas de capacidade, como, por exemplo, a paradiafonia (\u201cNEXT (PR\u00d3XIMO)\u201d). Os cabos de interconex\u00f5es DIGITUS\u00ae foram especialmente desenvolvidos para responder a todas as necessidades em diferentes \u00e1reas de utiliza\u00e7\u00e3o num \u00e2mbito total. Cada cabo est\u00e1 equipado com uma manga de prote\u00e7\u00e3o contra tor\u00e7\u00e3o moldada com tra\u00e7\u00e3o reduzida. Al\u00e9m disso, a manga cont\u00e9m uma prote\u00e7\u00e3o de alavanca de engate, que impede que os cabos se ensarilhem, bem como que o conector saia da alavanca de engate. A cor vermelha dos conetores permite uma r\u00e1pida identifica\u00e7\u00e3o da categoria 6 dos mesmos.<\/p>\n<h3>Technical Details<\/h3>\n<ul>\n<li>2x Conectores RJ45 (8P8C)<\/li>\n<li>Coberturas com prote\u00e7\u00e3o contra dobras, redu\u00e7\u00e3o de tens\u00e3o e prote\u00e7\u00e3o contra alavanca de reten\u00e7\u00e3o<\/li>\n<li>Indica\u00e7\u00e3o de comprimento nas tampas<\/li>\n<li>Condutor interno: Cobre (Cu)<\/li>\n<li>Assortment: Twisted Pair Patch Cables<\/li>\n<li>Slim Version: no<\/li>\n<li>Length: 5 m<\/li>\n<li>Connector 1: Modular RJ45 (8\/8) plug<\/li>\n<li>Connector 2: Modular RJ45 (8\/8) plug<\/li>\n<li>Category: CAT 6<\/li>\n<li>Packaging: DIGITUS Polybag<\/li>\n<li>Color: grey<\/li>\n<li>Configuration: 1:1<\/li>\n<li>Jacket: LSOH<\/li>\n<li>Shielding: U-UTP, unshielded<\/li>\n<li>Structure: 4 x 2 AWG 26\/7, twisted pair<\/li>\n<\/ul>\n<\/div>\n","protected":false},"excerpt":{"rendered":"<p><label>Part-Number:<\/label>\u00a0<span class=\"editable\">4016032387893<\/span><\/p>\n","protected":false},"featured_media":9677,"comment_status":"open","ping_status":"closed","template":"","meta":{"_joinchat":[]},"product_brand":[],"product_cat":[703,711],"product_tag":[],"class_list":{"0":"post-9676","1":"product","2":"type-product","3":"status-publish","4":"has-post-thumbnail","6":"product_cat-cabo-de-rede-bobine","7":"product_cat-patch-cord","9":"first","10":"instock","11":"shipping-taxable","12":"purchasable","13":"product-type-simple"},"yoast_head":"<!-- This site is optimized with the Yoast SEO plugin v27.4 - https:\/\/yoast.com\/product\/yoast-seo-wordpress\/ -->\n<title>PATCH CORD U\/UTP CAT6 LSZH 5 MTR AMARELO C6CPCU050-666BB - Cyberlogics Technologies Angola<\/title>\n<meta name=\"description\" content=\"A Maior Loja Online de Angola de Licen\u00e7as Microsoft Office | Chaves Sistemas Operativos Windows | Antiv\u00edrus | Cloud Adobe | Inform\u00e1tica &amp; Servidores | Softwares de Gest\u00e3o ERP | Gaming Hardware | UPS e Baterias &amp; Muito Mais...\" \/>\n<meta name=\"robots\" content=\"index, follow, max-snippet:-1, max-image-preview:large, max-video-preview:-1\" \/>\n<link rel=\"canonical\" href=\"https:\/\/cyberlogics.ao\/index.php\/product\/patch-cord-u-utp-cat6-lszh-5-mtr-amarelo-c6cpcu050-666bb\/\" \/>\n<meta property=\"og:locale\" content=\"pt_PT\" \/>\n<meta property=\"og:type\" content=\"article\" \/>\n<meta property=\"og:title\" content=\"PATCH CORD U\/UTP CAT6 LSZH 5 MTR AMARELO C6CPCU050-666BB - Cyberlogics Technologies Angola\" \/>\n<meta property=\"og:description\" content=\"A Maior Loja Online de Angola de Licen\u00e7as Microsoft Office | Chaves Sistemas Operativos Windows | Antiv\u00edrus | Cloud Adobe | Inform\u00e1tica &amp; Servidores | Softwares de Gest\u00e3o ERP | Gaming Hardware | UPS e Baterias &amp; Muito Mais...\" \/>\n<meta property=\"og:url\" content=\"https:\/\/cyberlogics.ao\/index.php\/product\/patch-cord-u-utp-cat6-lszh-5-mtr-amarelo-c6cpcu050-666bb\/\" \/>\n<meta property=\"og:site_name\" content=\"Cyberlogics Technologies Angola\" \/>\n<meta property=\"og:image\" content=\"http:\/\/cyberlogics.ao\/wp-content\/uploads\/2025\/09\/patch-cord-uutp-cat6-lszh-5-mtr-amarelo-c6cpcu050-666bb.jpg\" \/>\n\t<meta property=\"og:image:width\" content=\"400\" \/>\n\t<meta property=\"og:image:height\" content=\"400\" \/>\n\t<meta property=\"og:image:type\" content=\"image\/jpeg\" \/>\n<meta name=\"twitter:card\" content=\"summary_large_image\" \/>\n<meta name=\"twitter:label1\" content=\"Tempo estimado de leitura\" \/>\n\t<meta name=\"twitter:data1\" content=\"2 minutos\" \/>\n<script type=\"application\/ld+json\" class=\"yoast-schema-graph\">{\"@context\":\"https:\\\/\\\/schema.org\",\"@graph\":[{\"@type\":\"WebPage\",\"@id\":\"https:\\\/\\\/cyberlogics.ao\\\/index.php\\\/product\\\/patch-cord-u-utp-cat6-lszh-5-mtr-amarelo-c6cpcu050-666bb\\\/\",\"url\":\"https:\\\/\\\/cyberlogics.ao\\\/index.php\\\/product\\\/patch-cord-u-utp-cat6-lszh-5-mtr-amarelo-c6cpcu050-666bb\\\/\",\"name\":\"PATCH CORD U\\\/UTP CAT6 LSZH 5 MTR AMARELO C6CPCU050-666BB - Cyberlogics Technologies Angola\",\"isPartOf\":{\"@id\":\"https:\\\/\\\/cyberlogics.ao\\\/#website\"},\"primaryImageOfPage\":{\"@id\":\"https:\\\/\\\/cyberlogics.ao\\\/index.php\\\/product\\\/patch-cord-u-utp-cat6-lszh-5-mtr-amarelo-c6cpcu050-666bb\\\/#primaryimage\"},\"image\":{\"@id\":\"https:\\\/\\\/cyberlogics.ao\\\/index.php\\\/product\\\/patch-cord-u-utp-cat6-lszh-5-mtr-amarelo-c6cpcu050-666bb\\\/#primaryimage\"},\"thumbnailUrl\":\"https:\\\/\\\/cyberlogics.ao\\\/wp-content\\\/uploads\\\/2025\\\/09\\\/patch-cord-uutp-cat6-lszh-5-mtr-amarelo-c6cpcu050-666bb.jpg\",\"datePublished\":\"2025-09-23T11:16:09+00:00\",\"description\":\"A Maior Loja Online de Angola de Licen\u00e7as Microsoft Office | Chaves Sistemas Operativos Windows | Antiv\u00edrus | Cloud Adobe | Inform\u00e1tica & Servidores | Softwares de Gest\u00e3o ERP | Gaming Hardware | UPS e Baterias & Muito Mais...\",\"breadcrumb\":{\"@id\":\"https:\\\/\\\/cyberlogics.ao\\\/index.php\\\/product\\\/patch-cord-u-utp-cat6-lszh-5-mtr-amarelo-c6cpcu050-666bb\\\/#breadcrumb\"},\"inLanguage\":\"pt-PT\",\"potentialAction\":[{\"@type\":\"ReadAction\",\"target\":[\"https:\\\/\\\/cyberlogics.ao\\\/index.php\\\/product\\\/patch-cord-u-utp-cat6-lszh-5-mtr-amarelo-c6cpcu050-666bb\\\/\"]}]},{\"@type\":\"ImageObject\",\"inLanguage\":\"pt-PT\",\"@id\":\"https:\\\/\\\/cyberlogics.ao\\\/index.php\\\/product\\\/patch-cord-u-utp-cat6-lszh-5-mtr-amarelo-c6cpcu050-666bb\\\/#primaryimage\",\"url\":\"https:\\\/\\\/cyberlogics.ao\\\/wp-content\\\/uploads\\\/2025\\\/09\\\/patch-cord-uutp-cat6-lszh-5-mtr-amarelo-c6cpcu050-666bb.jpg\",\"contentUrl\":\"https:\\\/\\\/cyberlogics.ao\\\/wp-content\\\/uploads\\\/2025\\\/09\\\/patch-cord-uutp-cat6-lszh-5-mtr-amarelo-c6cpcu050-666bb.jpg\",\"width\":400,\"height\":400},{\"@type\":\"BreadcrumbList\",\"@id\":\"https:\\\/\\\/cyberlogics.ao\\\/index.php\\\/product\\\/patch-cord-u-utp-cat6-lszh-5-mtr-amarelo-c6cpcu050-666bb\\\/#breadcrumb\",\"itemListElement\":[{\"@type\":\"ListItem\",\"position\":1,\"name\":\"In\u00edcio\",\"item\":\"https:\\\/\\\/cyberlogics.ao\\\/\"},{\"@type\":\"ListItem\",\"position\":2,\"name\":\"Produtos\",\"item\":\"https:\\\/\\\/cyberlogics.ao\\\/index.php\\\/shop-2\\\/\"},{\"@type\":\"ListItem\",\"position\":3,\"name\":\"PATCH CORD U\\\/UTP CAT6 LSZH 5 MTR AMARELO C6CPCU050-666BB\"}]},{\"@type\":\"WebSite\",\"@id\":\"https:\\\/\\\/cyberlogics.ao\\\/#website\",\"url\":\"https:\\\/\\\/cyberlogics.ao\\\/\",\"name\":\"Cyberlogics Technologies Angola\",\"description\":\"Loja Online de Licen\u00e7as de Softwares e Inform\u00e1tica\",\"publisher\":{\"@id\":\"https:\\\/\\\/cyberlogics.ao\\\/#organization\"},\"potentialAction\":[{\"@type\":\"SearchAction\",\"target\":{\"@type\":\"EntryPoint\",\"urlTemplate\":\"https:\\\/\\\/cyberlogics.ao\\\/?s={search_term_string}\"},\"query-input\":{\"@type\":\"PropertyValueSpecification\",\"valueRequired\":true,\"valueName\":\"search_term_string\"}}],\"inLanguage\":\"pt-PT\"},{\"@type\":\"Organization\",\"@id\":\"https:\\\/\\\/cyberlogics.ao\\\/#organization\",\"name\":\"Cyberlogics Ao Technologies - Loja Online de Licen\u00e7as de Softwares e Inform\u00e1tica\",\"url\":\"https:\\\/\\\/cyberlogics.ao\\\/\",\"logo\":{\"@type\":\"ImageObject\",\"inLanguage\":\"pt-PT\",\"@id\":\"https:\\\/\\\/cyberlogics.ao\\\/#\\\/schema\\\/logo\\\/image\\\/\",\"url\":\"https:\\\/\\\/cyberlogics.ao\\\/wp-content\\\/uploads\\\/2022\\\/04\\\/CT-logo.png\",\"contentUrl\":\"https:\\\/\\\/cyberlogics.ao\\\/wp-content\\\/uploads\\\/2022\\\/04\\\/CT-logo.png\",\"width\":190,\"height\":75,\"caption\":\"Cyberlogics Ao Technologies - Loja Online de Licen\u00e7as de Softwares e Inform\u00e1tica\"},\"image\":{\"@id\":\"https:\\\/\\\/cyberlogics.ao\\\/#\\\/schema\\\/logo\\\/image\\\/\"}}]}<\/script>\n<!-- \/ Yoast SEO plugin. -->","yoast_head_json":{"title":"PATCH CORD U\/UTP CAT6 LSZH 5 MTR AMARELO C6CPCU050-666BB - Cyberlogics Technologies Angola","description":"A Maior Loja Online de Angola de Licen\u00e7as Microsoft Office | Chaves Sistemas Operativos Windows | Antiv\u00edrus | Cloud Adobe | Inform\u00e1tica & Servidores | Softwares de Gest\u00e3o ERP | Gaming Hardware | UPS e Baterias & Muito Mais...","robots":{"index":"index","follow":"follow","max-snippet":"max-snippet:-1","max-image-preview":"max-image-preview:large","max-video-preview":"max-video-preview:-1"},"canonical":"https:\/\/cyberlogics.ao\/index.php\/product\/patch-cord-u-utp-cat6-lszh-5-mtr-amarelo-c6cpcu050-666bb\/","og_locale":"pt_PT","og_type":"article","og_title":"PATCH CORD U\/UTP CAT6 LSZH 5 MTR AMARELO C6CPCU050-666BB - Cyberlogics Technologies Angola","og_description":"A Maior Loja Online de Angola de Licen\u00e7as Microsoft Office | Chaves Sistemas Operativos Windows | Antiv\u00edrus | Cloud Adobe | Inform\u00e1tica & Servidores | Softwares de Gest\u00e3o ERP | Gaming Hardware | UPS e Baterias & Muito Mais...","og_url":"https:\/\/cyberlogics.ao\/index.php\/product\/patch-cord-u-utp-cat6-lszh-5-mtr-amarelo-c6cpcu050-666bb\/","og_site_name":"Cyberlogics Technologies Angola","og_image":[{"width":400,"height":400,"url":"http:\/\/cyberlogics.ao\/wp-content\/uploads\/2025\/09\/patch-cord-uutp-cat6-lszh-5-mtr-amarelo-c6cpcu050-666bb.jpg","type":"image\/jpeg"}],"twitter_card":"summary_large_image","twitter_misc":{"Tempo estimado de leitura":"2 minutos"},"schema":{"@context":"https:\/\/schema.org","@graph":[{"@type":"WebPage","@id":"https:\/\/cyberlogics.ao\/index.php\/product\/patch-cord-u-utp-cat6-lszh-5-mtr-amarelo-c6cpcu050-666bb\/","url":"https:\/\/cyberlogics.ao\/index.php\/product\/patch-cord-u-utp-cat6-lszh-5-mtr-amarelo-c6cpcu050-666bb\/","name":"PATCH CORD U\/UTP CAT6 LSZH 5 MTR AMARELO C6CPCU050-666BB - Cyberlogics Technologies Angola","isPartOf":{"@id":"https:\/\/cyberlogics.ao\/#website"},"primaryImageOfPage":{"@id":"https:\/\/cyberlogics.ao\/index.php\/product\/patch-cord-u-utp-cat6-lszh-5-mtr-amarelo-c6cpcu050-666bb\/#primaryimage"},"image":{"@id":"https:\/\/cyberlogics.ao\/index.php\/product\/patch-cord-u-utp-cat6-lszh-5-mtr-amarelo-c6cpcu050-666bb\/#primaryimage"},"thumbnailUrl":"https:\/\/cyberlogics.ao\/wp-content\/uploads\/2025\/09\/patch-cord-uutp-cat6-lszh-5-mtr-amarelo-c6cpcu050-666bb.jpg","datePublished":"2025-09-23T11:16:09+00:00","description":"A Maior Loja Online de Angola de Licen\u00e7as Microsoft Office | Chaves Sistemas Operativos Windows | Antiv\u00edrus | Cloud Adobe | Inform\u00e1tica & Servidores | Softwares de Gest\u00e3o ERP | Gaming Hardware | UPS e Baterias & Muito Mais...","breadcrumb":{"@id":"https:\/\/cyberlogics.ao\/index.php\/product\/patch-cord-u-utp-cat6-lszh-5-mtr-amarelo-c6cpcu050-666bb\/#breadcrumb"},"inLanguage":"pt-PT","potentialAction":[{"@type":"ReadAction","target":["https:\/\/cyberlogics.ao\/index.php\/product\/patch-cord-u-utp-cat6-lszh-5-mtr-amarelo-c6cpcu050-666bb\/"]}]},{"@type":"ImageObject","inLanguage":"pt-PT","@id":"https:\/\/cyberlogics.ao\/index.php\/product\/patch-cord-u-utp-cat6-lszh-5-mtr-amarelo-c6cpcu050-666bb\/#primaryimage","url":"https:\/\/cyberlogics.ao\/wp-content\/uploads\/2025\/09\/patch-cord-uutp-cat6-lszh-5-mtr-amarelo-c6cpcu050-666bb.jpg","contentUrl":"https:\/\/cyberlogics.ao\/wp-content\/uploads\/2025\/09\/patch-cord-uutp-cat6-lszh-5-mtr-amarelo-c6cpcu050-666bb.jpg","width":400,"height":400},{"@type":"BreadcrumbList","@id":"https:\/\/cyberlogics.ao\/index.php\/product\/patch-cord-u-utp-cat6-lszh-5-mtr-amarelo-c6cpcu050-666bb\/#breadcrumb","itemListElement":[{"@type":"ListItem","position":1,"name":"In\u00edcio","item":"https:\/\/cyberlogics.ao\/"},{"@type":"ListItem","position":2,"name":"Produtos","item":"https:\/\/cyberlogics.ao\/index.php\/shop-2\/"},{"@type":"ListItem","position":3,"name":"PATCH CORD U\/UTP CAT6 LSZH 5 MTR AMARELO C6CPCU050-666BB"}]},{"@type":"WebSite","@id":"https:\/\/cyberlogics.ao\/#website","url":"https:\/\/cyberlogics.ao\/","name":"Cyberlogics Technologies Angola","description":"Loja Online de Licen\u00e7as de Softwares e Inform\u00e1tica","publisher":{"@id":"https:\/\/cyberlogics.ao\/#organization"},"potentialAction":[{"@type":"SearchAction","target":{"@type":"EntryPoint","urlTemplate":"https:\/\/cyberlogics.ao\/?s={search_term_string}"},"query-input":{"@type":"PropertyValueSpecification","valueRequired":true,"valueName":"search_term_string"}}],"inLanguage":"pt-PT"},{"@type":"Organization","@id":"https:\/\/cyberlogics.ao\/#organization","name":"Cyberlogics Ao Technologies - Loja Online de Licen\u00e7as de Softwares e Inform\u00e1tica","url":"https:\/\/cyberlogics.ao\/","logo":{"@type":"ImageObject","inLanguage":"pt-PT","@id":"https:\/\/cyberlogics.ao\/#\/schema\/logo\/image\/","url":"https:\/\/cyberlogics.ao\/wp-content\/uploads\/2022\/04\/CT-logo.png","contentUrl":"https:\/\/cyberlogics.ao\/wp-content\/uploads\/2022\/04\/CT-logo.png","width":190,"height":75,"caption":"Cyberlogics Ao Technologies - Loja Online de Licen\u00e7as de Softwares e Inform\u00e1tica"},"image":{"@id":"https:\/\/cyberlogics.ao\/#\/schema\/logo\/image\/"}}]}},"_links":{"self":[{"href":"https:\/\/cyberlogics.ao\/index.php\/wp-json\/wp\/v2\/product\/9676","targetHints":{"allow":["GET"]}}],"collection":[{"href":"https:\/\/cyberlogics.ao\/index.php\/wp-json\/wp\/v2\/product"}],"about":[{"href":"https:\/\/cyberlogics.ao\/index.php\/wp-json\/wp\/v2\/types\/product"}],"replies":[{"embeddable":true,"href":"https:\/\/cyberlogics.ao\/index.php\/wp-json\/wp\/v2\/comments?post=9676"}],"wp:featuredmedia":[{"embeddable":true,"href":"https:\/\/cyberlogics.ao\/index.php\/wp-json\/wp\/v2\/media\/9677"}],"wp:attachment":[{"href":"https:\/\/cyberlogics.ao\/index.php\/wp-json\/wp\/v2\/media?parent=9676"}],"wp:term":[{"taxonomy":"product_brand","embeddable":true,"href":"https:\/\/cyberlogics.ao\/index.php\/wp-json\/wp\/v2\/product_brand?post=9676"},{"taxonomy":"product_cat","embeddable":true,"href":"https:\/\/cyberlogics.ao\/index.php\/wp-json\/wp\/v2\/product_cat?post=9676"},{"taxonomy":"product_tag","embeddable":true,"href":"https:\/\/cyberlogics.ao\/index.php\/wp-json\/wp\/v2\/product_tag?post=9676"}],"curies":[{"name":"wp","href":"https:\/\/api.w.org\/{rel}","templated":true}]}}